{"id":6684,"date":"2024-10-23T09:43:42","date_gmt":"2024-10-23T14:43:42","guid":{"rendered":"https:\/\/macrumo.com.pe\/paratuhogar\/?post_type=product&#038;p=6684"},"modified":"2026-03-18T18:23:06","modified_gmt":"2026-03-18T23:23:06","slug":"combo-cama-tapizada-varsovia-colchon-paraiso-2plz","status":"publish","type":"product","link":"https:\/\/macrumo.com.pe\/paratuhogar\/producto\/camas\/camas-tapizadas\/combo-cama-tapizada-varsovia-colchon-paraiso-2plz\/","title":{"rendered":"Combo: Cama tapizada Varsovia + Colchon Paraiso"},"content":{"rendered":"<p>Organice a\u00fan mejor sus cosas y ahorre espacio con este box tarima + colch\u00f3n + cabecera y almohada que tenemos para ti. Con un dise\u00f1o \u00fanico, una suave cubierta en tela con tejido de alta calidad, madera nacional de primera mano, este modelo es ideal para darte el confort que necesitas. Contiene 1 espuma de 3mm entre la madera y tela Importante. Nuestro producto se despacha con las 4 patas instaladas.<\/p>\n<div class=\"ast-oembed-container \" style=\"height: 100%;\"><iframe title=\"Combo Varsovia - Muebles Macrumo\" width=\"500\" height=\"281\" src=\"https:\/\/www.youtube.com\/embed\/3zEp2kNK4pU?feature=oembed\" frameborder=\"0\" allow=\"accelerometer; autoplay; clipboard-write; encrypted-media; gyroscope; picture-in-picture; web-share\" referrerpolicy=\"strict-origin-when-cross-origin\" allowfullscreen><\/iframe><\/div>\n","protected":false},"excerpt":{"rendered":"<ul>\n<li style=\"box-sizing: border-box; border: 0px; font-size: 0.95em; font-style: normal; font-weight: 400; margin: 0px; outline: 0px; padding: 0px 0px 7px; vertical-align: baseline; color: #9e9e9e; font-family: 'Hurme Geometric Sans 1', sans-serif; font-variant-ligatures: normal; font-variant-caps: normal; letter-spacing: normal; orphans: 2; text-indent: 0px; text-transform: none; widows: 2; word-spacing: 0px; -webkit-text-stroke-width: 0px; white-space: normal; background-color: #ffffff; text-decoration-thickness: initial; text-decoration-style: initial; text-decoration-color: initial;\" data-bind=\"css: { 'col-md-6 col-lg-12': 6 &gt; 10 }\">\n<p data-start=\"0\" data-end=\"53\"><strong data-start=\"0\" data-end=\"51\">Combo: Cama tapizada Varsovia + Colch\u00f3n Para\u00edso<\/strong><\/p>\n<p data-start=\"55\" data-end=\"149\">Disfruta de un descanso superior con este combo dise\u00f1ado para brindar confort y durabilidad.<\/p>\n<ul data-start=\"150\" data-end=\"449\">\n<li data-start=\"150\" data-end=\"200\">\n<p data-start=\"152\" data-end=\"200\"><strong data-start=\"152\" data-end=\"170\">Producto nuevo<\/strong> con garant\u00eda de <strong data-start=\"187\" data-end=\"197\">2 a\u00f1os<\/strong>.<\/p>\n<\/li>\n<li data-start=\"201\" data-end=\"327\">\n<p data-start=\"203\" data-end=\"327\"><strong data-start=\"203\" data-end=\"229\">Cama tapizada Varsovia<\/strong>: tarima elaborada en <strong data-start=\"251\" data-end=\"278\">madera nacional selecta<\/strong>, acolchada y reforzada para mayor resistencia.<\/p>\n<\/li>\n<li data-start=\"328\" data-end=\"449\">\n<p data-start=\"330\" data-end=\"449\"><strong data-start=\"330\" data-end=\"349\">Colch\u00f3n Para\u00edso<\/strong>: semi ortop\u00e9dico, cubierto con <strong data-start=\"381\" data-end=\"398\">tela Jacquard<\/strong> de alta calidad que asegura frescura y suavidad.<\/p>\n<\/li>\n<\/ul>\n<p data-start=\"451\" data-end=\"522\" data-is-last-node=\"\" data-is-only-node=\"\">La combinaci\u00f3n ideal de estilo, calidad y comodidad para tu dormitorio.<\/p>\n<\/li>\n<\/ul>\n","protected":false},"featured_media":11171,"comment_status":"closed","ping_status":"closed","template":"","meta":{"site-sidebar-layout":"default","site-content-layout":"","ast-site-content-layout":"default","site-content-style":"default","site-sidebar-style":"default","ast-global-header-display":"","ast-banner-title-visibility":"","ast-main-header-display":"","ast-hfb-above-header-display":"","ast-hfb-below-header-display":"","ast-hfb-mobile-header-display":"","site-post-title":"","ast-breadcrumbs-content":"","ast-featured-img":"","footer-sml-layout":"","ast-disable-related-posts":"","theme-transparent-header-meta":"default","adv-header-id-meta":"","stick-header-meta":"default","header-above-stick-meta":"","header-main-stick-meta":"","header-below-stick-meta":"","astra-migrate-meta-layouts":"set","ast-page-background-enabled":"default","ast-page-background-meta":{"desktop":{"background-color":"var(--ast-global-color-4)","background-image":"","background-repeat":"repeat","background-position":"center center","background-size":"auto","background-attachment":"scroll","background-type":"","background-media":"","overlay-type":"","overlay-color":"","overlay-opacity":"","overlay-gradient":""},"tablet":{"background-color":"","background-image":"","background-repeat":"repeat","background-position":"center center","background-size":"auto","background-attachment":"scroll","background-type":"","background-media":"","overlay-type":"","overlay-color":"","overlay-opacity":"","overlay-gradient":""},"mobile":{"background-color":"","background-image":"","background-repeat":"repeat","background-position":"center center","background-size":"auto","background-attachment":"scroll","background-type":"","background-media":"","overlay-type":"","overlay-color":"","overlay-opacity":"","overlay-gradient":""}},"ast-content-background-meta":{"desktop":{"background-color":"var(--ast-global-color-5)","background-image":"","background-repeat":"repeat","background-position":"center center","background-size":"auto","background-attachment":"scroll","background-type":"","background-media":"","overlay-type":"","overlay-color":"","overlay-opacity":"","overlay-gradient":""},"tablet":{"background-color":"var(--ast-global-color-5)","background-image":"","background-repeat":"repeat","background-position":"center center","background-size":"auto","background-attachment":"scroll","background-type":"","background-media":"","overlay-type":"","overlay-color":"","overlay-opacity":"","overlay-gradient":""},"mobile":{"background-color":"var(--ast-global-color-5)","background-image":"","background-repeat":"repeat","background-position":"center center","background-size":"auto","background-attachment":"scroll","background-type":"","background-media":"","overlay-type":"","overlay-color":"","overlay-opacity":"","overlay-gradient":""}}},"product_brand":[],"product_cat":[19,40],"product_tag":[],"manta":[],"temporada":[],"estilo":[],"tamano":[34],"class_list":{"0":"post-6684","1":"product","2":"type-product","3":"status-publish","4":"has-post-thumbnail","6":"product_cat-camas","7":"product_cat-camas-tapizadas","8":"tamano-2-plazas","9":"desktop-align-left","10":"tablet-align-left","11":"mobile-align-left","12":"ast-product-gallery-layout-vertical-slider","13":"ast-magnify-disabled","14":"ast-product-single-variable","15":"ast-product-tabs-layout-horizontal","17":"first","18":"instock","19":"sale","20":"shipping-taxable","21":"purchasable","22":"product-type-variable"},"yoast_head":"<!-- This site is optimized with the Yoast SEO Premium plugin v23.0 (Yoast SEO v27.3) - https:\/\/yoast.com\/product\/yoast-seo-premium-wordpress\/ -->\n<title>Combo: Cama tapizada Varsovia + Colchon Paraiso - Macrumo<\/title>\n<meta name=\"robots\" content=\"index, follow, max-snippet:-1, max-image-preview:large, max-video-preview:-1\" \/>\n<link rel=\"canonical\" href=\"https:\/\/macrumo.com.pe\/paratuhogar\/producto\/camas\/camas-tapizadas\/combo-cama-tapizada-varsovia-colchon-paraiso-2plz\/\" \/>\n<meta property=\"og:locale\" content=\"es_ES\" \/>\n<meta property=\"og:type\" content=\"article\" \/>\n<meta property=\"og:title\" content=\"Combo: Cama tapizada Varsovia + Colchon Paraiso\" \/>\n<meta property=\"og:description\" content=\"Combo: Cama tapizada Varsovia + Colch\u00f3n Para\u00edso Disfruta de un descanso superior con este combo dise\u00f1ado para brindar confort y durabilidad.     Producto nuevo con garant\u00eda de 2 a\u00f1os.    Cama tapizada Varsovia: tarima elaborada en madera nacional selecta, acolchada y reforzada para mayor resistencia.    Colch\u00f3n Para\u00edso: semi ortop\u00e9dico, cubierto con tela Jacquard de alta calidad que asegura frescura y suavidad.   La combinaci\u00f3n ideal de estilo, calidad y comodidad para tu dormitorio.\" \/>\n<meta property=\"og:url\" content=\"https:\/\/macrumo.com.pe\/paratuhogar\/producto\/camas\/camas-tapizadas\/combo-cama-tapizada-varsovia-colchon-paraiso-2plz\/\" \/>\n<meta property=\"og:site_name\" content=\"Macrumo\" \/>\n<meta property=\"article:publisher\" content=\"https:\/\/www.facebook.com\/Macrumo.com.pe\" \/>\n<meta property=\"article:modified_time\" content=\"2026-03-18T23:23:06+00:00\" \/>\n<meta property=\"og:image\" content=\"https:\/\/macrumo.com.pe\/paratuhogar\/wp-content\/uploads\/2024\/10\/WhatsApp-Image-2024-10-21-at-9.37.45-AM-.jpg\" \/>\n\t<meta property=\"og:image:width\" content=\"1500\" \/>\n\t<meta property=\"og:image:height\" content=\"1500\" \/>\n\t<meta property=\"og:image:type\" content=\"image\/jpeg\" \/>\n<meta name=\"twitter:card\" content=\"summary_large_image\" \/>\n<meta name=\"twitter:label1\" content=\"Tiempo de lectura\" \/>\n\t<meta name=\"twitter:data1\" content=\"1 minuto\" \/>\n<script type=\"application\/ld+json\" class=\"yoast-schema-graph\">{\"@context\":\"https:\\\/\\\/schema.org\",\"@graph\":[{\"@type\":\"WebPage\",\"@id\":\"https:\\\/\\\/macrumo.com.pe\\\/paratuhogar\\\/producto\\\/camas\\\/camas-tapizadas\\\/combo-cama-tapizada-varsovia-colchon-paraiso-2plz\\\/\",\"url\":\"https:\\\/\\\/macrumo.com.pe\\\/paratuhogar\\\/producto\\\/camas\\\/camas-tapizadas\\\/combo-cama-tapizada-varsovia-colchon-paraiso-2plz\\\/\",\"name\":\"Combo: Cama tapizada Varsovia + Colchon Paraiso - Macrumo\",\"isPartOf\":{\"@id\":\"https:\\\/\\\/macrumo.com.pe\\\/paratuhogar\\\/#website\"},\"primaryImageOfPage\":{\"@id\":\"https:\\\/\\\/macrumo.com.pe\\\/paratuhogar\\\/producto\\\/camas\\\/camas-tapizadas\\\/combo-cama-tapizada-varsovia-colchon-paraiso-2plz\\\/#primaryimage\"},\"image\":{\"@id\":\"https:\\\/\\\/macrumo.com.pe\\\/paratuhogar\\\/producto\\\/camas\\\/camas-tapizadas\\\/combo-cama-tapizada-varsovia-colchon-paraiso-2plz\\\/#primaryimage\"},\"thumbnailUrl\":\"https:\\\/\\\/macrumo.com.pe\\\/paratuhogar\\\/wp-content\\\/uploads\\\/2024\\\/10\\\/WhatsApp-Image-2024-10-21-at-9.37.45-AM-.jpg\",\"datePublished\":\"2024-10-23T14:43:42+00:00\",\"dateModified\":\"2026-03-18T23:23:06+00:00\",\"breadcrumb\":{\"@id\":\"https:\\\/\\\/macrumo.com.pe\\\/paratuhogar\\\/producto\\\/camas\\\/camas-tapizadas\\\/combo-cama-tapizada-varsovia-colchon-paraiso-2plz\\\/#breadcrumb\"},\"inLanguage\":\"es\",\"potentialAction\":[{\"@type\":\"ReadAction\",\"target\":[\"https:\\\/\\\/macrumo.com.pe\\\/paratuhogar\\\/producto\\\/camas\\\/camas-tapizadas\\\/combo-cama-tapizada-varsovia-colchon-paraiso-2plz\\\/\"]}]},{\"@type\":\"ImageObject\",\"inLanguage\":\"es\",\"@id\":\"https:\\\/\\\/macrumo.com.pe\\\/paratuhogar\\\/producto\\\/camas\\\/camas-tapizadas\\\/combo-cama-tapizada-varsovia-colchon-paraiso-2plz\\\/#primaryimage\",\"url\":\"https:\\\/\\\/macrumo.com.pe\\\/paratuhogar\\\/wp-content\\\/uploads\\\/2024\\\/10\\\/WhatsApp-Image-2024-10-21-at-9.37.45-AM-.jpg\",\"contentUrl\":\"https:\\\/\\\/macrumo.com.pe\\\/paratuhogar\\\/wp-content\\\/uploads\\\/2024\\\/10\\\/WhatsApp-Image-2024-10-21-at-9.37.45-AM-.jpg\",\"width\":1500,\"height\":1500},{\"@type\":\"BreadcrumbList\",\"@id\":\"https:\\\/\\\/macrumo.com.pe\\\/paratuhogar\\\/producto\\\/camas\\\/camas-tapizadas\\\/combo-cama-tapizada-varsovia-colchon-paraiso-2plz\\\/#breadcrumb\",\"itemListElement\":[{\"@type\":\"ListItem\",\"position\":1,\"name\":\"Portada\",\"item\":\"https:\\\/\\\/macrumo.com.pe\\\/paratuhogar\\\/\"},{\"@type\":\"ListItem\",\"position\":2,\"name\":\"Tienda\",\"item\":\"https:\\\/\\\/macrumo.com.pe\\\/paratuhogar\\\/tienda\\\/\"},{\"@type\":\"ListItem\",\"position\":3,\"name\":\"Combo: Cama tapizada Varsovia + Colchon Paraiso\"}]},{\"@type\":\"WebSite\",\"@id\":\"https:\\\/\\\/macrumo.com.pe\\\/paratuhogar\\\/#website\",\"url\":\"https:\\\/\\\/macrumo.com.pe\\\/paratuhogar\\\/\",\"name\":\"Macrumo\",\"description\":\"Macrumo\",\"publisher\":{\"@id\":\"https:\\\/\\\/macrumo.com.pe\\\/paratuhogar\\\/#organization\"},\"potentialAction\":[{\"@type\":\"SearchAction\",\"target\":{\"@type\":\"EntryPoint\",\"urlTemplate\":\"https:\\\/\\\/macrumo.com.pe\\\/paratuhogar\\\/?s={search_term_string}\"},\"query-input\":{\"@type\":\"PropertyValueSpecification\",\"valueRequired\":true,\"valueName\":\"search_term_string\"}}],\"inLanguage\":\"es\"},{\"@type\":\"Organization\",\"@id\":\"https:\\\/\\\/macrumo.com.pe\\\/paratuhogar\\\/#organization\",\"name\":\"Macrumo\",\"url\":\"https:\\\/\\\/macrumo.com.pe\\\/paratuhogar\\\/\",\"logo\":{\"@type\":\"ImageObject\",\"inLanguage\":\"es\",\"@id\":\"https:\\\/\\\/macrumo.com.pe\\\/paratuhogar\\\/#\\\/schema\\\/logo\\\/image\\\/\",\"url\":\"https:\\\/\\\/macrumo.com.pe\\\/paratuhogar\\\/wp-content\\\/uploads\\\/2023\\\/02\\\/Macrumo_logo.png\",\"contentUrl\":\"https:\\\/\\\/macrumo.com.pe\\\/paratuhogar\\\/wp-content\\\/uploads\\\/2023\\\/02\\\/Macrumo_logo.png\",\"width\":500,\"height\":148,\"caption\":\"Macrumo\"},\"image\":{\"@id\":\"https:\\\/\\\/macrumo.com.pe\\\/paratuhogar\\\/#\\\/schema\\\/logo\\\/image\\\/\"},\"sameAs\":[\"https:\\\/\\\/www.facebook.com\\\/Macrumo.com.pe\",\"https:\\\/\\\/www.instagram.com\\\/muebles.macrumo\\\/\",\"https:\\\/\\\/www.tiktok.com\\\/@muebles.macrumo\"]}]}<\/script>\n<!-- \/ Yoast SEO Premium plugin. -->","yoast_head_json":{"title":"Combo: Cama tapizada Varsovia + Colchon Paraiso - Macrumo","robots":{"index":"index","follow":"follow","max-snippet":"max-snippet:-1","max-image-preview":"max-image-preview:large","max-video-preview":"max-video-preview:-1"},"canonical":"https:\/\/macrumo.com.pe\/paratuhogar\/producto\/camas\/camas-tapizadas\/combo-cama-tapizada-varsovia-colchon-paraiso-2plz\/","og_locale":"es_ES","og_type":"article","og_title":"Combo: Cama tapizada Varsovia + Colchon Paraiso","og_description":"Combo: Cama tapizada Varsovia + Colch\u00f3n Para\u00edso Disfruta de un descanso superior con este combo dise\u00f1ado para brindar confort y durabilidad.     Producto nuevo con garant\u00eda de 2 a\u00f1os.    Cama tapizada Varsovia: tarima elaborada en madera nacional selecta, acolchada y reforzada para mayor resistencia.    Colch\u00f3n Para\u00edso: semi ortop\u00e9dico, cubierto con tela Jacquard de alta calidad que asegura frescura y suavidad.   La combinaci\u00f3n ideal de estilo, calidad y comodidad para tu dormitorio.","og_url":"https:\/\/macrumo.com.pe\/paratuhogar\/producto\/camas\/camas-tapizadas\/combo-cama-tapizada-varsovia-colchon-paraiso-2plz\/","og_site_name":"Macrumo","article_publisher":"https:\/\/www.facebook.com\/Macrumo.com.pe","article_modified_time":"2026-03-18T23:23:06+00:00","og_image":[{"width":1500,"height":1500,"url":"https:\/\/macrumo.com.pe\/paratuhogar\/wp-content\/uploads\/2024\/10\/WhatsApp-Image-2024-10-21-at-9.37.45-AM-.jpg","type":"image\/jpeg"}],"twitter_card":"summary_large_image","twitter_misc":{"Tiempo de lectura":"1 minuto"},"schema":{"@context":"https:\/\/schema.org","@graph":[{"@type":"WebPage","@id":"https:\/\/macrumo.com.pe\/paratuhogar\/producto\/camas\/camas-tapizadas\/combo-cama-tapizada-varsovia-colchon-paraiso-2plz\/","url":"https:\/\/macrumo.com.pe\/paratuhogar\/producto\/camas\/camas-tapizadas\/combo-cama-tapizada-varsovia-colchon-paraiso-2plz\/","name":"Combo: Cama tapizada Varsovia + Colchon Paraiso - Macrumo","isPartOf":{"@id":"https:\/\/macrumo.com.pe\/paratuhogar\/#website"},"primaryImageOfPage":{"@id":"https:\/\/macrumo.com.pe\/paratuhogar\/producto\/camas\/camas-tapizadas\/combo-cama-tapizada-varsovia-colchon-paraiso-2plz\/#primaryimage"},"image":{"@id":"https:\/\/macrumo.com.pe\/paratuhogar\/producto\/camas\/camas-tapizadas\/combo-cama-tapizada-varsovia-colchon-paraiso-2plz\/#primaryimage"},"thumbnailUrl":"https:\/\/macrumo.com.pe\/paratuhogar\/wp-content\/uploads\/2024\/10\/WhatsApp-Image-2024-10-21-at-9.37.45-AM-.jpg","datePublished":"2024-10-23T14:43:42+00:00","dateModified":"2026-03-18T23:23:06+00:00","breadcrumb":{"@id":"https:\/\/macrumo.com.pe\/paratuhogar\/producto\/camas\/camas-tapizadas\/combo-cama-tapizada-varsovia-colchon-paraiso-2plz\/#breadcrumb"},"inLanguage":"es","potentialAction":[{"@type":"ReadAction","target":["https:\/\/macrumo.com.pe\/paratuhogar\/producto\/camas\/camas-tapizadas\/combo-cama-tapizada-varsovia-colchon-paraiso-2plz\/"]}]},{"@type":"ImageObject","inLanguage":"es","@id":"https:\/\/macrumo.com.pe\/paratuhogar\/producto\/camas\/camas-tapizadas\/combo-cama-tapizada-varsovia-colchon-paraiso-2plz\/#primaryimage","url":"https:\/\/macrumo.com.pe\/paratuhogar\/wp-content\/uploads\/2024\/10\/WhatsApp-Image-2024-10-21-at-9.37.45-AM-.jpg","contentUrl":"https:\/\/macrumo.com.pe\/paratuhogar\/wp-content\/uploads\/2024\/10\/WhatsApp-Image-2024-10-21-at-9.37.45-AM-.jpg","width":1500,"height":1500},{"@type":"BreadcrumbList","@id":"https:\/\/macrumo.com.pe\/paratuhogar\/producto\/camas\/camas-tapizadas\/combo-cama-tapizada-varsovia-colchon-paraiso-2plz\/#breadcrumb","itemListElement":[{"@type":"ListItem","position":1,"name":"Portada","item":"https:\/\/macrumo.com.pe\/paratuhogar\/"},{"@type":"ListItem","position":2,"name":"Tienda","item":"https:\/\/macrumo.com.pe\/paratuhogar\/tienda\/"},{"@type":"ListItem","position":3,"name":"Combo: Cama tapizada Varsovia + Colchon Paraiso"}]},{"@type":"WebSite","@id":"https:\/\/macrumo.com.pe\/paratuhogar\/#website","url":"https:\/\/macrumo.com.pe\/paratuhogar\/","name":"Macrumo","description":"Macrumo","publisher":{"@id":"https:\/\/macrumo.com.pe\/paratuhogar\/#organization"},"potentialAction":[{"@type":"SearchAction","target":{"@type":"EntryPoint","urlTemplate":"https:\/\/macrumo.com.pe\/paratuhogar\/?s={search_term_string}"},"query-input":{"@type":"PropertyValueSpecification","valueRequired":true,"valueName":"search_term_string"}}],"inLanguage":"es"},{"@type":"Organization","@id":"https:\/\/macrumo.com.pe\/paratuhogar\/#organization","name":"Macrumo","url":"https:\/\/macrumo.com.pe\/paratuhogar\/","logo":{"@type":"ImageObject","inLanguage":"es","@id":"https:\/\/macrumo.com.pe\/paratuhogar\/#\/schema\/logo\/image\/","url":"https:\/\/macrumo.com.pe\/paratuhogar\/wp-content\/uploads\/2023\/02\/Macrumo_logo.png","contentUrl":"https:\/\/macrumo.com.pe\/paratuhogar\/wp-content\/uploads\/2023\/02\/Macrumo_logo.png","width":500,"height":148,"caption":"Macrumo"},"image":{"@id":"https:\/\/macrumo.com.pe\/paratuhogar\/#\/schema\/logo\/image\/"},"sameAs":["https:\/\/www.facebook.com\/Macrumo.com.pe","https:\/\/www.instagram.com\/muebles.macrumo\/","https:\/\/www.tiktok.com\/@muebles.macrumo"]}]}},"_links":{"self":[{"href":"https:\/\/macrumo.com.pe\/paratuhogar\/wp-json\/wp\/v2\/product\/6684","targetHints":{"allow":["GET"]}}],"collection":[{"href":"https:\/\/macrumo.com.pe\/paratuhogar\/wp-json\/wp\/v2\/product"}],"about":[{"href":"https:\/\/macrumo.com.pe\/paratuhogar\/wp-json\/wp\/v2\/types\/product"}],"replies":[{"embeddable":true,"href":"https:\/\/macrumo.com.pe\/paratuhogar\/wp-json\/wp\/v2\/comments?post=6684"}],"wp:featuredmedia":[{"embeddable":true,"href":"https:\/\/macrumo.com.pe\/paratuhogar\/wp-json\/wp\/v2\/media\/11171"}],"wp:attachment":[{"href":"https:\/\/macrumo.com.pe\/paratuhogar\/wp-json\/wp\/v2\/media?parent=6684"}],"wp:term":[{"taxonomy":"product_brand","embeddable":true,"href":"https:\/\/macrumo.com.pe\/paratuhogar\/wp-json\/wp\/v2\/product_brand?post=6684"},{"taxonomy":"product_cat","embeddable":true,"href":"https:\/\/macrumo.com.pe\/paratuhogar\/wp-json\/wp\/v2\/product_cat?post=6684"},{"taxonomy":"product_tag","embeddable":true,"href":"https:\/\/macrumo.com.pe\/paratuhogar\/wp-json\/wp\/v2\/product_tag?post=6684"},{"taxonomy":"manta","embeddable":true,"href":"https:\/\/macrumo.com.pe\/paratuhogar\/wp-json\/wp\/v2\/manta?post=6684"},{"taxonomy":"temporada","embeddable":true,"href":"https:\/\/macrumo.com.pe\/paratuhogar\/wp-json\/wp\/v2\/temporada?post=6684"},{"taxonomy":"estilo","embeddable":true,"href":"https:\/\/macrumo.com.pe\/paratuhogar\/wp-json\/wp\/v2\/estilo?post=6684"},{"taxonomy":"tamano","embeddable":true,"href":"https:\/\/macrumo.com.pe\/paratuhogar\/wp-json\/wp\/v2\/tamano?post=6684"}],"curies":[{"name":"wp","href":"https:\/\/api.w.org\/{rel}","templated":true}]}}