{"id":6173,"date":"2024-09-28T18:41:00","date_gmt":"2024-09-28T23:41:00","guid":{"rendered":"https:\/\/macrumo.com.pe\/paratuhogar\/?post_type=product&#038;p=6173"},"modified":"2026-04-25T11:10:34","modified_gmt":"2026-04-25T16:10:34","slug":"juego-de-sabanas-nancy-original-2-plazas-7","status":"publish","type":"product","link":"https:\/\/macrumo.com.pe\/paratuhogar\/producto\/ropa-de-cama\/sabanas\/juego-de-sabanas-nancy-original-2-plazas-7\/","title":{"rendered":"JUEGO DE S\u00c1BANAS NANCY ORIGINAL 2 PLAZAS"},"content":{"rendered":"<div>\n<p>Descubre las S\u00e1banas Nancy y experimenta un descanso sin igual. Con materiales de alta calidad, durabilidad extendida y una frescura inigualable, estas s\u00e1banas te brindar\u00e1n la comodidad que buscas para un sue\u00f1o reparador.<\/p>\n<p>Invierte en tu descanso y experimenta la diferencia que unas s\u00e1banas de calidad pueden hacer en tu vida. Despu\u00e9s de todo, pasamos una gran parte de nuestras vidas durmiendo, \u00bfPor qu\u00e9 conformarse con menos que lo mejor? Haz del descanso una prioridad.<\/p>\n<p>Por compras mayores a 250 soles en la web, el env\u00edo es GRATIS, \u00a1No esperes m\u00e1s para adquirir tu juego de s\u00e1banas hoy mismo!<\/p>\n<\/div>\n<div class=\"jsx-2247763159 bodyContainer\">\n<div class=\"fb-product-information__product-information-tab\">\n<div class=\"fb-product-information-tab__copy\">\n<div>\n<div>El empaque contiene:<\/div>\n<div>\n<ul>\n<li>Sabana inferior con el\u00e1stico 137 x 191 cm + 30 cm<\/li>\n<li>S\u00e1bana superior o sobresabana 200 x 230 cm<\/li>\n<li>Funda para almohada 50 x 70 cm<\/li>\n<\/ul>\n<\/div>\n<\/div>\n<\/div>\n<\/div>\n<\/div>\n","protected":false},"excerpt":{"rendered":"<p>La marca Nancy se ha destacado por mantener altos est\u00e1ndares de calidad a lo largo del tiempo, lo que la convierte en una opci\u00f3n confiable para quienes buscan s\u00e1banas duraderas y que mantengan su suavidad lavada tras lavada.<\/p>\n<p>Cont\u00e1ctanos de forma directa al 977173711, \u00c1REA DE ROPA DE CAMA.<\/p>\n","protected":false},"featured_media":2929,"comment_status":"closed","ping_status":"closed","template":"","meta":{"site-sidebar-layout":"default","site-content-layout":"","ast-site-content-layout":"default","site-content-style":"default","site-sidebar-style":"default","ast-global-header-display":"","ast-banner-title-visibility":"","ast-main-header-display":"","ast-hfb-above-header-display":"","ast-hfb-below-header-display":"","ast-hfb-mobile-header-display":"","site-post-title":"","ast-breadcrumbs-content":"","ast-featured-img":"","footer-sml-layout":"","ast-disable-related-posts":"","theme-transparent-header-meta":"default","adv-header-id-meta":"","stick-header-meta":"default","header-above-stick-meta":"","header-main-stick-meta":"","header-below-stick-meta":"","astra-migrate-meta-layouts":"set","ast-page-background-enabled":"default","ast-page-background-meta":{"desktop":{"background-color":"var(--ast-global-color-4)","background-image":"","background-repeat":"repeat","background-position":"center center","background-size":"auto","background-attachment":"scroll","background-type":"","background-media":"","overlay-type":"","overlay-color":"","overlay-opacity":"","overlay-gradient":""},"tablet":{"background-color":"","background-image":"","background-repeat":"repeat","background-position":"center center","background-size":"auto","background-attachment":"scroll","background-type":"","background-media":"","overlay-type":"","overlay-color":"","overlay-opacity":"","overlay-gradient":""},"mobile":{"background-color":"","background-image":"","background-repeat":"repeat","background-position":"center center","background-size":"auto","background-attachment":"scroll","background-type":"","background-media":"","overlay-type":"","overlay-color":"","overlay-opacity":"","overlay-gradient":""}},"ast-content-background-meta":{"desktop":{"background-color":"var(--ast-global-color-5)","background-image":"","background-repeat":"repeat","background-position":"center center","background-size":"auto","background-attachment":"scroll","background-type":"","background-media":"","overlay-type":"","overlay-color":"","overlay-opacity":"","overlay-gradient":""},"tablet":{"background-color":"var(--ast-global-color-5)","background-image":"","background-repeat":"repeat","background-position":"center center","background-size":"auto","background-attachment":"scroll","background-type":"","background-media":"","overlay-type":"","overlay-color":"","overlay-opacity":"","overlay-gradient":""},"mobile":{"background-color":"var(--ast-global-color-5)","background-image":"","background-repeat":"repeat","background-position":"center center","background-size":"auto","background-attachment":"scroll","background-type":"","background-media":"","overlay-type":"","overlay-color":"","overlay-opacity":"","overlay-gradient":""}}},"product_brand":[],"product_cat":[20,71],"product_tag":[],"manta":[],"temporada":[68,67],"estilo":[63],"tamano":[34],"class_list":{"0":"post-6173","1":"product","2":"type-product","3":"status-publish","4":"has-post-thumbnail","6":"product_cat-ropa-de-cama","7":"product_cat-sabanas","8":"temporada-invierno","9":"temporada-verano","10":"estilo-estampado","11":"tamano-2-plazas","12":"desktop-align-left","13":"tablet-align-left","14":"mobile-align-left","15":"ast-product-gallery-layout-vertical-slider","16":"ast-product-gallery-with-no-image","17":"ast-magnify-disabled","18":"ast-product-tabs-layout-horizontal","20":"first","21":"instock","22":"sale","23":"shipping-taxable","24":"purchasable","25":"product-type-simple"},"yoast_head":"<!-- This site is optimized with the Yoast SEO Premium plugin v23.0 (Yoast SEO v27.5) - https:\/\/yoast.com\/product\/yoast-seo-premium-wordpress\/ -->\n<title>JUEGO DE S\u00c1BANAS NANCY ORIGINAL 2 PLAZAS - Macrumo<\/title>\n<meta name=\"robots\" content=\"index, follow, max-snippet:-1, max-image-preview:large, max-video-preview:-1\" \/>\n<link rel=\"canonical\" href=\"https:\/\/macrumo.com.pe\/paratuhogar\/producto\/ropa-de-cama\/sabanas\/juego-de-sabanas-nancy-original-2-plazas-7\/\" \/>\n<meta property=\"og:locale\" content=\"es_ES\" \/>\n<meta property=\"og:type\" content=\"article\" \/>\n<meta property=\"og:title\" content=\"JUEGO DE S\u00c1BANAS NANCY ORIGINAL 2 PLAZAS\" \/>\n<meta property=\"og:description\" content=\"La marca Nancy se ha destacado por mantener altos est\u00e1ndares de calidad a lo largo del tiempo, lo que la convierte en una opci\u00f3n confiable para quienes buscan s\u00e1banas duraderas y que mantengan su suavidad lavada tras lavada.  Cont\u00e1ctanos de forma directa al 977173711, \u00c1REA DE ROPA DE CAMA.\" \/>\n<meta property=\"og:url\" content=\"https:\/\/macrumo.com.pe\/paratuhogar\/producto\/ropa-de-cama\/sabanas\/juego-de-sabanas-nancy-original-2-plazas-7\/\" \/>\n<meta property=\"og:site_name\" content=\"Macrumo\" \/>\n<meta property=\"article:publisher\" content=\"https:\/\/www.facebook.com\/Macrumo.com.pe\" \/>\n<meta property=\"article:modified_time\" content=\"2026-04-25T16:10:34+00:00\" \/>\n<meta property=\"og:image\" content=\"https:\/\/macrumo.com.pe\/paratuhogar\/wp-content\/uploads\/2024\/04\/11_20240411_180735_0010.png\" \/>\n\t<meta property=\"og:image:width\" content=\"1280\" \/>\n\t<meta property=\"og:image:height\" content=\"1053\" \/>\n\t<meta property=\"og:image:type\" content=\"image\/png\" \/>\n<meta name=\"twitter:card\" content=\"summary_large_image\" \/>\n<meta name=\"twitter:label1\" content=\"Tiempo de lectura\" \/>\n\t<meta name=\"twitter:data1\" content=\"1 minuto\" \/>\n<script type=\"application\/ld+json\" class=\"yoast-schema-graph\">{\"@context\":\"https:\\\/\\\/schema.org\",\"@graph\":[{\"@type\":\"WebPage\",\"@id\":\"https:\\\/\\\/macrumo.com.pe\\\/paratuhogar\\\/producto\\\/ropa-de-cama\\\/sabanas\\\/juego-de-sabanas-nancy-original-2-plazas-7\\\/\",\"url\":\"https:\\\/\\\/macrumo.com.pe\\\/paratuhogar\\\/producto\\\/ropa-de-cama\\\/sabanas\\\/juego-de-sabanas-nancy-original-2-plazas-7\\\/\",\"name\":\"JUEGO DE S\u00c1BANAS NANCY ORIGINAL 2 PLAZAS - Macrumo\",\"isPartOf\":{\"@id\":\"https:\\\/\\\/macrumo.com.pe\\\/paratuhogar\\\/#website\"},\"primaryImageOfPage\":{\"@id\":\"https:\\\/\\\/macrumo.com.pe\\\/paratuhogar\\\/producto\\\/ropa-de-cama\\\/sabanas\\\/juego-de-sabanas-nancy-original-2-plazas-7\\\/#primaryimage\"},\"image\":{\"@id\":\"https:\\\/\\\/macrumo.com.pe\\\/paratuhogar\\\/producto\\\/ropa-de-cama\\\/sabanas\\\/juego-de-sabanas-nancy-original-2-plazas-7\\\/#primaryimage\"},\"thumbnailUrl\":\"https:\\\/\\\/macrumo.com.pe\\\/paratuhogar\\\/wp-content\\\/uploads\\\/2024\\\/04\\\/11_20240411_180735_0010.png\",\"datePublished\":\"2024-09-28T23:41:00+00:00\",\"dateModified\":\"2026-04-25T16:10:34+00:00\",\"breadcrumb\":{\"@id\":\"https:\\\/\\\/macrumo.com.pe\\\/paratuhogar\\\/producto\\\/ropa-de-cama\\\/sabanas\\\/juego-de-sabanas-nancy-original-2-plazas-7\\\/#breadcrumb\"},\"inLanguage\":\"es\",\"potentialAction\":[{\"@type\":\"ReadAction\",\"target\":[\"https:\\\/\\\/macrumo.com.pe\\\/paratuhogar\\\/producto\\\/ropa-de-cama\\\/sabanas\\\/juego-de-sabanas-nancy-original-2-plazas-7\\\/\"]}]},{\"@type\":\"ImageObject\",\"inLanguage\":\"es\",\"@id\":\"https:\\\/\\\/macrumo.com.pe\\\/paratuhogar\\\/producto\\\/ropa-de-cama\\\/sabanas\\\/juego-de-sabanas-nancy-original-2-plazas-7\\\/#primaryimage\",\"url\":\"https:\\\/\\\/macrumo.com.pe\\\/paratuhogar\\\/wp-content\\\/uploads\\\/2024\\\/04\\\/11_20240411_180735_0010.png\",\"contentUrl\":\"https:\\\/\\\/macrumo.com.pe\\\/paratuhogar\\\/wp-content\\\/uploads\\\/2024\\\/04\\\/11_20240411_180735_0010.png\",\"width\":1280,\"height\":1053},{\"@type\":\"BreadcrumbList\",\"@id\":\"https:\\\/\\\/macrumo.com.pe\\\/paratuhogar\\\/producto\\\/ropa-de-cama\\\/sabanas\\\/juego-de-sabanas-nancy-original-2-plazas-7\\\/#breadcrumb\",\"itemListElement\":[{\"@type\":\"ListItem\",\"position\":1,\"name\":\"Portada\",\"item\":\"https:\\\/\\\/macrumo.com.pe\\\/paratuhogar\\\/\"},{\"@type\":\"ListItem\",\"position\":2,\"name\":\"Tienda\",\"item\":\"https:\\\/\\\/macrumo.com.pe\\\/paratuhogar\\\/tienda\\\/\"},{\"@type\":\"ListItem\",\"position\":3,\"name\":\"JUEGO DE S\u00c1BANAS NANCY ORIGINAL 2 PLAZAS\"}]},{\"@type\":\"WebSite\",\"@id\":\"https:\\\/\\\/macrumo.com.pe\\\/paratuhogar\\\/#website\",\"url\":\"https:\\\/\\\/macrumo.com.pe\\\/paratuhogar\\\/\",\"name\":\"Macrumo\",\"description\":\"Macrumo\",\"publisher\":{\"@id\":\"https:\\\/\\\/macrumo.com.pe\\\/paratuhogar\\\/#organization\"},\"potentialAction\":[{\"@type\":\"SearchAction\",\"target\":{\"@type\":\"EntryPoint\",\"urlTemplate\":\"https:\\\/\\\/macrumo.com.pe\\\/paratuhogar\\\/?s={search_term_string}\"},\"query-input\":{\"@type\":\"PropertyValueSpecification\",\"valueRequired\":true,\"valueName\":\"search_term_string\"}}],\"inLanguage\":\"es\"},{\"@type\":\"Organization\",\"@id\":\"https:\\\/\\\/macrumo.com.pe\\\/paratuhogar\\\/#organization\",\"name\":\"Macrumo\",\"url\":\"https:\\\/\\\/macrumo.com.pe\\\/paratuhogar\\\/\",\"logo\":{\"@type\":\"ImageObject\",\"inLanguage\":\"es\",\"@id\":\"https:\\\/\\\/macrumo.com.pe\\\/paratuhogar\\\/#\\\/schema\\\/logo\\\/image\\\/\",\"url\":\"https:\\\/\\\/macrumo.com.pe\\\/paratuhogar\\\/wp-content\\\/uploads\\\/2023\\\/02\\\/Macrumo_logo.png\",\"contentUrl\":\"https:\\\/\\\/macrumo.com.pe\\\/paratuhogar\\\/wp-content\\\/uploads\\\/2023\\\/02\\\/Macrumo_logo.png\",\"width\":500,\"height\":148,\"caption\":\"Macrumo\"},\"image\":{\"@id\":\"https:\\\/\\\/macrumo.com.pe\\\/paratuhogar\\\/#\\\/schema\\\/logo\\\/image\\\/\"},\"sameAs\":[\"https:\\\/\\\/www.facebook.com\\\/Macrumo.com.pe\",\"https:\\\/\\\/www.instagram.com\\\/muebles.macrumo\\\/\",\"https:\\\/\\\/www.tiktok.com\\\/@muebles.macrumo\"]}]}<\/script>\n<!-- \/ Yoast SEO Premium plugin. -->","yoast_head_json":{"title":"JUEGO DE S\u00c1BANAS NANCY ORIGINAL 2 PLAZAS - Macrumo","robots":{"index":"index","follow":"follow","max-snippet":"max-snippet:-1","max-image-preview":"max-image-preview:large","max-video-preview":"max-video-preview:-1"},"canonical":"https:\/\/macrumo.com.pe\/paratuhogar\/producto\/ropa-de-cama\/sabanas\/juego-de-sabanas-nancy-original-2-plazas-7\/","og_locale":"es_ES","og_type":"article","og_title":"JUEGO DE S\u00c1BANAS NANCY ORIGINAL 2 PLAZAS","og_description":"La marca Nancy se ha destacado por mantener altos est\u00e1ndares de calidad a lo largo del tiempo, lo que la convierte en una opci\u00f3n confiable para quienes buscan s\u00e1banas duraderas y que mantengan su suavidad lavada tras lavada.  Cont\u00e1ctanos de forma directa al 977173711, \u00c1REA DE ROPA DE CAMA.","og_url":"https:\/\/macrumo.com.pe\/paratuhogar\/producto\/ropa-de-cama\/sabanas\/juego-de-sabanas-nancy-original-2-plazas-7\/","og_site_name":"Macrumo","article_publisher":"https:\/\/www.facebook.com\/Macrumo.com.pe","article_modified_time":"2026-04-25T16:10:34+00:00","og_image":[{"width":1280,"height":1053,"url":"https:\/\/macrumo.com.pe\/paratuhogar\/wp-content\/uploads\/2024\/04\/11_20240411_180735_0010.png","type":"image\/png"}],"twitter_card":"summary_large_image","twitter_misc":{"Tiempo de lectura":"1 minuto"},"schema":{"@context":"https:\/\/schema.org","@graph":[{"@type":"WebPage","@id":"https:\/\/macrumo.com.pe\/paratuhogar\/producto\/ropa-de-cama\/sabanas\/juego-de-sabanas-nancy-original-2-plazas-7\/","url":"https:\/\/macrumo.com.pe\/paratuhogar\/producto\/ropa-de-cama\/sabanas\/juego-de-sabanas-nancy-original-2-plazas-7\/","name":"JUEGO DE S\u00c1BANAS NANCY ORIGINAL 2 PLAZAS - Macrumo","isPartOf":{"@id":"https:\/\/macrumo.com.pe\/paratuhogar\/#website"},"primaryImageOfPage":{"@id":"https:\/\/macrumo.com.pe\/paratuhogar\/producto\/ropa-de-cama\/sabanas\/juego-de-sabanas-nancy-original-2-plazas-7\/#primaryimage"},"image":{"@id":"https:\/\/macrumo.com.pe\/paratuhogar\/producto\/ropa-de-cama\/sabanas\/juego-de-sabanas-nancy-original-2-plazas-7\/#primaryimage"},"thumbnailUrl":"https:\/\/macrumo.com.pe\/paratuhogar\/wp-content\/uploads\/2024\/04\/11_20240411_180735_0010.png","datePublished":"2024-09-28T23:41:00+00:00","dateModified":"2026-04-25T16:10:34+00:00","breadcrumb":{"@id":"https:\/\/macrumo.com.pe\/paratuhogar\/producto\/ropa-de-cama\/sabanas\/juego-de-sabanas-nancy-original-2-plazas-7\/#breadcrumb"},"inLanguage":"es","potentialAction":[{"@type":"ReadAction","target":["https:\/\/macrumo.com.pe\/paratuhogar\/producto\/ropa-de-cama\/sabanas\/juego-de-sabanas-nancy-original-2-plazas-7\/"]}]},{"@type":"ImageObject","inLanguage":"es","@id":"https:\/\/macrumo.com.pe\/paratuhogar\/producto\/ropa-de-cama\/sabanas\/juego-de-sabanas-nancy-original-2-plazas-7\/#primaryimage","url":"https:\/\/macrumo.com.pe\/paratuhogar\/wp-content\/uploads\/2024\/04\/11_20240411_180735_0010.png","contentUrl":"https:\/\/macrumo.com.pe\/paratuhogar\/wp-content\/uploads\/2024\/04\/11_20240411_180735_0010.png","width":1280,"height":1053},{"@type":"BreadcrumbList","@id":"https:\/\/macrumo.com.pe\/paratuhogar\/producto\/ropa-de-cama\/sabanas\/juego-de-sabanas-nancy-original-2-plazas-7\/#breadcrumb","itemListElement":[{"@type":"ListItem","position":1,"name":"Portada","item":"https:\/\/macrumo.com.pe\/paratuhogar\/"},{"@type":"ListItem","position":2,"name":"Tienda","item":"https:\/\/macrumo.com.pe\/paratuhogar\/tienda\/"},{"@type":"ListItem","position":3,"name":"JUEGO DE S\u00c1BANAS NANCY ORIGINAL 2 PLAZAS"}]},{"@type":"WebSite","@id":"https:\/\/macrumo.com.pe\/paratuhogar\/#website","url":"https:\/\/macrumo.com.pe\/paratuhogar\/","name":"Macrumo","description":"Macrumo","publisher":{"@id":"https:\/\/macrumo.com.pe\/paratuhogar\/#organization"},"potentialAction":[{"@type":"SearchAction","target":{"@type":"EntryPoint","urlTemplate":"https:\/\/macrumo.com.pe\/paratuhogar\/?s={search_term_string}"},"query-input":{"@type":"PropertyValueSpecification","valueRequired":true,"valueName":"search_term_string"}}],"inLanguage":"es"},{"@type":"Organization","@id":"https:\/\/macrumo.com.pe\/paratuhogar\/#organization","name":"Macrumo","url":"https:\/\/macrumo.com.pe\/paratuhogar\/","logo":{"@type":"ImageObject","inLanguage":"es","@id":"https:\/\/macrumo.com.pe\/paratuhogar\/#\/schema\/logo\/image\/","url":"https:\/\/macrumo.com.pe\/paratuhogar\/wp-content\/uploads\/2023\/02\/Macrumo_logo.png","contentUrl":"https:\/\/macrumo.com.pe\/paratuhogar\/wp-content\/uploads\/2023\/02\/Macrumo_logo.png","width":500,"height":148,"caption":"Macrumo"},"image":{"@id":"https:\/\/macrumo.com.pe\/paratuhogar\/#\/schema\/logo\/image\/"},"sameAs":["https:\/\/www.facebook.com\/Macrumo.com.pe","https:\/\/www.instagram.com\/muebles.macrumo\/","https:\/\/www.tiktok.com\/@muebles.macrumo"]}]}},"_links":{"self":[{"href":"https:\/\/macrumo.com.pe\/paratuhogar\/wp-json\/wp\/v2\/product\/6173","targetHints":{"allow":["GET"]}}],"collection":[{"href":"https:\/\/macrumo.com.pe\/paratuhogar\/wp-json\/wp\/v2\/product"}],"about":[{"href":"https:\/\/macrumo.com.pe\/paratuhogar\/wp-json\/wp\/v2\/types\/product"}],"replies":[{"embeddable":true,"href":"https:\/\/macrumo.com.pe\/paratuhogar\/wp-json\/wp\/v2\/comments?post=6173"}],"wp:featuredmedia":[{"embeddable":true,"href":"https:\/\/macrumo.com.pe\/paratuhogar\/wp-json\/wp\/v2\/media\/2929"}],"wp:attachment":[{"href":"https:\/\/macrumo.com.pe\/paratuhogar\/wp-json\/wp\/v2\/media?parent=6173"}],"wp:term":[{"taxonomy":"product_brand","embeddable":true,"href":"https:\/\/macrumo.com.pe\/paratuhogar\/wp-json\/wp\/v2\/product_brand?post=6173"},{"taxonomy":"product_cat","embeddable":true,"href":"https:\/\/macrumo.com.pe\/paratuhogar\/wp-json\/wp\/v2\/product_cat?post=6173"},{"taxonomy":"product_tag","embeddable":true,"href":"https:\/\/macrumo.com.pe\/paratuhogar\/wp-json\/wp\/v2\/product_tag?post=6173"},{"taxonomy":"manta","embeddable":true,"href":"https:\/\/macrumo.com.pe\/paratuhogar\/wp-json\/wp\/v2\/manta?post=6173"},{"taxonomy":"temporada","embeddable":true,"href":"https:\/\/macrumo.com.pe\/paratuhogar\/wp-json\/wp\/v2\/temporada?post=6173"},{"taxonomy":"estilo","embeddable":true,"href":"https:\/\/macrumo.com.pe\/paratuhogar\/wp-json\/wp\/v2\/estilo?post=6173"},{"taxonomy":"tamano","embeddable":true,"href":"https:\/\/macrumo.com.pe\/paratuhogar\/wp-json\/wp\/v2\/tamano?post=6173"}],"curies":[{"name":"wp","href":"https:\/\/api.w.org\/{rel}","templated":true}]}}