{"id":6092,"date":"2024-09-20T10:08:34","date_gmt":"2024-09-20T15:08:34","guid":{"rendered":"https:\/\/macrumo.com.pe\/paratuhogar\/?post_type=product&#038;p=6092"},"modified":"2026-03-18T18:22:45","modified_gmt":"2026-03-18T23:22:45","slug":"cama-montessori-desarmable","status":"publish","type":"product","link":"https:\/\/macrumo.com.pe\/paratuhogar\/producto\/camas\/camas-infantiles\/cama-montessori-desarmable\/","title":{"rendered":"CAMA MONTESSORI EVOLUTIVA DESARMABLE + PATAS"},"content":{"rendered":"<p><strong>\u00a1Bienvenido a Muebles Macrumo!<\/strong><br \/>\nHoy te presentamos nuestras camas para ni\u00f1os estilo minimalista, dise\u00f1ado para aportar un toque de elegancia cl\u00e1sica a cualquier espacio. Con su acabado en tonos c\u00e1lidos y sus amplios compartimentos de almacenamiento, esta cama para ni\u00f1os es ideal para organizar tus objetos personales mientras mejora la est\u00e9tica de tu hogar. Perfecto para quienes buscan combinar funcionalidad con un dise\u00f1o refinado y atemporal.<\/p>\n<div class=\"ast-oembed-container \" style=\"height: 100%;\"><iframe title=\"CAMA MONTESSORI EVOLUTIVA DESARMABLE\" width=\"422\" height=\"750\" src=\"https:\/\/www.youtube.com\/embed\/lOMLd7gIOMU?feature=oembed\" frameborder=\"0\" allow=\"accelerometer; autoplay; clipboard-write; encrypted-media; gyroscope; picture-in-picture; web-share\" referrerpolicy=\"strict-origin-when-cross-origin\" allowfullscreen><\/iframe><\/div>\n<p>&nbsp;<\/p>\n","protected":false},"excerpt":{"rendered":"<div>\n<p data-start=\"112\" data-end=\"426\">La <strong data-start=\"162\" data-end=\"210\">Cama Montessori Evolutiva Desarmable + Patas<\/strong> est\u00e1 pensada para acompa\u00f1ar el crecimiento de tu hijo, ofreciendo un espacio pr\u00e1ctico, seguro y adaptable a diferentes necesidades. Su dise\u00f1o permite transformarla f\u00e1cilmente para seguir el ritmo de su desarrollo.<\/p>\n<p data-start=\"428\" data-end=\"462\"><strong data-start=\"428\" data-end=\"460\">Caracter\u00edsticas principales:<\/strong><\/p>\n<ul data-start=\"463\" data-end=\"1012\">\n<li data-start=\"463\" data-end=\"588\">\n<p data-start=\"465\" data-end=\"588\"><strong data-start=\"465\" data-end=\"478\">Material:<\/strong> Madera de pino de alta calidad con <strong data-start=\"514\" data-end=\"540\">acabado suave al tacto<\/strong>, que resalta la belleza natural de la madera.<\/p>\n<\/li>\n<li data-start=\"589\" data-end=\"647\">\n<p data-start=\"591\" data-end=\"647\"><strong data-start=\"591\" data-end=\"603\">Medidas:<\/strong> Ancho 200 cm x Alto 90 cm x Fondo 115 cm.<\/p>\n<\/li>\n<li data-start=\"648\" data-end=\"738\">\n<p data-start=\"650\" data-end=\"738\"><strong data-start=\"650\" data-end=\"676\">Barandas desmontables:<\/strong> Permiten utilizarla como cama abierta cuando el ni\u00f1o crece.<\/p>\n<\/li>\n<li data-start=\"739\" data-end=\"817\">\n<p data-start=\"741\" data-end=\"817\"><strong data-start=\"741\" data-end=\"753\">Incluye:<\/strong> Barandas y patas armables para mayor comodidad y estabilidad.<\/p>\n<\/li>\n<li data-start=\"818\" data-end=\"902\">\n<p data-start=\"820\" data-end=\"902\"><strong data-start=\"820\" data-end=\"845\">Cabecera en \u201cL\u201d fija:<\/strong> Ten en cuenta su tama\u00f1o al momento del ingreso a casa.<\/p>\n<\/li>\n<li data-start=\"903\" data-end=\"953\">\n<p data-start=\"905\" data-end=\"953\"><strong data-start=\"905\" data-end=\"929\">Tama\u00f1os disponibles:<\/strong> 1 plaza y 1.5 plazas.<\/p>\n<\/li>\n<li data-start=\"954\" data-end=\"984\">\n<p data-start=\"956\" data-end=\"984\"><strong data-start=\"956\" data-end=\"967\">Origen:<\/strong> Hecho en Per\u00fa.<\/p>\n<\/li>\n<li data-start=\"985\" data-end=\"1012\">\n<p data-start=\"987\" data-end=\"1012\"><strong data-start=\"987\" data-end=\"1000\">Garant\u00eda:<\/strong> 24 meses.<\/p>\n<\/li>\n<li><strong>Medida Interna <\/strong>(1.5 plazas) &#8211; 106cm x 191cm y (1 plaza) &#8211; 91cm x 191c<\/li>\n<\/ul>\n<\/div>\n<p>Si requiere patas de 10 cm de madera el costo es S\/40.00<\/p>\n<p>Este video te sorprender\u00e1:<\/p>\n<p>https:\/\/www.youtube.com\/shorts\/lOMLd7gIOMU<\/p>\n","protected":false},"featured_media":6443,"comment_status":"closed","ping_status":"closed","template":"","meta":{"site-sidebar-layout":"default","site-content-layout":"","ast-site-content-layout":"default","site-content-style":"default","site-sidebar-style":"default","ast-global-header-display":"","ast-banner-title-visibility":"","ast-main-header-display":"","ast-hfb-above-header-display":"","ast-hfb-below-header-display":"","ast-hfb-mobile-header-display":"","site-post-title":"","ast-breadcrumbs-content":"","ast-featured-img":"","footer-sml-layout":"","ast-disable-related-posts":"","theme-transparent-header-meta":"default","adv-header-id-meta":"","stick-header-meta":"default","header-above-stick-meta":"","header-main-stick-meta":"","header-below-stick-meta":"","astra-migrate-meta-layouts":"set","ast-page-background-enabled":"default","ast-page-background-meta":{"desktop":{"background-color":"var(--ast-global-color-4)","background-image":"","background-repeat":"repeat","background-position":"center center","background-size":"auto","background-attachment":"scroll","background-type":"","background-media":"","overlay-type":"","overlay-color":"","overlay-opacity":"","overlay-gradient":""},"tablet":{"background-color":"","background-image":"","background-repeat":"repeat","background-position":"center center","background-size":"auto","background-attachment":"scroll","background-type":"","background-media":"","overlay-type":"","overlay-color":"","overlay-opacity":"","overlay-gradient":""},"mobile":{"background-color":"","background-image":"","background-repeat":"repeat","background-position":"center center","background-size":"auto","background-attachment":"scroll","background-type":"","background-media":"","overlay-type":"","overlay-color":"","overlay-opacity":"","overlay-gradient":""}},"ast-content-background-meta":{"desktop":{"background-color":"var(--ast-global-color-5)","background-image":"","background-repeat":"repeat","background-position":"center center","background-size":"auto","background-attachment":"scroll","background-type":"","background-media":"","overlay-type":"","overlay-color":"","overlay-opacity":"","overlay-gradient":""},"tablet":{"background-color":"var(--ast-global-color-5)","background-image":"","background-repeat":"repeat","background-position":"center center","background-size":"auto","background-attachment":"scroll","background-type":"","background-media":"","overlay-type":"","overlay-color":"","overlay-opacity":"","overlay-gradient":""},"mobile":{"background-color":"var(--ast-global-color-5)","background-image":"","background-repeat":"repeat","background-position":"center center","background-size":"auto","background-attachment":"scroll","background-type":"","background-media":"","overlay-type":"","overlay-color":"","overlay-opacity":"","overlay-gradient":""}}},"product_brand":[],"product_cat":[110],"product_tag":[],"manta":[],"temporada":[],"estilo":[],"tamano":[33],"class_list":{"0":"post-6092","1":"product","2":"type-product","3":"status-publish","4":"has-post-thumbnail","6":"product_cat-camas-infantiles","7":"tamano-15-plazas","8":"desktop-align-left","9":"tablet-align-left","10":"mobile-align-left","11":"ast-product-gallery-layout-vertical-slider","12":"ast-magnify-disabled","13":"ast-product-tabs-layout-horizontal","15":"first","16":"instock","17":"sale","18":"shipping-taxable","19":"purchasable","20":"product-type-simple"},"yoast_head":"<!-- This site is optimized with the Yoast SEO Premium plugin v23.0 (Yoast SEO v27.3) - https:\/\/yoast.com\/product\/yoast-seo-premium-wordpress\/ -->\n<title>CAMA MONTESSORI EVOLUTIVA DESARMABLE + PATAS - Macrumo<\/title>\n<meta name=\"robots\" content=\"index, follow, max-snippet:-1, max-image-preview:large, max-video-preview:-1\" \/>\n<link rel=\"canonical\" href=\"https:\/\/macrumo.com.pe\/paratuhogar\/producto\/camas\/camas-infantiles\/cama-montessori-desarmable\/\" \/>\n<meta property=\"og:locale\" content=\"es_ES\" \/>\n<meta property=\"og:type\" content=\"article\" \/>\n<meta property=\"og:title\" content=\"CAMA MONTESSORI EVOLUTIVA DESARMABLE + PATAS\" \/>\n<meta property=\"og:description\" content=\"La Cama Montessori Evolutiva Desarmable + Patas est\u00e1 pensada para acompa\u00f1ar el crecimiento de tu hijo, ofreciendo un espacio pr\u00e1ctico, seguro y adaptable a diferentes necesidades. Su dise\u00f1o permite transformarla f\u00e1cilmente para seguir el ritmo de su desarrollo. Caracter\u00edsticas principales:     Material: Madera de pino de alta calidad con acabado suave al tacto, que resalta la belleza natural de la madera.    Medidas: Ancho 200 cm x Alto 90 cm x Fondo 115 cm.    Barandas desmontables: Permiten utilizarla como cama abierta cuando el ni\u00f1o crece.    Incluye: Barandas y patas armables para mayor comodidad y estabilidad.    Cabecera en \u201cL\u201d fija: Ten en cuenta su tama\u00f1o al momento del ingreso a casa.    Tama\u00f1os disponibles: 1 plaza y 1.5 plazas.    Origen: Hecho en Per\u00fa.    Garant\u00eda: 24 meses.   Medida Interna (1.5 plazas) - 106cm x 191cm y (1 plaza) - 91cm x 191c   Si requiere patas de 10 cm de madera el costo es S\/40.00  Este video te sorprender\u00e1:  https:\/\/www.youtube.com\/shorts\/lOMLd7gIOMU\" \/>\n<meta property=\"og:url\" content=\"https:\/\/macrumo.com.pe\/paratuhogar\/producto\/camas\/camas-infantiles\/cama-montessori-desarmable\/\" \/>\n<meta property=\"og:site_name\" content=\"Macrumo\" \/>\n<meta property=\"article:publisher\" content=\"https:\/\/www.facebook.com\/Macrumo.com.pe\" \/>\n<meta property=\"article:modified_time\" content=\"2026-03-18T23:22:45+00:00\" \/>\n<meta property=\"og:image\" content=\"https:\/\/macrumo.com.pe\/paratuhogar\/wp-content\/uploads\/2024\/09\/WhatsApp-Image-2024-10-17-at-12.41.26-PM.jpeg\" \/>\n\t<meta property=\"og:image:width\" content=\"1600\" \/>\n\t<meta property=\"og:image:height\" content=\"1600\" \/>\n\t<meta property=\"og:image:type\" content=\"image\/jpeg\" \/>\n<meta name=\"twitter:card\" content=\"summary_large_image\" \/>\n<meta name=\"twitter:label1\" content=\"Tiempo de lectura\" \/>\n\t<meta name=\"twitter:data1\" content=\"1 minuto\" \/>\n<script type=\"application\/ld+json\" class=\"yoast-schema-graph\">{\"@context\":\"https:\\\/\\\/schema.org\",\"@graph\":[{\"@type\":\"WebPage\",\"@id\":\"https:\\\/\\\/macrumo.com.pe\\\/paratuhogar\\\/producto\\\/camas\\\/camas-infantiles\\\/cama-montessori-desarmable\\\/\",\"url\":\"https:\\\/\\\/macrumo.com.pe\\\/paratuhogar\\\/producto\\\/camas\\\/camas-infantiles\\\/cama-montessori-desarmable\\\/\",\"name\":\"CAMA MONTESSORI EVOLUTIVA DESARMABLE + PATAS - Macrumo\",\"isPartOf\":{\"@id\":\"https:\\\/\\\/macrumo.com.pe\\\/paratuhogar\\\/#website\"},\"primaryImageOfPage\":{\"@id\":\"https:\\\/\\\/macrumo.com.pe\\\/paratuhogar\\\/producto\\\/camas\\\/camas-infantiles\\\/cama-montessori-desarmable\\\/#primaryimage\"},\"image\":{\"@id\":\"https:\\\/\\\/macrumo.com.pe\\\/paratuhogar\\\/producto\\\/camas\\\/camas-infantiles\\\/cama-montessori-desarmable\\\/#primaryimage\"},\"thumbnailUrl\":\"https:\\\/\\\/macrumo.com.pe\\\/paratuhogar\\\/wp-content\\\/uploads\\\/2024\\\/09\\\/WhatsApp-Image-2024-10-17-at-12.41.26-PM.jpeg\",\"datePublished\":\"2024-09-20T15:08:34+00:00\",\"dateModified\":\"2026-03-18T23:22:45+00:00\",\"breadcrumb\":{\"@id\":\"https:\\\/\\\/macrumo.com.pe\\\/paratuhogar\\\/producto\\\/camas\\\/camas-infantiles\\\/cama-montessori-desarmable\\\/#breadcrumb\"},\"inLanguage\":\"es\",\"potentialAction\":[{\"@type\":\"ReadAction\",\"target\":[\"https:\\\/\\\/macrumo.com.pe\\\/paratuhogar\\\/producto\\\/camas\\\/camas-infantiles\\\/cama-montessori-desarmable\\\/\"]}]},{\"@type\":\"ImageObject\",\"inLanguage\":\"es\",\"@id\":\"https:\\\/\\\/macrumo.com.pe\\\/paratuhogar\\\/producto\\\/camas\\\/camas-infantiles\\\/cama-montessori-desarmable\\\/#primaryimage\",\"url\":\"https:\\\/\\\/macrumo.com.pe\\\/paratuhogar\\\/wp-content\\\/uploads\\\/2024\\\/09\\\/WhatsApp-Image-2024-10-17-at-12.41.26-PM.jpeg\",\"contentUrl\":\"https:\\\/\\\/macrumo.com.pe\\\/paratuhogar\\\/wp-content\\\/uploads\\\/2024\\\/09\\\/WhatsApp-Image-2024-10-17-at-12.41.26-PM.jpeg\",\"width\":1600,\"height\":1600},{\"@type\":\"BreadcrumbList\",\"@id\":\"https:\\\/\\\/macrumo.com.pe\\\/paratuhogar\\\/producto\\\/camas\\\/camas-infantiles\\\/cama-montessori-desarmable\\\/#breadcrumb\",\"itemListElement\":[{\"@type\":\"ListItem\",\"position\":1,\"name\":\"Portada\",\"item\":\"https:\\\/\\\/macrumo.com.pe\\\/paratuhogar\\\/\"},{\"@type\":\"ListItem\",\"position\":2,\"name\":\"Tienda\",\"item\":\"https:\\\/\\\/macrumo.com.pe\\\/paratuhogar\\\/tienda\\\/\"},{\"@type\":\"ListItem\",\"position\":3,\"name\":\"CAMA MONTESSORI EVOLUTIVA DESARMABLE + PATAS\"}]},{\"@type\":\"WebSite\",\"@id\":\"https:\\\/\\\/macrumo.com.pe\\\/paratuhogar\\\/#website\",\"url\":\"https:\\\/\\\/macrumo.com.pe\\\/paratuhogar\\\/\",\"name\":\"Macrumo\",\"description\":\"Macrumo\",\"publisher\":{\"@id\":\"https:\\\/\\\/macrumo.com.pe\\\/paratuhogar\\\/#organization\"},\"potentialAction\":[{\"@type\":\"SearchAction\",\"target\":{\"@type\":\"EntryPoint\",\"urlTemplate\":\"https:\\\/\\\/macrumo.com.pe\\\/paratuhogar\\\/?s={search_term_string}\"},\"query-input\":{\"@type\":\"PropertyValueSpecification\",\"valueRequired\":true,\"valueName\":\"search_term_string\"}}],\"inLanguage\":\"es\"},{\"@type\":\"Organization\",\"@id\":\"https:\\\/\\\/macrumo.com.pe\\\/paratuhogar\\\/#organization\",\"name\":\"Macrumo\",\"url\":\"https:\\\/\\\/macrumo.com.pe\\\/paratuhogar\\\/\",\"logo\":{\"@type\":\"ImageObject\",\"inLanguage\":\"es\",\"@id\":\"https:\\\/\\\/macrumo.com.pe\\\/paratuhogar\\\/#\\\/schema\\\/logo\\\/image\\\/\",\"url\":\"https:\\\/\\\/macrumo.com.pe\\\/paratuhogar\\\/wp-content\\\/uploads\\\/2023\\\/02\\\/Macrumo_logo.png\",\"contentUrl\":\"https:\\\/\\\/macrumo.com.pe\\\/paratuhogar\\\/wp-content\\\/uploads\\\/2023\\\/02\\\/Macrumo_logo.png\",\"width\":500,\"height\":148,\"caption\":\"Macrumo\"},\"image\":{\"@id\":\"https:\\\/\\\/macrumo.com.pe\\\/paratuhogar\\\/#\\\/schema\\\/logo\\\/image\\\/\"},\"sameAs\":[\"https:\\\/\\\/www.facebook.com\\\/Macrumo.com.pe\",\"https:\\\/\\\/www.instagram.com\\\/muebles.macrumo\\\/\",\"https:\\\/\\\/www.tiktok.com\\\/@muebles.macrumo\"]}]}<\/script>\n<!-- \/ Yoast SEO Premium plugin. -->","yoast_head_json":{"title":"CAMA MONTESSORI EVOLUTIVA DESARMABLE + PATAS - Macrumo","robots":{"index":"index","follow":"follow","max-snippet":"max-snippet:-1","max-image-preview":"max-image-preview:large","max-video-preview":"max-video-preview:-1"},"canonical":"https:\/\/macrumo.com.pe\/paratuhogar\/producto\/camas\/camas-infantiles\/cama-montessori-desarmable\/","og_locale":"es_ES","og_type":"article","og_title":"CAMA MONTESSORI EVOLUTIVA DESARMABLE + PATAS","og_description":"La Cama Montessori Evolutiva Desarmable + Patas est\u00e1 pensada para acompa\u00f1ar el crecimiento de tu hijo, ofreciendo un espacio pr\u00e1ctico, seguro y adaptable a diferentes necesidades. Su dise\u00f1o permite transformarla f\u00e1cilmente para seguir el ritmo de su desarrollo. Caracter\u00edsticas principales:     Material: Madera de pino de alta calidad con acabado suave al tacto, que resalta la belleza natural de la madera.    Medidas: Ancho 200 cm x Alto 90 cm x Fondo 115 cm.    Barandas desmontables: Permiten utilizarla como cama abierta cuando el ni\u00f1o crece.    Incluye: Barandas y patas armables para mayor comodidad y estabilidad.    Cabecera en \u201cL\u201d fija: Ten en cuenta su tama\u00f1o al momento del ingreso a casa.    Tama\u00f1os disponibles: 1 plaza y 1.5 plazas.    Origen: Hecho en Per\u00fa.    Garant\u00eda: 24 meses.   Medida Interna (1.5 plazas) - 106cm x 191cm y (1 plaza) - 91cm x 191c   Si requiere patas de 10 cm de madera el costo es S\/40.00  Este video te sorprender\u00e1:  https:\/\/www.youtube.com\/shorts\/lOMLd7gIOMU","og_url":"https:\/\/macrumo.com.pe\/paratuhogar\/producto\/camas\/camas-infantiles\/cama-montessori-desarmable\/","og_site_name":"Macrumo","article_publisher":"https:\/\/www.facebook.com\/Macrumo.com.pe","article_modified_time":"2026-03-18T23:22:45+00:00","og_image":[{"width":1600,"height":1600,"url":"https:\/\/macrumo.com.pe\/paratuhogar\/wp-content\/uploads\/2024\/09\/WhatsApp-Image-2024-10-17-at-12.41.26-PM.jpeg","type":"image\/jpeg"}],"twitter_card":"summary_large_image","twitter_misc":{"Tiempo de lectura":"1 minuto"},"schema":{"@context":"https:\/\/schema.org","@graph":[{"@type":"WebPage","@id":"https:\/\/macrumo.com.pe\/paratuhogar\/producto\/camas\/camas-infantiles\/cama-montessori-desarmable\/","url":"https:\/\/macrumo.com.pe\/paratuhogar\/producto\/camas\/camas-infantiles\/cama-montessori-desarmable\/","name":"CAMA MONTESSORI EVOLUTIVA DESARMABLE + PATAS - Macrumo","isPartOf":{"@id":"https:\/\/macrumo.com.pe\/paratuhogar\/#website"},"primaryImageOfPage":{"@id":"https:\/\/macrumo.com.pe\/paratuhogar\/producto\/camas\/camas-infantiles\/cama-montessori-desarmable\/#primaryimage"},"image":{"@id":"https:\/\/macrumo.com.pe\/paratuhogar\/producto\/camas\/camas-infantiles\/cama-montessori-desarmable\/#primaryimage"},"thumbnailUrl":"https:\/\/macrumo.com.pe\/paratuhogar\/wp-content\/uploads\/2024\/09\/WhatsApp-Image-2024-10-17-at-12.41.26-PM.jpeg","datePublished":"2024-09-20T15:08:34+00:00","dateModified":"2026-03-18T23:22:45+00:00","breadcrumb":{"@id":"https:\/\/macrumo.com.pe\/paratuhogar\/producto\/camas\/camas-infantiles\/cama-montessori-desarmable\/#breadcrumb"},"inLanguage":"es","potentialAction":[{"@type":"ReadAction","target":["https:\/\/macrumo.com.pe\/paratuhogar\/producto\/camas\/camas-infantiles\/cama-montessori-desarmable\/"]}]},{"@type":"ImageObject","inLanguage":"es","@id":"https:\/\/macrumo.com.pe\/paratuhogar\/producto\/camas\/camas-infantiles\/cama-montessori-desarmable\/#primaryimage","url":"https:\/\/macrumo.com.pe\/paratuhogar\/wp-content\/uploads\/2024\/09\/WhatsApp-Image-2024-10-17-at-12.41.26-PM.jpeg","contentUrl":"https:\/\/macrumo.com.pe\/paratuhogar\/wp-content\/uploads\/2024\/09\/WhatsApp-Image-2024-10-17-at-12.41.26-PM.jpeg","width":1600,"height":1600},{"@type":"BreadcrumbList","@id":"https:\/\/macrumo.com.pe\/paratuhogar\/producto\/camas\/camas-infantiles\/cama-montessori-desarmable\/#breadcrumb","itemListElement":[{"@type":"ListItem","position":1,"name":"Portada","item":"https:\/\/macrumo.com.pe\/paratuhogar\/"},{"@type":"ListItem","position":2,"name":"Tienda","item":"https:\/\/macrumo.com.pe\/paratuhogar\/tienda\/"},{"@type":"ListItem","position":3,"name":"CAMA MONTESSORI EVOLUTIVA DESARMABLE + PATAS"}]},{"@type":"WebSite","@id":"https:\/\/macrumo.com.pe\/paratuhogar\/#website","url":"https:\/\/macrumo.com.pe\/paratuhogar\/","name":"Macrumo","description":"Macrumo","publisher":{"@id":"https:\/\/macrumo.com.pe\/paratuhogar\/#organization"},"potentialAction":[{"@type":"SearchAction","target":{"@type":"EntryPoint","urlTemplate":"https:\/\/macrumo.com.pe\/paratuhogar\/?s={search_term_string}"},"query-input":{"@type":"PropertyValueSpecification","valueRequired":true,"valueName":"search_term_string"}}],"inLanguage":"es"},{"@type":"Organization","@id":"https:\/\/macrumo.com.pe\/paratuhogar\/#organization","name":"Macrumo","url":"https:\/\/macrumo.com.pe\/paratuhogar\/","logo":{"@type":"ImageObject","inLanguage":"es","@id":"https:\/\/macrumo.com.pe\/paratuhogar\/#\/schema\/logo\/image\/","url":"https:\/\/macrumo.com.pe\/paratuhogar\/wp-content\/uploads\/2023\/02\/Macrumo_logo.png","contentUrl":"https:\/\/macrumo.com.pe\/paratuhogar\/wp-content\/uploads\/2023\/02\/Macrumo_logo.png","width":500,"height":148,"caption":"Macrumo"},"image":{"@id":"https:\/\/macrumo.com.pe\/paratuhogar\/#\/schema\/logo\/image\/"},"sameAs":["https:\/\/www.facebook.com\/Macrumo.com.pe","https:\/\/www.instagram.com\/muebles.macrumo\/","https:\/\/www.tiktok.com\/@muebles.macrumo"]}]}},"_links":{"self":[{"href":"https:\/\/macrumo.com.pe\/paratuhogar\/wp-json\/wp\/v2\/product\/6092","targetHints":{"allow":["GET"]}}],"collection":[{"href":"https:\/\/macrumo.com.pe\/paratuhogar\/wp-json\/wp\/v2\/product"}],"about":[{"href":"https:\/\/macrumo.com.pe\/paratuhogar\/wp-json\/wp\/v2\/types\/product"}],"replies":[{"embeddable":true,"href":"https:\/\/macrumo.com.pe\/paratuhogar\/wp-json\/wp\/v2\/comments?post=6092"}],"wp:featuredmedia":[{"embeddable":true,"href":"https:\/\/macrumo.com.pe\/paratuhogar\/wp-json\/wp\/v2\/media\/6443"}],"wp:attachment":[{"href":"https:\/\/macrumo.com.pe\/paratuhogar\/wp-json\/wp\/v2\/media?parent=6092"}],"wp:term":[{"taxonomy":"product_brand","embeddable":true,"href":"https:\/\/macrumo.com.pe\/paratuhogar\/wp-json\/wp\/v2\/product_brand?post=6092"},{"taxonomy":"product_cat","embeddable":true,"href":"https:\/\/macrumo.com.pe\/paratuhogar\/wp-json\/wp\/v2\/product_cat?post=6092"},{"taxonomy":"product_tag","embeddable":true,"href":"https:\/\/macrumo.com.pe\/paratuhogar\/wp-json\/wp\/v2\/product_tag?post=6092"},{"taxonomy":"manta","embeddable":true,"href":"https:\/\/macrumo.com.pe\/paratuhogar\/wp-json\/wp\/v2\/manta?post=6092"},{"taxonomy":"temporada","embeddable":true,"href":"https:\/\/macrumo.com.pe\/paratuhogar\/wp-json\/wp\/v2\/temporada?post=6092"},{"taxonomy":"estilo","embeddable":true,"href":"https:\/\/macrumo.com.pe\/paratuhogar\/wp-json\/wp\/v2\/estilo?post=6092"},{"taxonomy":"tamano","embeddable":true,"href":"https:\/\/macrumo.com.pe\/paratuhogar\/wp-json\/wp\/v2\/tamano?post=6092"}],"curies":[{"name":"wp","href":"https:\/\/api.w.org\/{rel}","templated":true}]}}