{"id":5676,"date":"2024-09-12T13:58:23","date_gmt":"2024-09-12T18:58:23","guid":{"rendered":"https:\/\/macrumo.com.pe\/paratuhogar\/?post_type=product&#038;p=5676"},"modified":"2026-03-18T18:23:11","modified_gmt":"2026-03-18T23:23:11","slug":"cama-box-tarima-2plz-colchon-majestic-paraiso-protector-y-almohada-gratis","status":"publish","type":"product","link":"https:\/\/macrumo.com.pe\/paratuhogar\/producto\/camas\/camas-tapizadas\/cama-box-tarima-2plz-colchon-majestic-paraiso-protector-y-almohada-gratis\/","title":{"rendered":"CAMA: BOX TARIMA + COLCHON SEMIORTOP\u00c9DICO+ PROTECTOR Y ALMOHADA GRATIS"},"content":{"rendered":"<p>Organice a\u00fan mejor sus cosas y ahorre espacio con este box tarima + colch\u00f3n + protector y almohada que tenemos para ti. Con un dise\u00f1o \u00fanico, una suave cubierta en tela con tejido de alta calidad, madera nacional de primera mano, este modelo es ideal para darte el confort que necesitas. Contiene 1 espuma de 3mm entre la madera y tela Importante. Nuestro producto se despacha con las 4 patas instaladas.<\/p>\n","protected":false},"excerpt":{"rendered":"<p data-start=\"79\" data-end=\"470\">Disfruta de un descanso completo y confortable con este combo ideal para tu dormitorio. La <strong data-start=\"170\" data-end=\"207\">tarima de madera nacional selecta<\/strong>, acolchada y reforzada, ofrece una base s\u00f3lida y elegante. El <strong data-start=\"270\" data-end=\"296\">colch\u00f3n semiortop\u00e9dico<\/strong> con tela <strong data-start=\"306\" data-end=\"318\">Jacquard<\/strong> asegura soporte y comodidad para un sue\u00f1o reparador, mientras que el <strong data-start=\"388\" data-end=\"401\">protector<\/strong> y la <strong data-start=\"407\" data-end=\"426\">almohada gratis<\/strong> a\u00f1aden un extra de confort y practicidad.<\/p>\n<p data-start=\"472\" data-end=\"486\"><strong data-start=\"472\" data-end=\"484\">Incluye:<\/strong><\/p>\n<ul data-start=\"487\" data-end=\"658\">\n<li data-start=\"487\" data-end=\"551\">\n<p data-start=\"489\" data-end=\"551\">Box tarima en madera nacional selecta, acolchada y reforzada<\/p>\n<\/li>\n<li data-start=\"552\" data-end=\"596\">\n<p data-start=\"554\" data-end=\"596\">Colch\u00f3n semiortop\u00e9dico con tela Jacquard<\/p>\n<\/li>\n<li data-start=\"597\" data-end=\"633\">\n<p data-start=\"599\" data-end=\"633\">Protector y almohada de cortes\u00eda<\/p>\n<\/li>\n<li data-start=\"634\" data-end=\"658\">\n<p data-start=\"636\" data-end=\"658\">Delivery a domicilio<\/p>\n<\/li>\n<\/ul>\n<p><strong data-start=\"959\" data-end=\"974\">Importante:<\/strong><br data-start=\"974\" data-end=\"977\" \/><em>La <strong data-start=\"980\" data-end=\"1017\">marca, color y dise\u00f1o del colch\u00f3n<\/strong> pueden variar seg\u00fan el stock disponible. Esta variaci\u00f3n <strong data-start=\"1074\" data-end=\"1138\">no afecta en absoluto la calidad, comodidad ni funcionalidad<\/strong> del colch\u00f3n, garantizando que siempre tendr\u00e1s un producto confiable y confortable.<\/em><\/p>\n<p data-start=\"660\" data-end=\"702\" data-is-last-node=\"\" data-is-only-node=\"\"><strong data-start=\"660\" data-end=\"673\">Producto:<\/strong> Nuevo<br data-start=\"679\" data-end=\"682\" \/><strong data-start=\"682\" data-end=\"695\">Garant\u00eda:<\/strong> 2 a\u00f1os<\/p>\n","protected":false},"featured_media":5664,"comment_status":"closed","ping_status":"closed","template":"","meta":{"site-sidebar-layout":"default","site-content-layout":"","ast-site-content-layout":"default","site-content-style":"default","site-sidebar-style":"default","ast-global-header-display":"","ast-banner-title-visibility":"","ast-main-header-display":"","ast-hfb-above-header-display":"","ast-hfb-below-header-display":"","ast-hfb-mobile-header-display":"","site-post-title":"","ast-breadcrumbs-content":"","ast-featured-img":"","footer-sml-layout":"","ast-disable-related-posts":"","theme-transparent-header-meta":"default","adv-header-id-meta":"","stick-header-meta":"default","header-above-stick-meta":"","header-main-stick-meta":"","header-below-stick-meta":"","astra-migrate-meta-layouts":"set","ast-page-background-enabled":"default","ast-page-background-meta":{"desktop":{"background-color":"var(--ast-global-color-4)","background-image":"","background-repeat":"repeat","background-position":"center center","background-size":"auto","background-attachment":"scroll","background-type":"","background-media":"","overlay-type":"","overlay-color":"","overlay-opacity":"","overlay-gradient":""},"tablet":{"background-color":"","background-image":"","background-repeat":"repeat","background-position":"center center","background-size":"auto","background-attachment":"scroll","background-type":"","background-media":"","overlay-type":"","overlay-color":"","overlay-opacity":"","overlay-gradient":""},"mobile":{"background-color":"","background-image":"","background-repeat":"repeat","background-position":"center center","background-size":"auto","background-attachment":"scroll","background-type":"","background-media":"","overlay-type":"","overlay-color":"","overlay-opacity":"","overlay-gradient":""}},"ast-content-background-meta":{"desktop":{"background-color":"var(--ast-global-color-5)","background-image":"","background-repeat":"repeat","background-position":"center center","background-size":"auto","background-attachment":"scroll","background-type":"","background-media":"","overlay-type":"","overlay-color":"","overlay-opacity":"","overlay-gradient":""},"tablet":{"background-color":"var(--ast-global-color-5)","background-image":"","background-repeat":"repeat","background-position":"center center","background-size":"auto","background-attachment":"scroll","background-type":"","background-media":"","overlay-type":"","overlay-color":"","overlay-opacity":"","overlay-gradient":""},"mobile":{"background-color":"var(--ast-global-color-5)","background-image":"","background-repeat":"repeat","background-position":"center center","background-size":"auto","background-attachment":"scroll","background-type":"","background-media":"","overlay-type":"","overlay-color":"","overlay-opacity":"","overlay-gradient":""}}},"product_brand":[],"product_cat":[19,40],"product_tag":[],"manta":[],"temporada":[],"estilo":[],"tamano":[34],"class_list":{"0":"post-5676","1":"product","2":"type-product","3":"status-publish","4":"has-post-thumbnail","6":"product_cat-camas","7":"product_cat-camas-tapizadas","8":"tamano-2-plazas","9":"desktop-align-left","10":"tablet-align-left","11":"mobile-align-left","12":"ast-product-gallery-layout-vertical-slider","13":"ast-magnify-disabled","14":"ast-product-single-variable","15":"ast-product-tabs-layout-horizontal","17":"first","18":"instock","19":"sale","20":"shipping-taxable","21":"purchasable","22":"product-type-variable"},"yoast_head":"<!-- This site is optimized with the Yoast SEO Premium plugin v23.0 (Yoast SEO v27.3) - https:\/\/yoast.com\/product\/yoast-seo-premium-wordpress\/ -->\n<title>CAMA: BOX TARIMA + COLCHON SEMIORTOP\u00c9DICO+ PROTECTOR Y ALMOHADA GRATIS - Macrumo<\/title>\n<meta name=\"robots\" content=\"index, follow, max-snippet:-1, max-image-preview:large, max-video-preview:-1\" \/>\n<link rel=\"canonical\" href=\"https:\/\/macrumo.com.pe\/paratuhogar\/producto\/camas\/camas-tapizadas\/cama-box-tarima-2plz-colchon-majestic-paraiso-protector-y-almohada-gratis\/\" \/>\n<meta property=\"og:locale\" content=\"es_ES\" \/>\n<meta property=\"og:type\" content=\"article\" \/>\n<meta property=\"og:title\" content=\"CAMA: BOX TARIMA + COLCHON SEMIORTOP\u00c9DICO+ PROTECTOR Y ALMOHADA GRATIS\" \/>\n<meta property=\"og:description\" content=\"Disfruta de un descanso completo y confortable con este combo ideal para tu dormitorio. La tarima de madera nacional selecta, acolchada y reforzada, ofrece una base s\u00f3lida y elegante. El colch\u00f3n semiortop\u00e9dico con tela Jacquard asegura soporte y comodidad para un sue\u00f1o reparador, mientras que el protector y la almohada gratis a\u00f1aden un extra de confort y practicidad. Incluye:     Box tarima en madera nacional selecta, acolchada y reforzada    Colch\u00f3n semiortop\u00e9dico con tela Jacquard    Protector y almohada de cortes\u00eda    Delivery a domicilio   Importante:La marca, color y dise\u00f1o del colch\u00f3n pueden variar seg\u00fan el stock disponible. Esta variaci\u00f3n no afecta en absoluto la calidad, comodidad ni funcionalidad del colch\u00f3n, garantizando que siempre tendr\u00e1s un producto confiable y confortable. Producto: NuevoGarant\u00eda: 2 a\u00f1os\" \/>\n<meta property=\"og:url\" content=\"https:\/\/macrumo.com.pe\/paratuhogar\/producto\/camas\/camas-tapizadas\/cama-box-tarima-2plz-colchon-majestic-paraiso-protector-y-almohada-gratis\/\" \/>\n<meta property=\"og:site_name\" content=\"Macrumo\" \/>\n<meta property=\"article:publisher\" content=\"https:\/\/www.facebook.com\/Macrumo.com.pe\" \/>\n<meta property=\"article:modified_time\" content=\"2026-03-18T23:23:11+00:00\" \/>\n<meta property=\"og:image\" content=\"https:\/\/macrumo.com.pe\/paratuhogar\/wp-content\/uploads\/2024\/09\/WhatsApp-Image-2024-09-12-at-11.29.11-AM.jpeg\" \/>\n\t<meta property=\"og:image:width\" content=\"1200\" \/>\n\t<meta property=\"og:image:height\" content=\"1200\" \/>\n\t<meta property=\"og:image:type\" content=\"image\/jpeg\" \/>\n<meta name=\"twitter:card\" content=\"summary_large_image\" \/>\n<meta name=\"twitter:label1\" content=\"Tiempo de lectura\" \/>\n\t<meta name=\"twitter:data1\" content=\"1 minuto\" \/>\n<script type=\"application\/ld+json\" class=\"yoast-schema-graph\">{\"@context\":\"https:\\\/\\\/schema.org\",\"@graph\":[{\"@type\":\"WebPage\",\"@id\":\"https:\\\/\\\/macrumo.com.pe\\\/paratuhogar\\\/producto\\\/camas\\\/camas-tapizadas\\\/cama-box-tarima-2plz-colchon-majestic-paraiso-protector-y-almohada-gratis\\\/\",\"url\":\"https:\\\/\\\/macrumo.com.pe\\\/paratuhogar\\\/producto\\\/camas\\\/camas-tapizadas\\\/cama-box-tarima-2plz-colchon-majestic-paraiso-protector-y-almohada-gratis\\\/\",\"name\":\"CAMA: BOX TARIMA + COLCHON SEMIORTOP\u00c9DICO+ PROTECTOR Y ALMOHADA GRATIS - Macrumo\",\"isPartOf\":{\"@id\":\"https:\\\/\\\/macrumo.com.pe\\\/paratuhogar\\\/#website\"},\"primaryImageOfPage\":{\"@id\":\"https:\\\/\\\/macrumo.com.pe\\\/paratuhogar\\\/producto\\\/camas\\\/camas-tapizadas\\\/cama-box-tarima-2plz-colchon-majestic-paraiso-protector-y-almohada-gratis\\\/#primaryimage\"},\"image\":{\"@id\":\"https:\\\/\\\/macrumo.com.pe\\\/paratuhogar\\\/producto\\\/camas\\\/camas-tapizadas\\\/cama-box-tarima-2plz-colchon-majestic-paraiso-protector-y-almohada-gratis\\\/#primaryimage\"},\"thumbnailUrl\":\"https:\\\/\\\/macrumo.com.pe\\\/paratuhogar\\\/wp-content\\\/uploads\\\/2024\\\/09\\\/WhatsApp-Image-2024-09-12-at-11.29.11-AM.jpeg\",\"datePublished\":\"2024-09-12T18:58:23+00:00\",\"dateModified\":\"2026-03-18T23:23:11+00:00\",\"breadcrumb\":{\"@id\":\"https:\\\/\\\/macrumo.com.pe\\\/paratuhogar\\\/producto\\\/camas\\\/camas-tapizadas\\\/cama-box-tarima-2plz-colchon-majestic-paraiso-protector-y-almohada-gratis\\\/#breadcrumb\"},\"inLanguage\":\"es\",\"potentialAction\":[{\"@type\":\"ReadAction\",\"target\":[\"https:\\\/\\\/macrumo.com.pe\\\/paratuhogar\\\/producto\\\/camas\\\/camas-tapizadas\\\/cama-box-tarima-2plz-colchon-majestic-paraiso-protector-y-almohada-gratis\\\/\"]}]},{\"@type\":\"ImageObject\",\"inLanguage\":\"es\",\"@id\":\"https:\\\/\\\/macrumo.com.pe\\\/paratuhogar\\\/producto\\\/camas\\\/camas-tapizadas\\\/cama-box-tarima-2plz-colchon-majestic-paraiso-protector-y-almohada-gratis\\\/#primaryimage\",\"url\":\"https:\\\/\\\/macrumo.com.pe\\\/paratuhogar\\\/wp-content\\\/uploads\\\/2024\\\/09\\\/WhatsApp-Image-2024-09-12-at-11.29.11-AM.jpeg\",\"contentUrl\":\"https:\\\/\\\/macrumo.com.pe\\\/paratuhogar\\\/wp-content\\\/uploads\\\/2024\\\/09\\\/WhatsApp-Image-2024-09-12-at-11.29.11-AM.jpeg\",\"width\":1200,\"height\":1200},{\"@type\":\"BreadcrumbList\",\"@id\":\"https:\\\/\\\/macrumo.com.pe\\\/paratuhogar\\\/producto\\\/camas\\\/camas-tapizadas\\\/cama-box-tarima-2plz-colchon-majestic-paraiso-protector-y-almohada-gratis\\\/#breadcrumb\",\"itemListElement\":[{\"@type\":\"ListItem\",\"position\":1,\"name\":\"Portada\",\"item\":\"https:\\\/\\\/macrumo.com.pe\\\/paratuhogar\\\/\"},{\"@type\":\"ListItem\",\"position\":2,\"name\":\"Tienda\",\"item\":\"https:\\\/\\\/macrumo.com.pe\\\/paratuhogar\\\/tienda\\\/\"},{\"@type\":\"ListItem\",\"position\":3,\"name\":\"CAMA: BOX TARIMA + COLCHON SEMIORTOP\u00c9DICO+ PROTECTOR Y ALMOHADA GRATIS\"}]},{\"@type\":\"WebSite\",\"@id\":\"https:\\\/\\\/macrumo.com.pe\\\/paratuhogar\\\/#website\",\"url\":\"https:\\\/\\\/macrumo.com.pe\\\/paratuhogar\\\/\",\"name\":\"Macrumo\",\"description\":\"Macrumo\",\"publisher\":{\"@id\":\"https:\\\/\\\/macrumo.com.pe\\\/paratuhogar\\\/#organization\"},\"potentialAction\":[{\"@type\":\"SearchAction\",\"target\":{\"@type\":\"EntryPoint\",\"urlTemplate\":\"https:\\\/\\\/macrumo.com.pe\\\/paratuhogar\\\/?s={search_term_string}\"},\"query-input\":{\"@type\":\"PropertyValueSpecification\",\"valueRequired\":true,\"valueName\":\"search_term_string\"}}],\"inLanguage\":\"es\"},{\"@type\":\"Organization\",\"@id\":\"https:\\\/\\\/macrumo.com.pe\\\/paratuhogar\\\/#organization\",\"name\":\"Macrumo\",\"url\":\"https:\\\/\\\/macrumo.com.pe\\\/paratuhogar\\\/\",\"logo\":{\"@type\":\"ImageObject\",\"inLanguage\":\"es\",\"@id\":\"https:\\\/\\\/macrumo.com.pe\\\/paratuhogar\\\/#\\\/schema\\\/logo\\\/image\\\/\",\"url\":\"https:\\\/\\\/macrumo.com.pe\\\/paratuhogar\\\/wp-content\\\/uploads\\\/2023\\\/02\\\/Macrumo_logo.png\",\"contentUrl\":\"https:\\\/\\\/macrumo.com.pe\\\/paratuhogar\\\/wp-content\\\/uploads\\\/2023\\\/02\\\/Macrumo_logo.png\",\"width\":500,\"height\":148,\"caption\":\"Macrumo\"},\"image\":{\"@id\":\"https:\\\/\\\/macrumo.com.pe\\\/paratuhogar\\\/#\\\/schema\\\/logo\\\/image\\\/\"},\"sameAs\":[\"https:\\\/\\\/www.facebook.com\\\/Macrumo.com.pe\",\"https:\\\/\\\/www.instagram.com\\\/muebles.macrumo\\\/\",\"https:\\\/\\\/www.tiktok.com\\\/@muebles.macrumo\"]}]}<\/script>\n<!-- \/ Yoast SEO Premium plugin. -->","yoast_head_json":{"title":"CAMA: BOX TARIMA + COLCHON SEMIORTOP\u00c9DICO+ PROTECTOR Y ALMOHADA GRATIS - Macrumo","robots":{"index":"index","follow":"follow","max-snippet":"max-snippet:-1","max-image-preview":"max-image-preview:large","max-video-preview":"max-video-preview:-1"},"canonical":"https:\/\/macrumo.com.pe\/paratuhogar\/producto\/camas\/camas-tapizadas\/cama-box-tarima-2plz-colchon-majestic-paraiso-protector-y-almohada-gratis\/","og_locale":"es_ES","og_type":"article","og_title":"CAMA: BOX TARIMA + COLCHON SEMIORTOP\u00c9DICO+ PROTECTOR Y ALMOHADA GRATIS","og_description":"Disfruta de un descanso completo y confortable con este combo ideal para tu dormitorio. La tarima de madera nacional selecta, acolchada y reforzada, ofrece una base s\u00f3lida y elegante. El colch\u00f3n semiortop\u00e9dico con tela Jacquard asegura soporte y comodidad para un sue\u00f1o reparador, mientras que el protector y la almohada gratis a\u00f1aden un extra de confort y practicidad. Incluye:     Box tarima en madera nacional selecta, acolchada y reforzada    Colch\u00f3n semiortop\u00e9dico con tela Jacquard    Protector y almohada de cortes\u00eda    Delivery a domicilio   Importante:La marca, color y dise\u00f1o del colch\u00f3n pueden variar seg\u00fan el stock disponible. Esta variaci\u00f3n no afecta en absoluto la calidad, comodidad ni funcionalidad del colch\u00f3n, garantizando que siempre tendr\u00e1s un producto confiable y confortable. Producto: NuevoGarant\u00eda: 2 a\u00f1os","og_url":"https:\/\/macrumo.com.pe\/paratuhogar\/producto\/camas\/camas-tapizadas\/cama-box-tarima-2plz-colchon-majestic-paraiso-protector-y-almohada-gratis\/","og_site_name":"Macrumo","article_publisher":"https:\/\/www.facebook.com\/Macrumo.com.pe","article_modified_time":"2026-03-18T23:23:11+00:00","og_image":[{"width":1200,"height":1200,"url":"https:\/\/macrumo.com.pe\/paratuhogar\/wp-content\/uploads\/2024\/09\/WhatsApp-Image-2024-09-12-at-11.29.11-AM.jpeg","type":"image\/jpeg"}],"twitter_card":"summary_large_image","twitter_misc":{"Tiempo de lectura":"1 minuto"},"schema":{"@context":"https:\/\/schema.org","@graph":[{"@type":"WebPage","@id":"https:\/\/macrumo.com.pe\/paratuhogar\/producto\/camas\/camas-tapizadas\/cama-box-tarima-2plz-colchon-majestic-paraiso-protector-y-almohada-gratis\/","url":"https:\/\/macrumo.com.pe\/paratuhogar\/producto\/camas\/camas-tapizadas\/cama-box-tarima-2plz-colchon-majestic-paraiso-protector-y-almohada-gratis\/","name":"CAMA: BOX TARIMA + COLCHON SEMIORTOP\u00c9DICO+ PROTECTOR Y ALMOHADA GRATIS - Macrumo","isPartOf":{"@id":"https:\/\/macrumo.com.pe\/paratuhogar\/#website"},"primaryImageOfPage":{"@id":"https:\/\/macrumo.com.pe\/paratuhogar\/producto\/camas\/camas-tapizadas\/cama-box-tarima-2plz-colchon-majestic-paraiso-protector-y-almohada-gratis\/#primaryimage"},"image":{"@id":"https:\/\/macrumo.com.pe\/paratuhogar\/producto\/camas\/camas-tapizadas\/cama-box-tarima-2plz-colchon-majestic-paraiso-protector-y-almohada-gratis\/#primaryimage"},"thumbnailUrl":"https:\/\/macrumo.com.pe\/paratuhogar\/wp-content\/uploads\/2024\/09\/WhatsApp-Image-2024-09-12-at-11.29.11-AM.jpeg","datePublished":"2024-09-12T18:58:23+00:00","dateModified":"2026-03-18T23:23:11+00:00","breadcrumb":{"@id":"https:\/\/macrumo.com.pe\/paratuhogar\/producto\/camas\/camas-tapizadas\/cama-box-tarima-2plz-colchon-majestic-paraiso-protector-y-almohada-gratis\/#breadcrumb"},"inLanguage":"es","potentialAction":[{"@type":"ReadAction","target":["https:\/\/macrumo.com.pe\/paratuhogar\/producto\/camas\/camas-tapizadas\/cama-box-tarima-2plz-colchon-majestic-paraiso-protector-y-almohada-gratis\/"]}]},{"@type":"ImageObject","inLanguage":"es","@id":"https:\/\/macrumo.com.pe\/paratuhogar\/producto\/camas\/camas-tapizadas\/cama-box-tarima-2plz-colchon-majestic-paraiso-protector-y-almohada-gratis\/#primaryimage","url":"https:\/\/macrumo.com.pe\/paratuhogar\/wp-content\/uploads\/2024\/09\/WhatsApp-Image-2024-09-12-at-11.29.11-AM.jpeg","contentUrl":"https:\/\/macrumo.com.pe\/paratuhogar\/wp-content\/uploads\/2024\/09\/WhatsApp-Image-2024-09-12-at-11.29.11-AM.jpeg","width":1200,"height":1200},{"@type":"BreadcrumbList","@id":"https:\/\/macrumo.com.pe\/paratuhogar\/producto\/camas\/camas-tapizadas\/cama-box-tarima-2plz-colchon-majestic-paraiso-protector-y-almohada-gratis\/#breadcrumb","itemListElement":[{"@type":"ListItem","position":1,"name":"Portada","item":"https:\/\/macrumo.com.pe\/paratuhogar\/"},{"@type":"ListItem","position":2,"name":"Tienda","item":"https:\/\/macrumo.com.pe\/paratuhogar\/tienda\/"},{"@type":"ListItem","position":3,"name":"CAMA: BOX TARIMA + COLCHON SEMIORTOP\u00c9DICO+ PROTECTOR Y ALMOHADA GRATIS"}]},{"@type":"WebSite","@id":"https:\/\/macrumo.com.pe\/paratuhogar\/#website","url":"https:\/\/macrumo.com.pe\/paratuhogar\/","name":"Macrumo","description":"Macrumo","publisher":{"@id":"https:\/\/macrumo.com.pe\/paratuhogar\/#organization"},"potentialAction":[{"@type":"SearchAction","target":{"@type":"EntryPoint","urlTemplate":"https:\/\/macrumo.com.pe\/paratuhogar\/?s={search_term_string}"},"query-input":{"@type":"PropertyValueSpecification","valueRequired":true,"valueName":"search_term_string"}}],"inLanguage":"es"},{"@type":"Organization","@id":"https:\/\/macrumo.com.pe\/paratuhogar\/#organization","name":"Macrumo","url":"https:\/\/macrumo.com.pe\/paratuhogar\/","logo":{"@type":"ImageObject","inLanguage":"es","@id":"https:\/\/macrumo.com.pe\/paratuhogar\/#\/schema\/logo\/image\/","url":"https:\/\/macrumo.com.pe\/paratuhogar\/wp-content\/uploads\/2023\/02\/Macrumo_logo.png","contentUrl":"https:\/\/macrumo.com.pe\/paratuhogar\/wp-content\/uploads\/2023\/02\/Macrumo_logo.png","width":500,"height":148,"caption":"Macrumo"},"image":{"@id":"https:\/\/macrumo.com.pe\/paratuhogar\/#\/schema\/logo\/image\/"},"sameAs":["https:\/\/www.facebook.com\/Macrumo.com.pe","https:\/\/www.instagram.com\/muebles.macrumo\/","https:\/\/www.tiktok.com\/@muebles.macrumo"]}]}},"_links":{"self":[{"href":"https:\/\/macrumo.com.pe\/paratuhogar\/wp-json\/wp\/v2\/product\/5676","targetHints":{"allow":["GET"]}}],"collection":[{"href":"https:\/\/macrumo.com.pe\/paratuhogar\/wp-json\/wp\/v2\/product"}],"about":[{"href":"https:\/\/macrumo.com.pe\/paratuhogar\/wp-json\/wp\/v2\/types\/product"}],"replies":[{"embeddable":true,"href":"https:\/\/macrumo.com.pe\/paratuhogar\/wp-json\/wp\/v2\/comments?post=5676"}],"wp:featuredmedia":[{"embeddable":true,"href":"https:\/\/macrumo.com.pe\/paratuhogar\/wp-json\/wp\/v2\/media\/5664"}],"wp:attachment":[{"href":"https:\/\/macrumo.com.pe\/paratuhogar\/wp-json\/wp\/v2\/media?parent=5676"}],"wp:term":[{"taxonomy":"product_brand","embeddable":true,"href":"https:\/\/macrumo.com.pe\/paratuhogar\/wp-json\/wp\/v2\/product_brand?post=5676"},{"taxonomy":"product_cat","embeddable":true,"href":"https:\/\/macrumo.com.pe\/paratuhogar\/wp-json\/wp\/v2\/product_cat?post=5676"},{"taxonomy":"product_tag","embeddable":true,"href":"https:\/\/macrumo.com.pe\/paratuhogar\/wp-json\/wp\/v2\/product_tag?post=5676"},{"taxonomy":"manta","embeddable":true,"href":"https:\/\/macrumo.com.pe\/paratuhogar\/wp-json\/wp\/v2\/manta?post=5676"},{"taxonomy":"temporada","embeddable":true,"href":"https:\/\/macrumo.com.pe\/paratuhogar\/wp-json\/wp\/v2\/temporada?post=5676"},{"taxonomy":"estilo","embeddable":true,"href":"https:\/\/macrumo.com.pe\/paratuhogar\/wp-json\/wp\/v2\/estilo?post=5676"},{"taxonomy":"tamano","embeddable":true,"href":"https:\/\/macrumo.com.pe\/paratuhogar\/wp-json\/wp\/v2\/tamano?post=5676"}],"curies":[{"name":"wp","href":"https:\/\/api.w.org\/{rel}","templated":true}]}}