{"id":5645,"date":"2024-09-11T15:28:35","date_gmt":"2024-09-11T20:28:35","guid":{"rendered":"https:\/\/macrumo.com.pe\/paratuhogar\/?post_type=product&#038;p=5645"},"modified":"2026-03-18T18:23:11","modified_gmt":"2026-03-18T23:23:11","slug":"combo-cama-varsovia-king-beige-claro-colchon-avanty-gabanni","status":"publish","type":"product","link":"https:\/\/macrumo.com.pe\/paratuhogar\/producto\/camas\/camas-tapizadas\/combo-cama-varsovia-king-beige-claro-colchon-avanty-gabanni\/","title":{"rendered":"Combo: Cama Varvosia Beige Claro + Colchon Semiotop\u00e9dico"},"content":{"rendered":"<p>Organice a\u00fan mejor sus cosas y ahorre espacio con este box tarima + cabecera que tenemos para ti. Con un dise\u00f1o \u00fanico, una suave cubierta en tela con tejido de alta calidad, madera nacional de primera mano, este modelo es ideal para darte el confort que necesitas. Contiene 1 espuma de 3mm entre la madera y tela Importante. Nuestro producto se despacha con las 4 patas instaladas.<\/p>\n<div class=\"ast-oembed-container \" style=\"height: 100%;\"><iframe title=\"Combo Varsovia - Muebles Macrumo\" width=\"500\" height=\"281\" src=\"https:\/\/www.youtube.com\/embed\/3zEp2kNK4pU?feature=oembed\" frameborder=\"0\" allow=\"accelerometer; autoplay; clipboard-write; encrypted-media; gyroscope; picture-in-picture; web-share\" referrerpolicy=\"strict-origin-when-cross-origin\" allowfullscreen><\/iframe><\/div>\n","protected":false},"excerpt":{"rendered":"<p data-start=\"180\" data-end=\"720\">Dale a tu dormitorio un cambio completo con este <strong data-start=\"229\" data-end=\"292\">combo dise\u00f1ado para ofrecer confort, estilo y funcionalidad<\/strong>. La <strong data-start=\"297\" data-end=\"314\">cama Varsovia<\/strong> en elegante color beige claro combina un dise\u00f1o moderno con materiales de alta calidad. Su <strong data-start=\"406\" data-end=\"443\">tarima de madera nacional selecta<\/strong>, acolchada y reforzada, garantiza <strong data-start=\"478\" data-end=\"520\">resistencia, durabilidad y estabilidad<\/strong>, proporcionando la base perfecta para un descanso reparador. El tapizado suave aporta un acabado sofisticado que se adapta a cualquier estilo de decoraci\u00f3n, creando un ambiente acogedor y elegante.<\/p>\n<p data-start=\"722\" data-end=\"736\"><strong data-start=\"722\" data-end=\"734\">Incluye:<\/strong><\/p>\n<ul data-start=\"737\" data-end=\"957\">\n<li data-start=\"737\" data-end=\"778\">\n<p data-start=\"739\" data-end=\"778\">Cama tama\u00f1o King en color beige claro<\/p>\n<\/li>\n<li data-start=\"779\" data-end=\"839\">\n<p data-start=\"781\" data-end=\"839\">Tarima de madera nacional selecta, acolchada y reforzada<\/p>\n<\/li>\n<li data-start=\"840\" data-end=\"957\">\n<p data-start=\"842\" data-end=\"957\">Colch\u00f3n semiortop\u00e9dico con tela Jacquard, pensado para brindar el soporte ideal y favorecer un descanso saludable<\/p>\n<\/li>\n<\/ul>\n<p data-start=\"959\" data-end=\"1223\"><strong data-start=\"959\" data-end=\"974\">Importante:<\/strong><br data-start=\"974\" data-end=\"977\" \/><em>La <strong data-start=\"980\" data-end=\"1017\">marca, color y dise\u00f1o del colch\u00f3n<\/strong> pueden variar seg\u00fan el stock disponible. Esta variaci\u00f3n <strong data-start=\"1074\" data-end=\"1138\">no afecta en absoluto la calidad, comodidad ni funcionalidad<\/strong> del colch\u00f3n, garantizando que siempre tendr\u00e1s un producto confiable y confortable.<\/em><\/p>\n<p data-start=\"1225\" data-end=\"1269\"><strong data-start=\"1225\" data-end=\"1238\">Producto:<\/strong> Nuevo<br data-start=\"1244\" data-end=\"1247\" \/><strong data-start=\"1247\" data-end=\"1260\">Garant\u00eda:<\/strong> 2 a\u00f1os<\/p>\n","protected":false},"featured_media":11170,"comment_status":"closed","ping_status":"closed","template":"","meta":{"site-sidebar-layout":"default","site-content-layout":"","ast-site-content-layout":"default","site-content-style":"default","site-sidebar-style":"default","ast-global-header-display":"","ast-banner-title-visibility":"","ast-main-header-display":"","ast-hfb-above-header-display":"","ast-hfb-below-header-display":"","ast-hfb-mobile-header-display":"","site-post-title":"","ast-breadcrumbs-content":"","ast-featured-img":"","footer-sml-layout":"","ast-disable-related-posts":"","theme-transparent-header-meta":"default","adv-header-id-meta":"","stick-header-meta":"default","header-above-stick-meta":"","header-main-stick-meta":"","header-below-stick-meta":"","astra-migrate-meta-layouts":"set","ast-page-background-enabled":"default","ast-page-background-meta":{"desktop":{"background-color":"var(--ast-global-color-4)","background-image":"","background-repeat":"repeat","background-position":"center center","background-size":"auto","background-attachment":"scroll","background-type":"","background-media":"","overlay-type":"","overlay-color":"","overlay-opacity":"","overlay-gradient":""},"tablet":{"background-color":"","background-image":"","background-repeat":"repeat","background-position":"center center","background-size":"auto","background-attachment":"scroll","background-type":"","background-media":"","overlay-type":"","overlay-color":"","overlay-opacity":"","overlay-gradient":""},"mobile":{"background-color":"","background-image":"","background-repeat":"repeat","background-position":"center center","background-size":"auto","background-attachment":"scroll","background-type":"","background-media":"","overlay-type":"","overlay-color":"","overlay-opacity":"","overlay-gradient":""}},"ast-content-background-meta":{"desktop":{"background-color":"var(--ast-global-color-5)","background-image":"","background-repeat":"repeat","background-position":"center center","background-size":"auto","background-attachment":"scroll","background-type":"","background-media":"","overlay-type":"","overlay-color":"","overlay-opacity":"","overlay-gradient":""},"tablet":{"background-color":"var(--ast-global-color-5)","background-image":"","background-repeat":"repeat","background-position":"center center","background-size":"auto","background-attachment":"scroll","background-type":"","background-media":"","overlay-type":"","overlay-color":"","overlay-opacity":"","overlay-gradient":""},"mobile":{"background-color":"var(--ast-global-color-5)","background-image":"","background-repeat":"repeat","background-position":"center center","background-size":"auto","background-attachment":"scroll","background-type":"","background-media":"","overlay-type":"","overlay-color":"","overlay-opacity":"","overlay-gradient":""}}},"product_brand":[],"product_cat":[19,40],"product_tag":[],"manta":[],"temporada":[],"estilo":[],"tamano":[36],"class_list":{"0":"post-5645","1":"product","2":"type-product","3":"status-publish","4":"has-post-thumbnail","6":"product_cat-camas","7":"product_cat-camas-tapizadas","8":"tamano-king","9":"desktop-align-left","10":"tablet-align-left","11":"mobile-align-left","12":"ast-product-gallery-layout-vertical-slider","13":"ast-magnify-disabled","14":"ast-product-single-variable","15":"ast-product-tabs-layout-horizontal","17":"first","18":"instock","19":"sale","20":"shipping-taxable","21":"purchasable","22":"product-type-variable"},"yoast_head":"<!-- This site is optimized with the Yoast SEO Premium plugin v23.0 (Yoast SEO v27.3) - https:\/\/yoast.com\/product\/yoast-seo-premium-wordpress\/ -->\n<title>Combo: Cama Varvosia Beige Claro + Colchon Semiotop\u00e9dico - Macrumo<\/title>\n<meta name=\"robots\" content=\"index, follow, max-snippet:-1, max-image-preview:large, max-video-preview:-1\" \/>\n<link rel=\"canonical\" href=\"https:\/\/macrumo.com.pe\/paratuhogar\/producto\/camas\/camas-tapizadas\/combo-cama-varsovia-king-beige-claro-colchon-avanty-gabanni\/\" \/>\n<meta property=\"og:locale\" content=\"es_ES\" \/>\n<meta property=\"og:type\" content=\"article\" \/>\n<meta property=\"og:title\" content=\"Combo: Cama Varvosia Beige Claro + Colchon Semiotop\u00e9dico\" \/>\n<meta property=\"og:description\" content=\"Dale a tu dormitorio un cambio completo con este combo dise\u00f1ado para ofrecer confort, estilo y funcionalidad. La cama Varsovia en elegante color beige claro combina un dise\u00f1o moderno con materiales de alta calidad. Su tarima de madera nacional selecta, acolchada y reforzada, garantiza resistencia, durabilidad y estabilidad, proporcionando la base perfecta para un descanso reparador. El tapizado suave aporta un acabado sofisticado que se adapta a cualquier estilo de decoraci\u00f3n, creando un ambiente acogedor y elegante. Incluye:     Cama tama\u00f1o King en color beige claro    Tarima de madera nacional selecta, acolchada y reforzada    Colch\u00f3n semiortop\u00e9dico con tela Jacquard, pensado para brindar el soporte ideal y favorecer un descanso saludable   Importante:La marca, color y dise\u00f1o del colch\u00f3n pueden variar seg\u00fan el stock disponible. Esta variaci\u00f3n no afecta en absoluto la calidad, comodidad ni funcionalidad del colch\u00f3n, garantizando que siempre tendr\u00e1s un producto confiable y confortable. Producto: NuevoGarant\u00eda: 2 a\u00f1os\" \/>\n<meta property=\"og:url\" content=\"https:\/\/macrumo.com.pe\/paratuhogar\/producto\/camas\/camas-tapizadas\/combo-cama-varsovia-king-beige-claro-colchon-avanty-gabanni\/\" \/>\n<meta property=\"og:site_name\" content=\"Macrumo\" \/>\n<meta property=\"article:publisher\" content=\"https:\/\/www.facebook.com\/Macrumo.com.pe\" \/>\n<meta property=\"article:modified_time\" content=\"2026-03-18T23:23:11+00:00\" \/>\n<meta property=\"og:image\" content=\"https:\/\/macrumo.com.pe\/paratuhogar\/wp-content\/uploads\/2024\/09\/varsovia1-1536x1536-.jpg\" \/>\n\t<meta property=\"og:image:width\" content=\"1536\" \/>\n\t<meta property=\"og:image:height\" content=\"1536\" \/>\n\t<meta property=\"og:image:type\" content=\"image\/jpeg\" \/>\n<meta name=\"twitter:card\" content=\"summary_large_image\" \/>\n<meta name=\"twitter:label1\" content=\"Tiempo de lectura\" \/>\n\t<meta name=\"twitter:data1\" content=\"1 minuto\" \/>\n<script type=\"application\/ld+json\" class=\"yoast-schema-graph\">{\"@context\":\"https:\\\/\\\/schema.org\",\"@graph\":[{\"@type\":\"WebPage\",\"@id\":\"https:\\\/\\\/macrumo.com.pe\\\/paratuhogar\\\/producto\\\/camas\\\/camas-tapizadas\\\/combo-cama-varsovia-king-beige-claro-colchon-avanty-gabanni\\\/\",\"url\":\"https:\\\/\\\/macrumo.com.pe\\\/paratuhogar\\\/producto\\\/camas\\\/camas-tapizadas\\\/combo-cama-varsovia-king-beige-claro-colchon-avanty-gabanni\\\/\",\"name\":\"Combo: Cama Varvosia Beige Claro + Colchon Semiotop\u00e9dico - Macrumo\",\"isPartOf\":{\"@id\":\"https:\\\/\\\/macrumo.com.pe\\\/paratuhogar\\\/#website\"},\"primaryImageOfPage\":{\"@id\":\"https:\\\/\\\/macrumo.com.pe\\\/paratuhogar\\\/producto\\\/camas\\\/camas-tapizadas\\\/combo-cama-varsovia-king-beige-claro-colchon-avanty-gabanni\\\/#primaryimage\"},\"image\":{\"@id\":\"https:\\\/\\\/macrumo.com.pe\\\/paratuhogar\\\/producto\\\/camas\\\/camas-tapizadas\\\/combo-cama-varsovia-king-beige-claro-colchon-avanty-gabanni\\\/#primaryimage\"},\"thumbnailUrl\":\"https:\\\/\\\/macrumo.com.pe\\\/paratuhogar\\\/wp-content\\\/uploads\\\/2024\\\/09\\\/varsovia1-1536x1536-.jpg\",\"datePublished\":\"2024-09-11T20:28:35+00:00\",\"dateModified\":\"2026-03-18T23:23:11+00:00\",\"breadcrumb\":{\"@id\":\"https:\\\/\\\/macrumo.com.pe\\\/paratuhogar\\\/producto\\\/camas\\\/camas-tapizadas\\\/combo-cama-varsovia-king-beige-claro-colchon-avanty-gabanni\\\/#breadcrumb\"},\"inLanguage\":\"es\",\"potentialAction\":[{\"@type\":\"ReadAction\",\"target\":[\"https:\\\/\\\/macrumo.com.pe\\\/paratuhogar\\\/producto\\\/camas\\\/camas-tapizadas\\\/combo-cama-varsovia-king-beige-claro-colchon-avanty-gabanni\\\/\"]}]},{\"@type\":\"ImageObject\",\"inLanguage\":\"es\",\"@id\":\"https:\\\/\\\/macrumo.com.pe\\\/paratuhogar\\\/producto\\\/camas\\\/camas-tapizadas\\\/combo-cama-varsovia-king-beige-claro-colchon-avanty-gabanni\\\/#primaryimage\",\"url\":\"https:\\\/\\\/macrumo.com.pe\\\/paratuhogar\\\/wp-content\\\/uploads\\\/2024\\\/09\\\/varsovia1-1536x1536-.jpg\",\"contentUrl\":\"https:\\\/\\\/macrumo.com.pe\\\/paratuhogar\\\/wp-content\\\/uploads\\\/2024\\\/09\\\/varsovia1-1536x1536-.jpg\",\"width\":1536,\"height\":1536},{\"@type\":\"BreadcrumbList\",\"@id\":\"https:\\\/\\\/macrumo.com.pe\\\/paratuhogar\\\/producto\\\/camas\\\/camas-tapizadas\\\/combo-cama-varsovia-king-beige-claro-colchon-avanty-gabanni\\\/#breadcrumb\",\"itemListElement\":[{\"@type\":\"ListItem\",\"position\":1,\"name\":\"Portada\",\"item\":\"https:\\\/\\\/macrumo.com.pe\\\/paratuhogar\\\/\"},{\"@type\":\"ListItem\",\"position\":2,\"name\":\"Tienda\",\"item\":\"https:\\\/\\\/macrumo.com.pe\\\/paratuhogar\\\/tienda\\\/\"},{\"@type\":\"ListItem\",\"position\":3,\"name\":\"Combo: Cama Varvosia Beige Claro + Colchon Semiotop\u00e9dico\"}]},{\"@type\":\"WebSite\",\"@id\":\"https:\\\/\\\/macrumo.com.pe\\\/paratuhogar\\\/#website\",\"url\":\"https:\\\/\\\/macrumo.com.pe\\\/paratuhogar\\\/\",\"name\":\"Macrumo\",\"description\":\"Macrumo\",\"publisher\":{\"@id\":\"https:\\\/\\\/macrumo.com.pe\\\/paratuhogar\\\/#organization\"},\"potentialAction\":[{\"@type\":\"SearchAction\",\"target\":{\"@type\":\"EntryPoint\",\"urlTemplate\":\"https:\\\/\\\/macrumo.com.pe\\\/paratuhogar\\\/?s={search_term_string}\"},\"query-input\":{\"@type\":\"PropertyValueSpecification\",\"valueRequired\":true,\"valueName\":\"search_term_string\"}}],\"inLanguage\":\"es\"},{\"@type\":\"Organization\",\"@id\":\"https:\\\/\\\/macrumo.com.pe\\\/paratuhogar\\\/#organization\",\"name\":\"Macrumo\",\"url\":\"https:\\\/\\\/macrumo.com.pe\\\/paratuhogar\\\/\",\"logo\":{\"@type\":\"ImageObject\",\"inLanguage\":\"es\",\"@id\":\"https:\\\/\\\/macrumo.com.pe\\\/paratuhogar\\\/#\\\/schema\\\/logo\\\/image\\\/\",\"url\":\"https:\\\/\\\/macrumo.com.pe\\\/paratuhogar\\\/wp-content\\\/uploads\\\/2023\\\/02\\\/Macrumo_logo.png\",\"contentUrl\":\"https:\\\/\\\/macrumo.com.pe\\\/paratuhogar\\\/wp-content\\\/uploads\\\/2023\\\/02\\\/Macrumo_logo.png\",\"width\":500,\"height\":148,\"caption\":\"Macrumo\"},\"image\":{\"@id\":\"https:\\\/\\\/macrumo.com.pe\\\/paratuhogar\\\/#\\\/schema\\\/logo\\\/image\\\/\"},\"sameAs\":[\"https:\\\/\\\/www.facebook.com\\\/Macrumo.com.pe\",\"https:\\\/\\\/www.instagram.com\\\/muebles.macrumo\\\/\",\"https:\\\/\\\/www.tiktok.com\\\/@muebles.macrumo\"]}]}<\/script>\n<!-- \/ Yoast SEO Premium plugin. -->","yoast_head_json":{"title":"Combo: Cama Varvosia Beige Claro + Colchon Semiotop\u00e9dico - Macrumo","robots":{"index":"index","follow":"follow","max-snippet":"max-snippet:-1","max-image-preview":"max-image-preview:large","max-video-preview":"max-video-preview:-1"},"canonical":"https:\/\/macrumo.com.pe\/paratuhogar\/producto\/camas\/camas-tapizadas\/combo-cama-varsovia-king-beige-claro-colchon-avanty-gabanni\/","og_locale":"es_ES","og_type":"article","og_title":"Combo: Cama Varvosia Beige Claro + Colchon Semiotop\u00e9dico","og_description":"Dale a tu dormitorio un cambio completo con este combo dise\u00f1ado para ofrecer confort, estilo y funcionalidad. La cama Varsovia en elegante color beige claro combina un dise\u00f1o moderno con materiales de alta calidad. Su tarima de madera nacional selecta, acolchada y reforzada, garantiza resistencia, durabilidad y estabilidad, proporcionando la base perfecta para un descanso reparador. El tapizado suave aporta un acabado sofisticado que se adapta a cualquier estilo de decoraci\u00f3n, creando un ambiente acogedor y elegante. Incluye:     Cama tama\u00f1o King en color beige claro    Tarima de madera nacional selecta, acolchada y reforzada    Colch\u00f3n semiortop\u00e9dico con tela Jacquard, pensado para brindar el soporte ideal y favorecer un descanso saludable   Importante:La marca, color y dise\u00f1o del colch\u00f3n pueden variar seg\u00fan el stock disponible. Esta variaci\u00f3n no afecta en absoluto la calidad, comodidad ni funcionalidad del colch\u00f3n, garantizando que siempre tendr\u00e1s un producto confiable y confortable. Producto: NuevoGarant\u00eda: 2 a\u00f1os","og_url":"https:\/\/macrumo.com.pe\/paratuhogar\/producto\/camas\/camas-tapizadas\/combo-cama-varsovia-king-beige-claro-colchon-avanty-gabanni\/","og_site_name":"Macrumo","article_publisher":"https:\/\/www.facebook.com\/Macrumo.com.pe","article_modified_time":"2026-03-18T23:23:11+00:00","og_image":[{"width":1536,"height":1536,"url":"https:\/\/macrumo.com.pe\/paratuhogar\/wp-content\/uploads\/2024\/09\/varsovia1-1536x1536-.jpg","type":"image\/jpeg"}],"twitter_card":"summary_large_image","twitter_misc":{"Tiempo de lectura":"1 minuto"},"schema":{"@context":"https:\/\/schema.org","@graph":[{"@type":"WebPage","@id":"https:\/\/macrumo.com.pe\/paratuhogar\/producto\/camas\/camas-tapizadas\/combo-cama-varsovia-king-beige-claro-colchon-avanty-gabanni\/","url":"https:\/\/macrumo.com.pe\/paratuhogar\/producto\/camas\/camas-tapizadas\/combo-cama-varsovia-king-beige-claro-colchon-avanty-gabanni\/","name":"Combo: Cama Varvosia Beige Claro + Colchon Semiotop\u00e9dico - Macrumo","isPartOf":{"@id":"https:\/\/macrumo.com.pe\/paratuhogar\/#website"},"primaryImageOfPage":{"@id":"https:\/\/macrumo.com.pe\/paratuhogar\/producto\/camas\/camas-tapizadas\/combo-cama-varsovia-king-beige-claro-colchon-avanty-gabanni\/#primaryimage"},"image":{"@id":"https:\/\/macrumo.com.pe\/paratuhogar\/producto\/camas\/camas-tapizadas\/combo-cama-varsovia-king-beige-claro-colchon-avanty-gabanni\/#primaryimage"},"thumbnailUrl":"https:\/\/macrumo.com.pe\/paratuhogar\/wp-content\/uploads\/2024\/09\/varsovia1-1536x1536-.jpg","datePublished":"2024-09-11T20:28:35+00:00","dateModified":"2026-03-18T23:23:11+00:00","breadcrumb":{"@id":"https:\/\/macrumo.com.pe\/paratuhogar\/producto\/camas\/camas-tapizadas\/combo-cama-varsovia-king-beige-claro-colchon-avanty-gabanni\/#breadcrumb"},"inLanguage":"es","potentialAction":[{"@type":"ReadAction","target":["https:\/\/macrumo.com.pe\/paratuhogar\/producto\/camas\/camas-tapizadas\/combo-cama-varsovia-king-beige-claro-colchon-avanty-gabanni\/"]}]},{"@type":"ImageObject","inLanguage":"es","@id":"https:\/\/macrumo.com.pe\/paratuhogar\/producto\/camas\/camas-tapizadas\/combo-cama-varsovia-king-beige-claro-colchon-avanty-gabanni\/#primaryimage","url":"https:\/\/macrumo.com.pe\/paratuhogar\/wp-content\/uploads\/2024\/09\/varsovia1-1536x1536-.jpg","contentUrl":"https:\/\/macrumo.com.pe\/paratuhogar\/wp-content\/uploads\/2024\/09\/varsovia1-1536x1536-.jpg","width":1536,"height":1536},{"@type":"BreadcrumbList","@id":"https:\/\/macrumo.com.pe\/paratuhogar\/producto\/camas\/camas-tapizadas\/combo-cama-varsovia-king-beige-claro-colchon-avanty-gabanni\/#breadcrumb","itemListElement":[{"@type":"ListItem","position":1,"name":"Portada","item":"https:\/\/macrumo.com.pe\/paratuhogar\/"},{"@type":"ListItem","position":2,"name":"Tienda","item":"https:\/\/macrumo.com.pe\/paratuhogar\/tienda\/"},{"@type":"ListItem","position":3,"name":"Combo: Cama Varvosia Beige Claro + Colchon Semiotop\u00e9dico"}]},{"@type":"WebSite","@id":"https:\/\/macrumo.com.pe\/paratuhogar\/#website","url":"https:\/\/macrumo.com.pe\/paratuhogar\/","name":"Macrumo","description":"Macrumo","publisher":{"@id":"https:\/\/macrumo.com.pe\/paratuhogar\/#organization"},"potentialAction":[{"@type":"SearchAction","target":{"@type":"EntryPoint","urlTemplate":"https:\/\/macrumo.com.pe\/paratuhogar\/?s={search_term_string}"},"query-input":{"@type":"PropertyValueSpecification","valueRequired":true,"valueName":"search_term_string"}}],"inLanguage":"es"},{"@type":"Organization","@id":"https:\/\/macrumo.com.pe\/paratuhogar\/#organization","name":"Macrumo","url":"https:\/\/macrumo.com.pe\/paratuhogar\/","logo":{"@type":"ImageObject","inLanguage":"es","@id":"https:\/\/macrumo.com.pe\/paratuhogar\/#\/schema\/logo\/image\/","url":"https:\/\/macrumo.com.pe\/paratuhogar\/wp-content\/uploads\/2023\/02\/Macrumo_logo.png","contentUrl":"https:\/\/macrumo.com.pe\/paratuhogar\/wp-content\/uploads\/2023\/02\/Macrumo_logo.png","width":500,"height":148,"caption":"Macrumo"},"image":{"@id":"https:\/\/macrumo.com.pe\/paratuhogar\/#\/schema\/logo\/image\/"},"sameAs":["https:\/\/www.facebook.com\/Macrumo.com.pe","https:\/\/www.instagram.com\/muebles.macrumo\/","https:\/\/www.tiktok.com\/@muebles.macrumo"]}]}},"_links":{"self":[{"href":"https:\/\/macrumo.com.pe\/paratuhogar\/wp-json\/wp\/v2\/product\/5645","targetHints":{"allow":["GET"]}}],"collection":[{"href":"https:\/\/macrumo.com.pe\/paratuhogar\/wp-json\/wp\/v2\/product"}],"about":[{"href":"https:\/\/macrumo.com.pe\/paratuhogar\/wp-json\/wp\/v2\/types\/product"}],"replies":[{"embeddable":true,"href":"https:\/\/macrumo.com.pe\/paratuhogar\/wp-json\/wp\/v2\/comments?post=5645"}],"wp:featuredmedia":[{"embeddable":true,"href":"https:\/\/macrumo.com.pe\/paratuhogar\/wp-json\/wp\/v2\/media\/11170"}],"wp:attachment":[{"href":"https:\/\/macrumo.com.pe\/paratuhogar\/wp-json\/wp\/v2\/media?parent=5645"}],"wp:term":[{"taxonomy":"product_brand","embeddable":true,"href":"https:\/\/macrumo.com.pe\/paratuhogar\/wp-json\/wp\/v2\/product_brand?post=5645"},{"taxonomy":"product_cat","embeddable":true,"href":"https:\/\/macrumo.com.pe\/paratuhogar\/wp-json\/wp\/v2\/product_cat?post=5645"},{"taxonomy":"product_tag","embeddable":true,"href":"https:\/\/macrumo.com.pe\/paratuhogar\/wp-json\/wp\/v2\/product_tag?post=5645"},{"taxonomy":"manta","embeddable":true,"href":"https:\/\/macrumo.com.pe\/paratuhogar\/wp-json\/wp\/v2\/manta?post=5645"},{"taxonomy":"temporada","embeddable":true,"href":"https:\/\/macrumo.com.pe\/paratuhogar\/wp-json\/wp\/v2\/temporada?post=5645"},{"taxonomy":"estilo","embeddable":true,"href":"https:\/\/macrumo.com.pe\/paratuhogar\/wp-json\/wp\/v2\/estilo?post=5645"},{"taxonomy":"tamano","embeddable":true,"href":"https:\/\/macrumo.com.pe\/paratuhogar\/wp-json\/wp\/v2\/tamano?post=5645"}],"curies":[{"name":"wp","href":"https:\/\/api.w.org\/{rel}","templated":true}]}}