{"id":5600,"date":"2024-09-11T11:36:27","date_gmt":"2024-09-11T16:36:27","guid":{"rendered":"https:\/\/macrumo.com.pe\/paratuhogar\/?post_type=product&#038;p=5600"},"modified":"2026-03-18T18:22:38","modified_gmt":"2026-03-18T23:22:38","slug":"combo-de-dormitorio-oslo-1-5plz-1-velador-1-espejo-zapatera-por-muebles-macrumo","status":"publish","type":"product","link":"https:\/\/macrumo.com.pe\/paratuhogar\/producto\/camas\/camas-tapizadas\/combo-de-dormitorio-oslo-1-5plz-1-velador-1-espejo-zapatera-por-muebles-macrumo\/","title":{"rendered":"Combo de dormitorio Oslo 1.5plz + 1 velador + 1 espejo zapatera Por Muebles Macrumo"},"content":{"rendered":"<h3 class=\"text-start title-default\"><b>Descripci\u00f3n del Producto<\/b><\/h3>\n<div id=\"full-description\">\n<div>Con un dise\u00f1o \u00fanico, una suave cubierta en tela con tejido de alta calidad, madera nacional de primera mano, este modelo es ideal para darte el confort que necesitas.<\/div>\n<div>Contiene una espuma de 3mm entre la madera y la tela.<\/div>\n<div><\/div>\n<div>\n<div>Cama de 1.5 plazas<\/div>\n<div>\n<p>Madera Ingenier\u00eda con tela en su acabado<\/p>\n<p>Medidas:<\/p>\n<div class=\"elementor-element elementor-element-0d08392 e-con-full e-flex e-con e-child\" data-id=\"0d08392\" data-element_type=\"container\">\n<div class=\"elementor-element elementor-element-9907a03 elementor-widget elementor-widget-heading\" data-id=\"9907a03\" data-element_type=\"widget\" data-widget_type=\"heading.default\">\n<div class=\"elementor-widget-container\">\n<h2 class=\"elementor-heading-title elementor-size-default\">Ancho: 105 cm<\/h2>\n<p>LARGO: 190<\/p>\n<p>ALTO: 34 CM<\/p>\n<p>&nbsp;<\/p>\n<\/div>\n<\/div>\n<\/div>\n<\/div>\n<\/div>\n<\/div>\n","protected":false},"excerpt":{"rendered":"<p>&nbsp;<\/p>\n<p data-start=\"209\" data-end=\"524\">Renueva tu dormitorio con el <strong data-start=\"238\" data-end=\"252\">Combo Oslo<\/strong>, un conjunto elegante y funcional que combina dise\u00f1o moderno con materiales de alta calidad. La cama cuenta con <strong data-start=\"365\" data-end=\"422\">madera de ingenier\u00eda cubierta en tela de alta calidad<\/strong> y una <strong data-start=\"429\" data-end=\"477\">espuma de 3 mm entre la madera y el tapizado<\/strong>, ofreciendo un descanso suave y confortable.<\/p>\n<p data-start=\"526\" data-end=\"558\"><strong data-start=\"526\" data-end=\"556\">Caracter\u00edsticas del combo:<\/strong><\/p>\n<ul data-start=\"559\" data-end=\"793\">\n<li data-start=\"559\" data-end=\"636\">\n<p data-start=\"561\" data-end=\"636\"><strong data-start=\"561\" data-end=\"570\">Cama:<\/strong>\u00a0 con madera de ingenier\u00eda y tapizado de alta calidad<\/p>\n<\/li>\n<li data-start=\"706\" data-end=\"793\">\n<p data-start=\"708\" data-end=\"722\"><strong data-start=\"708\" data-end=\"720\">Incluye:<\/strong><\/p>\n<ul data-start=\"725\" data-end=\"793\">\n<li data-start=\"725\" data-end=\"751\">\n<p data-start=\"727\" data-end=\"751\">Colch\u00f3n semiortop\u00e9dico<\/p>\n<\/li>\n<li data-start=\"754\" data-end=\"771\">\n<p data-start=\"756\" data-end=\"771\">Mesa de noche<\/p>\n<\/li>\n<li data-start=\"774\" data-end=\"793\">\n<p data-start=\"776\" data-end=\"793\">Espejo zapatera<\/p>\n<\/li>\n<\/ul>\n<\/li>\n<\/ul>\n<p data-start=\"795\" data-end=\"994\"><strong data-start=\"795\" data-end=\"810\">Importante:<\/strong><br data-start=\"810\" data-end=\"813\" \/>La marca, dise\u00f1o o color del colch\u00f3n puede variar seg\u00fan el stock disponible, pero esto <strong data-start=\"950\" data-end=\"991\">no afecta su calidad ni funcionalidad<\/strong>.<\/p>\n<p>&nbsp;<\/p>\n","protected":false},"featured_media":11175,"comment_status":"closed","ping_status":"closed","template":"","meta":{"site-sidebar-layout":"default","site-content-layout":"","ast-site-content-layout":"default","site-content-style":"default","site-sidebar-style":"default","ast-global-header-display":"","ast-banner-title-visibility":"","ast-main-header-display":"","ast-hfb-above-header-display":"","ast-hfb-below-header-display":"","ast-hfb-mobile-header-display":"","site-post-title":"","ast-breadcrumbs-content":"","ast-featured-img":"","footer-sml-layout":"","ast-disable-related-posts":"","theme-transparent-header-meta":"default","adv-header-id-meta":"","stick-header-meta":"default","header-above-stick-meta":"","header-main-stick-meta":"","header-below-stick-meta":"","astra-migrate-meta-layouts":"set","ast-page-background-enabled":"default","ast-page-background-meta":{"desktop":{"background-color":"var(--ast-global-color-4)","background-image":"","background-repeat":"repeat","background-position":"center center","background-size":"auto","background-attachment":"scroll","background-type":"","background-media":"","overlay-type":"","overlay-color":"","overlay-opacity":"","overlay-gradient":""},"tablet":{"background-color":"","background-image":"","background-repeat":"repeat","background-position":"center center","background-size":"auto","background-attachment":"scroll","background-type":"","background-media":"","overlay-type":"","overlay-color":"","overlay-opacity":"","overlay-gradient":""},"mobile":{"background-color":"","background-image":"","background-repeat":"repeat","background-position":"center center","background-size":"auto","background-attachment":"scroll","background-type":"","background-media":"","overlay-type":"","overlay-color":"","overlay-opacity":"","overlay-gradient":""}},"ast-content-background-meta":{"desktop":{"background-color":"var(--ast-global-color-5)","background-image":"","background-repeat":"repeat","background-position":"center center","background-size":"auto","background-attachment":"scroll","background-type":"","background-media":"","overlay-type":"","overlay-color":"","overlay-opacity":"","overlay-gradient":""},"tablet":{"background-color":"var(--ast-global-color-5)","background-image":"","background-repeat":"repeat","background-position":"center center","background-size":"auto","background-attachment":"scroll","background-type":"","background-media":"","overlay-type":"","overlay-color":"","overlay-opacity":"","overlay-gradient":""},"mobile":{"background-color":"var(--ast-global-color-5)","background-image":"","background-repeat":"repeat","background-position":"center center","background-size":"auto","background-attachment":"scroll","background-type":"","background-media":"","overlay-type":"","overlay-color":"","overlay-opacity":"","overlay-gradient":""}}},"product_brand":[],"product_cat":[19,40],"product_tag":[],"manta":[],"temporada":[],"estilo":[],"tamano":[],"class_list":{"0":"post-5600","1":"product","2":"type-product","3":"status-publish","4":"has-post-thumbnail","6":"product_cat-camas","7":"product_cat-camas-tapizadas","8":"desktop-align-left","9":"tablet-align-left","10":"mobile-align-left","11":"ast-product-gallery-layout-vertical-slider","12":"ast-magnify-disabled","13":"ast-product-tabs-layout-horizontal","15":"first","16":"instock","17":"sale","18":"shipping-taxable","19":"purchasable","20":"product-type-simple"},"yoast_head":"<!-- This site is optimized with the Yoast SEO Premium plugin v23.0 (Yoast SEO v27.3) - https:\/\/yoast.com\/product\/yoast-seo-premium-wordpress\/ -->\n<title>Combo de dormitorio Oslo 1.5plz + 1 velador + 1 espejo zapatera Por Muebles Macrumo - Macrumo<\/title>\n<meta name=\"robots\" content=\"index, follow, max-snippet:-1, max-image-preview:large, max-video-preview:-1\" \/>\n<link rel=\"canonical\" href=\"https:\/\/macrumo.com.pe\/paratuhogar\/producto\/camas\/camas-tapizadas\/combo-de-dormitorio-oslo-1-5plz-1-velador-1-espejo-zapatera-por-muebles-macrumo\/\" \/>\n<meta property=\"og:locale\" content=\"es_ES\" \/>\n<meta property=\"og:type\" content=\"article\" \/>\n<meta property=\"og:title\" content=\"Combo de dormitorio Oslo 1.5plz + 1 velador + 1 espejo zapatera Por Muebles Macrumo\" \/>\n<meta property=\"og:description\" content=\"&nbsp; Renueva tu dormitorio con el Combo Oslo, un conjunto elegante y funcional que combina dise\u00f1o moderno con materiales de alta calidad. La cama cuenta con madera de ingenier\u00eda cubierta en tela de alta calidad y una espuma de 3 mm entre la madera y el tapizado, ofreciendo un descanso suave y confortable. Caracter\u00edsticas del combo:     Cama:\u00a0 con madera de ingenier\u00eda y tapizado de alta calidad    Incluye:     Colch\u00f3n semiortop\u00e9dico    Mesa de noche    Espejo zapatera     Importante:La marca, dise\u00f1o o color del colch\u00f3n puede variar seg\u00fan el stock disponible, pero esto no afecta su calidad ni funcionalidad. &nbsp;\" \/>\n<meta property=\"og:url\" content=\"https:\/\/macrumo.com.pe\/paratuhogar\/producto\/camas\/camas-tapizadas\/combo-de-dormitorio-oslo-1-5plz-1-velador-1-espejo-zapatera-por-muebles-macrumo\/\" \/>\n<meta property=\"og:site_name\" content=\"Macrumo\" \/>\n<meta property=\"article:publisher\" content=\"https:\/\/www.facebook.com\/Macrumo.com.pe\" \/>\n<meta property=\"article:modified_time\" content=\"2026-03-18T23:22:38+00:00\" \/>\n<meta property=\"og:image\" content=\"https:\/\/macrumo.com.pe\/paratuhogar\/wp-content\/uploads\/2024\/09\/1-.jpg\" \/>\n\t<meta property=\"og:image:width\" content=\"1512\" \/>\n\t<meta property=\"og:image:height\" content=\"1512\" \/>\n\t<meta property=\"og:image:type\" content=\"image\/jpeg\" \/>\n<meta name=\"twitter:card\" content=\"summary_large_image\" \/>\n<meta name=\"twitter:label1\" content=\"Tiempo de lectura\" \/>\n\t<meta name=\"twitter:data1\" content=\"1 minuto\" \/>\n<script type=\"application\/ld+json\" class=\"yoast-schema-graph\">{\"@context\":\"https:\\\/\\\/schema.org\",\"@graph\":[{\"@type\":\"WebPage\",\"@id\":\"https:\\\/\\\/macrumo.com.pe\\\/paratuhogar\\\/producto\\\/camas\\\/camas-tapizadas\\\/combo-de-dormitorio-oslo-1-5plz-1-velador-1-espejo-zapatera-por-muebles-macrumo\\\/\",\"url\":\"https:\\\/\\\/macrumo.com.pe\\\/paratuhogar\\\/producto\\\/camas\\\/camas-tapizadas\\\/combo-de-dormitorio-oslo-1-5plz-1-velador-1-espejo-zapatera-por-muebles-macrumo\\\/\",\"name\":\"Combo de dormitorio Oslo 1.5plz + 1 velador + 1 espejo zapatera Por Muebles Macrumo - Macrumo\",\"isPartOf\":{\"@id\":\"https:\\\/\\\/macrumo.com.pe\\\/paratuhogar\\\/#website\"},\"primaryImageOfPage\":{\"@id\":\"https:\\\/\\\/macrumo.com.pe\\\/paratuhogar\\\/producto\\\/camas\\\/camas-tapizadas\\\/combo-de-dormitorio-oslo-1-5plz-1-velador-1-espejo-zapatera-por-muebles-macrumo\\\/#primaryimage\"},\"image\":{\"@id\":\"https:\\\/\\\/macrumo.com.pe\\\/paratuhogar\\\/producto\\\/camas\\\/camas-tapizadas\\\/combo-de-dormitorio-oslo-1-5plz-1-velador-1-espejo-zapatera-por-muebles-macrumo\\\/#primaryimage\"},\"thumbnailUrl\":\"https:\\\/\\\/macrumo.com.pe\\\/paratuhogar\\\/wp-content\\\/uploads\\\/2024\\\/09\\\/1-.jpg\",\"datePublished\":\"2024-09-11T16:36:27+00:00\",\"dateModified\":\"2026-03-18T23:22:38+00:00\",\"breadcrumb\":{\"@id\":\"https:\\\/\\\/macrumo.com.pe\\\/paratuhogar\\\/producto\\\/camas\\\/camas-tapizadas\\\/combo-de-dormitorio-oslo-1-5plz-1-velador-1-espejo-zapatera-por-muebles-macrumo\\\/#breadcrumb\"},\"inLanguage\":\"es\",\"potentialAction\":[{\"@type\":\"ReadAction\",\"target\":[\"https:\\\/\\\/macrumo.com.pe\\\/paratuhogar\\\/producto\\\/camas\\\/camas-tapizadas\\\/combo-de-dormitorio-oslo-1-5plz-1-velador-1-espejo-zapatera-por-muebles-macrumo\\\/\"]}]},{\"@type\":\"ImageObject\",\"inLanguage\":\"es\",\"@id\":\"https:\\\/\\\/macrumo.com.pe\\\/paratuhogar\\\/producto\\\/camas\\\/camas-tapizadas\\\/combo-de-dormitorio-oslo-1-5plz-1-velador-1-espejo-zapatera-por-muebles-macrumo\\\/#primaryimage\",\"url\":\"https:\\\/\\\/macrumo.com.pe\\\/paratuhogar\\\/wp-content\\\/uploads\\\/2024\\\/09\\\/1-.jpg\",\"contentUrl\":\"https:\\\/\\\/macrumo.com.pe\\\/paratuhogar\\\/wp-content\\\/uploads\\\/2024\\\/09\\\/1-.jpg\",\"width\":1512,\"height\":1512},{\"@type\":\"BreadcrumbList\",\"@id\":\"https:\\\/\\\/macrumo.com.pe\\\/paratuhogar\\\/producto\\\/camas\\\/camas-tapizadas\\\/combo-de-dormitorio-oslo-1-5plz-1-velador-1-espejo-zapatera-por-muebles-macrumo\\\/#breadcrumb\",\"itemListElement\":[{\"@type\":\"ListItem\",\"position\":1,\"name\":\"Portada\",\"item\":\"https:\\\/\\\/macrumo.com.pe\\\/paratuhogar\\\/\"},{\"@type\":\"ListItem\",\"position\":2,\"name\":\"Tienda\",\"item\":\"https:\\\/\\\/macrumo.com.pe\\\/paratuhogar\\\/tienda\\\/\"},{\"@type\":\"ListItem\",\"position\":3,\"name\":\"Combo de dormitorio Oslo 1.5plz + 1 velador + 1 espejo zapatera Por Muebles Macrumo\"}]},{\"@type\":\"WebSite\",\"@id\":\"https:\\\/\\\/macrumo.com.pe\\\/paratuhogar\\\/#website\",\"url\":\"https:\\\/\\\/macrumo.com.pe\\\/paratuhogar\\\/\",\"name\":\"Macrumo\",\"description\":\"Macrumo\",\"publisher\":{\"@id\":\"https:\\\/\\\/macrumo.com.pe\\\/paratuhogar\\\/#organization\"},\"potentialAction\":[{\"@type\":\"SearchAction\",\"target\":{\"@type\":\"EntryPoint\",\"urlTemplate\":\"https:\\\/\\\/macrumo.com.pe\\\/paratuhogar\\\/?s={search_term_string}\"},\"query-input\":{\"@type\":\"PropertyValueSpecification\",\"valueRequired\":true,\"valueName\":\"search_term_string\"}}],\"inLanguage\":\"es\"},{\"@type\":\"Organization\",\"@id\":\"https:\\\/\\\/macrumo.com.pe\\\/paratuhogar\\\/#organization\",\"name\":\"Macrumo\",\"url\":\"https:\\\/\\\/macrumo.com.pe\\\/paratuhogar\\\/\",\"logo\":{\"@type\":\"ImageObject\",\"inLanguage\":\"es\",\"@id\":\"https:\\\/\\\/macrumo.com.pe\\\/paratuhogar\\\/#\\\/schema\\\/logo\\\/image\\\/\",\"url\":\"https:\\\/\\\/macrumo.com.pe\\\/paratuhogar\\\/wp-content\\\/uploads\\\/2023\\\/02\\\/Macrumo_logo.png\",\"contentUrl\":\"https:\\\/\\\/macrumo.com.pe\\\/paratuhogar\\\/wp-content\\\/uploads\\\/2023\\\/02\\\/Macrumo_logo.png\",\"width\":500,\"height\":148,\"caption\":\"Macrumo\"},\"image\":{\"@id\":\"https:\\\/\\\/macrumo.com.pe\\\/paratuhogar\\\/#\\\/schema\\\/logo\\\/image\\\/\"},\"sameAs\":[\"https:\\\/\\\/www.facebook.com\\\/Macrumo.com.pe\",\"https:\\\/\\\/www.instagram.com\\\/muebles.macrumo\\\/\",\"https:\\\/\\\/www.tiktok.com\\\/@muebles.macrumo\"]}]}<\/script>\n<!-- \/ Yoast SEO Premium plugin. -->","yoast_head_json":{"title":"Combo de dormitorio Oslo 1.5plz + 1 velador + 1 espejo zapatera Por Muebles Macrumo - Macrumo","robots":{"index":"index","follow":"follow","max-snippet":"max-snippet:-1","max-image-preview":"max-image-preview:large","max-video-preview":"max-video-preview:-1"},"canonical":"https:\/\/macrumo.com.pe\/paratuhogar\/producto\/camas\/camas-tapizadas\/combo-de-dormitorio-oslo-1-5plz-1-velador-1-espejo-zapatera-por-muebles-macrumo\/","og_locale":"es_ES","og_type":"article","og_title":"Combo de dormitorio Oslo 1.5plz + 1 velador + 1 espejo zapatera Por Muebles Macrumo","og_description":"&nbsp; Renueva tu dormitorio con el Combo Oslo, un conjunto elegante y funcional que combina dise\u00f1o moderno con materiales de alta calidad. La cama cuenta con madera de ingenier\u00eda cubierta en tela de alta calidad y una espuma de 3 mm entre la madera y el tapizado, ofreciendo un descanso suave y confortable. Caracter\u00edsticas del combo:     Cama:\u00a0 con madera de ingenier\u00eda y tapizado de alta calidad    Incluye:     Colch\u00f3n semiortop\u00e9dico    Mesa de noche    Espejo zapatera     Importante:La marca, dise\u00f1o o color del colch\u00f3n puede variar seg\u00fan el stock disponible, pero esto no afecta su calidad ni funcionalidad. &nbsp;","og_url":"https:\/\/macrumo.com.pe\/paratuhogar\/producto\/camas\/camas-tapizadas\/combo-de-dormitorio-oslo-1-5plz-1-velador-1-espejo-zapatera-por-muebles-macrumo\/","og_site_name":"Macrumo","article_publisher":"https:\/\/www.facebook.com\/Macrumo.com.pe","article_modified_time":"2026-03-18T23:22:38+00:00","og_image":[{"width":1512,"height":1512,"url":"https:\/\/macrumo.com.pe\/paratuhogar\/wp-content\/uploads\/2024\/09\/1-.jpg","type":"image\/jpeg"}],"twitter_card":"summary_large_image","twitter_misc":{"Tiempo de lectura":"1 minuto"},"schema":{"@context":"https:\/\/schema.org","@graph":[{"@type":"WebPage","@id":"https:\/\/macrumo.com.pe\/paratuhogar\/producto\/camas\/camas-tapizadas\/combo-de-dormitorio-oslo-1-5plz-1-velador-1-espejo-zapatera-por-muebles-macrumo\/","url":"https:\/\/macrumo.com.pe\/paratuhogar\/producto\/camas\/camas-tapizadas\/combo-de-dormitorio-oslo-1-5plz-1-velador-1-espejo-zapatera-por-muebles-macrumo\/","name":"Combo de dormitorio Oslo 1.5plz + 1 velador + 1 espejo zapatera Por Muebles Macrumo - Macrumo","isPartOf":{"@id":"https:\/\/macrumo.com.pe\/paratuhogar\/#website"},"primaryImageOfPage":{"@id":"https:\/\/macrumo.com.pe\/paratuhogar\/producto\/camas\/camas-tapizadas\/combo-de-dormitorio-oslo-1-5plz-1-velador-1-espejo-zapatera-por-muebles-macrumo\/#primaryimage"},"image":{"@id":"https:\/\/macrumo.com.pe\/paratuhogar\/producto\/camas\/camas-tapizadas\/combo-de-dormitorio-oslo-1-5plz-1-velador-1-espejo-zapatera-por-muebles-macrumo\/#primaryimage"},"thumbnailUrl":"https:\/\/macrumo.com.pe\/paratuhogar\/wp-content\/uploads\/2024\/09\/1-.jpg","datePublished":"2024-09-11T16:36:27+00:00","dateModified":"2026-03-18T23:22:38+00:00","breadcrumb":{"@id":"https:\/\/macrumo.com.pe\/paratuhogar\/producto\/camas\/camas-tapizadas\/combo-de-dormitorio-oslo-1-5plz-1-velador-1-espejo-zapatera-por-muebles-macrumo\/#breadcrumb"},"inLanguage":"es","potentialAction":[{"@type":"ReadAction","target":["https:\/\/macrumo.com.pe\/paratuhogar\/producto\/camas\/camas-tapizadas\/combo-de-dormitorio-oslo-1-5plz-1-velador-1-espejo-zapatera-por-muebles-macrumo\/"]}]},{"@type":"ImageObject","inLanguage":"es","@id":"https:\/\/macrumo.com.pe\/paratuhogar\/producto\/camas\/camas-tapizadas\/combo-de-dormitorio-oslo-1-5plz-1-velador-1-espejo-zapatera-por-muebles-macrumo\/#primaryimage","url":"https:\/\/macrumo.com.pe\/paratuhogar\/wp-content\/uploads\/2024\/09\/1-.jpg","contentUrl":"https:\/\/macrumo.com.pe\/paratuhogar\/wp-content\/uploads\/2024\/09\/1-.jpg","width":1512,"height":1512},{"@type":"BreadcrumbList","@id":"https:\/\/macrumo.com.pe\/paratuhogar\/producto\/camas\/camas-tapizadas\/combo-de-dormitorio-oslo-1-5plz-1-velador-1-espejo-zapatera-por-muebles-macrumo\/#breadcrumb","itemListElement":[{"@type":"ListItem","position":1,"name":"Portada","item":"https:\/\/macrumo.com.pe\/paratuhogar\/"},{"@type":"ListItem","position":2,"name":"Tienda","item":"https:\/\/macrumo.com.pe\/paratuhogar\/tienda\/"},{"@type":"ListItem","position":3,"name":"Combo de dormitorio Oslo 1.5plz + 1 velador + 1 espejo zapatera Por Muebles Macrumo"}]},{"@type":"WebSite","@id":"https:\/\/macrumo.com.pe\/paratuhogar\/#website","url":"https:\/\/macrumo.com.pe\/paratuhogar\/","name":"Macrumo","description":"Macrumo","publisher":{"@id":"https:\/\/macrumo.com.pe\/paratuhogar\/#organization"},"potentialAction":[{"@type":"SearchAction","target":{"@type":"EntryPoint","urlTemplate":"https:\/\/macrumo.com.pe\/paratuhogar\/?s={search_term_string}"},"query-input":{"@type":"PropertyValueSpecification","valueRequired":true,"valueName":"search_term_string"}}],"inLanguage":"es"},{"@type":"Organization","@id":"https:\/\/macrumo.com.pe\/paratuhogar\/#organization","name":"Macrumo","url":"https:\/\/macrumo.com.pe\/paratuhogar\/","logo":{"@type":"ImageObject","inLanguage":"es","@id":"https:\/\/macrumo.com.pe\/paratuhogar\/#\/schema\/logo\/image\/","url":"https:\/\/macrumo.com.pe\/paratuhogar\/wp-content\/uploads\/2023\/02\/Macrumo_logo.png","contentUrl":"https:\/\/macrumo.com.pe\/paratuhogar\/wp-content\/uploads\/2023\/02\/Macrumo_logo.png","width":500,"height":148,"caption":"Macrumo"},"image":{"@id":"https:\/\/macrumo.com.pe\/paratuhogar\/#\/schema\/logo\/image\/"},"sameAs":["https:\/\/www.facebook.com\/Macrumo.com.pe","https:\/\/www.instagram.com\/muebles.macrumo\/","https:\/\/www.tiktok.com\/@muebles.macrumo"]}]}},"_links":{"self":[{"href":"https:\/\/macrumo.com.pe\/paratuhogar\/wp-json\/wp\/v2\/product\/5600","targetHints":{"allow":["GET"]}}],"collection":[{"href":"https:\/\/macrumo.com.pe\/paratuhogar\/wp-json\/wp\/v2\/product"}],"about":[{"href":"https:\/\/macrumo.com.pe\/paratuhogar\/wp-json\/wp\/v2\/types\/product"}],"replies":[{"embeddable":true,"href":"https:\/\/macrumo.com.pe\/paratuhogar\/wp-json\/wp\/v2\/comments?post=5600"}],"wp:featuredmedia":[{"embeddable":true,"href":"https:\/\/macrumo.com.pe\/paratuhogar\/wp-json\/wp\/v2\/media\/11175"}],"wp:attachment":[{"href":"https:\/\/macrumo.com.pe\/paratuhogar\/wp-json\/wp\/v2\/media?parent=5600"}],"wp:term":[{"taxonomy":"product_brand","embeddable":true,"href":"https:\/\/macrumo.com.pe\/paratuhogar\/wp-json\/wp\/v2\/product_brand?post=5600"},{"taxonomy":"product_cat","embeddable":true,"href":"https:\/\/macrumo.com.pe\/paratuhogar\/wp-json\/wp\/v2\/product_cat?post=5600"},{"taxonomy":"product_tag","embeddable":true,"href":"https:\/\/macrumo.com.pe\/paratuhogar\/wp-json\/wp\/v2\/product_tag?post=5600"},{"taxonomy":"manta","embeddable":true,"href":"https:\/\/macrumo.com.pe\/paratuhogar\/wp-json\/wp\/v2\/manta?post=5600"},{"taxonomy":"temporada","embeddable":true,"href":"https:\/\/macrumo.com.pe\/paratuhogar\/wp-json\/wp\/v2\/temporada?post=5600"},{"taxonomy":"estilo","embeddable":true,"href":"https:\/\/macrumo.com.pe\/paratuhogar\/wp-json\/wp\/v2\/estilo?post=5600"},{"taxonomy":"tamano","embeddable":true,"href":"https:\/\/macrumo.com.pe\/paratuhogar\/wp-json\/wp\/v2\/tamano?post=5600"}],"curies":[{"name":"wp","href":"https:\/\/api.w.org\/{rel}","templated":true}]}}