{"id":3857,"date":"2024-07-03T22:33:35","date_gmt":"2024-07-04T03:33:35","guid":{"rendered":"https:\/\/macrumo.com.pe\/paratuhogar\/?post_type=product&#038;p=3857"},"modified":"2026-03-25T18:15:28","modified_gmt":"2026-03-25T23:15:28","slug":"combo-camarote-de-madera-color-natural-de-1-5-plazas-2-colchones","status":"publish","type":"product","link":"https:\/\/macrumo.com.pe\/paratuhogar\/producto\/camarotes\/combo-camarote-de-madera-color-natural-de-1-5-plazas-2-colchones\/","title":{"rendered":"COMBO: CAMAROTE DE MADERA COLOR NATURAL DE 1.5 PLAZAS + 2 COLCHONES + 2 ALMOHADAS"},"content":{"rendered":"<div class=\"elementor-element elementor-element-d1fdbad elementor-widget elementor-widget-woocommerce-product-content\" data-id=\"d1fdbad\" data-element_type=\"widget\" data-widget_type=\"woocommerce-product-content.default\">\n<div class=\"elementor-widget-container\">\n<p>Incluye:<\/p>\n<ol>\n<li>Dos colchones Avanty, modelo Gabani 1.5 Plazas &#8211; 160 Resortes<\/li>\n<li>Forro de colch\u00f3n de 1.5 plz \/ Material: bramante de hilo \/ El\u00e1stico completo, cubre totalmente al colch\u00f3n<\/li>\n<li>Pernos y tuercas<\/li>\n<li>Parrillas de madera<\/li>\n<li>Escalera<\/li>\n<li>Baranda<\/li>\n<li>Almohada (2 Unidades)<\/li>\n<\/ol>\n<p>\u00bfEst\u00e1s buscando una soluci\u00f3n inteligente para maximizar el espacio en tu hogar? \u00a1Nuestro camarote es la respuesta! Este funcional camarote es perfecto para darle habitaciones peque\u00f1as o para darle un toque \u00fanico a cualquier espacio.<\/p>\n<p><strong>\u00a1Armado sin preocupaciones garantizadas!<\/strong><\/p>\n<p>Cada producto incluye un manual y un v\u00eddeo instructivo dentro del paquete. Contamos con soporte t\u00e9cnico virtual para asistirte si lo necesitas.<\/p>\n<\/div>\n<\/div>\n<div class=\"elementor-widget-container\"><span style=\"font-size: 16px;\">Si el producto cuenta con alg\u00fan defecto de fabricaci\u00f3n que complique el armado, un t\u00e9cnico te visitar\u00e1 y resolver\u00e1 la observaci\u00f3n dentro de 2 d\u00edas h\u00e1biles.<\/span><\/div>\n<div><\/div>\n<div><span style=\"color: #ff0000;\"><strong>Importante:<\/strong><\/span><\/div>\n<div><span style=\"color: #ff0000;\"><strong>El delivery gratuito (hasta el 1er piso), aplica para clientes que compren por transferencia bancaria.<\/strong><\/span><\/div>\n","protected":false},"excerpt":{"rendered":"<p>Incluye: Dos colchones Avanty, modelo Gabani 1.5 Plazas &#8211; 160 Resortes Forro de colch\u00f3n de 1.5 plz \/ Material: bramante de hilo \/ El\u00e1stico completo, cubre totalmente al colch\u00f3n Pernos y tuercas Parrillas de madera Escalera Baranda Almohada (2 Unidades) \u00bfEst\u00e1s buscando una soluci\u00f3n inteligente para maximizar el espacio en tu hogar? \u00a1Nuestro camarote es [&hellip;]<\/p>\n","protected":false},"featured_media":4632,"comment_status":"closed","ping_status":"closed","template":"","meta":{"site-sidebar-layout":"default","site-content-layout":"","ast-site-content-layout":"default","site-content-style":"default","site-sidebar-style":"default","ast-global-header-display":"","ast-banner-title-visibility":"","ast-main-header-display":"","ast-hfb-above-header-display":"","ast-hfb-below-header-display":"","ast-hfb-mobile-header-display":"","site-post-title":"","ast-breadcrumbs-content":"","ast-featured-img":"","footer-sml-layout":"","ast-disable-related-posts":"","theme-transparent-header-meta":"default","adv-header-id-meta":"","stick-header-meta":"default","header-above-stick-meta":"","header-main-stick-meta":"","header-below-stick-meta":"","astra-migrate-meta-layouts":"set","ast-page-background-enabled":"default","ast-page-background-meta":{"desktop":{"background-color":"var(--ast-global-color-4)","background-image":"","background-repeat":"repeat","background-position":"center center","background-size":"auto","background-attachment":"scroll","background-type":"","background-media":"","overlay-type":"","overlay-color":"","overlay-opacity":"","overlay-gradient":""},"tablet":{"background-color":"","background-image":"","background-repeat":"repeat","background-position":"center center","background-size":"auto","background-attachment":"scroll","background-type":"","background-media":"","overlay-type":"","overlay-color":"","overlay-opacity":"","overlay-gradient":""},"mobile":{"background-color":"","background-image":"","background-repeat":"repeat","background-position":"center center","background-size":"auto","background-attachment":"scroll","background-type":"","background-media":"","overlay-type":"","overlay-color":"","overlay-opacity":"","overlay-gradient":""}},"ast-content-background-meta":{"desktop":{"background-color":"var(--ast-global-color-5)","background-image":"","background-repeat":"repeat","background-position":"center center","background-size":"auto","background-attachment":"scroll","background-type":"","background-media":"","overlay-type":"","overlay-color":"","overlay-opacity":"","overlay-gradient":""},"tablet":{"background-color":"var(--ast-global-color-5)","background-image":"","background-repeat":"repeat","background-position":"center center","background-size":"auto","background-attachment":"scroll","background-type":"","background-media":"","overlay-type":"","overlay-color":"","overlay-opacity":"","overlay-gradient":""},"mobile":{"background-color":"var(--ast-global-color-5)","background-image":"","background-repeat":"repeat","background-position":"center center","background-size":"auto","background-attachment":"scroll","background-type":"","background-media":"","overlay-type":"","overlay-color":"","overlay-opacity":"","overlay-gradient":""}}},"product_brand":[],"product_cat":[21],"product_tag":[],"manta":[],"temporada":[],"estilo":[],"tamano":[33],"class_list":{"0":"post-3857","1":"product","2":"type-product","3":"status-publish","4":"has-post-thumbnail","6":"product_cat-camarotes","7":"tamano-15-plazas","8":"desktop-align-left","9":"tablet-align-left","10":"mobile-align-left","11":"ast-product-gallery-layout-vertical-slider","12":"ast-product-gallery-with-no-image","13":"ast-magnify-disabled","14":"ast-product-tabs-layout-horizontal","16":"first","17":"instock","18":"sale","19":"shipping-taxable","20":"purchasable","21":"product-type-simple"},"yoast_head":"<!-- This site is optimized with the Yoast SEO Premium plugin v23.0 (Yoast SEO v27.3) - https:\/\/yoast.com\/product\/yoast-seo-premium-wordpress\/ -->\n<title>COMBO: CAMAROTE DE MADERA COLOR NATURAL DE 1.5 PLAZAS + 2 COLCHONES + 2 ALMOHADAS - Macrumo<\/title>\n<meta name=\"robots\" content=\"index, follow, max-snippet:-1, max-image-preview:large, max-video-preview:-1\" \/>\n<link rel=\"canonical\" href=\"https:\/\/macrumo.com.pe\/paratuhogar\/producto\/camarotes\/combo-camarote-de-madera-color-natural-de-1-5-plazas-2-colchones\/\" \/>\n<meta property=\"og:locale\" content=\"es_ES\" \/>\n<meta property=\"og:type\" content=\"article\" \/>\n<meta property=\"og:title\" content=\"COMBO: CAMAROTE DE MADERA COLOR NATURAL DE 1.5 PLAZAS + 2 COLCHONES + 2 ALMOHADAS\" \/>\n<meta property=\"og:description\" content=\"Incluye: Dos colchones Avanty, modelo Gabani 1.5 Plazas &#8211; 160 Resortes Forro de colch\u00f3n de 1.5 plz \/ Material: bramante de hilo \/ El\u00e1stico completo, cubre totalmente al colch\u00f3n Pernos y tuercas Parrillas de madera Escalera Baranda Almohada (2 Unidades) \u00bfEst\u00e1s buscando una soluci\u00f3n inteligente para maximizar el espacio en tu hogar? \u00a1Nuestro camarote es [&hellip;]\" \/>\n<meta property=\"og:url\" content=\"https:\/\/macrumo.com.pe\/paratuhogar\/producto\/camarotes\/combo-camarote-de-madera-color-natural-de-1-5-plazas-2-colchones\/\" \/>\n<meta property=\"og:site_name\" content=\"Macrumo\" \/>\n<meta property=\"article:publisher\" content=\"https:\/\/www.facebook.com\/Macrumo.com.pe\" \/>\n<meta property=\"article:modified_time\" content=\"2026-03-25T23:15:28+00:00\" \/>\n<meta property=\"og:image\" content=\"https:\/\/macrumo.com.pe\/paratuhogar\/wp-content\/uploads\/2024\/07\/COMBO-CAMAROTE-DE-MADERA-COLOR-NATURAL-DE-1.5-PLAZAS-2-COLCHONES-2-ALMOHADAS-2-FUNDAS.jpg\" \/>\n\t<meta property=\"og:image:width\" content=\"800\" \/>\n\t<meta property=\"og:image:height\" content=\"800\" \/>\n\t<meta property=\"og:image:type\" content=\"image\/jpeg\" \/>\n<meta name=\"twitter:card\" content=\"summary_large_image\" \/>\n<meta name=\"twitter:label1\" content=\"Tiempo de lectura\" \/>\n\t<meta name=\"twitter:data1\" content=\"1 minuto\" \/>\n<script type=\"application\/ld+json\" class=\"yoast-schema-graph\">{\"@context\":\"https:\\\/\\\/schema.org\",\"@graph\":[{\"@type\":\"WebPage\",\"@id\":\"https:\\\/\\\/macrumo.com.pe\\\/paratuhogar\\\/producto\\\/camarotes\\\/combo-camarote-de-madera-color-natural-de-1-5-plazas-2-colchones\\\/\",\"url\":\"https:\\\/\\\/macrumo.com.pe\\\/paratuhogar\\\/producto\\\/camarotes\\\/combo-camarote-de-madera-color-natural-de-1-5-plazas-2-colchones\\\/\",\"name\":\"COMBO: CAMAROTE DE MADERA COLOR NATURAL DE 1.5 PLAZAS + 2 COLCHONES + 2 ALMOHADAS - Macrumo\",\"isPartOf\":{\"@id\":\"https:\\\/\\\/macrumo.com.pe\\\/paratuhogar\\\/#website\"},\"primaryImageOfPage\":{\"@id\":\"https:\\\/\\\/macrumo.com.pe\\\/paratuhogar\\\/producto\\\/camarotes\\\/combo-camarote-de-madera-color-natural-de-1-5-plazas-2-colchones\\\/#primaryimage\"},\"image\":{\"@id\":\"https:\\\/\\\/macrumo.com.pe\\\/paratuhogar\\\/producto\\\/camarotes\\\/combo-camarote-de-madera-color-natural-de-1-5-plazas-2-colchones\\\/#primaryimage\"},\"thumbnailUrl\":\"https:\\\/\\\/macrumo.com.pe\\\/paratuhogar\\\/wp-content\\\/uploads\\\/2024\\\/07\\\/COMBO-CAMAROTE-DE-MADERA-COLOR-NATURAL-DE-1.5-PLAZAS-2-COLCHONES-2-ALMOHADAS-2-FUNDAS.jpg\",\"datePublished\":\"2024-07-04T03:33:35+00:00\",\"dateModified\":\"2026-03-25T23:15:28+00:00\",\"breadcrumb\":{\"@id\":\"https:\\\/\\\/macrumo.com.pe\\\/paratuhogar\\\/producto\\\/camarotes\\\/combo-camarote-de-madera-color-natural-de-1-5-plazas-2-colchones\\\/#breadcrumb\"},\"inLanguage\":\"es\",\"potentialAction\":[{\"@type\":\"ReadAction\",\"target\":[\"https:\\\/\\\/macrumo.com.pe\\\/paratuhogar\\\/producto\\\/camarotes\\\/combo-camarote-de-madera-color-natural-de-1-5-plazas-2-colchones\\\/\"]}]},{\"@type\":\"ImageObject\",\"inLanguage\":\"es\",\"@id\":\"https:\\\/\\\/macrumo.com.pe\\\/paratuhogar\\\/producto\\\/camarotes\\\/combo-camarote-de-madera-color-natural-de-1-5-plazas-2-colchones\\\/#primaryimage\",\"url\":\"https:\\\/\\\/macrumo.com.pe\\\/paratuhogar\\\/wp-content\\\/uploads\\\/2024\\\/07\\\/COMBO-CAMAROTE-DE-MADERA-COLOR-NATURAL-DE-1.5-PLAZAS-2-COLCHONES-2-ALMOHADAS-2-FUNDAS.jpg\",\"contentUrl\":\"https:\\\/\\\/macrumo.com.pe\\\/paratuhogar\\\/wp-content\\\/uploads\\\/2024\\\/07\\\/COMBO-CAMAROTE-DE-MADERA-COLOR-NATURAL-DE-1.5-PLAZAS-2-COLCHONES-2-ALMOHADAS-2-FUNDAS.jpg\",\"width\":800,\"height\":800},{\"@type\":\"BreadcrumbList\",\"@id\":\"https:\\\/\\\/macrumo.com.pe\\\/paratuhogar\\\/producto\\\/camarotes\\\/combo-camarote-de-madera-color-natural-de-1-5-plazas-2-colchones\\\/#breadcrumb\",\"itemListElement\":[{\"@type\":\"ListItem\",\"position\":1,\"name\":\"Portada\",\"item\":\"https:\\\/\\\/macrumo.com.pe\\\/paratuhogar\\\/\"},{\"@type\":\"ListItem\",\"position\":2,\"name\":\"Tienda\",\"item\":\"https:\\\/\\\/macrumo.com.pe\\\/paratuhogar\\\/tienda\\\/\"},{\"@type\":\"ListItem\",\"position\":3,\"name\":\"COMBO: CAMAROTE DE MADERA COLOR NATURAL DE 1.5 PLAZAS + 2 COLCHONES + 2 ALMOHADAS\"}]},{\"@type\":\"WebSite\",\"@id\":\"https:\\\/\\\/macrumo.com.pe\\\/paratuhogar\\\/#website\",\"url\":\"https:\\\/\\\/macrumo.com.pe\\\/paratuhogar\\\/\",\"name\":\"Macrumo\",\"description\":\"Macrumo\",\"publisher\":{\"@id\":\"https:\\\/\\\/macrumo.com.pe\\\/paratuhogar\\\/#organization\"},\"potentialAction\":[{\"@type\":\"SearchAction\",\"target\":{\"@type\":\"EntryPoint\",\"urlTemplate\":\"https:\\\/\\\/macrumo.com.pe\\\/paratuhogar\\\/?s={search_term_string}\"},\"query-input\":{\"@type\":\"PropertyValueSpecification\",\"valueRequired\":true,\"valueName\":\"search_term_string\"}}],\"inLanguage\":\"es\"},{\"@type\":\"Organization\",\"@id\":\"https:\\\/\\\/macrumo.com.pe\\\/paratuhogar\\\/#organization\",\"name\":\"Macrumo\",\"url\":\"https:\\\/\\\/macrumo.com.pe\\\/paratuhogar\\\/\",\"logo\":{\"@type\":\"ImageObject\",\"inLanguage\":\"es\",\"@id\":\"https:\\\/\\\/macrumo.com.pe\\\/paratuhogar\\\/#\\\/schema\\\/logo\\\/image\\\/\",\"url\":\"https:\\\/\\\/macrumo.com.pe\\\/paratuhogar\\\/wp-content\\\/uploads\\\/2023\\\/02\\\/Macrumo_logo.png\",\"contentUrl\":\"https:\\\/\\\/macrumo.com.pe\\\/paratuhogar\\\/wp-content\\\/uploads\\\/2023\\\/02\\\/Macrumo_logo.png\",\"width\":500,\"height\":148,\"caption\":\"Macrumo\"},\"image\":{\"@id\":\"https:\\\/\\\/macrumo.com.pe\\\/paratuhogar\\\/#\\\/schema\\\/logo\\\/image\\\/\"},\"sameAs\":[\"https:\\\/\\\/www.facebook.com\\\/Macrumo.com.pe\",\"https:\\\/\\\/www.instagram.com\\\/muebles.macrumo\\\/\",\"https:\\\/\\\/www.tiktok.com\\\/@muebles.macrumo\"]}]}<\/script>\n<!-- \/ Yoast SEO Premium plugin. -->","yoast_head_json":{"title":"COMBO: CAMAROTE DE MADERA COLOR NATURAL DE 1.5 PLAZAS + 2 COLCHONES + 2 ALMOHADAS - Macrumo","robots":{"index":"index","follow":"follow","max-snippet":"max-snippet:-1","max-image-preview":"max-image-preview:large","max-video-preview":"max-video-preview:-1"},"canonical":"https:\/\/macrumo.com.pe\/paratuhogar\/producto\/camarotes\/combo-camarote-de-madera-color-natural-de-1-5-plazas-2-colchones\/","og_locale":"es_ES","og_type":"article","og_title":"COMBO: CAMAROTE DE MADERA COLOR NATURAL DE 1.5 PLAZAS + 2 COLCHONES + 2 ALMOHADAS","og_description":"Incluye: Dos colchones Avanty, modelo Gabani 1.5 Plazas &#8211; 160 Resortes Forro de colch\u00f3n de 1.5 plz \/ Material: bramante de hilo \/ El\u00e1stico completo, cubre totalmente al colch\u00f3n Pernos y tuercas Parrillas de madera Escalera Baranda Almohada (2 Unidades) \u00bfEst\u00e1s buscando una soluci\u00f3n inteligente para maximizar el espacio en tu hogar? \u00a1Nuestro camarote es [&hellip;]","og_url":"https:\/\/macrumo.com.pe\/paratuhogar\/producto\/camarotes\/combo-camarote-de-madera-color-natural-de-1-5-plazas-2-colchones\/","og_site_name":"Macrumo","article_publisher":"https:\/\/www.facebook.com\/Macrumo.com.pe","article_modified_time":"2026-03-25T23:15:28+00:00","og_image":[{"width":800,"height":800,"url":"https:\/\/macrumo.com.pe\/paratuhogar\/wp-content\/uploads\/2024\/07\/COMBO-CAMAROTE-DE-MADERA-COLOR-NATURAL-DE-1.5-PLAZAS-2-COLCHONES-2-ALMOHADAS-2-FUNDAS.jpg","type":"image\/jpeg"}],"twitter_card":"summary_large_image","twitter_misc":{"Tiempo de lectura":"1 minuto"},"schema":{"@context":"https:\/\/schema.org","@graph":[{"@type":"WebPage","@id":"https:\/\/macrumo.com.pe\/paratuhogar\/producto\/camarotes\/combo-camarote-de-madera-color-natural-de-1-5-plazas-2-colchones\/","url":"https:\/\/macrumo.com.pe\/paratuhogar\/producto\/camarotes\/combo-camarote-de-madera-color-natural-de-1-5-plazas-2-colchones\/","name":"COMBO: CAMAROTE DE MADERA COLOR NATURAL DE 1.5 PLAZAS + 2 COLCHONES + 2 ALMOHADAS - Macrumo","isPartOf":{"@id":"https:\/\/macrumo.com.pe\/paratuhogar\/#website"},"primaryImageOfPage":{"@id":"https:\/\/macrumo.com.pe\/paratuhogar\/producto\/camarotes\/combo-camarote-de-madera-color-natural-de-1-5-plazas-2-colchones\/#primaryimage"},"image":{"@id":"https:\/\/macrumo.com.pe\/paratuhogar\/producto\/camarotes\/combo-camarote-de-madera-color-natural-de-1-5-plazas-2-colchones\/#primaryimage"},"thumbnailUrl":"https:\/\/macrumo.com.pe\/paratuhogar\/wp-content\/uploads\/2024\/07\/COMBO-CAMAROTE-DE-MADERA-COLOR-NATURAL-DE-1.5-PLAZAS-2-COLCHONES-2-ALMOHADAS-2-FUNDAS.jpg","datePublished":"2024-07-04T03:33:35+00:00","dateModified":"2026-03-25T23:15:28+00:00","breadcrumb":{"@id":"https:\/\/macrumo.com.pe\/paratuhogar\/producto\/camarotes\/combo-camarote-de-madera-color-natural-de-1-5-plazas-2-colchones\/#breadcrumb"},"inLanguage":"es","potentialAction":[{"@type":"ReadAction","target":["https:\/\/macrumo.com.pe\/paratuhogar\/producto\/camarotes\/combo-camarote-de-madera-color-natural-de-1-5-plazas-2-colchones\/"]}]},{"@type":"ImageObject","inLanguage":"es","@id":"https:\/\/macrumo.com.pe\/paratuhogar\/producto\/camarotes\/combo-camarote-de-madera-color-natural-de-1-5-plazas-2-colchones\/#primaryimage","url":"https:\/\/macrumo.com.pe\/paratuhogar\/wp-content\/uploads\/2024\/07\/COMBO-CAMAROTE-DE-MADERA-COLOR-NATURAL-DE-1.5-PLAZAS-2-COLCHONES-2-ALMOHADAS-2-FUNDAS.jpg","contentUrl":"https:\/\/macrumo.com.pe\/paratuhogar\/wp-content\/uploads\/2024\/07\/COMBO-CAMAROTE-DE-MADERA-COLOR-NATURAL-DE-1.5-PLAZAS-2-COLCHONES-2-ALMOHADAS-2-FUNDAS.jpg","width":800,"height":800},{"@type":"BreadcrumbList","@id":"https:\/\/macrumo.com.pe\/paratuhogar\/producto\/camarotes\/combo-camarote-de-madera-color-natural-de-1-5-plazas-2-colchones\/#breadcrumb","itemListElement":[{"@type":"ListItem","position":1,"name":"Portada","item":"https:\/\/macrumo.com.pe\/paratuhogar\/"},{"@type":"ListItem","position":2,"name":"Tienda","item":"https:\/\/macrumo.com.pe\/paratuhogar\/tienda\/"},{"@type":"ListItem","position":3,"name":"COMBO: CAMAROTE DE MADERA COLOR NATURAL DE 1.5 PLAZAS + 2 COLCHONES + 2 ALMOHADAS"}]},{"@type":"WebSite","@id":"https:\/\/macrumo.com.pe\/paratuhogar\/#website","url":"https:\/\/macrumo.com.pe\/paratuhogar\/","name":"Macrumo","description":"Macrumo","publisher":{"@id":"https:\/\/macrumo.com.pe\/paratuhogar\/#organization"},"potentialAction":[{"@type":"SearchAction","target":{"@type":"EntryPoint","urlTemplate":"https:\/\/macrumo.com.pe\/paratuhogar\/?s={search_term_string}"},"query-input":{"@type":"PropertyValueSpecification","valueRequired":true,"valueName":"search_term_string"}}],"inLanguage":"es"},{"@type":"Organization","@id":"https:\/\/macrumo.com.pe\/paratuhogar\/#organization","name":"Macrumo","url":"https:\/\/macrumo.com.pe\/paratuhogar\/","logo":{"@type":"ImageObject","inLanguage":"es","@id":"https:\/\/macrumo.com.pe\/paratuhogar\/#\/schema\/logo\/image\/","url":"https:\/\/macrumo.com.pe\/paratuhogar\/wp-content\/uploads\/2023\/02\/Macrumo_logo.png","contentUrl":"https:\/\/macrumo.com.pe\/paratuhogar\/wp-content\/uploads\/2023\/02\/Macrumo_logo.png","width":500,"height":148,"caption":"Macrumo"},"image":{"@id":"https:\/\/macrumo.com.pe\/paratuhogar\/#\/schema\/logo\/image\/"},"sameAs":["https:\/\/www.facebook.com\/Macrumo.com.pe","https:\/\/www.instagram.com\/muebles.macrumo\/","https:\/\/www.tiktok.com\/@muebles.macrumo"]}]}},"_links":{"self":[{"href":"https:\/\/macrumo.com.pe\/paratuhogar\/wp-json\/wp\/v2\/product\/3857","targetHints":{"allow":["GET"]}}],"collection":[{"href":"https:\/\/macrumo.com.pe\/paratuhogar\/wp-json\/wp\/v2\/product"}],"about":[{"href":"https:\/\/macrumo.com.pe\/paratuhogar\/wp-json\/wp\/v2\/types\/product"}],"replies":[{"embeddable":true,"href":"https:\/\/macrumo.com.pe\/paratuhogar\/wp-json\/wp\/v2\/comments?post=3857"}],"wp:featuredmedia":[{"embeddable":true,"href":"https:\/\/macrumo.com.pe\/paratuhogar\/wp-json\/wp\/v2\/media\/4632"}],"wp:attachment":[{"href":"https:\/\/macrumo.com.pe\/paratuhogar\/wp-json\/wp\/v2\/media?parent=3857"}],"wp:term":[{"taxonomy":"product_brand","embeddable":true,"href":"https:\/\/macrumo.com.pe\/paratuhogar\/wp-json\/wp\/v2\/product_brand?post=3857"},{"taxonomy":"product_cat","embeddable":true,"href":"https:\/\/macrumo.com.pe\/paratuhogar\/wp-json\/wp\/v2\/product_cat?post=3857"},{"taxonomy":"product_tag","embeddable":true,"href":"https:\/\/macrumo.com.pe\/paratuhogar\/wp-json\/wp\/v2\/product_tag?post=3857"},{"taxonomy":"manta","embeddable":true,"href":"https:\/\/macrumo.com.pe\/paratuhogar\/wp-json\/wp\/v2\/manta?post=3857"},{"taxonomy":"temporada","embeddable":true,"href":"https:\/\/macrumo.com.pe\/paratuhogar\/wp-json\/wp\/v2\/temporada?post=3857"},{"taxonomy":"estilo","embeddable":true,"href":"https:\/\/macrumo.com.pe\/paratuhogar\/wp-json\/wp\/v2\/estilo?post=3857"},{"taxonomy":"tamano","embeddable":true,"href":"https:\/\/macrumo.com.pe\/paratuhogar\/wp-json\/wp\/v2\/tamano?post=3857"}],"curies":[{"name":"wp","href":"https:\/\/api.w.org\/{rel}","templated":true}]}}