{"id":3718,"date":"2024-06-28T01:00:39","date_gmt":"2024-06-28T06:00:39","guid":{"rendered":"https:\/\/macrumo.com.pe\/paratuhogar\/?post_type=product&#038;p=3718"},"modified":"2026-03-18T18:22:34","modified_gmt":"2026-03-18T23:22:34","slug":"edredon-acolchado-king-juego-de-sabanas-2500-hilos-beige","status":"publish","type":"product","link":"https:\/\/macrumo.com.pe\/paratuhogar\/producto\/ropa-de-cama\/edredones\/edredon-acolchado-king-juego-de-sabanas-2500-hilos-beige\/","title":{"rendered":"Edredon Acolchado + Juego De S\u00e1banas 3000 Hilos Queen &#8211; Beige"},"content":{"rendered":"<p>Renueva tu dormitorio con este set de edred\u00f3n acolchado y juego de s\u00e1banas en color s\u00f3lido. Su suavidad envolvente te abrazar\u00e1 cada noche, ofreciendo total comodidad. Su tono s\u00f3lido a\u00f1adir\u00e1 un toque de serenidad a tu espacio, mientras que su calidad duradera garantiza noches de sue\u00f1o reparador. Transforma tu habitaci\u00f3n en un refugio acogedor con este conjunto imprescindible para el hogar.<\/p>\n<p>Dise\u00f1ado con un patr\u00f3n de acolchado en forma de cuadros. Este acolchado ayudar\u00e1 a mantener el relleno uniformemente distribuido, evitando que se desplace o se agrupe en un solo lugar.<\/p>\n<div>CONTENIDO<\/div>\n<div>\n<ul>\n<li>\n<div>1 Edred\u00f3n: 250 cm x 230 cm<\/div>\n<\/li>\n<li>\n<div>1 S\u00e1bana superior: 250 x 230<\/div>\n<\/li>\n<li>\n<div>1 S\u00e1bana ajustable: 160 x 204 + 40 cm<\/div>\n<\/li>\n<li>\n<div>2 fundas de almohada: 50 cm x 75 cm<\/div>\n<\/li>\n<\/ul>\n<\/div>\n","protected":false},"excerpt":{"rendered":"<ul>\n<li><strong>Calidez<\/strong>: Proporciona una excelente retenci\u00f3n de calor, manteni\u00e9ndote abrigado y confortable durante la noche.<\/li>\n<li><strong>Confort<\/strong>: La suavidad de las telas y el relleno crean una superficie c\u00f3moda para descansar.<\/li>\n<li><strong>Estilo<\/strong>: Viene en una amplia variedad de colores y dise\u00f1os, permitiendo coordinar con la decoraci\u00f3n de la habitaci\u00f3n.<\/li>\n<li><strong>Durabilidad<\/strong>: Los materiales de alta calidad y la construcci\u00f3n robusta aseguran que el edred\u00f3n pueda soportar el uso frecuente y el lavado.<\/li>\n<\/ul>\n","protected":false},"featured_media":3713,"comment_status":"closed","ping_status":"closed","template":"","meta":{"site-sidebar-layout":"default","site-content-layout":"","ast-site-content-layout":"default","site-content-style":"default","site-sidebar-style":"default","ast-global-header-display":"","ast-banner-title-visibility":"","ast-main-header-display":"","ast-hfb-above-header-display":"","ast-hfb-below-header-display":"","ast-hfb-mobile-header-display":"","site-post-title":"","ast-breadcrumbs-content":"","ast-featured-img":"","footer-sml-layout":"","ast-disable-related-posts":"","theme-transparent-header-meta":"default","adv-header-id-meta":"","stick-header-meta":"default","header-above-stick-meta":"","header-main-stick-meta":"","header-below-stick-meta":"","astra-migrate-meta-layouts":"set","ast-page-background-enabled":"default","ast-page-background-meta":{"desktop":{"background-color":"var(--ast-global-color-4)","background-image":"","background-repeat":"repeat","background-position":"center center","background-size":"auto","background-attachment":"scroll","background-type":"","background-media":"","overlay-type":"","overlay-color":"","overlay-opacity":"","overlay-gradient":""},"tablet":{"background-color":"","background-image":"","background-repeat":"repeat","background-position":"center center","background-size":"auto","background-attachment":"scroll","background-type":"","background-media":"","overlay-type":"","overlay-color":"","overlay-opacity":"","overlay-gradient":""},"mobile":{"background-color":"","background-image":"","background-repeat":"repeat","background-position":"center center","background-size":"auto","background-attachment":"scroll","background-type":"","background-media":"","overlay-type":"","overlay-color":"","overlay-opacity":"","overlay-gradient":""}},"ast-content-background-meta":{"desktop":{"background-color":"var(--ast-global-color-5)","background-image":"","background-repeat":"repeat","background-position":"center center","background-size":"auto","background-attachment":"scroll","background-type":"","background-media":"","overlay-type":"","overlay-color":"","overlay-opacity":"","overlay-gradient":""},"tablet":{"background-color":"var(--ast-global-color-5)","background-image":"","background-repeat":"repeat","background-position":"center center","background-size":"auto","background-attachment":"scroll","background-type":"","background-media":"","overlay-type":"","overlay-color":"","overlay-opacity":"","overlay-gradient":""},"mobile":{"background-color":"var(--ast-global-color-5)","background-image":"","background-repeat":"repeat","background-position":"center center","background-size":"auto","background-attachment":"scroll","background-type":"","background-media":"","overlay-type":"","overlay-color":"","overlay-opacity":"","overlay-gradient":""}}},"product_brand":[],"product_cat":[72],"product_tag":[],"manta":[69],"temporada":[68],"estilo":[62],"tamano":[35],"class_list":{"0":"post-3718","1":"product","2":"type-product","3":"status-publish","4":"has-post-thumbnail","6":"product_cat-edredones","7":"manta-liso","8":"temporada-invierno","9":"estilo-liso","10":"tamano-queen","11":"desktop-align-left","12":"tablet-align-left","13":"mobile-align-left","14":"ast-product-gallery-layout-vertical-slider","15":"ast-product-gallery-with-no-image","16":"ast-magnify-disabled","17":"ast-product-tabs-layout-horizontal","19":"first","20":"instock","21":"sale","22":"shipping-taxable","23":"purchasable","24":"product-type-simple"},"yoast_head":"<!-- This site is optimized with the Yoast SEO Premium plugin v23.0 (Yoast SEO v27.3) - https:\/\/yoast.com\/product\/yoast-seo-premium-wordpress\/ -->\n<title>Edredon Acolchado + Juego De S\u00e1banas 3000 Hilos Queen - Beige - Macrumo<\/title>\n<meta name=\"robots\" content=\"index, follow, max-snippet:-1, max-image-preview:large, max-video-preview:-1\" \/>\n<link rel=\"canonical\" href=\"https:\/\/macrumo.com.pe\/paratuhogar\/producto\/ropa-de-cama\/edredones\/edredon-acolchado-king-juego-de-sabanas-2500-hilos-beige\/\" \/>\n<meta property=\"og:locale\" content=\"es_ES\" \/>\n<meta property=\"og:type\" content=\"article\" \/>\n<meta property=\"og:title\" content=\"Edredon Acolchado + Juego De S\u00e1banas 3000 Hilos Queen - Beige\" \/>\n<meta property=\"og:description\" content=\"Calidez: Proporciona una excelente retenci\u00f3n de calor, manteni\u00e9ndote abrigado y confortable durante la noche.  Confort: La suavidad de las telas y el relleno crean una superficie c\u00f3moda para descansar.  Estilo: Viene en una amplia variedad de colores y dise\u00f1os, permitiendo coordinar con la decoraci\u00f3n de la habitaci\u00f3n.  Durabilidad: Los materiales de alta calidad y la construcci\u00f3n robusta aseguran que el edred\u00f3n pueda soportar el uso frecuente y el lavado.\" \/>\n<meta property=\"og:url\" content=\"https:\/\/macrumo.com.pe\/paratuhogar\/producto\/ropa-de-cama\/edredones\/edredon-acolchado-king-juego-de-sabanas-2500-hilos-beige\/\" \/>\n<meta property=\"og:site_name\" content=\"Macrumo\" \/>\n<meta property=\"article:publisher\" content=\"https:\/\/www.facebook.com\/Macrumo.com.pe\" \/>\n<meta property=\"article:modified_time\" content=\"2026-03-18T23:22:34+00:00\" \/>\n<meta property=\"og:image\" content=\"https:\/\/macrumo.com.pe\/paratuhogar\/wp-content\/uploads\/2024\/06\/edredon-king-beige.jpeg\" \/>\n\t<meta property=\"og:image:width\" content=\"600\" \/>\n\t<meta property=\"og:image:height\" content=\"600\" \/>\n\t<meta property=\"og:image:type\" content=\"image\/jpeg\" \/>\n<meta name=\"twitter:card\" content=\"summary_large_image\" \/>\n<meta name=\"twitter:label1\" content=\"Tiempo de lectura\" \/>\n\t<meta name=\"twitter:data1\" content=\"1 minuto\" \/>\n<script type=\"application\/ld+json\" class=\"yoast-schema-graph\">{\"@context\":\"https:\\\/\\\/schema.org\",\"@graph\":[{\"@type\":\"WebPage\",\"@id\":\"https:\\\/\\\/macrumo.com.pe\\\/paratuhogar\\\/producto\\\/ropa-de-cama\\\/edredones\\\/edredon-acolchado-king-juego-de-sabanas-2500-hilos-beige\\\/\",\"url\":\"https:\\\/\\\/macrumo.com.pe\\\/paratuhogar\\\/producto\\\/ropa-de-cama\\\/edredones\\\/edredon-acolchado-king-juego-de-sabanas-2500-hilos-beige\\\/\",\"name\":\"Edredon Acolchado + Juego De S\u00e1banas 3000 Hilos Queen - Beige - Macrumo\",\"isPartOf\":{\"@id\":\"https:\\\/\\\/macrumo.com.pe\\\/paratuhogar\\\/#website\"},\"primaryImageOfPage\":{\"@id\":\"https:\\\/\\\/macrumo.com.pe\\\/paratuhogar\\\/producto\\\/ropa-de-cama\\\/edredones\\\/edredon-acolchado-king-juego-de-sabanas-2500-hilos-beige\\\/#primaryimage\"},\"image\":{\"@id\":\"https:\\\/\\\/macrumo.com.pe\\\/paratuhogar\\\/producto\\\/ropa-de-cama\\\/edredones\\\/edredon-acolchado-king-juego-de-sabanas-2500-hilos-beige\\\/#primaryimage\"},\"thumbnailUrl\":\"https:\\\/\\\/macrumo.com.pe\\\/paratuhogar\\\/wp-content\\\/uploads\\\/2024\\\/06\\\/edredon-king-beige.jpeg\",\"datePublished\":\"2024-06-28T06:00:39+00:00\",\"dateModified\":\"2026-03-18T23:22:34+00:00\",\"breadcrumb\":{\"@id\":\"https:\\\/\\\/macrumo.com.pe\\\/paratuhogar\\\/producto\\\/ropa-de-cama\\\/edredones\\\/edredon-acolchado-king-juego-de-sabanas-2500-hilos-beige\\\/#breadcrumb\"},\"inLanguage\":\"es\",\"potentialAction\":[{\"@type\":\"ReadAction\",\"target\":[\"https:\\\/\\\/macrumo.com.pe\\\/paratuhogar\\\/producto\\\/ropa-de-cama\\\/edredones\\\/edredon-acolchado-king-juego-de-sabanas-2500-hilos-beige\\\/\"]}]},{\"@type\":\"ImageObject\",\"inLanguage\":\"es\",\"@id\":\"https:\\\/\\\/macrumo.com.pe\\\/paratuhogar\\\/producto\\\/ropa-de-cama\\\/edredones\\\/edredon-acolchado-king-juego-de-sabanas-2500-hilos-beige\\\/#primaryimage\",\"url\":\"https:\\\/\\\/macrumo.com.pe\\\/paratuhogar\\\/wp-content\\\/uploads\\\/2024\\\/06\\\/edredon-king-beige.jpeg\",\"contentUrl\":\"https:\\\/\\\/macrumo.com.pe\\\/paratuhogar\\\/wp-content\\\/uploads\\\/2024\\\/06\\\/edredon-king-beige.jpeg\",\"width\":600,\"height\":600},{\"@type\":\"BreadcrumbList\",\"@id\":\"https:\\\/\\\/macrumo.com.pe\\\/paratuhogar\\\/producto\\\/ropa-de-cama\\\/edredones\\\/edredon-acolchado-king-juego-de-sabanas-2500-hilos-beige\\\/#breadcrumb\",\"itemListElement\":[{\"@type\":\"ListItem\",\"position\":1,\"name\":\"Portada\",\"item\":\"https:\\\/\\\/macrumo.com.pe\\\/paratuhogar\\\/\"},{\"@type\":\"ListItem\",\"position\":2,\"name\":\"Tienda\",\"item\":\"https:\\\/\\\/macrumo.com.pe\\\/paratuhogar\\\/tienda\\\/\"},{\"@type\":\"ListItem\",\"position\":3,\"name\":\"Edredon Acolchado + Juego De S\u00e1banas 3000 Hilos Queen &#8211; Beige\"}]},{\"@type\":\"WebSite\",\"@id\":\"https:\\\/\\\/macrumo.com.pe\\\/paratuhogar\\\/#website\",\"url\":\"https:\\\/\\\/macrumo.com.pe\\\/paratuhogar\\\/\",\"name\":\"Macrumo\",\"description\":\"Macrumo\",\"publisher\":{\"@id\":\"https:\\\/\\\/macrumo.com.pe\\\/paratuhogar\\\/#organization\"},\"potentialAction\":[{\"@type\":\"SearchAction\",\"target\":{\"@type\":\"EntryPoint\",\"urlTemplate\":\"https:\\\/\\\/macrumo.com.pe\\\/paratuhogar\\\/?s={search_term_string}\"},\"query-input\":{\"@type\":\"PropertyValueSpecification\",\"valueRequired\":true,\"valueName\":\"search_term_string\"}}],\"inLanguage\":\"es\"},{\"@type\":\"Organization\",\"@id\":\"https:\\\/\\\/macrumo.com.pe\\\/paratuhogar\\\/#organization\",\"name\":\"Macrumo\",\"url\":\"https:\\\/\\\/macrumo.com.pe\\\/paratuhogar\\\/\",\"logo\":{\"@type\":\"ImageObject\",\"inLanguage\":\"es\",\"@id\":\"https:\\\/\\\/macrumo.com.pe\\\/paratuhogar\\\/#\\\/schema\\\/logo\\\/image\\\/\",\"url\":\"https:\\\/\\\/macrumo.com.pe\\\/paratuhogar\\\/wp-content\\\/uploads\\\/2023\\\/02\\\/Macrumo_logo.png\",\"contentUrl\":\"https:\\\/\\\/macrumo.com.pe\\\/paratuhogar\\\/wp-content\\\/uploads\\\/2023\\\/02\\\/Macrumo_logo.png\",\"width\":500,\"height\":148,\"caption\":\"Macrumo\"},\"image\":{\"@id\":\"https:\\\/\\\/macrumo.com.pe\\\/paratuhogar\\\/#\\\/schema\\\/logo\\\/image\\\/\"},\"sameAs\":[\"https:\\\/\\\/www.facebook.com\\\/Macrumo.com.pe\",\"https:\\\/\\\/www.instagram.com\\\/muebles.macrumo\\\/\",\"https:\\\/\\\/www.tiktok.com\\\/@muebles.macrumo\"]}]}<\/script>\n<!-- \/ Yoast SEO Premium plugin. -->","yoast_head_json":{"title":"Edredon Acolchado + Juego De S\u00e1banas 3000 Hilos Queen - Beige - Macrumo","robots":{"index":"index","follow":"follow","max-snippet":"max-snippet:-1","max-image-preview":"max-image-preview:large","max-video-preview":"max-video-preview:-1"},"canonical":"https:\/\/macrumo.com.pe\/paratuhogar\/producto\/ropa-de-cama\/edredones\/edredon-acolchado-king-juego-de-sabanas-2500-hilos-beige\/","og_locale":"es_ES","og_type":"article","og_title":"Edredon Acolchado + Juego De S\u00e1banas 3000 Hilos Queen - Beige","og_description":"Calidez: Proporciona una excelente retenci\u00f3n de calor, manteni\u00e9ndote abrigado y confortable durante la noche.  Confort: La suavidad de las telas y el relleno crean una superficie c\u00f3moda para descansar.  Estilo: Viene en una amplia variedad de colores y dise\u00f1os, permitiendo coordinar con la decoraci\u00f3n de la habitaci\u00f3n.  Durabilidad: Los materiales de alta calidad y la construcci\u00f3n robusta aseguran que el edred\u00f3n pueda soportar el uso frecuente y el lavado.","og_url":"https:\/\/macrumo.com.pe\/paratuhogar\/producto\/ropa-de-cama\/edredones\/edredon-acolchado-king-juego-de-sabanas-2500-hilos-beige\/","og_site_name":"Macrumo","article_publisher":"https:\/\/www.facebook.com\/Macrumo.com.pe","article_modified_time":"2026-03-18T23:22:34+00:00","og_image":[{"width":600,"height":600,"url":"https:\/\/macrumo.com.pe\/paratuhogar\/wp-content\/uploads\/2024\/06\/edredon-king-beige.jpeg","type":"image\/jpeg"}],"twitter_card":"summary_large_image","twitter_misc":{"Tiempo de lectura":"1 minuto"},"schema":{"@context":"https:\/\/schema.org","@graph":[{"@type":"WebPage","@id":"https:\/\/macrumo.com.pe\/paratuhogar\/producto\/ropa-de-cama\/edredones\/edredon-acolchado-king-juego-de-sabanas-2500-hilos-beige\/","url":"https:\/\/macrumo.com.pe\/paratuhogar\/producto\/ropa-de-cama\/edredones\/edredon-acolchado-king-juego-de-sabanas-2500-hilos-beige\/","name":"Edredon Acolchado + Juego De S\u00e1banas 3000 Hilos Queen - Beige - Macrumo","isPartOf":{"@id":"https:\/\/macrumo.com.pe\/paratuhogar\/#website"},"primaryImageOfPage":{"@id":"https:\/\/macrumo.com.pe\/paratuhogar\/producto\/ropa-de-cama\/edredones\/edredon-acolchado-king-juego-de-sabanas-2500-hilos-beige\/#primaryimage"},"image":{"@id":"https:\/\/macrumo.com.pe\/paratuhogar\/producto\/ropa-de-cama\/edredones\/edredon-acolchado-king-juego-de-sabanas-2500-hilos-beige\/#primaryimage"},"thumbnailUrl":"https:\/\/macrumo.com.pe\/paratuhogar\/wp-content\/uploads\/2024\/06\/edredon-king-beige.jpeg","datePublished":"2024-06-28T06:00:39+00:00","dateModified":"2026-03-18T23:22:34+00:00","breadcrumb":{"@id":"https:\/\/macrumo.com.pe\/paratuhogar\/producto\/ropa-de-cama\/edredones\/edredon-acolchado-king-juego-de-sabanas-2500-hilos-beige\/#breadcrumb"},"inLanguage":"es","potentialAction":[{"@type":"ReadAction","target":["https:\/\/macrumo.com.pe\/paratuhogar\/producto\/ropa-de-cama\/edredones\/edredon-acolchado-king-juego-de-sabanas-2500-hilos-beige\/"]}]},{"@type":"ImageObject","inLanguage":"es","@id":"https:\/\/macrumo.com.pe\/paratuhogar\/producto\/ropa-de-cama\/edredones\/edredon-acolchado-king-juego-de-sabanas-2500-hilos-beige\/#primaryimage","url":"https:\/\/macrumo.com.pe\/paratuhogar\/wp-content\/uploads\/2024\/06\/edredon-king-beige.jpeg","contentUrl":"https:\/\/macrumo.com.pe\/paratuhogar\/wp-content\/uploads\/2024\/06\/edredon-king-beige.jpeg","width":600,"height":600},{"@type":"BreadcrumbList","@id":"https:\/\/macrumo.com.pe\/paratuhogar\/producto\/ropa-de-cama\/edredones\/edredon-acolchado-king-juego-de-sabanas-2500-hilos-beige\/#breadcrumb","itemListElement":[{"@type":"ListItem","position":1,"name":"Portada","item":"https:\/\/macrumo.com.pe\/paratuhogar\/"},{"@type":"ListItem","position":2,"name":"Tienda","item":"https:\/\/macrumo.com.pe\/paratuhogar\/tienda\/"},{"@type":"ListItem","position":3,"name":"Edredon Acolchado + Juego De S\u00e1banas 3000 Hilos Queen &#8211; Beige"}]},{"@type":"WebSite","@id":"https:\/\/macrumo.com.pe\/paratuhogar\/#website","url":"https:\/\/macrumo.com.pe\/paratuhogar\/","name":"Macrumo","description":"Macrumo","publisher":{"@id":"https:\/\/macrumo.com.pe\/paratuhogar\/#organization"},"potentialAction":[{"@type":"SearchAction","target":{"@type":"EntryPoint","urlTemplate":"https:\/\/macrumo.com.pe\/paratuhogar\/?s={search_term_string}"},"query-input":{"@type":"PropertyValueSpecification","valueRequired":true,"valueName":"search_term_string"}}],"inLanguage":"es"},{"@type":"Organization","@id":"https:\/\/macrumo.com.pe\/paratuhogar\/#organization","name":"Macrumo","url":"https:\/\/macrumo.com.pe\/paratuhogar\/","logo":{"@type":"ImageObject","inLanguage":"es","@id":"https:\/\/macrumo.com.pe\/paratuhogar\/#\/schema\/logo\/image\/","url":"https:\/\/macrumo.com.pe\/paratuhogar\/wp-content\/uploads\/2023\/02\/Macrumo_logo.png","contentUrl":"https:\/\/macrumo.com.pe\/paratuhogar\/wp-content\/uploads\/2023\/02\/Macrumo_logo.png","width":500,"height":148,"caption":"Macrumo"},"image":{"@id":"https:\/\/macrumo.com.pe\/paratuhogar\/#\/schema\/logo\/image\/"},"sameAs":["https:\/\/www.facebook.com\/Macrumo.com.pe","https:\/\/www.instagram.com\/muebles.macrumo\/","https:\/\/www.tiktok.com\/@muebles.macrumo"]}]}},"_links":{"self":[{"href":"https:\/\/macrumo.com.pe\/paratuhogar\/wp-json\/wp\/v2\/product\/3718","targetHints":{"allow":["GET"]}}],"collection":[{"href":"https:\/\/macrumo.com.pe\/paratuhogar\/wp-json\/wp\/v2\/product"}],"about":[{"href":"https:\/\/macrumo.com.pe\/paratuhogar\/wp-json\/wp\/v2\/types\/product"}],"replies":[{"embeddable":true,"href":"https:\/\/macrumo.com.pe\/paratuhogar\/wp-json\/wp\/v2\/comments?post=3718"}],"wp:featuredmedia":[{"embeddable":true,"href":"https:\/\/macrumo.com.pe\/paratuhogar\/wp-json\/wp\/v2\/media\/3713"}],"wp:attachment":[{"href":"https:\/\/macrumo.com.pe\/paratuhogar\/wp-json\/wp\/v2\/media?parent=3718"}],"wp:term":[{"taxonomy":"product_brand","embeddable":true,"href":"https:\/\/macrumo.com.pe\/paratuhogar\/wp-json\/wp\/v2\/product_brand?post=3718"},{"taxonomy":"product_cat","embeddable":true,"href":"https:\/\/macrumo.com.pe\/paratuhogar\/wp-json\/wp\/v2\/product_cat?post=3718"},{"taxonomy":"product_tag","embeddable":true,"href":"https:\/\/macrumo.com.pe\/paratuhogar\/wp-json\/wp\/v2\/product_tag?post=3718"},{"taxonomy":"manta","embeddable":true,"href":"https:\/\/macrumo.com.pe\/paratuhogar\/wp-json\/wp\/v2\/manta?post=3718"},{"taxonomy":"temporada","embeddable":true,"href":"https:\/\/macrumo.com.pe\/paratuhogar\/wp-json\/wp\/v2\/temporada?post=3718"},{"taxonomy":"estilo","embeddable":true,"href":"https:\/\/macrumo.com.pe\/paratuhogar\/wp-json\/wp\/v2\/estilo?post=3718"},{"taxonomy":"tamano","embeddable":true,"href":"https:\/\/macrumo.com.pe\/paratuhogar\/wp-json\/wp\/v2\/tamano?post=3718"}],"curies":[{"name":"wp","href":"https:\/\/api.w.org\/{rel}","templated":true}]}}