{"id":3616,"date":"2024-06-25T12:52:22","date_gmt":"2024-06-25T17:52:22","guid":{"rendered":"https:\/\/macrumo.com.pe\/paratuhogar\/?post_type=product&#038;p=3616"},"modified":"2026-03-18T18:22:34","modified_gmt":"2026-03-18T23:22:34","slug":"veladores-minimalista-color-vienes-set-2unid","status":"publish","type":"product","link":"https:\/\/macrumo.com.pe\/paratuhogar\/producto\/muebles-de-melamina\/veladores\/veladores-minimalista-color-vienes-set-2unid\/","title":{"rendered":"Veladores minimalista- Color Vien\u00e9s (Set 2Unid)"},"content":{"rendered":"<div>\n<p data-start=\"893\" data-end=\"1163\">\u00a1Bienvenido a <strong data-start=\"907\" data-end=\"926\">Muebles Macrumo<\/strong>!<\/p>\n<p data-start=\"893\" data-end=\"1163\"><br data-start=\"927\" data-end=\"930\" \/>Renueva tu dormitorio con el <strong data-start=\"959\" data-end=\"994\">set de 2 veladores minimalistas<\/strong> en <strong data-start=\"998\" data-end=\"1014\">color Vien\u00e9s<\/strong>, con <strong data-start=\"1020\" data-end=\"1036\">3 divisiones<\/strong> para organizar y decorar con estilo.<br data-start=\"1073\" data-end=\"1076\" \/>Fabricados en <strong data-start=\"1090\" data-end=\"1119\">melamina de 18 mm Duratex<\/strong>.<br data-start=\"1120\" data-end=\"1123\" \/><strong data-start=\"1123\" data-end=\"1135\">Medidas:<\/strong> 35 \u00d7 55 \u00d7 25 cm cada uno.<\/p>\n<\/div>\n<div><\/div>\n","protected":false},"excerpt":{"rendered":"<p data-start=\"170\" data-end=\"317\">\u00a1Bienvenido a <strong data-start=\"184\" data-end=\"203\">Muebles Macrumo<\/strong>!<br data-start=\"204\" data-end=\"207\" \/>Con 17 a\u00f1os de experiencia, creamos muebles <strong data-start=\"251\" data-end=\"277\">duraderos y de calidad<\/strong>, pensados para tu comodidad y estilo.<\/p>\n<p data-start=\"319\" data-end=\"546\">Este set de <strong data-start=\"331\" data-end=\"357\">veladores minimalistas<\/strong> ofrece un dise\u00f1o original y vers\u00e1til que se adapta a cualquier decoraci\u00f3n. Cada pieza cuenta con <strong data-start=\"455\" data-end=\"471\">3 divisiones<\/strong>, perfectas para organizar tus esenciales de noche o peque\u00f1os accesorios.<\/p>\n<p data-start=\"548\" data-end=\"688\">Fabricados en <strong data-start=\"562\" data-end=\"594\">melamina de 18 mm de espesor<\/strong> con <strong data-start=\"599\" data-end=\"635\">acabados Duratex en color Vien\u00e9s<\/strong>, garantizan resistencia y una apariencia elegante.<\/p>\n<p data-start=\"690\" data-end=\"712\"><strong data-start=\"690\" data-end=\"710\">Caracter\u00edsticas:<\/strong><\/p>\n<ul data-start=\"713\" data-end=\"848\">\n<li data-start=\"713\" data-end=\"755\">\n<p data-start=\"715\" data-end=\"755\">Tablero de 18 mm en toda la estructura<\/p>\n<\/li>\n<li data-start=\"756\" data-end=\"784\">\n<p data-start=\"758\" data-end=\"784\">Acabados en color Vien\u00e9s<\/p>\n<\/li>\n<li data-start=\"785\" data-end=\"848\">\n<p data-start=\"787\" data-end=\"848\">Medidas por velador: Ancho 35 cm x Alto 55 cm x Fondo 25 cm<\/p>\n<\/li>\n<\/ul>\n","protected":false},"featured_media":4651,"comment_status":"closed","ping_status":"closed","template":"","meta":{"site-sidebar-layout":"default","site-content-layout":"","ast-site-content-layout":"default","site-content-style":"default","site-sidebar-style":"default","ast-global-header-display":"","ast-banner-title-visibility":"","ast-main-header-display":"","ast-hfb-above-header-display":"","ast-hfb-below-header-display":"","ast-hfb-mobile-header-display":"","site-post-title":"","ast-breadcrumbs-content":"","ast-featured-img":"","footer-sml-layout":"","ast-disable-related-posts":"","theme-transparent-header-meta":"default","adv-header-id-meta":"","stick-header-meta":"default","header-above-stick-meta":"","header-main-stick-meta":"","header-below-stick-meta":"","astra-migrate-meta-layouts":"set","ast-page-background-enabled":"default","ast-page-background-meta":{"desktop":{"background-color":"var(--ast-global-color-4)","background-image":"","background-repeat":"repeat","background-position":"center center","background-size":"auto","background-attachment":"scroll","background-type":"","background-media":"","overlay-type":"","overlay-color":"","overlay-opacity":"","overlay-gradient":""},"tablet":{"background-color":"","background-image":"","background-repeat":"repeat","background-position":"center center","background-size":"auto","background-attachment":"scroll","background-type":"","background-media":"","overlay-type":"","overlay-color":"","overlay-opacity":"","overlay-gradient":""},"mobile":{"background-color":"","background-image":"","background-repeat":"repeat","background-position":"center center","background-size":"auto","background-attachment":"scroll","background-type":"","background-media":"","overlay-type":"","overlay-color":"","overlay-opacity":"","overlay-gradient":""}},"ast-content-background-meta":{"desktop":{"background-color":"var(--ast-global-color-5)","background-image":"","background-repeat":"repeat","background-position":"center center","background-size":"auto","background-attachment":"scroll","background-type":"","background-media":"","overlay-type":"","overlay-color":"","overlay-opacity":"","overlay-gradient":""},"tablet":{"background-color":"var(--ast-global-color-5)","background-image":"","background-repeat":"repeat","background-position":"center center","background-size":"auto","background-attachment":"scroll","background-type":"","background-media":"","overlay-type":"","overlay-color":"","overlay-opacity":"","overlay-gradient":""},"mobile":{"background-color":"var(--ast-global-color-5)","background-image":"","background-repeat":"repeat","background-position":"center center","background-size":"auto","background-attachment":"scroll","background-type":"","background-media":"","overlay-type":"","overlay-color":"","overlay-opacity":"","overlay-gradient":""}}},"product_brand":[],"product_cat":[18,42,43],"product_tag":[],"manta":[],"temporada":[],"estilo":[],"tamano":[],"class_list":{"0":"post-3616","1":"product","2":"type-product","3":"status-publish","4":"has-post-thumbnail","6":"product_cat-dormitorio","7":"product_cat-muebles-de-melamina","8":"product_cat-veladores","9":"desktop-align-left","10":"tablet-align-left","11":"mobile-align-left","12":"ast-product-gallery-layout-vertical-slider","13":"ast-magnify-disabled","14":"ast-product-tabs-layout-horizontal","16":"first","17":"instock","18":"sale","19":"shipping-taxable","20":"purchasable","21":"product-type-simple"},"yoast_head":"<!-- This site is optimized with the Yoast SEO Premium plugin v23.0 (Yoast SEO v27.3) - https:\/\/yoast.com\/product\/yoast-seo-premium-wordpress\/ -->\n<title>Veladores minimalista- Color Vien\u00e9s (Set 2Unid) - Macrumo<\/title>\n<meta name=\"robots\" content=\"index, follow, max-snippet:-1, max-image-preview:large, max-video-preview:-1\" \/>\n<link rel=\"canonical\" href=\"https:\/\/macrumo.com.pe\/paratuhogar\/producto\/muebles-de-melamina\/veladores\/veladores-minimalista-color-vienes-set-2unid\/\" \/>\n<meta property=\"og:locale\" content=\"es_ES\" \/>\n<meta property=\"og:type\" content=\"article\" \/>\n<meta property=\"og:title\" content=\"Veladores minimalista- Color Vien\u00e9s (Set 2Unid)\" \/>\n<meta property=\"og:description\" content=\"\u00a1Bienvenido a Muebles Macrumo!Con 17 a\u00f1os de experiencia, creamos muebles duraderos y de calidad, pensados para tu comodidad y estilo. Este set de veladores minimalistas ofrece un dise\u00f1o original y vers\u00e1til que se adapta a cualquier decoraci\u00f3n. Cada pieza cuenta con 3 divisiones, perfectas para organizar tus esenciales de noche o peque\u00f1os accesorios. Fabricados en melamina de 18 mm de espesor con acabados Duratex en color Vien\u00e9s, garantizan resistencia y una apariencia elegante. Caracter\u00edsticas:     Tablero de 18 mm en toda la estructura    Acabados en color Vien\u00e9s    Medidas por velador: Ancho 35 cm x Alto 55 cm x Fondo 25 cm\" \/>\n<meta property=\"og:url\" content=\"https:\/\/macrumo.com.pe\/paratuhogar\/producto\/muebles-de-melamina\/veladores\/veladores-minimalista-color-vienes-set-2unid\/\" \/>\n<meta property=\"og:site_name\" content=\"Macrumo\" \/>\n<meta property=\"article:publisher\" content=\"https:\/\/www.facebook.com\/Macrumo.com.pe\" \/>\n<meta property=\"article:modified_time\" content=\"2026-03-18T23:22:34+00:00\" \/>\n<meta property=\"og:image\" content=\"https:\/\/macrumo.com.pe\/paratuhogar\/wp-content\/uploads\/2024\/07\/VELADORES-MINIMALISTA-COLOR-VIENES-SET-2UNID.jpg\" \/>\n\t<meta property=\"og:image:width\" content=\"800\" \/>\n\t<meta property=\"og:image:height\" content=\"800\" \/>\n\t<meta property=\"og:image:type\" content=\"image\/jpeg\" \/>\n<meta name=\"twitter:card\" content=\"summary_large_image\" \/>\n<meta name=\"twitter:label1\" content=\"Tiempo de lectura\" \/>\n\t<meta name=\"twitter:data1\" content=\"1 minuto\" \/>\n<script type=\"application\/ld+json\" class=\"yoast-schema-graph\">{\"@context\":\"https:\\\/\\\/schema.org\",\"@graph\":[{\"@type\":\"WebPage\",\"@id\":\"https:\\\/\\\/macrumo.com.pe\\\/paratuhogar\\\/producto\\\/muebles-de-melamina\\\/veladores\\\/veladores-minimalista-color-vienes-set-2unid\\\/\",\"url\":\"https:\\\/\\\/macrumo.com.pe\\\/paratuhogar\\\/producto\\\/muebles-de-melamina\\\/veladores\\\/veladores-minimalista-color-vienes-set-2unid\\\/\",\"name\":\"Veladores minimalista- Color Vien\u00e9s (Set 2Unid) - Macrumo\",\"isPartOf\":{\"@id\":\"https:\\\/\\\/macrumo.com.pe\\\/paratuhogar\\\/#website\"},\"primaryImageOfPage\":{\"@id\":\"https:\\\/\\\/macrumo.com.pe\\\/paratuhogar\\\/producto\\\/muebles-de-melamina\\\/veladores\\\/veladores-minimalista-color-vienes-set-2unid\\\/#primaryimage\"},\"image\":{\"@id\":\"https:\\\/\\\/macrumo.com.pe\\\/paratuhogar\\\/producto\\\/muebles-de-melamina\\\/veladores\\\/veladores-minimalista-color-vienes-set-2unid\\\/#primaryimage\"},\"thumbnailUrl\":\"https:\\\/\\\/macrumo.com.pe\\\/paratuhogar\\\/wp-content\\\/uploads\\\/2024\\\/07\\\/VELADORES-MINIMALISTA-COLOR-VIENES-SET-2UNID.jpg\",\"datePublished\":\"2024-06-25T17:52:22+00:00\",\"dateModified\":\"2026-03-18T23:22:34+00:00\",\"breadcrumb\":{\"@id\":\"https:\\\/\\\/macrumo.com.pe\\\/paratuhogar\\\/producto\\\/muebles-de-melamina\\\/veladores\\\/veladores-minimalista-color-vienes-set-2unid\\\/#breadcrumb\"},\"inLanguage\":\"es\",\"potentialAction\":[{\"@type\":\"ReadAction\",\"target\":[\"https:\\\/\\\/macrumo.com.pe\\\/paratuhogar\\\/producto\\\/muebles-de-melamina\\\/veladores\\\/veladores-minimalista-color-vienes-set-2unid\\\/\"]}]},{\"@type\":\"ImageObject\",\"inLanguage\":\"es\",\"@id\":\"https:\\\/\\\/macrumo.com.pe\\\/paratuhogar\\\/producto\\\/muebles-de-melamina\\\/veladores\\\/veladores-minimalista-color-vienes-set-2unid\\\/#primaryimage\",\"url\":\"https:\\\/\\\/macrumo.com.pe\\\/paratuhogar\\\/wp-content\\\/uploads\\\/2024\\\/07\\\/VELADORES-MINIMALISTA-COLOR-VIENES-SET-2UNID.jpg\",\"contentUrl\":\"https:\\\/\\\/macrumo.com.pe\\\/paratuhogar\\\/wp-content\\\/uploads\\\/2024\\\/07\\\/VELADORES-MINIMALISTA-COLOR-VIENES-SET-2UNID.jpg\",\"width\":800,\"height\":800},{\"@type\":\"BreadcrumbList\",\"@id\":\"https:\\\/\\\/macrumo.com.pe\\\/paratuhogar\\\/producto\\\/muebles-de-melamina\\\/veladores\\\/veladores-minimalista-color-vienes-set-2unid\\\/#breadcrumb\",\"itemListElement\":[{\"@type\":\"ListItem\",\"position\":1,\"name\":\"Portada\",\"item\":\"https:\\\/\\\/macrumo.com.pe\\\/paratuhogar\\\/\"},{\"@type\":\"ListItem\",\"position\":2,\"name\":\"Tienda\",\"item\":\"https:\\\/\\\/macrumo.com.pe\\\/paratuhogar\\\/tienda\\\/\"},{\"@type\":\"ListItem\",\"position\":3,\"name\":\"Veladores minimalista- Color Vien\u00e9s (Set 2Unid)\"}]},{\"@type\":\"WebSite\",\"@id\":\"https:\\\/\\\/macrumo.com.pe\\\/paratuhogar\\\/#website\",\"url\":\"https:\\\/\\\/macrumo.com.pe\\\/paratuhogar\\\/\",\"name\":\"Macrumo\",\"description\":\"Macrumo\",\"publisher\":{\"@id\":\"https:\\\/\\\/macrumo.com.pe\\\/paratuhogar\\\/#organization\"},\"potentialAction\":[{\"@type\":\"SearchAction\",\"target\":{\"@type\":\"EntryPoint\",\"urlTemplate\":\"https:\\\/\\\/macrumo.com.pe\\\/paratuhogar\\\/?s={search_term_string}\"},\"query-input\":{\"@type\":\"PropertyValueSpecification\",\"valueRequired\":true,\"valueName\":\"search_term_string\"}}],\"inLanguage\":\"es\"},{\"@type\":\"Organization\",\"@id\":\"https:\\\/\\\/macrumo.com.pe\\\/paratuhogar\\\/#organization\",\"name\":\"Macrumo\",\"url\":\"https:\\\/\\\/macrumo.com.pe\\\/paratuhogar\\\/\",\"logo\":{\"@type\":\"ImageObject\",\"inLanguage\":\"es\",\"@id\":\"https:\\\/\\\/macrumo.com.pe\\\/paratuhogar\\\/#\\\/schema\\\/logo\\\/image\\\/\",\"url\":\"https:\\\/\\\/macrumo.com.pe\\\/paratuhogar\\\/wp-content\\\/uploads\\\/2023\\\/02\\\/Macrumo_logo.png\",\"contentUrl\":\"https:\\\/\\\/macrumo.com.pe\\\/paratuhogar\\\/wp-content\\\/uploads\\\/2023\\\/02\\\/Macrumo_logo.png\",\"width\":500,\"height\":148,\"caption\":\"Macrumo\"},\"image\":{\"@id\":\"https:\\\/\\\/macrumo.com.pe\\\/paratuhogar\\\/#\\\/schema\\\/logo\\\/image\\\/\"},\"sameAs\":[\"https:\\\/\\\/www.facebook.com\\\/Macrumo.com.pe\",\"https:\\\/\\\/www.instagram.com\\\/muebles.macrumo\\\/\",\"https:\\\/\\\/www.tiktok.com\\\/@muebles.macrumo\"]}]}<\/script>\n<!-- \/ Yoast SEO Premium plugin. -->","yoast_head_json":{"title":"Veladores minimalista- Color Vien\u00e9s (Set 2Unid) - Macrumo","robots":{"index":"index","follow":"follow","max-snippet":"max-snippet:-1","max-image-preview":"max-image-preview:large","max-video-preview":"max-video-preview:-1"},"canonical":"https:\/\/macrumo.com.pe\/paratuhogar\/producto\/muebles-de-melamina\/veladores\/veladores-minimalista-color-vienes-set-2unid\/","og_locale":"es_ES","og_type":"article","og_title":"Veladores minimalista- Color Vien\u00e9s (Set 2Unid)","og_description":"\u00a1Bienvenido a Muebles Macrumo!Con 17 a\u00f1os de experiencia, creamos muebles duraderos y de calidad, pensados para tu comodidad y estilo. Este set de veladores minimalistas ofrece un dise\u00f1o original y vers\u00e1til que se adapta a cualquier decoraci\u00f3n. Cada pieza cuenta con 3 divisiones, perfectas para organizar tus esenciales de noche o peque\u00f1os accesorios. Fabricados en melamina de 18 mm de espesor con acabados Duratex en color Vien\u00e9s, garantizan resistencia y una apariencia elegante. Caracter\u00edsticas:     Tablero de 18 mm en toda la estructura    Acabados en color Vien\u00e9s    Medidas por velador: Ancho 35 cm x Alto 55 cm x Fondo 25 cm","og_url":"https:\/\/macrumo.com.pe\/paratuhogar\/producto\/muebles-de-melamina\/veladores\/veladores-minimalista-color-vienes-set-2unid\/","og_site_name":"Macrumo","article_publisher":"https:\/\/www.facebook.com\/Macrumo.com.pe","article_modified_time":"2026-03-18T23:22:34+00:00","og_image":[{"width":800,"height":800,"url":"https:\/\/macrumo.com.pe\/paratuhogar\/wp-content\/uploads\/2024\/07\/VELADORES-MINIMALISTA-COLOR-VIENES-SET-2UNID.jpg","type":"image\/jpeg"}],"twitter_card":"summary_large_image","twitter_misc":{"Tiempo de lectura":"1 minuto"},"schema":{"@context":"https:\/\/schema.org","@graph":[{"@type":"WebPage","@id":"https:\/\/macrumo.com.pe\/paratuhogar\/producto\/muebles-de-melamina\/veladores\/veladores-minimalista-color-vienes-set-2unid\/","url":"https:\/\/macrumo.com.pe\/paratuhogar\/producto\/muebles-de-melamina\/veladores\/veladores-minimalista-color-vienes-set-2unid\/","name":"Veladores minimalista- Color Vien\u00e9s (Set 2Unid) - Macrumo","isPartOf":{"@id":"https:\/\/macrumo.com.pe\/paratuhogar\/#website"},"primaryImageOfPage":{"@id":"https:\/\/macrumo.com.pe\/paratuhogar\/producto\/muebles-de-melamina\/veladores\/veladores-minimalista-color-vienes-set-2unid\/#primaryimage"},"image":{"@id":"https:\/\/macrumo.com.pe\/paratuhogar\/producto\/muebles-de-melamina\/veladores\/veladores-minimalista-color-vienes-set-2unid\/#primaryimage"},"thumbnailUrl":"https:\/\/macrumo.com.pe\/paratuhogar\/wp-content\/uploads\/2024\/07\/VELADORES-MINIMALISTA-COLOR-VIENES-SET-2UNID.jpg","datePublished":"2024-06-25T17:52:22+00:00","dateModified":"2026-03-18T23:22:34+00:00","breadcrumb":{"@id":"https:\/\/macrumo.com.pe\/paratuhogar\/producto\/muebles-de-melamina\/veladores\/veladores-minimalista-color-vienes-set-2unid\/#breadcrumb"},"inLanguage":"es","potentialAction":[{"@type":"ReadAction","target":["https:\/\/macrumo.com.pe\/paratuhogar\/producto\/muebles-de-melamina\/veladores\/veladores-minimalista-color-vienes-set-2unid\/"]}]},{"@type":"ImageObject","inLanguage":"es","@id":"https:\/\/macrumo.com.pe\/paratuhogar\/producto\/muebles-de-melamina\/veladores\/veladores-minimalista-color-vienes-set-2unid\/#primaryimage","url":"https:\/\/macrumo.com.pe\/paratuhogar\/wp-content\/uploads\/2024\/07\/VELADORES-MINIMALISTA-COLOR-VIENES-SET-2UNID.jpg","contentUrl":"https:\/\/macrumo.com.pe\/paratuhogar\/wp-content\/uploads\/2024\/07\/VELADORES-MINIMALISTA-COLOR-VIENES-SET-2UNID.jpg","width":800,"height":800},{"@type":"BreadcrumbList","@id":"https:\/\/macrumo.com.pe\/paratuhogar\/producto\/muebles-de-melamina\/veladores\/veladores-minimalista-color-vienes-set-2unid\/#breadcrumb","itemListElement":[{"@type":"ListItem","position":1,"name":"Portada","item":"https:\/\/macrumo.com.pe\/paratuhogar\/"},{"@type":"ListItem","position":2,"name":"Tienda","item":"https:\/\/macrumo.com.pe\/paratuhogar\/tienda\/"},{"@type":"ListItem","position":3,"name":"Veladores minimalista- Color Vien\u00e9s (Set 2Unid)"}]},{"@type":"WebSite","@id":"https:\/\/macrumo.com.pe\/paratuhogar\/#website","url":"https:\/\/macrumo.com.pe\/paratuhogar\/","name":"Macrumo","description":"Macrumo","publisher":{"@id":"https:\/\/macrumo.com.pe\/paratuhogar\/#organization"},"potentialAction":[{"@type":"SearchAction","target":{"@type":"EntryPoint","urlTemplate":"https:\/\/macrumo.com.pe\/paratuhogar\/?s={search_term_string}"},"query-input":{"@type":"PropertyValueSpecification","valueRequired":true,"valueName":"search_term_string"}}],"inLanguage":"es"},{"@type":"Organization","@id":"https:\/\/macrumo.com.pe\/paratuhogar\/#organization","name":"Macrumo","url":"https:\/\/macrumo.com.pe\/paratuhogar\/","logo":{"@type":"ImageObject","inLanguage":"es","@id":"https:\/\/macrumo.com.pe\/paratuhogar\/#\/schema\/logo\/image\/","url":"https:\/\/macrumo.com.pe\/paratuhogar\/wp-content\/uploads\/2023\/02\/Macrumo_logo.png","contentUrl":"https:\/\/macrumo.com.pe\/paratuhogar\/wp-content\/uploads\/2023\/02\/Macrumo_logo.png","width":500,"height":148,"caption":"Macrumo"},"image":{"@id":"https:\/\/macrumo.com.pe\/paratuhogar\/#\/schema\/logo\/image\/"},"sameAs":["https:\/\/www.facebook.com\/Macrumo.com.pe","https:\/\/www.instagram.com\/muebles.macrumo\/","https:\/\/www.tiktok.com\/@muebles.macrumo"]}]}},"_links":{"self":[{"href":"https:\/\/macrumo.com.pe\/paratuhogar\/wp-json\/wp\/v2\/product\/3616","targetHints":{"allow":["GET"]}}],"collection":[{"href":"https:\/\/macrumo.com.pe\/paratuhogar\/wp-json\/wp\/v2\/product"}],"about":[{"href":"https:\/\/macrumo.com.pe\/paratuhogar\/wp-json\/wp\/v2\/types\/product"}],"replies":[{"embeddable":true,"href":"https:\/\/macrumo.com.pe\/paratuhogar\/wp-json\/wp\/v2\/comments?post=3616"}],"wp:featuredmedia":[{"embeddable":true,"href":"https:\/\/macrumo.com.pe\/paratuhogar\/wp-json\/wp\/v2\/media\/4651"}],"wp:attachment":[{"href":"https:\/\/macrumo.com.pe\/paratuhogar\/wp-json\/wp\/v2\/media?parent=3616"}],"wp:term":[{"taxonomy":"product_brand","embeddable":true,"href":"https:\/\/macrumo.com.pe\/paratuhogar\/wp-json\/wp\/v2\/product_brand?post=3616"},{"taxonomy":"product_cat","embeddable":true,"href":"https:\/\/macrumo.com.pe\/paratuhogar\/wp-json\/wp\/v2\/product_cat?post=3616"},{"taxonomy":"product_tag","embeddable":true,"href":"https:\/\/macrumo.com.pe\/paratuhogar\/wp-json\/wp\/v2\/product_tag?post=3616"},{"taxonomy":"manta","embeddable":true,"href":"https:\/\/macrumo.com.pe\/paratuhogar\/wp-json\/wp\/v2\/manta?post=3616"},{"taxonomy":"temporada","embeddable":true,"href":"https:\/\/macrumo.com.pe\/paratuhogar\/wp-json\/wp\/v2\/temporada?post=3616"},{"taxonomy":"estilo","embeddable":true,"href":"https:\/\/macrumo.com.pe\/paratuhogar\/wp-json\/wp\/v2\/estilo?post=3616"},{"taxonomy":"tamano","embeddable":true,"href":"https:\/\/macrumo.com.pe\/paratuhogar\/wp-json\/wp\/v2\/tamano?post=3616"}],"curies":[{"name":"wp","href":"https:\/\/api.w.org\/{rel}","templated":true}]}}