{"id":3584,"date":"2024-06-24T17:05:11","date_gmt":"2024-06-24T22:05:11","guid":{"rendered":"https:\/\/macrumo.com.pe\/paratuhogar\/?post_type=product&#038;p=3584"},"modified":"2026-03-18T18:22:34","modified_gmt":"2026-03-18T23:22:34","slug":"zapatera-moderna-vertical-50cm-color-chantilli","status":"publish","type":"product","link":"https:\/\/macrumo.com.pe\/paratuhogar\/producto\/muebles-de-melamina\/zapateras\/zapatera-moderna-vertical-50cm-color-chantilli\/","title":{"rendered":"Zapatera moderna vertical 50cm- color Chantill\u00ed"},"content":{"rendered":"<div>\n<p data-start=\"967\" data-end=\"1199\">\u00a1Bienvenido a <strong data-start=\"981\" data-end=\"1000\">Muebles Macrumo<\/strong>!<\/p>\n<p data-start=\"967\" data-end=\"1199\"><br data-start=\"1001\" data-end=\"1004\" \/>Mant\u00e9n tu calzado en orden con la <strong data-start=\"1038\" data-end=\"1067\">zapatera moderna vertical<\/strong> de <strong data-start=\"1071\" data-end=\"1087\">8 divisiones<\/strong>, fabricada en <strong data-start=\"1102\" data-end=\"1131\">melamina de 18 mm Duratex<\/strong> en elegante <strong data-start=\"1144\" data-end=\"1163\">color Chantill\u00ed<\/strong>.<br data-start=\"1164\" data-end=\"1167\" \/><strong data-start=\"1167\" data-end=\"1179\">Medidas:<\/strong> 50 \u00d7 120 \u00d7 35 cm.<\/p>\n<\/div>\n<div><\/div>\n<div><\/div>\n","protected":false},"excerpt":{"rendered":"<div>\n<p data-start=\"163\" data-end=\"334\">\u00a1Bienvenido a <strong data-start=\"177\" data-end=\"196\">Muebles Macrumo<\/strong>!<br data-start=\"197\" data-end=\"200\" \/>Con 17 a\u00f1os de experiencia, dise\u00f1amos muebles de <strong data-start=\"249\" data-end=\"277\">calidad y larga duraci\u00f3n<\/strong>, ideales para mantener tu hogar ordenado y con estilo.<\/p>\n<p data-start=\"336\" data-end=\"664\">Nuestra <strong data-start=\"344\" data-end=\"373\">zapatera moderna vertical<\/strong> de <strong data-start=\"377\" data-end=\"393\">8 divisiones<\/strong> es perfecta para organizar zapatos y accesorios de forma pr\u00e1ctica y elegante. Fabricada en <strong data-start=\"485\" data-end=\"517\">melamina de 18 mm de espesor<\/strong> con <strong data-start=\"522\" data-end=\"561\">acabados Duratex en color Chantill\u00ed<\/strong>, combina <strong data-start=\"571\" data-end=\"627\">resistencia, funcionalidad y un dise\u00f1o contempor\u00e1neo<\/strong> que se adapta a cualquier espacio.<\/p>\n<p data-start=\"666\" data-end=\"688\"><strong data-start=\"666\" data-end=\"686\">Caracter\u00edsticas:<\/strong><\/p>\n<ul data-start=\"689\" data-end=\"816\">\n<li data-start=\"689\" data-end=\"731\">\n<p data-start=\"691\" data-end=\"731\">Tablero de 18 mm en toda la estructura<\/p>\n<\/li>\n<li data-start=\"732\" data-end=\"763\">\n<p data-start=\"734\" data-end=\"763\">Acabados en color Chantill\u00ed<\/p>\n<\/li>\n<li data-start=\"764\" data-end=\"816\">\n<p data-start=\"766\" data-end=\"816\">Medidas: Ancho 50 cm \u00d7 Alto 120 cm \u00d7 Fondo 35 cm<\/p>\n<\/li>\n<\/ul>\n<p data-start=\"818\" data-end=\"922\">Ideal para dormitorios, vestidores o recibidores donde se necesite almacenamiento vertical y elegante.<\/p>\n<\/div>\n<div><\/div>\n","protected":false},"featured_media":4658,"comment_status":"closed","ping_status":"closed","template":"","meta":{"site-sidebar-layout":"default","site-content-layout":"","ast-site-content-layout":"default","site-content-style":"default","site-sidebar-style":"default","ast-global-header-display":"","ast-banner-title-visibility":"","ast-main-header-display":"","ast-hfb-above-header-display":"","ast-hfb-below-header-display":"","ast-hfb-mobile-header-display":"","site-post-title":"","ast-breadcrumbs-content":"","ast-featured-img":"","footer-sml-layout":"","ast-disable-related-posts":"","theme-transparent-header-meta":"default","adv-header-id-meta":"","stick-header-meta":"default","header-above-stick-meta":"","header-main-stick-meta":"","header-below-stick-meta":"","astra-migrate-meta-layouts":"set","ast-page-background-enabled":"default","ast-page-background-meta":{"desktop":{"background-color":"var(--ast-global-color-4)","background-image":"","background-repeat":"repeat","background-position":"center center","background-size":"auto","background-attachment":"scroll","background-type":"","background-media":"","overlay-type":"","overlay-color":"","overlay-opacity":"","overlay-gradient":""},"tablet":{"background-color":"","background-image":"","background-repeat":"repeat","background-position":"center center","background-size":"auto","background-attachment":"scroll","background-type":"","background-media":"","overlay-type":"","overlay-color":"","overlay-opacity":"","overlay-gradient":""},"mobile":{"background-color":"","background-image":"","background-repeat":"repeat","background-position":"center center","background-size":"auto","background-attachment":"scroll","background-type":"","background-media":"","overlay-type":"","overlay-color":"","overlay-opacity":"","overlay-gradient":""}},"ast-content-background-meta":{"desktop":{"background-color":"var(--ast-global-color-5)","background-image":"","background-repeat":"repeat","background-position":"center center","background-size":"auto","background-attachment":"scroll","background-type":"","background-media":"","overlay-type":"","overlay-color":"","overlay-opacity":"","overlay-gradient":""},"tablet":{"background-color":"var(--ast-global-color-5)","background-image":"","background-repeat":"repeat","background-position":"center center","background-size":"auto","background-attachment":"scroll","background-type":"","background-media":"","overlay-type":"","overlay-color":"","overlay-opacity":"","overlay-gradient":""},"mobile":{"background-color":"var(--ast-global-color-5)","background-image":"","background-repeat":"repeat","background-position":"center center","background-size":"auto","background-attachment":"scroll","background-type":"","background-media":"","overlay-type":"","overlay-color":"","overlay-opacity":"","overlay-gradient":""}}},"product_brand":[],"product_cat":[18,42,100],"product_tag":[],"manta":[],"temporada":[],"estilo":[],"tamano":[],"class_list":{"0":"post-3584","1":"product","2":"type-product","3":"status-publish","4":"has-post-thumbnail","6":"product_cat-dormitorio","7":"product_cat-muebles-de-melamina","8":"product_cat-zapateras","9":"desktop-align-left","10":"tablet-align-left","11":"mobile-align-left","12":"ast-product-gallery-layout-vertical-slider","13":"ast-magnify-disabled","14":"ast-product-tabs-layout-horizontal","16":"first","17":"instock","18":"sale","19":"shipping-taxable","20":"purchasable","21":"product-type-simple"},"yoast_head":"<!-- This site is optimized with the Yoast SEO Premium plugin v23.0 (Yoast SEO v27.3) - https:\/\/yoast.com\/product\/yoast-seo-premium-wordpress\/ -->\n<title>Zapatera moderna vertical 50cm- color Chantill\u00ed - Macrumo<\/title>\n<meta name=\"robots\" content=\"index, follow, max-snippet:-1, max-image-preview:large, max-video-preview:-1\" \/>\n<link rel=\"canonical\" href=\"https:\/\/macrumo.com.pe\/paratuhogar\/producto\/muebles-de-melamina\/zapateras\/zapatera-moderna-vertical-50cm-color-chantilli\/\" \/>\n<meta property=\"og:locale\" content=\"es_ES\" \/>\n<meta property=\"og:type\" content=\"article\" \/>\n<meta property=\"og:title\" content=\"Zapatera moderna vertical 50cm- color Chantill\u00ed\" \/>\n<meta property=\"og:description\" content=\"\u00a1Bienvenido a Muebles Macrumo!Con 17 a\u00f1os de experiencia, dise\u00f1amos muebles de calidad y larga duraci\u00f3n, ideales para mantener tu hogar ordenado y con estilo. Nuestra zapatera moderna vertical de 8 divisiones es perfecta para organizar zapatos y accesorios de forma pr\u00e1ctica y elegante. Fabricada en melamina de 18 mm de espesor con acabados Duratex en color Chantill\u00ed, combina resistencia, funcionalidad y un dise\u00f1o contempor\u00e1neo que se adapta a cualquier espacio. Caracter\u00edsticas:     Tablero de 18 mm en toda la estructura    Acabados en color Chantill\u00ed    Medidas: Ancho 50 cm \u00d7 Alto 120 cm \u00d7 Fondo 35 cm   Ideal para dormitorios, vestidores o recibidores donde se necesite almacenamiento vertical y elegante.\" \/>\n<meta property=\"og:url\" content=\"https:\/\/macrumo.com.pe\/paratuhogar\/producto\/muebles-de-melamina\/zapateras\/zapatera-moderna-vertical-50cm-color-chantilli\/\" \/>\n<meta property=\"og:site_name\" content=\"Macrumo\" \/>\n<meta property=\"article:publisher\" content=\"https:\/\/www.facebook.com\/Macrumo.com.pe\" \/>\n<meta property=\"article:modified_time\" content=\"2026-03-18T23:22:34+00:00\" \/>\n<meta property=\"og:image\" content=\"https:\/\/macrumo.com.pe\/paratuhogar\/wp-content\/uploads\/2024\/07\/ZAPATERA-MODERNA-VERTICAL-50CM-COLOR-CHANTILLI.jpg\" \/>\n\t<meta property=\"og:image:width\" content=\"800\" \/>\n\t<meta property=\"og:image:height\" content=\"800\" \/>\n\t<meta property=\"og:image:type\" content=\"image\/jpeg\" \/>\n<meta name=\"twitter:card\" content=\"summary_large_image\" \/>\n<meta name=\"twitter:label1\" content=\"Tiempo de lectura\" \/>\n\t<meta name=\"twitter:data1\" content=\"1 minuto\" \/>\n<script type=\"application\/ld+json\" class=\"yoast-schema-graph\">{\"@context\":\"https:\\\/\\\/schema.org\",\"@graph\":[{\"@type\":\"WebPage\",\"@id\":\"https:\\\/\\\/macrumo.com.pe\\\/paratuhogar\\\/producto\\\/muebles-de-melamina\\\/zapateras\\\/zapatera-moderna-vertical-50cm-color-chantilli\\\/\",\"url\":\"https:\\\/\\\/macrumo.com.pe\\\/paratuhogar\\\/producto\\\/muebles-de-melamina\\\/zapateras\\\/zapatera-moderna-vertical-50cm-color-chantilli\\\/\",\"name\":\"Zapatera moderna vertical 50cm- color Chantill\u00ed - Macrumo\",\"isPartOf\":{\"@id\":\"https:\\\/\\\/macrumo.com.pe\\\/paratuhogar\\\/#website\"},\"primaryImageOfPage\":{\"@id\":\"https:\\\/\\\/macrumo.com.pe\\\/paratuhogar\\\/producto\\\/muebles-de-melamina\\\/zapateras\\\/zapatera-moderna-vertical-50cm-color-chantilli\\\/#primaryimage\"},\"image\":{\"@id\":\"https:\\\/\\\/macrumo.com.pe\\\/paratuhogar\\\/producto\\\/muebles-de-melamina\\\/zapateras\\\/zapatera-moderna-vertical-50cm-color-chantilli\\\/#primaryimage\"},\"thumbnailUrl\":\"https:\\\/\\\/macrumo.com.pe\\\/paratuhogar\\\/wp-content\\\/uploads\\\/2024\\\/07\\\/ZAPATERA-MODERNA-VERTICAL-50CM-COLOR-CHANTILLI.jpg\",\"datePublished\":\"2024-06-24T22:05:11+00:00\",\"dateModified\":\"2026-03-18T23:22:34+00:00\",\"breadcrumb\":{\"@id\":\"https:\\\/\\\/macrumo.com.pe\\\/paratuhogar\\\/producto\\\/muebles-de-melamina\\\/zapateras\\\/zapatera-moderna-vertical-50cm-color-chantilli\\\/#breadcrumb\"},\"inLanguage\":\"es\",\"potentialAction\":[{\"@type\":\"ReadAction\",\"target\":[\"https:\\\/\\\/macrumo.com.pe\\\/paratuhogar\\\/producto\\\/muebles-de-melamina\\\/zapateras\\\/zapatera-moderna-vertical-50cm-color-chantilli\\\/\"]}]},{\"@type\":\"ImageObject\",\"inLanguage\":\"es\",\"@id\":\"https:\\\/\\\/macrumo.com.pe\\\/paratuhogar\\\/producto\\\/muebles-de-melamina\\\/zapateras\\\/zapatera-moderna-vertical-50cm-color-chantilli\\\/#primaryimage\",\"url\":\"https:\\\/\\\/macrumo.com.pe\\\/paratuhogar\\\/wp-content\\\/uploads\\\/2024\\\/07\\\/ZAPATERA-MODERNA-VERTICAL-50CM-COLOR-CHANTILLI.jpg\",\"contentUrl\":\"https:\\\/\\\/macrumo.com.pe\\\/paratuhogar\\\/wp-content\\\/uploads\\\/2024\\\/07\\\/ZAPATERA-MODERNA-VERTICAL-50CM-COLOR-CHANTILLI.jpg\",\"width\":800,\"height\":800},{\"@type\":\"BreadcrumbList\",\"@id\":\"https:\\\/\\\/macrumo.com.pe\\\/paratuhogar\\\/producto\\\/muebles-de-melamina\\\/zapateras\\\/zapatera-moderna-vertical-50cm-color-chantilli\\\/#breadcrumb\",\"itemListElement\":[{\"@type\":\"ListItem\",\"position\":1,\"name\":\"Portada\",\"item\":\"https:\\\/\\\/macrumo.com.pe\\\/paratuhogar\\\/\"},{\"@type\":\"ListItem\",\"position\":2,\"name\":\"Tienda\",\"item\":\"https:\\\/\\\/macrumo.com.pe\\\/paratuhogar\\\/tienda\\\/\"},{\"@type\":\"ListItem\",\"position\":3,\"name\":\"Zapatera moderna vertical 50cm- color Chantill\u00ed\"}]},{\"@type\":\"WebSite\",\"@id\":\"https:\\\/\\\/macrumo.com.pe\\\/paratuhogar\\\/#website\",\"url\":\"https:\\\/\\\/macrumo.com.pe\\\/paratuhogar\\\/\",\"name\":\"Macrumo\",\"description\":\"Macrumo\",\"publisher\":{\"@id\":\"https:\\\/\\\/macrumo.com.pe\\\/paratuhogar\\\/#organization\"},\"potentialAction\":[{\"@type\":\"SearchAction\",\"target\":{\"@type\":\"EntryPoint\",\"urlTemplate\":\"https:\\\/\\\/macrumo.com.pe\\\/paratuhogar\\\/?s={search_term_string}\"},\"query-input\":{\"@type\":\"PropertyValueSpecification\",\"valueRequired\":true,\"valueName\":\"search_term_string\"}}],\"inLanguage\":\"es\"},{\"@type\":\"Organization\",\"@id\":\"https:\\\/\\\/macrumo.com.pe\\\/paratuhogar\\\/#organization\",\"name\":\"Macrumo\",\"url\":\"https:\\\/\\\/macrumo.com.pe\\\/paratuhogar\\\/\",\"logo\":{\"@type\":\"ImageObject\",\"inLanguage\":\"es\",\"@id\":\"https:\\\/\\\/macrumo.com.pe\\\/paratuhogar\\\/#\\\/schema\\\/logo\\\/image\\\/\",\"url\":\"https:\\\/\\\/macrumo.com.pe\\\/paratuhogar\\\/wp-content\\\/uploads\\\/2023\\\/02\\\/Macrumo_logo.png\",\"contentUrl\":\"https:\\\/\\\/macrumo.com.pe\\\/paratuhogar\\\/wp-content\\\/uploads\\\/2023\\\/02\\\/Macrumo_logo.png\",\"width\":500,\"height\":148,\"caption\":\"Macrumo\"},\"image\":{\"@id\":\"https:\\\/\\\/macrumo.com.pe\\\/paratuhogar\\\/#\\\/schema\\\/logo\\\/image\\\/\"},\"sameAs\":[\"https:\\\/\\\/www.facebook.com\\\/Macrumo.com.pe\",\"https:\\\/\\\/www.instagram.com\\\/muebles.macrumo\\\/\",\"https:\\\/\\\/www.tiktok.com\\\/@muebles.macrumo\"]}]}<\/script>\n<!-- \/ Yoast SEO Premium plugin. -->","yoast_head_json":{"title":"Zapatera moderna vertical 50cm- color Chantill\u00ed - Macrumo","robots":{"index":"index","follow":"follow","max-snippet":"max-snippet:-1","max-image-preview":"max-image-preview:large","max-video-preview":"max-video-preview:-1"},"canonical":"https:\/\/macrumo.com.pe\/paratuhogar\/producto\/muebles-de-melamina\/zapateras\/zapatera-moderna-vertical-50cm-color-chantilli\/","og_locale":"es_ES","og_type":"article","og_title":"Zapatera moderna vertical 50cm- color Chantill\u00ed","og_description":"\u00a1Bienvenido a Muebles Macrumo!Con 17 a\u00f1os de experiencia, dise\u00f1amos muebles de calidad y larga duraci\u00f3n, ideales para mantener tu hogar ordenado y con estilo. Nuestra zapatera moderna vertical de 8 divisiones es perfecta para organizar zapatos y accesorios de forma pr\u00e1ctica y elegante. Fabricada en melamina de 18 mm de espesor con acabados Duratex en color Chantill\u00ed, combina resistencia, funcionalidad y un dise\u00f1o contempor\u00e1neo que se adapta a cualquier espacio. Caracter\u00edsticas:     Tablero de 18 mm en toda la estructura    Acabados en color Chantill\u00ed    Medidas: Ancho 50 cm \u00d7 Alto 120 cm \u00d7 Fondo 35 cm   Ideal para dormitorios, vestidores o recibidores donde se necesite almacenamiento vertical y elegante.","og_url":"https:\/\/macrumo.com.pe\/paratuhogar\/producto\/muebles-de-melamina\/zapateras\/zapatera-moderna-vertical-50cm-color-chantilli\/","og_site_name":"Macrumo","article_publisher":"https:\/\/www.facebook.com\/Macrumo.com.pe","article_modified_time":"2026-03-18T23:22:34+00:00","og_image":[{"width":800,"height":800,"url":"https:\/\/macrumo.com.pe\/paratuhogar\/wp-content\/uploads\/2024\/07\/ZAPATERA-MODERNA-VERTICAL-50CM-COLOR-CHANTILLI.jpg","type":"image\/jpeg"}],"twitter_card":"summary_large_image","twitter_misc":{"Tiempo de lectura":"1 minuto"},"schema":{"@context":"https:\/\/schema.org","@graph":[{"@type":"WebPage","@id":"https:\/\/macrumo.com.pe\/paratuhogar\/producto\/muebles-de-melamina\/zapateras\/zapatera-moderna-vertical-50cm-color-chantilli\/","url":"https:\/\/macrumo.com.pe\/paratuhogar\/producto\/muebles-de-melamina\/zapateras\/zapatera-moderna-vertical-50cm-color-chantilli\/","name":"Zapatera moderna vertical 50cm- color Chantill\u00ed - Macrumo","isPartOf":{"@id":"https:\/\/macrumo.com.pe\/paratuhogar\/#website"},"primaryImageOfPage":{"@id":"https:\/\/macrumo.com.pe\/paratuhogar\/producto\/muebles-de-melamina\/zapateras\/zapatera-moderna-vertical-50cm-color-chantilli\/#primaryimage"},"image":{"@id":"https:\/\/macrumo.com.pe\/paratuhogar\/producto\/muebles-de-melamina\/zapateras\/zapatera-moderna-vertical-50cm-color-chantilli\/#primaryimage"},"thumbnailUrl":"https:\/\/macrumo.com.pe\/paratuhogar\/wp-content\/uploads\/2024\/07\/ZAPATERA-MODERNA-VERTICAL-50CM-COLOR-CHANTILLI.jpg","datePublished":"2024-06-24T22:05:11+00:00","dateModified":"2026-03-18T23:22:34+00:00","breadcrumb":{"@id":"https:\/\/macrumo.com.pe\/paratuhogar\/producto\/muebles-de-melamina\/zapateras\/zapatera-moderna-vertical-50cm-color-chantilli\/#breadcrumb"},"inLanguage":"es","potentialAction":[{"@type":"ReadAction","target":["https:\/\/macrumo.com.pe\/paratuhogar\/producto\/muebles-de-melamina\/zapateras\/zapatera-moderna-vertical-50cm-color-chantilli\/"]}]},{"@type":"ImageObject","inLanguage":"es","@id":"https:\/\/macrumo.com.pe\/paratuhogar\/producto\/muebles-de-melamina\/zapateras\/zapatera-moderna-vertical-50cm-color-chantilli\/#primaryimage","url":"https:\/\/macrumo.com.pe\/paratuhogar\/wp-content\/uploads\/2024\/07\/ZAPATERA-MODERNA-VERTICAL-50CM-COLOR-CHANTILLI.jpg","contentUrl":"https:\/\/macrumo.com.pe\/paratuhogar\/wp-content\/uploads\/2024\/07\/ZAPATERA-MODERNA-VERTICAL-50CM-COLOR-CHANTILLI.jpg","width":800,"height":800},{"@type":"BreadcrumbList","@id":"https:\/\/macrumo.com.pe\/paratuhogar\/producto\/muebles-de-melamina\/zapateras\/zapatera-moderna-vertical-50cm-color-chantilli\/#breadcrumb","itemListElement":[{"@type":"ListItem","position":1,"name":"Portada","item":"https:\/\/macrumo.com.pe\/paratuhogar\/"},{"@type":"ListItem","position":2,"name":"Tienda","item":"https:\/\/macrumo.com.pe\/paratuhogar\/tienda\/"},{"@type":"ListItem","position":3,"name":"Zapatera moderna vertical 50cm- color Chantill\u00ed"}]},{"@type":"WebSite","@id":"https:\/\/macrumo.com.pe\/paratuhogar\/#website","url":"https:\/\/macrumo.com.pe\/paratuhogar\/","name":"Macrumo","description":"Macrumo","publisher":{"@id":"https:\/\/macrumo.com.pe\/paratuhogar\/#organization"},"potentialAction":[{"@type":"SearchAction","target":{"@type":"EntryPoint","urlTemplate":"https:\/\/macrumo.com.pe\/paratuhogar\/?s={search_term_string}"},"query-input":{"@type":"PropertyValueSpecification","valueRequired":true,"valueName":"search_term_string"}}],"inLanguage":"es"},{"@type":"Organization","@id":"https:\/\/macrumo.com.pe\/paratuhogar\/#organization","name":"Macrumo","url":"https:\/\/macrumo.com.pe\/paratuhogar\/","logo":{"@type":"ImageObject","inLanguage":"es","@id":"https:\/\/macrumo.com.pe\/paratuhogar\/#\/schema\/logo\/image\/","url":"https:\/\/macrumo.com.pe\/paratuhogar\/wp-content\/uploads\/2023\/02\/Macrumo_logo.png","contentUrl":"https:\/\/macrumo.com.pe\/paratuhogar\/wp-content\/uploads\/2023\/02\/Macrumo_logo.png","width":500,"height":148,"caption":"Macrumo"},"image":{"@id":"https:\/\/macrumo.com.pe\/paratuhogar\/#\/schema\/logo\/image\/"},"sameAs":["https:\/\/www.facebook.com\/Macrumo.com.pe","https:\/\/www.instagram.com\/muebles.macrumo\/","https:\/\/www.tiktok.com\/@muebles.macrumo"]}]}},"_links":{"self":[{"href":"https:\/\/macrumo.com.pe\/paratuhogar\/wp-json\/wp\/v2\/product\/3584","targetHints":{"allow":["GET"]}}],"collection":[{"href":"https:\/\/macrumo.com.pe\/paratuhogar\/wp-json\/wp\/v2\/product"}],"about":[{"href":"https:\/\/macrumo.com.pe\/paratuhogar\/wp-json\/wp\/v2\/types\/product"}],"replies":[{"embeddable":true,"href":"https:\/\/macrumo.com.pe\/paratuhogar\/wp-json\/wp\/v2\/comments?post=3584"}],"wp:featuredmedia":[{"embeddable":true,"href":"https:\/\/macrumo.com.pe\/paratuhogar\/wp-json\/wp\/v2\/media\/4658"}],"wp:attachment":[{"href":"https:\/\/macrumo.com.pe\/paratuhogar\/wp-json\/wp\/v2\/media?parent=3584"}],"wp:term":[{"taxonomy":"product_brand","embeddable":true,"href":"https:\/\/macrumo.com.pe\/paratuhogar\/wp-json\/wp\/v2\/product_brand?post=3584"},{"taxonomy":"product_cat","embeddable":true,"href":"https:\/\/macrumo.com.pe\/paratuhogar\/wp-json\/wp\/v2\/product_cat?post=3584"},{"taxonomy":"product_tag","embeddable":true,"href":"https:\/\/macrumo.com.pe\/paratuhogar\/wp-json\/wp\/v2\/product_tag?post=3584"},{"taxonomy":"manta","embeddable":true,"href":"https:\/\/macrumo.com.pe\/paratuhogar\/wp-json\/wp\/v2\/manta?post=3584"},{"taxonomy":"temporada","embeddable":true,"href":"https:\/\/macrumo.com.pe\/paratuhogar\/wp-json\/wp\/v2\/temporada?post=3584"},{"taxonomy":"estilo","embeddable":true,"href":"https:\/\/macrumo.com.pe\/paratuhogar\/wp-json\/wp\/v2\/estilo?post=3584"},{"taxonomy":"tamano","embeddable":true,"href":"https:\/\/macrumo.com.pe\/paratuhogar\/wp-json\/wp\/v2\/tamano?post=3584"}],"curies":[{"name":"wp","href":"https:\/\/api.w.org\/{rel}","templated":true}]}}