{"id":3580,"date":"2024-06-24T16:53:36","date_gmt":"2024-06-24T21:53:36","guid":{"rendered":"https:\/\/macrumo.com.pe\/paratuhogar\/?post_type=product&#038;p=3580"},"modified":"2026-03-18T18:22:34","modified_gmt":"2026-03-18T23:22:34","slug":"zapatera-multifuncional-con-puertas-abatibles-color-vienes","status":"publish","type":"product","link":"https:\/\/macrumo.com.pe\/paratuhogar\/producto\/muebles-de-melamina\/zapateras\/zapatera-multifuncional-con-puertas-abatibles-color-vienes\/","title":{"rendered":"Zapatera Multifuncional con puertas abatibles- color Vien\u00e9s"},"content":{"rendered":"<div>\u00a1Bienvenido a <strong data-start=\"955\" data-end=\"974\">Muebles Macrumo<\/strong>!<\/div>\n<div><br data-start=\"975\" data-end=\"978\" \/>Organiza tu calzado con la <strong data-start=\"1005\" data-end=\"1032\">zapatera multifuncional<\/strong> de <strong data-start=\"1036\" data-end=\"1083\">2 puertas abatibles, 1 caj\u00f3n y 3 divisiones<\/strong>.<br data-start=\"1084\" data-end=\"1087\" \/>Fabricada en <strong data-start=\"1100\" data-end=\"1126\">melamina 18 mm Duratex<\/strong>, combina <strong data-start=\"1136\" data-end=\"1152\">color Blanco<\/strong> con elegantes <strong data-start=\"1167\" data-end=\"1186\">acabados Vien\u00e9s<\/strong>.<br data-start=\"1187\" data-end=\"1190\" \/><strong data-start=\"1190\" data-end=\"1202\">Medidas:<\/strong> 90 \u00d7 100 \u00d7 35 cm.<\/div>\n<div><\/div>\n","protected":false},"excerpt":{"rendered":"<p data-start=\"175\" data-end=\"350\">\u00a1Bienvenido a <strong data-start=\"189\" data-end=\"208\">Muebles Macrumo<\/strong>!<br data-start=\"209\" data-end=\"212\" \/>Con 17 a\u00f1os de experiencia, creamos muebles de <strong data-start=\"259\" data-end=\"284\">calidad y durabilidad<\/strong>, dise\u00f1ados para brindarte comodidad y organizaci\u00f3n en tu hogar.<\/p>\n<p data-start=\"352\" data-end=\"716\">Nuestra <strong data-start=\"360\" data-end=\"387\">zapatera multifuncional<\/strong> cuenta con <strong data-start=\"399\" data-end=\"458\">2 puertas abatibles, 1 caj\u00f3n y 3 divisiones adicionales<\/strong>, ideal para mantener tus zapatos y accesorios perfectamente ordenados.<br data-start=\"529\" data-end=\"532\" \/>Fabricada en <strong data-start=\"545\" data-end=\"577\">melamina de 18 mm de espesor<\/strong>, combina <strong data-start=\"587\" data-end=\"611\">resistencia y estilo<\/strong>, con una elegante mezcla de <strong data-start=\"640\" data-end=\"682\">color Blanco y acabados Vien\u00e9s Duratex<\/strong> que realzan cualquier ambiente.<\/p>\n<p data-start=\"718\" data-end=\"740\"><strong data-start=\"718\" data-end=\"738\">Caracter\u00edsticas:<\/strong><\/p>\n<ul data-start=\"741\" data-end=\"896\">\n<li data-start=\"741\" data-end=\"783\">\n<p data-start=\"743\" data-end=\"783\">Tablero de 18 mm en toda la estructura<\/p>\n<\/li>\n<li data-start=\"784\" data-end=\"843\">\n<p data-start=\"786\" data-end=\"843\">Estructura en color Blanco con acabados en color Vien\u00e9s<\/p>\n<\/li>\n<li data-start=\"844\" data-end=\"896\">\n<p data-start=\"846\" data-end=\"896\">Medidas: Ancho 90 cm \u00d7 Alto 100 cm \u00d7 Fondo 35 cm<\/p>\n<\/li>\n<\/ul>\n","protected":false},"featured_media":4660,"comment_status":"closed","ping_status":"closed","template":"","meta":{"site-sidebar-layout":"default","site-content-layout":"","ast-site-content-layout":"default","site-content-style":"default","site-sidebar-style":"default","ast-global-header-display":"","ast-banner-title-visibility":"","ast-main-header-display":"","ast-hfb-above-header-display":"","ast-hfb-below-header-display":"","ast-hfb-mobile-header-display":"","site-post-title":"","ast-breadcrumbs-content":"","ast-featured-img":"","footer-sml-layout":"","ast-disable-related-posts":"","theme-transparent-header-meta":"default","adv-header-id-meta":"","stick-header-meta":"default","header-above-stick-meta":"","header-main-stick-meta":"","header-below-stick-meta":"","astra-migrate-meta-layouts":"set","ast-page-background-enabled":"default","ast-page-background-meta":{"desktop":{"background-color":"var(--ast-global-color-4)","background-image":"","background-repeat":"repeat","background-position":"center center","background-size":"auto","background-attachment":"scroll","background-type":"","background-media":"","overlay-type":"","overlay-color":"","overlay-opacity":"","overlay-gradient":""},"tablet":{"background-color":"","background-image":"","background-repeat":"repeat","background-position":"center center","background-size":"auto","background-attachment":"scroll","background-type":"","background-media":"","overlay-type":"","overlay-color":"","overlay-opacity":"","overlay-gradient":""},"mobile":{"background-color":"","background-image":"","background-repeat":"repeat","background-position":"center center","background-size":"auto","background-attachment":"scroll","background-type":"","background-media":"","overlay-type":"","overlay-color":"","overlay-opacity":"","overlay-gradient":""}},"ast-content-background-meta":{"desktop":{"background-color":"var(--ast-global-color-5)","background-image":"","background-repeat":"repeat","background-position":"center center","background-size":"auto","background-attachment":"scroll","background-type":"","background-media":"","overlay-type":"","overlay-color":"","overlay-opacity":"","overlay-gradient":""},"tablet":{"background-color":"var(--ast-global-color-5)","background-image":"","background-repeat":"repeat","background-position":"center center","background-size":"auto","background-attachment":"scroll","background-type":"","background-media":"","overlay-type":"","overlay-color":"","overlay-opacity":"","overlay-gradient":""},"mobile":{"background-color":"var(--ast-global-color-5)","background-image":"","background-repeat":"repeat","background-position":"center center","background-size":"auto","background-attachment":"scroll","background-type":"","background-media":"","overlay-type":"","overlay-color":"","overlay-opacity":"","overlay-gradient":""}}},"product_brand":[],"product_cat":[18,42,100],"product_tag":[],"manta":[],"temporada":[],"estilo":[],"tamano":[],"class_list":{"0":"post-3580","1":"product","2":"type-product","3":"status-publish","4":"has-post-thumbnail","6":"product_cat-dormitorio","7":"product_cat-muebles-de-melamina","8":"product_cat-zapateras","9":"desktop-align-left","10":"tablet-align-left","11":"mobile-align-left","12":"ast-product-gallery-layout-vertical-slider","13":"ast-magnify-disabled","14":"ast-product-tabs-layout-horizontal","16":"first","17":"instock","18":"sale","19":"shipping-taxable","20":"purchasable","21":"product-type-simple"},"yoast_head":"<!-- This site is optimized with the Yoast SEO Premium plugin v23.0 (Yoast SEO v27.4) - https:\/\/yoast.com\/product\/yoast-seo-premium-wordpress\/ -->\n<title>Zapatera Multifuncional con puertas abatibles- color Vien\u00e9s - Macrumo<\/title>\n<meta name=\"robots\" content=\"index, follow, max-snippet:-1, max-image-preview:large, max-video-preview:-1\" \/>\n<link rel=\"canonical\" href=\"https:\/\/macrumo.com.pe\/paratuhogar\/producto\/muebles-de-melamina\/zapateras\/zapatera-multifuncional-con-puertas-abatibles-color-vienes\/\" \/>\n<meta property=\"og:locale\" content=\"es_ES\" \/>\n<meta property=\"og:type\" content=\"article\" \/>\n<meta property=\"og:title\" content=\"Zapatera Multifuncional con puertas abatibles- color Vien\u00e9s\" \/>\n<meta property=\"og:description\" content=\"\u00a1Bienvenido a Muebles Macrumo!Con 17 a\u00f1os de experiencia, creamos muebles de calidad y durabilidad, dise\u00f1ados para brindarte comodidad y organizaci\u00f3n en tu hogar. Nuestra zapatera multifuncional cuenta con 2 puertas abatibles, 1 caj\u00f3n y 3 divisiones adicionales, ideal para mantener tus zapatos y accesorios perfectamente ordenados.Fabricada en melamina de 18 mm de espesor, combina resistencia y estilo, con una elegante mezcla de color Blanco y acabados Vien\u00e9s Duratex que realzan cualquier ambiente. Caracter\u00edsticas:     Tablero de 18 mm en toda la estructura    Estructura en color Blanco con acabados en color Vien\u00e9s    Medidas: Ancho 90 cm \u00d7 Alto 100 cm \u00d7 Fondo 35 cm\" \/>\n<meta property=\"og:url\" content=\"https:\/\/macrumo.com.pe\/paratuhogar\/producto\/muebles-de-melamina\/zapateras\/zapatera-multifuncional-con-puertas-abatibles-color-vienes\/\" \/>\n<meta property=\"og:site_name\" content=\"Macrumo\" \/>\n<meta property=\"article:publisher\" content=\"https:\/\/www.facebook.com\/Macrumo.com.pe\" \/>\n<meta property=\"article:modified_time\" content=\"2026-03-18T23:22:34+00:00\" \/>\n<meta property=\"og:image\" content=\"https:\/\/macrumo.com.pe\/paratuhogar\/wp-content\/uploads\/2024\/07\/ZAPATERA-MULTIFUNCIONAL-CON-PUERTAS-ABATIBLES-COLOR-VIENES.jpg\" \/>\n\t<meta property=\"og:image:width\" content=\"800\" \/>\n\t<meta property=\"og:image:height\" content=\"800\" \/>\n\t<meta property=\"og:image:type\" content=\"image\/jpeg\" \/>\n<meta name=\"twitter:card\" content=\"summary_large_image\" \/>\n<meta name=\"twitter:label1\" content=\"Tiempo de lectura\" \/>\n\t<meta name=\"twitter:data1\" content=\"1 minuto\" \/>\n<script type=\"application\/ld+json\" class=\"yoast-schema-graph\">{\"@context\":\"https:\\\/\\\/schema.org\",\"@graph\":[{\"@type\":\"WebPage\",\"@id\":\"https:\\\/\\\/macrumo.com.pe\\\/paratuhogar\\\/producto\\\/muebles-de-melamina\\\/zapateras\\\/zapatera-multifuncional-con-puertas-abatibles-color-vienes\\\/\",\"url\":\"https:\\\/\\\/macrumo.com.pe\\\/paratuhogar\\\/producto\\\/muebles-de-melamina\\\/zapateras\\\/zapatera-multifuncional-con-puertas-abatibles-color-vienes\\\/\",\"name\":\"Zapatera Multifuncional con puertas abatibles- color Vien\u00e9s - Macrumo\",\"isPartOf\":{\"@id\":\"https:\\\/\\\/macrumo.com.pe\\\/paratuhogar\\\/#website\"},\"primaryImageOfPage\":{\"@id\":\"https:\\\/\\\/macrumo.com.pe\\\/paratuhogar\\\/producto\\\/muebles-de-melamina\\\/zapateras\\\/zapatera-multifuncional-con-puertas-abatibles-color-vienes\\\/#primaryimage\"},\"image\":{\"@id\":\"https:\\\/\\\/macrumo.com.pe\\\/paratuhogar\\\/producto\\\/muebles-de-melamina\\\/zapateras\\\/zapatera-multifuncional-con-puertas-abatibles-color-vienes\\\/#primaryimage\"},\"thumbnailUrl\":\"https:\\\/\\\/macrumo.com.pe\\\/paratuhogar\\\/wp-content\\\/uploads\\\/2024\\\/07\\\/ZAPATERA-MULTIFUNCIONAL-CON-PUERTAS-ABATIBLES-COLOR-VIENES.jpg\",\"datePublished\":\"2024-06-24T21:53:36+00:00\",\"dateModified\":\"2026-03-18T23:22:34+00:00\",\"breadcrumb\":{\"@id\":\"https:\\\/\\\/macrumo.com.pe\\\/paratuhogar\\\/producto\\\/muebles-de-melamina\\\/zapateras\\\/zapatera-multifuncional-con-puertas-abatibles-color-vienes\\\/#breadcrumb\"},\"inLanguage\":\"es\",\"potentialAction\":[{\"@type\":\"ReadAction\",\"target\":[\"https:\\\/\\\/macrumo.com.pe\\\/paratuhogar\\\/producto\\\/muebles-de-melamina\\\/zapateras\\\/zapatera-multifuncional-con-puertas-abatibles-color-vienes\\\/\"]}]},{\"@type\":\"ImageObject\",\"inLanguage\":\"es\",\"@id\":\"https:\\\/\\\/macrumo.com.pe\\\/paratuhogar\\\/producto\\\/muebles-de-melamina\\\/zapateras\\\/zapatera-multifuncional-con-puertas-abatibles-color-vienes\\\/#primaryimage\",\"url\":\"https:\\\/\\\/macrumo.com.pe\\\/paratuhogar\\\/wp-content\\\/uploads\\\/2024\\\/07\\\/ZAPATERA-MULTIFUNCIONAL-CON-PUERTAS-ABATIBLES-COLOR-VIENES.jpg\",\"contentUrl\":\"https:\\\/\\\/macrumo.com.pe\\\/paratuhogar\\\/wp-content\\\/uploads\\\/2024\\\/07\\\/ZAPATERA-MULTIFUNCIONAL-CON-PUERTAS-ABATIBLES-COLOR-VIENES.jpg\",\"width\":800,\"height\":800},{\"@type\":\"BreadcrumbList\",\"@id\":\"https:\\\/\\\/macrumo.com.pe\\\/paratuhogar\\\/producto\\\/muebles-de-melamina\\\/zapateras\\\/zapatera-multifuncional-con-puertas-abatibles-color-vienes\\\/#breadcrumb\",\"itemListElement\":[{\"@type\":\"ListItem\",\"position\":1,\"name\":\"Portada\",\"item\":\"https:\\\/\\\/macrumo.com.pe\\\/paratuhogar\\\/\"},{\"@type\":\"ListItem\",\"position\":2,\"name\":\"Tienda\",\"item\":\"https:\\\/\\\/macrumo.com.pe\\\/paratuhogar\\\/tienda\\\/\"},{\"@type\":\"ListItem\",\"position\":3,\"name\":\"Zapatera Multifuncional con puertas abatibles- color Vien\u00e9s\"}]},{\"@type\":\"WebSite\",\"@id\":\"https:\\\/\\\/macrumo.com.pe\\\/paratuhogar\\\/#website\",\"url\":\"https:\\\/\\\/macrumo.com.pe\\\/paratuhogar\\\/\",\"name\":\"Macrumo\",\"description\":\"Macrumo\",\"publisher\":{\"@id\":\"https:\\\/\\\/macrumo.com.pe\\\/paratuhogar\\\/#organization\"},\"potentialAction\":[{\"@type\":\"SearchAction\",\"target\":{\"@type\":\"EntryPoint\",\"urlTemplate\":\"https:\\\/\\\/macrumo.com.pe\\\/paratuhogar\\\/?s={search_term_string}\"},\"query-input\":{\"@type\":\"PropertyValueSpecification\",\"valueRequired\":true,\"valueName\":\"search_term_string\"}}],\"inLanguage\":\"es\"},{\"@type\":\"Organization\",\"@id\":\"https:\\\/\\\/macrumo.com.pe\\\/paratuhogar\\\/#organization\",\"name\":\"Macrumo\",\"url\":\"https:\\\/\\\/macrumo.com.pe\\\/paratuhogar\\\/\",\"logo\":{\"@type\":\"ImageObject\",\"inLanguage\":\"es\",\"@id\":\"https:\\\/\\\/macrumo.com.pe\\\/paratuhogar\\\/#\\\/schema\\\/logo\\\/image\\\/\",\"url\":\"https:\\\/\\\/macrumo.com.pe\\\/paratuhogar\\\/wp-content\\\/uploads\\\/2023\\\/02\\\/Macrumo_logo.png\",\"contentUrl\":\"https:\\\/\\\/macrumo.com.pe\\\/paratuhogar\\\/wp-content\\\/uploads\\\/2023\\\/02\\\/Macrumo_logo.png\",\"width\":500,\"height\":148,\"caption\":\"Macrumo\"},\"image\":{\"@id\":\"https:\\\/\\\/macrumo.com.pe\\\/paratuhogar\\\/#\\\/schema\\\/logo\\\/image\\\/\"},\"sameAs\":[\"https:\\\/\\\/www.facebook.com\\\/Macrumo.com.pe\",\"https:\\\/\\\/www.instagram.com\\\/muebles.macrumo\\\/\",\"https:\\\/\\\/www.tiktok.com\\\/@muebles.macrumo\"]}]}<\/script>\n<!-- \/ Yoast SEO Premium plugin. -->","yoast_head_json":{"title":"Zapatera Multifuncional con puertas abatibles- color Vien\u00e9s - Macrumo","robots":{"index":"index","follow":"follow","max-snippet":"max-snippet:-1","max-image-preview":"max-image-preview:large","max-video-preview":"max-video-preview:-1"},"canonical":"https:\/\/macrumo.com.pe\/paratuhogar\/producto\/muebles-de-melamina\/zapateras\/zapatera-multifuncional-con-puertas-abatibles-color-vienes\/","og_locale":"es_ES","og_type":"article","og_title":"Zapatera Multifuncional con puertas abatibles- color Vien\u00e9s","og_description":"\u00a1Bienvenido a Muebles Macrumo!Con 17 a\u00f1os de experiencia, creamos muebles de calidad y durabilidad, dise\u00f1ados para brindarte comodidad y organizaci\u00f3n en tu hogar. Nuestra zapatera multifuncional cuenta con 2 puertas abatibles, 1 caj\u00f3n y 3 divisiones adicionales, ideal para mantener tus zapatos y accesorios perfectamente ordenados.Fabricada en melamina de 18 mm de espesor, combina resistencia y estilo, con una elegante mezcla de color Blanco y acabados Vien\u00e9s Duratex que realzan cualquier ambiente. Caracter\u00edsticas:     Tablero de 18 mm en toda la estructura    Estructura en color Blanco con acabados en color Vien\u00e9s    Medidas: Ancho 90 cm \u00d7 Alto 100 cm \u00d7 Fondo 35 cm","og_url":"https:\/\/macrumo.com.pe\/paratuhogar\/producto\/muebles-de-melamina\/zapateras\/zapatera-multifuncional-con-puertas-abatibles-color-vienes\/","og_site_name":"Macrumo","article_publisher":"https:\/\/www.facebook.com\/Macrumo.com.pe","article_modified_time":"2026-03-18T23:22:34+00:00","og_image":[{"width":800,"height":800,"url":"https:\/\/macrumo.com.pe\/paratuhogar\/wp-content\/uploads\/2024\/07\/ZAPATERA-MULTIFUNCIONAL-CON-PUERTAS-ABATIBLES-COLOR-VIENES.jpg","type":"image\/jpeg"}],"twitter_card":"summary_large_image","twitter_misc":{"Tiempo de lectura":"1 minuto"},"schema":{"@context":"https:\/\/schema.org","@graph":[{"@type":"WebPage","@id":"https:\/\/macrumo.com.pe\/paratuhogar\/producto\/muebles-de-melamina\/zapateras\/zapatera-multifuncional-con-puertas-abatibles-color-vienes\/","url":"https:\/\/macrumo.com.pe\/paratuhogar\/producto\/muebles-de-melamina\/zapateras\/zapatera-multifuncional-con-puertas-abatibles-color-vienes\/","name":"Zapatera Multifuncional con puertas abatibles- color Vien\u00e9s - Macrumo","isPartOf":{"@id":"https:\/\/macrumo.com.pe\/paratuhogar\/#website"},"primaryImageOfPage":{"@id":"https:\/\/macrumo.com.pe\/paratuhogar\/producto\/muebles-de-melamina\/zapateras\/zapatera-multifuncional-con-puertas-abatibles-color-vienes\/#primaryimage"},"image":{"@id":"https:\/\/macrumo.com.pe\/paratuhogar\/producto\/muebles-de-melamina\/zapateras\/zapatera-multifuncional-con-puertas-abatibles-color-vienes\/#primaryimage"},"thumbnailUrl":"https:\/\/macrumo.com.pe\/paratuhogar\/wp-content\/uploads\/2024\/07\/ZAPATERA-MULTIFUNCIONAL-CON-PUERTAS-ABATIBLES-COLOR-VIENES.jpg","datePublished":"2024-06-24T21:53:36+00:00","dateModified":"2026-03-18T23:22:34+00:00","breadcrumb":{"@id":"https:\/\/macrumo.com.pe\/paratuhogar\/producto\/muebles-de-melamina\/zapateras\/zapatera-multifuncional-con-puertas-abatibles-color-vienes\/#breadcrumb"},"inLanguage":"es","potentialAction":[{"@type":"ReadAction","target":["https:\/\/macrumo.com.pe\/paratuhogar\/producto\/muebles-de-melamina\/zapateras\/zapatera-multifuncional-con-puertas-abatibles-color-vienes\/"]}]},{"@type":"ImageObject","inLanguage":"es","@id":"https:\/\/macrumo.com.pe\/paratuhogar\/producto\/muebles-de-melamina\/zapateras\/zapatera-multifuncional-con-puertas-abatibles-color-vienes\/#primaryimage","url":"https:\/\/macrumo.com.pe\/paratuhogar\/wp-content\/uploads\/2024\/07\/ZAPATERA-MULTIFUNCIONAL-CON-PUERTAS-ABATIBLES-COLOR-VIENES.jpg","contentUrl":"https:\/\/macrumo.com.pe\/paratuhogar\/wp-content\/uploads\/2024\/07\/ZAPATERA-MULTIFUNCIONAL-CON-PUERTAS-ABATIBLES-COLOR-VIENES.jpg","width":800,"height":800},{"@type":"BreadcrumbList","@id":"https:\/\/macrumo.com.pe\/paratuhogar\/producto\/muebles-de-melamina\/zapateras\/zapatera-multifuncional-con-puertas-abatibles-color-vienes\/#breadcrumb","itemListElement":[{"@type":"ListItem","position":1,"name":"Portada","item":"https:\/\/macrumo.com.pe\/paratuhogar\/"},{"@type":"ListItem","position":2,"name":"Tienda","item":"https:\/\/macrumo.com.pe\/paratuhogar\/tienda\/"},{"@type":"ListItem","position":3,"name":"Zapatera Multifuncional con puertas abatibles- color Vien\u00e9s"}]},{"@type":"WebSite","@id":"https:\/\/macrumo.com.pe\/paratuhogar\/#website","url":"https:\/\/macrumo.com.pe\/paratuhogar\/","name":"Macrumo","description":"Macrumo","publisher":{"@id":"https:\/\/macrumo.com.pe\/paratuhogar\/#organization"},"potentialAction":[{"@type":"SearchAction","target":{"@type":"EntryPoint","urlTemplate":"https:\/\/macrumo.com.pe\/paratuhogar\/?s={search_term_string}"},"query-input":{"@type":"PropertyValueSpecification","valueRequired":true,"valueName":"search_term_string"}}],"inLanguage":"es"},{"@type":"Organization","@id":"https:\/\/macrumo.com.pe\/paratuhogar\/#organization","name":"Macrumo","url":"https:\/\/macrumo.com.pe\/paratuhogar\/","logo":{"@type":"ImageObject","inLanguage":"es","@id":"https:\/\/macrumo.com.pe\/paratuhogar\/#\/schema\/logo\/image\/","url":"https:\/\/macrumo.com.pe\/paratuhogar\/wp-content\/uploads\/2023\/02\/Macrumo_logo.png","contentUrl":"https:\/\/macrumo.com.pe\/paratuhogar\/wp-content\/uploads\/2023\/02\/Macrumo_logo.png","width":500,"height":148,"caption":"Macrumo"},"image":{"@id":"https:\/\/macrumo.com.pe\/paratuhogar\/#\/schema\/logo\/image\/"},"sameAs":["https:\/\/www.facebook.com\/Macrumo.com.pe","https:\/\/www.instagram.com\/muebles.macrumo\/","https:\/\/www.tiktok.com\/@muebles.macrumo"]}]}},"_links":{"self":[{"href":"https:\/\/macrumo.com.pe\/paratuhogar\/wp-json\/wp\/v2\/product\/3580","targetHints":{"allow":["GET"]}}],"collection":[{"href":"https:\/\/macrumo.com.pe\/paratuhogar\/wp-json\/wp\/v2\/product"}],"about":[{"href":"https:\/\/macrumo.com.pe\/paratuhogar\/wp-json\/wp\/v2\/types\/product"}],"replies":[{"embeddable":true,"href":"https:\/\/macrumo.com.pe\/paratuhogar\/wp-json\/wp\/v2\/comments?post=3580"}],"wp:featuredmedia":[{"embeddable":true,"href":"https:\/\/macrumo.com.pe\/paratuhogar\/wp-json\/wp\/v2\/media\/4660"}],"wp:attachment":[{"href":"https:\/\/macrumo.com.pe\/paratuhogar\/wp-json\/wp\/v2\/media?parent=3580"}],"wp:term":[{"taxonomy":"product_brand","embeddable":true,"href":"https:\/\/macrumo.com.pe\/paratuhogar\/wp-json\/wp\/v2\/product_brand?post=3580"},{"taxonomy":"product_cat","embeddable":true,"href":"https:\/\/macrumo.com.pe\/paratuhogar\/wp-json\/wp\/v2\/product_cat?post=3580"},{"taxonomy":"product_tag","embeddable":true,"href":"https:\/\/macrumo.com.pe\/paratuhogar\/wp-json\/wp\/v2\/product_tag?post=3580"},{"taxonomy":"manta","embeddable":true,"href":"https:\/\/macrumo.com.pe\/paratuhogar\/wp-json\/wp\/v2\/manta?post=3580"},{"taxonomy":"temporada","embeddable":true,"href":"https:\/\/macrumo.com.pe\/paratuhogar\/wp-json\/wp\/v2\/temporada?post=3580"},{"taxonomy":"estilo","embeddable":true,"href":"https:\/\/macrumo.com.pe\/paratuhogar\/wp-json\/wp\/v2\/estilo?post=3580"},{"taxonomy":"tamano","embeddable":true,"href":"https:\/\/macrumo.com.pe\/paratuhogar\/wp-json\/wp\/v2\/tamano?post=3580"}],"curies":[{"name":"wp","href":"https:\/\/api.w.org\/{rel}","templated":true}]}}