{"id":2914,"date":"2024-04-24T12:04:27","date_gmt":"2024-04-24T17:04:27","guid":{"rendered":"https:\/\/macrumo.com.pe\/paratuhogar\/?post_type=product&#038;p=2914"},"modified":"2025-07-30T13:05:59","modified_gmt":"2025-07-30T18:05:59","slug":"juego-de-sabanas-100-algodon-organico-2-plazas-fucsia","status":"publish","type":"product","link":"https:\/\/macrumo.com.pe\/paratuhogar\/producto\/ropa-de-cama\/sabanas\/juego-de-sabanas-100-algodon-organico-2-plazas-fucsia\/","title":{"rendered":"JUEGO DE S\u00c1BANAS 3000 HILOS 2 PLAZAS PLOMO PLATA"},"content":{"rendered":"<div>\n<p>\u00a1Descubre el secreto para un descanso de calidad con nuestras s\u00e1banas de alta gama! Creadas pensando en tu comodidad y bienestar, nuestras s\u00e1banas garantizan un sue\u00f1o reparador en las noches m\u00e1s c\u00e1lidas. Con su tejido transpirable y fresco, te mantendr\u00e1n c\u00f3modo durante toda la noche, permiti\u00e9ndote despertar renovado y lleno de energ\u00eda cada ma\u00f1ana.<\/p>\n<p>Invierte en tu descanso y experimenta la diferencia que unas s\u00e1banas de calidad pueden hacer en tu vida. Despu\u00e9s de todo, pasamos una gran parte de nuestras vidas durmiendo, \u00bfPor qu\u00e9 conformarse con menos que lo mejor? Haz del descanso una prioridad.<\/p>\n<p>Por compras mayores a 300 soles en la web, el env\u00edo es GRATIS, \u00a1No esperes m\u00e1s para adquirir tu juego de s\u00e1banas hoy mismo!<\/p>\n<\/div>\n<div class=\"jsx-2247763159 bodyContainer\">\n<div class=\"fb-product-information__product-information-tab\">\n<div class=\"fb-product-information-tab__copy\">\n<div>Garant\u00eda antipeeling, que asegura que el uso no formar\u00e1 bolitas en la tela.<\/div>\n<div><\/div>\n<div>\n<div>El empaque contiene 4 piezas:<\/div>\n<div>\n<ul>\n<li>1 Sabana inferior con el\u00e1stico:\u00a0 200 x 230 cm<\/li>\n<li>1 S\u00e1bana superior o sobre s\u00e1bana: 137 x 191 + 35 cm<\/li>\n<li>2 Fundas para almohadas: 50 x 75 cm<\/li>\n<\/ul>\n<\/div>\n<\/div>\n<\/div>\n<\/div>\n<\/div>\n","protected":false},"excerpt":{"rendered":"<p>\u00a1Experimenta el lujo de dormir con nuestras s\u00e1banas elaboradas en 100% algod\u00f3n org\u00e1nico! Con un toque delicado y elegante en la cenefa de la s\u00e1bana superior y los bordes de las fundas de almohada, transforma tu descanso en una experiencia de confort inigualable. Descubre la suavidad y la calidad que mereces para tus noches.<\/p>\n","protected":false},"featured_media":8655,"comment_status":"closed","ping_status":"closed","template":"","meta":{"site-sidebar-layout":"default","site-content-layout":"","ast-site-content-layout":"default","site-content-style":"default","site-sidebar-style":"default","ast-global-header-display":"","ast-banner-title-visibility":"","ast-main-header-display":"","ast-hfb-above-header-display":"","ast-hfb-below-header-display":"","ast-hfb-mobile-header-display":"","site-post-title":"","ast-breadcrumbs-content":"","ast-featured-img":"","footer-sml-layout":"","ast-disable-related-posts":"","theme-transparent-header-meta":"default","adv-header-id-meta":"","stick-header-meta":"default","header-above-stick-meta":"","header-main-stick-meta":"","header-below-stick-meta":"","astra-migrate-meta-layouts":"set","ast-page-background-enabled":"default","ast-page-background-meta":{"desktop":{"background-color":"var(--ast-global-color-4)","background-image":"","background-repeat":"repeat","background-position":"center center","background-size":"auto","background-attachment":"scroll","background-type":"","background-media":"","overlay-type":"","overlay-color":"","overlay-opacity":"","overlay-gradient":""},"tablet":{"background-color":"","background-image":"","background-repeat":"repeat","background-position":"center center","background-size":"auto","background-attachment":"scroll","background-type":"","background-media":"","overlay-type":"","overlay-color":"","overlay-opacity":"","overlay-gradient":""},"mobile":{"background-color":"","background-image":"","background-repeat":"repeat","background-position":"center center","background-size":"auto","background-attachment":"scroll","background-type":"","background-media":"","overlay-type":"","overlay-color":"","overlay-opacity":"","overlay-gradient":""}},"ast-content-background-meta":{"desktop":{"background-color":"var(--ast-global-color-5)","background-image":"","background-repeat":"repeat","background-position":"center center","background-size":"auto","background-attachment":"scroll","background-type":"","background-media":"","overlay-type":"","overlay-color":"","overlay-opacity":"","overlay-gradient":""},"tablet":{"background-color":"var(--ast-global-color-5)","background-image":"","background-repeat":"repeat","background-position":"center center","background-size":"auto","background-attachment":"scroll","background-type":"","background-media":"","overlay-type":"","overlay-color":"","overlay-opacity":"","overlay-gradient":""},"mobile":{"background-color":"var(--ast-global-color-5)","background-image":"","background-repeat":"repeat","background-position":"center center","background-size":"auto","background-attachment":"scroll","background-type":"","background-media":"","overlay-type":"","overlay-color":"","overlay-opacity":"","overlay-gradient":""}}},"product_brand":[],"product_cat":[71],"product_tag":[],"manta":[],"temporada":[68,67],"estilo":[64,66],"tamano":[34],"class_list":{"0":"post-2914","1":"product","2":"type-product","3":"status-publish","4":"has-post-thumbnail","6":"product_cat-sabanas","7":"temporada-invierno","8":"temporada-verano","9":"estilo-bordado","10":"estilo-cenefa","11":"tamano-2-plazas","12":"desktop-align-left","13":"tablet-align-left","14":"mobile-align-left","15":"ast-product-gallery-layout-vertical-slider","16":"ast-magnify-disabled","17":"ast-product-tabs-layout-horizontal","19":"first","20":"instock","21":"sale","22":"shipping-taxable","23":"purchasable","24":"product-type-simple"},"yoast_head":"<!-- This site is optimized with the Yoast SEO Premium plugin v23.0 (Yoast SEO v27.3) - https:\/\/yoast.com\/product\/yoast-seo-premium-wordpress\/ -->\n<title>JUEGO DE S\u00c1BANAS 3000 HILOS 2 PLAZAS PLOMO PLATA - Macrumo<\/title>\n<meta name=\"robots\" content=\"index, follow, max-snippet:-1, max-image-preview:large, max-video-preview:-1\" \/>\n<link rel=\"canonical\" href=\"https:\/\/macrumo.com.pe\/paratuhogar\/producto\/ropa-de-cama\/sabanas\/juego-de-sabanas-100-algodon-organico-2-plazas-fucsia\/\" \/>\n<meta property=\"og:locale\" content=\"es_ES\" \/>\n<meta property=\"og:type\" content=\"article\" \/>\n<meta property=\"og:title\" content=\"JUEGO DE S\u00c1BANAS 3000 HILOS 2 PLAZAS PLOMO PLATA\" \/>\n<meta property=\"og:description\" content=\"\u00a1Experimenta el lujo de dormir con nuestras s\u00e1banas elaboradas en 100% algod\u00f3n org\u00e1nico! Con un toque delicado y elegante en la cenefa de la s\u00e1bana superior y los bordes de las fundas de almohada, transforma tu descanso en una experiencia de confort inigualable. Descubre la suavidad y la calidad que mereces para tus noches.\" \/>\n<meta property=\"og:url\" content=\"https:\/\/macrumo.com.pe\/paratuhogar\/producto\/ropa-de-cama\/sabanas\/juego-de-sabanas-100-algodon-organico-2-plazas-fucsia\/\" \/>\n<meta property=\"og:site_name\" content=\"Macrumo\" \/>\n<meta property=\"article:publisher\" content=\"https:\/\/www.facebook.com\/Macrumo.com.pe\" \/>\n<meta property=\"article:modified_time\" content=\"2025-07-30T18:05:59+00:00\" \/>\n<meta property=\"og:image\" content=\"https:\/\/macrumo.com.pe\/paratuhogar\/wp-content\/uploads\/2024\/04\/PLAT.jpeg\" \/>\n\t<meta property=\"og:image:width\" content=\"1280\" \/>\n\t<meta property=\"og:image:height\" content=\"1214\" \/>\n\t<meta property=\"og:image:type\" content=\"image\/jpeg\" \/>\n<meta name=\"twitter:card\" content=\"summary_large_image\" \/>\n<meta name=\"twitter:label1\" content=\"Tiempo de lectura\" \/>\n\t<meta name=\"twitter:data1\" content=\"1 minuto\" \/>\n<script type=\"application\/ld+json\" class=\"yoast-schema-graph\">{\"@context\":\"https:\\\/\\\/schema.org\",\"@graph\":[{\"@type\":\"WebPage\",\"@id\":\"https:\\\/\\\/macrumo.com.pe\\\/paratuhogar\\\/producto\\\/ropa-de-cama\\\/sabanas\\\/juego-de-sabanas-100-algodon-organico-2-plazas-fucsia\\\/\",\"url\":\"https:\\\/\\\/macrumo.com.pe\\\/paratuhogar\\\/producto\\\/ropa-de-cama\\\/sabanas\\\/juego-de-sabanas-100-algodon-organico-2-plazas-fucsia\\\/\",\"name\":\"JUEGO DE S\u00c1BANAS 3000 HILOS 2 PLAZAS PLOMO PLATA - Macrumo\",\"isPartOf\":{\"@id\":\"https:\\\/\\\/macrumo.com.pe\\\/paratuhogar\\\/#website\"},\"primaryImageOfPage\":{\"@id\":\"https:\\\/\\\/macrumo.com.pe\\\/paratuhogar\\\/producto\\\/ropa-de-cama\\\/sabanas\\\/juego-de-sabanas-100-algodon-organico-2-plazas-fucsia\\\/#primaryimage\"},\"image\":{\"@id\":\"https:\\\/\\\/macrumo.com.pe\\\/paratuhogar\\\/producto\\\/ropa-de-cama\\\/sabanas\\\/juego-de-sabanas-100-algodon-organico-2-plazas-fucsia\\\/#primaryimage\"},\"thumbnailUrl\":\"https:\\\/\\\/macrumo.com.pe\\\/paratuhogar\\\/wp-content\\\/uploads\\\/2024\\\/04\\\/PLAT.jpeg\",\"datePublished\":\"2024-04-24T17:04:27+00:00\",\"dateModified\":\"2025-07-30T18:05:59+00:00\",\"breadcrumb\":{\"@id\":\"https:\\\/\\\/macrumo.com.pe\\\/paratuhogar\\\/producto\\\/ropa-de-cama\\\/sabanas\\\/juego-de-sabanas-100-algodon-organico-2-plazas-fucsia\\\/#breadcrumb\"},\"inLanguage\":\"es\",\"potentialAction\":[{\"@type\":\"ReadAction\",\"target\":[\"https:\\\/\\\/macrumo.com.pe\\\/paratuhogar\\\/producto\\\/ropa-de-cama\\\/sabanas\\\/juego-de-sabanas-100-algodon-organico-2-plazas-fucsia\\\/\"]}]},{\"@type\":\"ImageObject\",\"inLanguage\":\"es\",\"@id\":\"https:\\\/\\\/macrumo.com.pe\\\/paratuhogar\\\/producto\\\/ropa-de-cama\\\/sabanas\\\/juego-de-sabanas-100-algodon-organico-2-plazas-fucsia\\\/#primaryimage\",\"url\":\"https:\\\/\\\/macrumo.com.pe\\\/paratuhogar\\\/wp-content\\\/uploads\\\/2024\\\/04\\\/PLAT.jpeg\",\"contentUrl\":\"https:\\\/\\\/macrumo.com.pe\\\/paratuhogar\\\/wp-content\\\/uploads\\\/2024\\\/04\\\/PLAT.jpeg\",\"width\":1280,\"height\":1214},{\"@type\":\"BreadcrumbList\",\"@id\":\"https:\\\/\\\/macrumo.com.pe\\\/paratuhogar\\\/producto\\\/ropa-de-cama\\\/sabanas\\\/juego-de-sabanas-100-algodon-organico-2-plazas-fucsia\\\/#breadcrumb\",\"itemListElement\":[{\"@type\":\"ListItem\",\"position\":1,\"name\":\"Portada\",\"item\":\"https:\\\/\\\/macrumo.com.pe\\\/paratuhogar\\\/\"},{\"@type\":\"ListItem\",\"position\":2,\"name\":\"Tienda\",\"item\":\"https:\\\/\\\/macrumo.com.pe\\\/paratuhogar\\\/tienda\\\/\"},{\"@type\":\"ListItem\",\"position\":3,\"name\":\"JUEGO DE S\u00c1BANAS 3000 HILOS 2 PLAZAS PLOMO PLATA\"}]},{\"@type\":\"WebSite\",\"@id\":\"https:\\\/\\\/macrumo.com.pe\\\/paratuhogar\\\/#website\",\"url\":\"https:\\\/\\\/macrumo.com.pe\\\/paratuhogar\\\/\",\"name\":\"Macrumo\",\"description\":\"Macrumo\",\"publisher\":{\"@id\":\"https:\\\/\\\/macrumo.com.pe\\\/paratuhogar\\\/#organization\"},\"potentialAction\":[{\"@type\":\"SearchAction\",\"target\":{\"@type\":\"EntryPoint\",\"urlTemplate\":\"https:\\\/\\\/macrumo.com.pe\\\/paratuhogar\\\/?s={search_term_string}\"},\"query-input\":{\"@type\":\"PropertyValueSpecification\",\"valueRequired\":true,\"valueName\":\"search_term_string\"}}],\"inLanguage\":\"es\"},{\"@type\":\"Organization\",\"@id\":\"https:\\\/\\\/macrumo.com.pe\\\/paratuhogar\\\/#organization\",\"name\":\"Macrumo\",\"url\":\"https:\\\/\\\/macrumo.com.pe\\\/paratuhogar\\\/\",\"logo\":{\"@type\":\"ImageObject\",\"inLanguage\":\"es\",\"@id\":\"https:\\\/\\\/macrumo.com.pe\\\/paratuhogar\\\/#\\\/schema\\\/logo\\\/image\\\/\",\"url\":\"https:\\\/\\\/macrumo.com.pe\\\/paratuhogar\\\/wp-content\\\/uploads\\\/2023\\\/02\\\/Macrumo_logo.png\",\"contentUrl\":\"https:\\\/\\\/macrumo.com.pe\\\/paratuhogar\\\/wp-content\\\/uploads\\\/2023\\\/02\\\/Macrumo_logo.png\",\"width\":500,\"height\":148,\"caption\":\"Macrumo\"},\"image\":{\"@id\":\"https:\\\/\\\/macrumo.com.pe\\\/paratuhogar\\\/#\\\/schema\\\/logo\\\/image\\\/\"},\"sameAs\":[\"https:\\\/\\\/www.facebook.com\\\/Macrumo.com.pe\",\"https:\\\/\\\/www.instagram.com\\\/muebles.macrumo\\\/\",\"https:\\\/\\\/www.tiktok.com\\\/@muebles.macrumo\"]}]}<\/script>\n<!-- \/ Yoast SEO Premium plugin. -->","yoast_head_json":{"title":"JUEGO DE S\u00c1BANAS 3000 HILOS 2 PLAZAS PLOMO PLATA - Macrumo","robots":{"index":"index","follow":"follow","max-snippet":"max-snippet:-1","max-image-preview":"max-image-preview:large","max-video-preview":"max-video-preview:-1"},"canonical":"https:\/\/macrumo.com.pe\/paratuhogar\/producto\/ropa-de-cama\/sabanas\/juego-de-sabanas-100-algodon-organico-2-plazas-fucsia\/","og_locale":"es_ES","og_type":"article","og_title":"JUEGO DE S\u00c1BANAS 3000 HILOS 2 PLAZAS PLOMO PLATA","og_description":"\u00a1Experimenta el lujo de dormir con nuestras s\u00e1banas elaboradas en 100% algod\u00f3n org\u00e1nico! Con un toque delicado y elegante en la cenefa de la s\u00e1bana superior y los bordes de las fundas de almohada, transforma tu descanso en una experiencia de confort inigualable. Descubre la suavidad y la calidad que mereces para tus noches.","og_url":"https:\/\/macrumo.com.pe\/paratuhogar\/producto\/ropa-de-cama\/sabanas\/juego-de-sabanas-100-algodon-organico-2-plazas-fucsia\/","og_site_name":"Macrumo","article_publisher":"https:\/\/www.facebook.com\/Macrumo.com.pe","article_modified_time":"2025-07-30T18:05:59+00:00","og_image":[{"width":1280,"height":1214,"url":"https:\/\/macrumo.com.pe\/paratuhogar\/wp-content\/uploads\/2024\/04\/PLAT.jpeg","type":"image\/jpeg"}],"twitter_card":"summary_large_image","twitter_misc":{"Tiempo de lectura":"1 minuto"},"schema":{"@context":"https:\/\/schema.org","@graph":[{"@type":"WebPage","@id":"https:\/\/macrumo.com.pe\/paratuhogar\/producto\/ropa-de-cama\/sabanas\/juego-de-sabanas-100-algodon-organico-2-plazas-fucsia\/","url":"https:\/\/macrumo.com.pe\/paratuhogar\/producto\/ropa-de-cama\/sabanas\/juego-de-sabanas-100-algodon-organico-2-plazas-fucsia\/","name":"JUEGO DE S\u00c1BANAS 3000 HILOS 2 PLAZAS PLOMO PLATA - Macrumo","isPartOf":{"@id":"https:\/\/macrumo.com.pe\/paratuhogar\/#website"},"primaryImageOfPage":{"@id":"https:\/\/macrumo.com.pe\/paratuhogar\/producto\/ropa-de-cama\/sabanas\/juego-de-sabanas-100-algodon-organico-2-plazas-fucsia\/#primaryimage"},"image":{"@id":"https:\/\/macrumo.com.pe\/paratuhogar\/producto\/ropa-de-cama\/sabanas\/juego-de-sabanas-100-algodon-organico-2-plazas-fucsia\/#primaryimage"},"thumbnailUrl":"https:\/\/macrumo.com.pe\/paratuhogar\/wp-content\/uploads\/2024\/04\/PLAT.jpeg","datePublished":"2024-04-24T17:04:27+00:00","dateModified":"2025-07-30T18:05:59+00:00","breadcrumb":{"@id":"https:\/\/macrumo.com.pe\/paratuhogar\/producto\/ropa-de-cama\/sabanas\/juego-de-sabanas-100-algodon-organico-2-plazas-fucsia\/#breadcrumb"},"inLanguage":"es","potentialAction":[{"@type":"ReadAction","target":["https:\/\/macrumo.com.pe\/paratuhogar\/producto\/ropa-de-cama\/sabanas\/juego-de-sabanas-100-algodon-organico-2-plazas-fucsia\/"]}]},{"@type":"ImageObject","inLanguage":"es","@id":"https:\/\/macrumo.com.pe\/paratuhogar\/producto\/ropa-de-cama\/sabanas\/juego-de-sabanas-100-algodon-organico-2-plazas-fucsia\/#primaryimage","url":"https:\/\/macrumo.com.pe\/paratuhogar\/wp-content\/uploads\/2024\/04\/PLAT.jpeg","contentUrl":"https:\/\/macrumo.com.pe\/paratuhogar\/wp-content\/uploads\/2024\/04\/PLAT.jpeg","width":1280,"height":1214},{"@type":"BreadcrumbList","@id":"https:\/\/macrumo.com.pe\/paratuhogar\/producto\/ropa-de-cama\/sabanas\/juego-de-sabanas-100-algodon-organico-2-plazas-fucsia\/#breadcrumb","itemListElement":[{"@type":"ListItem","position":1,"name":"Portada","item":"https:\/\/macrumo.com.pe\/paratuhogar\/"},{"@type":"ListItem","position":2,"name":"Tienda","item":"https:\/\/macrumo.com.pe\/paratuhogar\/tienda\/"},{"@type":"ListItem","position":3,"name":"JUEGO DE S\u00c1BANAS 3000 HILOS 2 PLAZAS PLOMO PLATA"}]},{"@type":"WebSite","@id":"https:\/\/macrumo.com.pe\/paratuhogar\/#website","url":"https:\/\/macrumo.com.pe\/paratuhogar\/","name":"Macrumo","description":"Macrumo","publisher":{"@id":"https:\/\/macrumo.com.pe\/paratuhogar\/#organization"},"potentialAction":[{"@type":"SearchAction","target":{"@type":"EntryPoint","urlTemplate":"https:\/\/macrumo.com.pe\/paratuhogar\/?s={search_term_string}"},"query-input":{"@type":"PropertyValueSpecification","valueRequired":true,"valueName":"search_term_string"}}],"inLanguage":"es"},{"@type":"Organization","@id":"https:\/\/macrumo.com.pe\/paratuhogar\/#organization","name":"Macrumo","url":"https:\/\/macrumo.com.pe\/paratuhogar\/","logo":{"@type":"ImageObject","inLanguage":"es","@id":"https:\/\/macrumo.com.pe\/paratuhogar\/#\/schema\/logo\/image\/","url":"https:\/\/macrumo.com.pe\/paratuhogar\/wp-content\/uploads\/2023\/02\/Macrumo_logo.png","contentUrl":"https:\/\/macrumo.com.pe\/paratuhogar\/wp-content\/uploads\/2023\/02\/Macrumo_logo.png","width":500,"height":148,"caption":"Macrumo"},"image":{"@id":"https:\/\/macrumo.com.pe\/paratuhogar\/#\/schema\/logo\/image\/"},"sameAs":["https:\/\/www.facebook.com\/Macrumo.com.pe","https:\/\/www.instagram.com\/muebles.macrumo\/","https:\/\/www.tiktok.com\/@muebles.macrumo"]}]}},"_links":{"self":[{"href":"https:\/\/macrumo.com.pe\/paratuhogar\/wp-json\/wp\/v2\/product\/2914","targetHints":{"allow":["GET"]}}],"collection":[{"href":"https:\/\/macrumo.com.pe\/paratuhogar\/wp-json\/wp\/v2\/product"}],"about":[{"href":"https:\/\/macrumo.com.pe\/paratuhogar\/wp-json\/wp\/v2\/types\/product"}],"replies":[{"embeddable":true,"href":"https:\/\/macrumo.com.pe\/paratuhogar\/wp-json\/wp\/v2\/comments?post=2914"}],"wp:featuredmedia":[{"embeddable":true,"href":"https:\/\/macrumo.com.pe\/paratuhogar\/wp-json\/wp\/v2\/media\/8655"}],"wp:attachment":[{"href":"https:\/\/macrumo.com.pe\/paratuhogar\/wp-json\/wp\/v2\/media?parent=2914"}],"wp:term":[{"taxonomy":"product_brand","embeddable":true,"href":"https:\/\/macrumo.com.pe\/paratuhogar\/wp-json\/wp\/v2\/product_brand?post=2914"},{"taxonomy":"product_cat","embeddable":true,"href":"https:\/\/macrumo.com.pe\/paratuhogar\/wp-json\/wp\/v2\/product_cat?post=2914"},{"taxonomy":"product_tag","embeddable":true,"href":"https:\/\/macrumo.com.pe\/paratuhogar\/wp-json\/wp\/v2\/product_tag?post=2914"},{"taxonomy":"manta","embeddable":true,"href":"https:\/\/macrumo.com.pe\/paratuhogar\/wp-json\/wp\/v2\/manta?post=2914"},{"taxonomy":"temporada","embeddable":true,"href":"https:\/\/macrumo.com.pe\/paratuhogar\/wp-json\/wp\/v2\/temporada?post=2914"},{"taxonomy":"estilo","embeddable":true,"href":"https:\/\/macrumo.com.pe\/paratuhogar\/wp-json\/wp\/v2\/estilo?post=2914"},{"taxonomy":"tamano","embeddable":true,"href":"https:\/\/macrumo.com.pe\/paratuhogar\/wp-json\/wp\/v2\/tamano?post=2914"}],"curies":[{"name":"wp","href":"https:\/\/api.w.org\/{rel}","templated":true}]}}