{"id":1406,"date":"2023-12-25T23:15:20","date_gmt":"2023-12-26T04:15:20","guid":{"rendered":"https:\/\/macrumo.com.pe\/paratuhogar\/?post_type=product&#038;p=1406"},"modified":"2026-01-09T08:42:39","modified_gmt":"2026-01-09T13:42:39","slug":"tarima-fija-encajonada-1-5-plazas-pino-con-acabado-laqueado","status":"publish","type":"product","link":"https:\/\/macrumo.com.pe\/paratuhogar\/producto\/camas\/camas-de-madera\/tarima-fija-encajonada-1-5-plazas-pino-con-acabado-laqueado\/","title":{"rendered":"TARIMA FIJA ENCAJONADA 1.5 PLAZAS PINO \u2013 CON ACABADO LAQUEADO"},"content":{"rendered":"<p style=\"text-align: left;\">Nuestras tarimas hechas con madera de pino, acabado laqueado y su parrilla incluida a base de madera de roble, te garantiza horas de sue\u00f1o y confort, ideal para empezar bien el d\u00eda de la mejor forma.<\/p>\n<p>Esta tarima permite que el colchon no se mueva.<\/p>\n","protected":false},"excerpt":{"rendered":"<p data-start=\"73\" data-end=\"376\">La <strong data-start=\"126\" data-end=\"166\">Tarima Fija Encajonada de 1.5 plazas<\/strong> combina resistencia y estilo, perfecta para quienes buscan un mueble funcional con un toque sofisticado. Fabricada en <strong data-start=\"285\" data-end=\"303\">madera de pino<\/strong> de alta calidad, brinda firmeza y durabilidad para un descanso seguro.<\/p>\n<p data-start=\"378\" data-end=\"412\"><strong data-start=\"378\" data-end=\"410\">Caracter\u00edsticas principales:<\/strong><\/p>\n<ul data-start=\"413\" data-end=\"900\">\n<li data-start=\"413\" data-end=\"502\">\n<p data-start=\"415\" data-end=\"502\"><strong data-start=\"415\" data-end=\"428\">Material:<\/strong> Madera de pino macizo, reconocida por su resistencia y calidez natural.<\/p>\n<\/li>\n<li data-start=\"503\" data-end=\"637\">\n<p data-start=\"505\" data-end=\"637\"><strong data-start=\"505\" data-end=\"526\">Acabado laqueado:<\/strong> Proporciona una superficie lisa, brillante y f\u00e1cil de limpiar, protegiendo la madera y realzando su belleza.<\/p>\n<\/li>\n<li data-start=\"638\" data-end=\"744\">\n<p data-start=\"640\" data-end=\"744\"><strong data-start=\"640\" data-end=\"662\">Dise\u00f1o encajonado:<\/strong> Aporta estabilidad y un estilo moderno que se adapta a diferentes decoraciones.<\/p>\n<\/li>\n<li data-start=\"745\" data-end=\"812\">\n<p data-start=\"747\" data-end=\"812\"><strong data-start=\"747\" data-end=\"758\">Medida:<\/strong> 1.5 plazas, ideal para dormitorios de tama\u00f1o medio.<\/p>\n<\/li>\n<li data-start=\"813\" data-end=\"872\">\n<p data-start=\"815\" data-end=\"872\"><strong data-start=\"815\" data-end=\"826\">Origen:<\/strong> Hecho en Per\u00fa, con mano de obra de calidad.<\/p>\n<\/li>\n<li data-start=\"873\" data-end=\"900\">\n<p data-start=\"875\" data-end=\"900\"><strong data-start=\"875\" data-end=\"888\">Garant\u00eda:<\/strong> 24 meses.<\/p>\n<\/li>\n<\/ul>\n<p data-start=\"902\" data-end=\"919\"><strong data-start=\"902\" data-end=\"917\">No incluye:<\/strong><\/p>\n<ul data-start=\"920\" data-end=\"944\">\n<li data-start=\"920\" data-end=\"931\">\n<p data-start=\"922\" data-end=\"931\">Colch\u00f3n<\/p>\n<\/li>\n<li data-start=\"932\" data-end=\"944\">\n<p data-start=\"934\" data-end=\"944\">Almohada<\/p>\n<\/li>\n<\/ul>\n","protected":false},"featured_media":4424,"comment_status":"closed","ping_status":"closed","template":"","meta":{"site-sidebar-layout":"default","site-content-layout":"default","ast-site-content-layout":"default","site-content-style":"default","site-sidebar-style":"default","ast-global-header-display":"","ast-banner-title-visibility":"","ast-main-header-display":"","ast-hfb-above-header-display":"","ast-hfb-below-header-display":"","ast-hfb-mobile-header-display":"","site-post-title":"","ast-breadcrumbs-content":"","ast-featured-img":"","footer-sml-layout":"","ast-disable-related-posts":"","theme-transparent-header-meta":"default","adv-header-id-meta":"","stick-header-meta":"default","header-above-stick-meta":"","header-main-stick-meta":"","header-below-stick-meta":"","astra-migrate-meta-layouts":"set","ast-page-background-enabled":"default","ast-page-background-meta":{"desktop":{"background-color":"var(--ast-global-color-4)","background-image":"","background-repeat":"repeat","background-position":"center center","background-size":"auto","background-attachment":"scroll","background-type":"","background-media":"","overlay-type":"","overlay-color":"","overlay-opacity":"","overlay-gradient":""},"tablet":{"background-color":"","background-image":"","background-repeat":"repeat","background-position":"center center","background-size":"auto","background-attachment":"scroll","background-type":"","background-media":"","overlay-type":"","overlay-color":"","overlay-opacity":"","overlay-gradient":""},"mobile":{"background-color":"","background-image":"","background-repeat":"repeat","background-position":"center center","background-size":"auto","background-attachment":"scroll","background-type":"","background-media":"","overlay-type":"","overlay-color":"","overlay-opacity":"","overlay-gradient":""}},"ast-content-background-meta":{"desktop":{"background-color":"var(--ast-global-color-5)","background-image":"","background-repeat":"repeat","background-position":"center center","background-size":"auto","background-attachment":"scroll","background-type":"","background-media":"","overlay-type":"","overlay-color":"","overlay-opacity":"","overlay-gradient":""},"tablet":{"background-color":"var(--ast-global-color-5)","background-image":"","background-repeat":"repeat","background-position":"center center","background-size":"auto","background-attachment":"scroll","background-type":"","background-media":"","overlay-type":"","overlay-color":"","overlay-opacity":"","overlay-gradient":""},"mobile":{"background-color":"var(--ast-global-color-5)","background-image":"","background-repeat":"repeat","background-position":"center center","background-size":"auto","background-attachment":"scroll","background-type":"","background-media":"","overlay-type":"","overlay-color":"","overlay-opacity":"","overlay-gradient":""}}},"product_brand":[],"product_cat":[19,39],"product_tag":[],"manta":[],"temporada":[],"estilo":[],"tamano":[33],"class_list":{"0":"post-1406","1":"product","2":"type-product","3":"status-publish","4":"has-post-thumbnail","6":"product_cat-camas","7":"product_cat-camas-de-madera","8":"tamano-15-plazas","9":"desktop-align-left","10":"tablet-align-left","11":"mobile-align-left","12":"ast-product-gallery-layout-vertical-slider","13":"ast-magnify-disabled","14":"ast-product-tabs-layout-horizontal","16":"first","17":"instock","18":"sale","19":"shipping-taxable","20":"purchasable","21":"product-type-simple"},"yoast_head":"<!-- This site is optimized with the Yoast SEO Premium plugin v23.0 (Yoast SEO v27.3) - https:\/\/yoast.com\/product\/yoast-seo-premium-wordpress\/ -->\n<title>TARIMA FIJA ENCAJONADA 1.5 PLAZAS PINO \u2013 CON ACABADO LAQUEADO - Macrumo<\/title>\n<meta name=\"robots\" content=\"index, follow, max-snippet:-1, max-image-preview:large, max-video-preview:-1\" \/>\n<link rel=\"canonical\" href=\"https:\/\/macrumo.com.pe\/paratuhogar\/producto\/camas\/camas-de-madera\/tarima-fija-encajonada-1-5-plazas-pino-con-acabado-laqueado\/\" \/>\n<meta property=\"og:locale\" content=\"es_ES\" \/>\n<meta property=\"og:type\" content=\"article\" \/>\n<meta property=\"og:title\" content=\"TARIMA FIJA ENCAJONADA 1.5 PLAZAS PINO \u2013 CON ACABADO LAQUEADO\" \/>\n<meta property=\"og:description\" content=\"La Tarima Fija Encajonada de 1.5 plazas combina resistencia y estilo, perfecta para quienes buscan un mueble funcional con un toque sofisticado. Fabricada en madera de pino de alta calidad, brinda firmeza y durabilidad para un descanso seguro. Caracter\u00edsticas principales:     Material: Madera de pino macizo, reconocida por su resistencia y calidez natural.    Acabado laqueado: Proporciona una superficie lisa, brillante y f\u00e1cil de limpiar, protegiendo la madera y realzando su belleza.    Dise\u00f1o encajonado: Aporta estabilidad y un estilo moderno que se adapta a diferentes decoraciones.    Medida: 1.5 plazas, ideal para dormitorios de tama\u00f1o medio.    Origen: Hecho en Per\u00fa, con mano de obra de calidad.    Garant\u00eda: 24 meses.   No incluye:     Colch\u00f3n    Almohada\" \/>\n<meta property=\"og:url\" content=\"https:\/\/macrumo.com.pe\/paratuhogar\/producto\/camas\/camas-de-madera\/tarima-fija-encajonada-1-5-plazas-pino-con-acabado-laqueado\/\" \/>\n<meta property=\"og:site_name\" content=\"Macrumo\" \/>\n<meta property=\"article:publisher\" content=\"https:\/\/www.facebook.com\/Macrumo.com.pe\" \/>\n<meta property=\"article:modified_time\" content=\"2026-01-09T13:42:39+00:00\" \/>\n<meta property=\"og:image\" content=\"https:\/\/macrumo.com.pe\/paratuhogar\/wp-content\/uploads\/2024\/07\/TARIMA-FIJA-ENCAJONADA-1.5-PLAZAS-PINO-\u2013-CON-ACABADO-LAQUEADO.jpg\" \/>\n\t<meta property=\"og:image:width\" content=\"800\" \/>\n\t<meta property=\"og:image:height\" content=\"800\" \/>\n\t<meta property=\"og:image:type\" content=\"image\/jpeg\" \/>\n<meta name=\"twitter:card\" content=\"summary_large_image\" \/>\n<meta name=\"twitter:label1\" content=\"Tiempo de lectura\" \/>\n\t<meta name=\"twitter:data1\" content=\"1 minuto\" \/>\n<script type=\"application\/ld+json\" class=\"yoast-schema-graph\">{\"@context\":\"https:\\\/\\\/schema.org\",\"@graph\":[{\"@type\":\"WebPage\",\"@id\":\"https:\\\/\\\/macrumo.com.pe\\\/paratuhogar\\\/producto\\\/camas\\\/camas-de-madera\\\/tarima-fija-encajonada-1-5-plazas-pino-con-acabado-laqueado\\\/\",\"url\":\"https:\\\/\\\/macrumo.com.pe\\\/paratuhogar\\\/producto\\\/camas\\\/camas-de-madera\\\/tarima-fija-encajonada-1-5-plazas-pino-con-acabado-laqueado\\\/\",\"name\":\"TARIMA FIJA ENCAJONADA 1.5 PLAZAS PINO \u2013 CON ACABADO LAQUEADO - Macrumo\",\"isPartOf\":{\"@id\":\"https:\\\/\\\/macrumo.com.pe\\\/paratuhogar\\\/#website\"},\"primaryImageOfPage\":{\"@id\":\"https:\\\/\\\/macrumo.com.pe\\\/paratuhogar\\\/producto\\\/camas\\\/camas-de-madera\\\/tarima-fija-encajonada-1-5-plazas-pino-con-acabado-laqueado\\\/#primaryimage\"},\"image\":{\"@id\":\"https:\\\/\\\/macrumo.com.pe\\\/paratuhogar\\\/producto\\\/camas\\\/camas-de-madera\\\/tarima-fija-encajonada-1-5-plazas-pino-con-acabado-laqueado\\\/#primaryimage\"},\"thumbnailUrl\":\"https:\\\/\\\/macrumo.com.pe\\\/paratuhogar\\\/wp-content\\\/uploads\\\/2024\\\/07\\\/TARIMA-FIJA-ENCAJONADA-1.5-PLAZAS-PINO-\u2013-CON-ACABADO-LAQUEADO.jpg\",\"datePublished\":\"2023-12-26T04:15:20+00:00\",\"dateModified\":\"2026-01-09T13:42:39+00:00\",\"breadcrumb\":{\"@id\":\"https:\\\/\\\/macrumo.com.pe\\\/paratuhogar\\\/producto\\\/camas\\\/camas-de-madera\\\/tarima-fija-encajonada-1-5-plazas-pino-con-acabado-laqueado\\\/#breadcrumb\"},\"inLanguage\":\"es\",\"potentialAction\":[{\"@type\":\"ReadAction\",\"target\":[\"https:\\\/\\\/macrumo.com.pe\\\/paratuhogar\\\/producto\\\/camas\\\/camas-de-madera\\\/tarima-fija-encajonada-1-5-plazas-pino-con-acabado-laqueado\\\/\"]}]},{\"@type\":\"ImageObject\",\"inLanguage\":\"es\",\"@id\":\"https:\\\/\\\/macrumo.com.pe\\\/paratuhogar\\\/producto\\\/camas\\\/camas-de-madera\\\/tarima-fija-encajonada-1-5-plazas-pino-con-acabado-laqueado\\\/#primaryimage\",\"url\":\"https:\\\/\\\/macrumo.com.pe\\\/paratuhogar\\\/wp-content\\\/uploads\\\/2024\\\/07\\\/TARIMA-FIJA-ENCAJONADA-1.5-PLAZAS-PINO-\u2013-CON-ACABADO-LAQUEADO.jpg\",\"contentUrl\":\"https:\\\/\\\/macrumo.com.pe\\\/paratuhogar\\\/wp-content\\\/uploads\\\/2024\\\/07\\\/TARIMA-FIJA-ENCAJONADA-1.5-PLAZAS-PINO-\u2013-CON-ACABADO-LAQUEADO.jpg\",\"width\":800,\"height\":800},{\"@type\":\"BreadcrumbList\",\"@id\":\"https:\\\/\\\/macrumo.com.pe\\\/paratuhogar\\\/producto\\\/camas\\\/camas-de-madera\\\/tarima-fija-encajonada-1-5-plazas-pino-con-acabado-laqueado\\\/#breadcrumb\",\"itemListElement\":[{\"@type\":\"ListItem\",\"position\":1,\"name\":\"Portada\",\"item\":\"https:\\\/\\\/macrumo.com.pe\\\/paratuhogar\\\/\"},{\"@type\":\"ListItem\",\"position\":2,\"name\":\"Tienda\",\"item\":\"https:\\\/\\\/macrumo.com.pe\\\/paratuhogar\\\/tienda\\\/\"},{\"@type\":\"ListItem\",\"position\":3,\"name\":\"TARIMA FIJA ENCAJONADA 1.5 PLAZAS PINO \u2013 CON ACABADO LAQUEADO\"}]},{\"@type\":\"WebSite\",\"@id\":\"https:\\\/\\\/macrumo.com.pe\\\/paratuhogar\\\/#website\",\"url\":\"https:\\\/\\\/macrumo.com.pe\\\/paratuhogar\\\/\",\"name\":\"Macrumo\",\"description\":\"Macrumo\",\"publisher\":{\"@id\":\"https:\\\/\\\/macrumo.com.pe\\\/paratuhogar\\\/#organization\"},\"potentialAction\":[{\"@type\":\"SearchAction\",\"target\":{\"@type\":\"EntryPoint\",\"urlTemplate\":\"https:\\\/\\\/macrumo.com.pe\\\/paratuhogar\\\/?s={search_term_string}\"},\"query-input\":{\"@type\":\"PropertyValueSpecification\",\"valueRequired\":true,\"valueName\":\"search_term_string\"}}],\"inLanguage\":\"es\"},{\"@type\":\"Organization\",\"@id\":\"https:\\\/\\\/macrumo.com.pe\\\/paratuhogar\\\/#organization\",\"name\":\"Macrumo\",\"url\":\"https:\\\/\\\/macrumo.com.pe\\\/paratuhogar\\\/\",\"logo\":{\"@type\":\"ImageObject\",\"inLanguage\":\"es\",\"@id\":\"https:\\\/\\\/macrumo.com.pe\\\/paratuhogar\\\/#\\\/schema\\\/logo\\\/image\\\/\",\"url\":\"https:\\\/\\\/macrumo.com.pe\\\/paratuhogar\\\/wp-content\\\/uploads\\\/2023\\\/02\\\/Macrumo_logo.png\",\"contentUrl\":\"https:\\\/\\\/macrumo.com.pe\\\/paratuhogar\\\/wp-content\\\/uploads\\\/2023\\\/02\\\/Macrumo_logo.png\",\"width\":500,\"height\":148,\"caption\":\"Macrumo\"},\"image\":{\"@id\":\"https:\\\/\\\/macrumo.com.pe\\\/paratuhogar\\\/#\\\/schema\\\/logo\\\/image\\\/\"},\"sameAs\":[\"https:\\\/\\\/www.facebook.com\\\/Macrumo.com.pe\",\"https:\\\/\\\/www.instagram.com\\\/muebles.macrumo\\\/\",\"https:\\\/\\\/www.tiktok.com\\\/@muebles.macrumo\"]}]}<\/script>\n<!-- \/ Yoast SEO Premium plugin. -->","yoast_head_json":{"title":"TARIMA FIJA ENCAJONADA 1.5 PLAZAS PINO \u2013 CON ACABADO LAQUEADO - Macrumo","robots":{"index":"index","follow":"follow","max-snippet":"max-snippet:-1","max-image-preview":"max-image-preview:large","max-video-preview":"max-video-preview:-1"},"canonical":"https:\/\/macrumo.com.pe\/paratuhogar\/producto\/camas\/camas-de-madera\/tarima-fija-encajonada-1-5-plazas-pino-con-acabado-laqueado\/","og_locale":"es_ES","og_type":"article","og_title":"TARIMA FIJA ENCAJONADA 1.5 PLAZAS PINO \u2013 CON ACABADO LAQUEADO","og_description":"La Tarima Fija Encajonada de 1.5 plazas combina resistencia y estilo, perfecta para quienes buscan un mueble funcional con un toque sofisticado. Fabricada en madera de pino de alta calidad, brinda firmeza y durabilidad para un descanso seguro. Caracter\u00edsticas principales:     Material: Madera de pino macizo, reconocida por su resistencia y calidez natural.    Acabado laqueado: Proporciona una superficie lisa, brillante y f\u00e1cil de limpiar, protegiendo la madera y realzando su belleza.    Dise\u00f1o encajonado: Aporta estabilidad y un estilo moderno que se adapta a diferentes decoraciones.    Medida: 1.5 plazas, ideal para dormitorios de tama\u00f1o medio.    Origen: Hecho en Per\u00fa, con mano de obra de calidad.    Garant\u00eda: 24 meses.   No incluye:     Colch\u00f3n    Almohada","og_url":"https:\/\/macrumo.com.pe\/paratuhogar\/producto\/camas\/camas-de-madera\/tarima-fija-encajonada-1-5-plazas-pino-con-acabado-laqueado\/","og_site_name":"Macrumo","article_publisher":"https:\/\/www.facebook.com\/Macrumo.com.pe","article_modified_time":"2026-01-09T13:42:39+00:00","og_image":[{"width":800,"height":800,"url":"https:\/\/macrumo.com.pe\/paratuhogar\/wp-content\/uploads\/2024\/07\/TARIMA-FIJA-ENCAJONADA-1.5-PLAZAS-PINO-\u2013-CON-ACABADO-LAQUEADO.jpg","type":"image\/jpeg"}],"twitter_card":"summary_large_image","twitter_misc":{"Tiempo de lectura":"1 minuto"},"schema":{"@context":"https:\/\/schema.org","@graph":[{"@type":"WebPage","@id":"https:\/\/macrumo.com.pe\/paratuhogar\/producto\/camas\/camas-de-madera\/tarima-fija-encajonada-1-5-plazas-pino-con-acabado-laqueado\/","url":"https:\/\/macrumo.com.pe\/paratuhogar\/producto\/camas\/camas-de-madera\/tarima-fija-encajonada-1-5-plazas-pino-con-acabado-laqueado\/","name":"TARIMA FIJA ENCAJONADA 1.5 PLAZAS PINO \u2013 CON ACABADO LAQUEADO - Macrumo","isPartOf":{"@id":"https:\/\/macrumo.com.pe\/paratuhogar\/#website"},"primaryImageOfPage":{"@id":"https:\/\/macrumo.com.pe\/paratuhogar\/producto\/camas\/camas-de-madera\/tarima-fija-encajonada-1-5-plazas-pino-con-acabado-laqueado\/#primaryimage"},"image":{"@id":"https:\/\/macrumo.com.pe\/paratuhogar\/producto\/camas\/camas-de-madera\/tarima-fija-encajonada-1-5-plazas-pino-con-acabado-laqueado\/#primaryimage"},"thumbnailUrl":"https:\/\/macrumo.com.pe\/paratuhogar\/wp-content\/uploads\/2024\/07\/TARIMA-FIJA-ENCAJONADA-1.5-PLAZAS-PINO-\u2013-CON-ACABADO-LAQUEADO.jpg","datePublished":"2023-12-26T04:15:20+00:00","dateModified":"2026-01-09T13:42:39+00:00","breadcrumb":{"@id":"https:\/\/macrumo.com.pe\/paratuhogar\/producto\/camas\/camas-de-madera\/tarima-fija-encajonada-1-5-plazas-pino-con-acabado-laqueado\/#breadcrumb"},"inLanguage":"es","potentialAction":[{"@type":"ReadAction","target":["https:\/\/macrumo.com.pe\/paratuhogar\/producto\/camas\/camas-de-madera\/tarima-fija-encajonada-1-5-plazas-pino-con-acabado-laqueado\/"]}]},{"@type":"ImageObject","inLanguage":"es","@id":"https:\/\/macrumo.com.pe\/paratuhogar\/producto\/camas\/camas-de-madera\/tarima-fija-encajonada-1-5-plazas-pino-con-acabado-laqueado\/#primaryimage","url":"https:\/\/macrumo.com.pe\/paratuhogar\/wp-content\/uploads\/2024\/07\/TARIMA-FIJA-ENCAJONADA-1.5-PLAZAS-PINO-\u2013-CON-ACABADO-LAQUEADO.jpg","contentUrl":"https:\/\/macrumo.com.pe\/paratuhogar\/wp-content\/uploads\/2024\/07\/TARIMA-FIJA-ENCAJONADA-1.5-PLAZAS-PINO-\u2013-CON-ACABADO-LAQUEADO.jpg","width":800,"height":800},{"@type":"BreadcrumbList","@id":"https:\/\/macrumo.com.pe\/paratuhogar\/producto\/camas\/camas-de-madera\/tarima-fija-encajonada-1-5-plazas-pino-con-acabado-laqueado\/#breadcrumb","itemListElement":[{"@type":"ListItem","position":1,"name":"Portada","item":"https:\/\/macrumo.com.pe\/paratuhogar\/"},{"@type":"ListItem","position":2,"name":"Tienda","item":"https:\/\/macrumo.com.pe\/paratuhogar\/tienda\/"},{"@type":"ListItem","position":3,"name":"TARIMA FIJA ENCAJONADA 1.5 PLAZAS PINO \u2013 CON ACABADO LAQUEADO"}]},{"@type":"WebSite","@id":"https:\/\/macrumo.com.pe\/paratuhogar\/#website","url":"https:\/\/macrumo.com.pe\/paratuhogar\/","name":"Macrumo","description":"Macrumo","publisher":{"@id":"https:\/\/macrumo.com.pe\/paratuhogar\/#organization"},"potentialAction":[{"@type":"SearchAction","target":{"@type":"EntryPoint","urlTemplate":"https:\/\/macrumo.com.pe\/paratuhogar\/?s={search_term_string}"},"query-input":{"@type":"PropertyValueSpecification","valueRequired":true,"valueName":"search_term_string"}}],"inLanguage":"es"},{"@type":"Organization","@id":"https:\/\/macrumo.com.pe\/paratuhogar\/#organization","name":"Macrumo","url":"https:\/\/macrumo.com.pe\/paratuhogar\/","logo":{"@type":"ImageObject","inLanguage":"es","@id":"https:\/\/macrumo.com.pe\/paratuhogar\/#\/schema\/logo\/image\/","url":"https:\/\/macrumo.com.pe\/paratuhogar\/wp-content\/uploads\/2023\/02\/Macrumo_logo.png","contentUrl":"https:\/\/macrumo.com.pe\/paratuhogar\/wp-content\/uploads\/2023\/02\/Macrumo_logo.png","width":500,"height":148,"caption":"Macrumo"},"image":{"@id":"https:\/\/macrumo.com.pe\/paratuhogar\/#\/schema\/logo\/image\/"},"sameAs":["https:\/\/www.facebook.com\/Macrumo.com.pe","https:\/\/www.instagram.com\/muebles.macrumo\/","https:\/\/www.tiktok.com\/@muebles.macrumo"]}]}},"_links":{"self":[{"href":"https:\/\/macrumo.com.pe\/paratuhogar\/wp-json\/wp\/v2\/product\/1406","targetHints":{"allow":["GET"]}}],"collection":[{"href":"https:\/\/macrumo.com.pe\/paratuhogar\/wp-json\/wp\/v2\/product"}],"about":[{"href":"https:\/\/macrumo.com.pe\/paratuhogar\/wp-json\/wp\/v2\/types\/product"}],"replies":[{"embeddable":true,"href":"https:\/\/macrumo.com.pe\/paratuhogar\/wp-json\/wp\/v2\/comments?post=1406"}],"wp:featuredmedia":[{"embeddable":true,"href":"https:\/\/macrumo.com.pe\/paratuhogar\/wp-json\/wp\/v2\/media\/4424"}],"wp:attachment":[{"href":"https:\/\/macrumo.com.pe\/paratuhogar\/wp-json\/wp\/v2\/media?parent=1406"}],"wp:term":[{"taxonomy":"product_brand","embeddable":true,"href":"https:\/\/macrumo.com.pe\/paratuhogar\/wp-json\/wp\/v2\/product_brand?post=1406"},{"taxonomy":"product_cat","embeddable":true,"href":"https:\/\/macrumo.com.pe\/paratuhogar\/wp-json\/wp\/v2\/product_cat?post=1406"},{"taxonomy":"product_tag","embeddable":true,"href":"https:\/\/macrumo.com.pe\/paratuhogar\/wp-json\/wp\/v2\/product_tag?post=1406"},{"taxonomy":"manta","embeddable":true,"href":"https:\/\/macrumo.com.pe\/paratuhogar\/wp-json\/wp\/v2\/manta?post=1406"},{"taxonomy":"temporada","embeddable":true,"href":"https:\/\/macrumo.com.pe\/paratuhogar\/wp-json\/wp\/v2\/temporada?post=1406"},{"taxonomy":"estilo","embeddable":true,"href":"https:\/\/macrumo.com.pe\/paratuhogar\/wp-json\/wp\/v2\/estilo?post=1406"},{"taxonomy":"tamano","embeddable":true,"href":"https:\/\/macrumo.com.pe\/paratuhogar\/wp-json\/wp\/v2\/tamano?post=1406"}],"curies":[{"name":"wp","href":"https:\/\/api.w.org\/{rel}","templated":true}]}}