{"id":13608,"date":"2025-09-26T17:49:06","date_gmt":"2025-09-26T22:49:06","guid":{"rendered":"https:\/\/macrumo.com.pe\/paratuhogar\/?post_type=product&#038;p=13608"},"modified":"2026-03-18T18:25:03","modified_gmt":"2026-03-18T23:25:03","slug":"cama-con-sabanera-torneada-patas-3x3-acabado-miel","status":"publish","type":"product","link":"https:\/\/macrumo.com.pe\/paratuhogar\/producto\/camas\/camas-de-madera\/cama-con-sabanera-torneada-patas-3x3-acabado-miel\/","title":{"rendered":"Cama con Sabanera Torneada Patas 3&#215;3 &#8211; acabado miel"},"content":{"rendered":"<p>Un mueble pensado para aprovechar el espacio y mantener tu ropa de cama siempre organizada.<br data-start=\"649\" data-end=\"652\" \/><strong data-start=\"652\" data-end=\"805\" data-is-last-node=\"\">Descubre m\u00e1s dise\u00f1os exclusivos en Muebles Macrumo y transforma tu hogar con estilo. \u00a1S\u00edguenos en nuestras redes para no perderte nuestras novedades!<\/strong><\/p>\n<div class=\"ast-oembed-container \" style=\"height: 100%;\"><iframe title=\"Cama con sabanera modelo Torneada, pata 3x3 - Muebles Macrumo\" width=\"500\" height=\"281\" src=\"https:\/\/www.youtube.com\/embed\/dvN1lg421Dw?feature=oembed\" frameborder=\"0\" allow=\"accelerometer; autoplay; clipboard-write; encrypted-media; gyroscope; picture-in-picture; web-share\" referrerpolicy=\"strict-origin-when-cross-origin\" allowfullscreen><\/iframe><\/div>\n","protected":false},"excerpt":{"rendered":"<p data-start=\"79\" data-end=\"360\">Descubre la\u00a0<strong data-start=\"91\" data-end=\"148\">Cama con sabanera Torneada Pata de 3&#215;3 \u2013 Acabado miel<\/strong>, perfecta para aportar calidez y elegancia a tu dormitorio. Su tono miel en pino selecto resalta la belleza natural de la madera, mientras su dise\u00f1o pr\u00e1ctico y resistente brinda la funcionalidad que necesitas.<\/p>\n<p data-start=\"362\" data-end=\"396\"><strong data-start=\"362\" data-end=\"394\">Caracter\u00edsticas principales:<\/strong><\/p>\n<ul data-start=\"397\" data-end=\"565\">\n<li data-start=\"397\" data-end=\"443\">\n<p data-start=\"399\" data-end=\"443\">Pino selecto con elegante\u00a0<strong data-start=\"425\" data-end=\"441\">acabado miel<\/strong><\/p>\n<\/li>\n<li data-start=\"444\" data-end=\"503\">\n<p data-start=\"446\" data-end=\"503\">Dise\u00f1o\u00a0<strong data-start=\"453\" data-end=\"467\">desarmable<\/strong>\u00a0para f\u00e1cil traslado e instalaci\u00f3n<\/p>\n<\/li>\n<li data-start=\"504\" data-end=\"565\">\n<p data-start=\"506\" data-end=\"565\"><strong data-start=\"506\" data-end=\"540\">Dos cajones sabanera frontales<\/strong>, amplios y resistentes<\/p>\n<\/li>\n<\/ul>\n","protected":false},"featured_media":13612,"comment_status":"closed","ping_status":"closed","template":"","meta":{"site-sidebar-layout":"default","site-content-layout":"","ast-site-content-layout":"default","site-content-style":"default","site-sidebar-style":"default","ast-global-header-display":"","ast-banner-title-visibility":"","ast-main-header-display":"","ast-hfb-above-header-display":"","ast-hfb-below-header-display":"","ast-hfb-mobile-header-display":"","site-post-title":"","ast-breadcrumbs-content":"","ast-featured-img":"","footer-sml-layout":"","ast-disable-related-posts":"","theme-transparent-header-meta":"default","adv-header-id-meta":"","stick-header-meta":"default","header-above-stick-meta":"","header-main-stick-meta":"","header-below-stick-meta":"","astra-migrate-meta-layouts":"set","ast-page-background-enabled":"default","ast-page-background-meta":{"desktop":{"background-color":"var(--ast-global-color-4)","background-image":"","background-repeat":"repeat","background-position":"center center","background-size":"auto","background-attachment":"scroll","background-type":"","background-media":"","overlay-type":"","overlay-color":"","overlay-opacity":"","overlay-gradient":""},"tablet":{"background-color":"","background-image":"","background-repeat":"repeat","background-position":"center center","background-size":"auto","background-attachment":"scroll","background-type":"","background-media":"","overlay-type":"","overlay-color":"","overlay-opacity":"","overlay-gradient":""},"mobile":{"background-color":"","background-image":"","background-repeat":"repeat","background-position":"center center","background-size":"auto","background-attachment":"scroll","background-type":"","background-media":"","overlay-type":"","overlay-color":"","overlay-opacity":"","overlay-gradient":""}},"ast-content-background-meta":{"desktop":{"background-color":"var(--ast-global-color-5)","background-image":"","background-repeat":"repeat","background-position":"center center","background-size":"auto","background-attachment":"scroll","background-type":"","background-media":"","overlay-type":"","overlay-color":"","overlay-opacity":"","overlay-gradient":""},"tablet":{"background-color":"var(--ast-global-color-5)","background-image":"","background-repeat":"repeat","background-position":"center center","background-size":"auto","background-attachment":"scroll","background-type":"","background-media":"","overlay-type":"","overlay-color":"","overlay-opacity":"","overlay-gradient":""},"mobile":{"background-color":"var(--ast-global-color-5)","background-image":"","background-repeat":"repeat","background-position":"center center","background-size":"auto","background-attachment":"scroll","background-type":"","background-media":"","overlay-type":"","overlay-color":"","overlay-opacity":"","overlay-gradient":""}}},"product_brand":[],"product_cat":[19,39],"product_tag":[],"manta":[],"temporada":[],"estilo":[],"tamano":[33,34,35],"class_list":{"0":"post-13608","1":"product","2":"type-product","3":"status-publish","4":"has-post-thumbnail","6":"product_cat-camas","7":"product_cat-camas-de-madera","8":"tamano-15-plazas","9":"tamano-2-plazas","10":"tamano-queen","11":"desktop-align-left","12":"tablet-align-left","13":"mobile-align-left","14":"ast-product-gallery-layout-vertical-slider","15":"ast-magnify-disabled","16":"ast-product-single-variable","17":"ast-product-tabs-layout-horizontal","19":"first","20":"instock","21":"sale","22":"shipping-taxable","23":"purchasable","24":"product-type-variable"},"yoast_head":"<!-- This site is optimized with the Yoast SEO Premium plugin v23.0 (Yoast SEO v27.3) - https:\/\/yoast.com\/product\/yoast-seo-premium-wordpress\/ -->\n<title>Cama con Sabanera Torneada Patas 3x3 - acabado miel - Macrumo<\/title>\n<meta name=\"robots\" content=\"index, follow, max-snippet:-1, max-image-preview:large, max-video-preview:-1\" \/>\n<link rel=\"canonical\" href=\"https:\/\/macrumo.com.pe\/paratuhogar\/producto\/camas\/camas-de-madera\/cama-con-sabanera-torneada-patas-3x3-acabado-miel\/\" \/>\n<meta property=\"og:locale\" content=\"es_ES\" \/>\n<meta property=\"og:type\" content=\"article\" \/>\n<meta property=\"og:title\" content=\"Cama con Sabanera Torneada Patas 3x3 - acabado miel\" \/>\n<meta property=\"og:description\" content=\"Descubre la\u00a0Cama con sabanera Torneada Pata de 3x3 \u2013 Acabado miel, perfecta para aportar calidez y elegancia a tu dormitorio. Su tono miel en pino selecto resalta la belleza natural de la madera, mientras su dise\u00f1o pr\u00e1ctico y resistente brinda la funcionalidad que necesitas. Caracter\u00edsticas principales:     Pino selecto con elegante\u00a0acabado miel    Dise\u00f1o\u00a0desarmable\u00a0para f\u00e1cil traslado e instalaci\u00f3n    Dos cajones sabanera frontales, amplios y resistentes\" \/>\n<meta property=\"og:url\" content=\"https:\/\/macrumo.com.pe\/paratuhogar\/producto\/camas\/camas-de-madera\/cama-con-sabanera-torneada-patas-3x3-acabado-miel\/\" \/>\n<meta property=\"og:site_name\" content=\"Macrumo\" \/>\n<meta property=\"article:publisher\" content=\"https:\/\/www.facebook.com\/Macrumo.com.pe\" \/>\n<meta property=\"article:modified_time\" content=\"2026-03-18T23:25:03+00:00\" \/>\n<meta property=\"og:image\" content=\"https:\/\/macrumo.com.pe\/paratuhogar\/wp-content\/uploads\/2025\/09\/Cama-Sabanera-pino-color-nogal-modelo-torneada-pata-3x3-DE-FRENTE.jpg\" \/>\n\t<meta property=\"og:image:width\" content=\"1500\" \/>\n\t<meta property=\"og:image:height\" content=\"1500\" \/>\n\t<meta property=\"og:image:type\" content=\"image\/jpeg\" \/>\n<meta name=\"twitter:card\" content=\"summary_large_image\" \/>\n<meta name=\"twitter:label1\" content=\"Tiempo de lectura\" \/>\n\t<meta name=\"twitter:data1\" content=\"1 minuto\" \/>\n<script type=\"application\/ld+json\" class=\"yoast-schema-graph\">{\"@context\":\"https:\\\/\\\/schema.org\",\"@graph\":[{\"@type\":\"WebPage\",\"@id\":\"https:\\\/\\\/macrumo.com.pe\\\/paratuhogar\\\/producto\\\/camas\\\/camas-de-madera\\\/cama-con-sabanera-torneada-patas-3x3-acabado-miel\\\/\",\"url\":\"https:\\\/\\\/macrumo.com.pe\\\/paratuhogar\\\/producto\\\/camas\\\/camas-de-madera\\\/cama-con-sabanera-torneada-patas-3x3-acabado-miel\\\/\",\"name\":\"Cama con Sabanera Torneada Patas 3x3 - acabado miel - Macrumo\",\"isPartOf\":{\"@id\":\"https:\\\/\\\/macrumo.com.pe\\\/paratuhogar\\\/#website\"},\"primaryImageOfPage\":{\"@id\":\"https:\\\/\\\/macrumo.com.pe\\\/paratuhogar\\\/producto\\\/camas\\\/camas-de-madera\\\/cama-con-sabanera-torneada-patas-3x3-acabado-miel\\\/#primaryimage\"},\"image\":{\"@id\":\"https:\\\/\\\/macrumo.com.pe\\\/paratuhogar\\\/producto\\\/camas\\\/camas-de-madera\\\/cama-con-sabanera-torneada-patas-3x3-acabado-miel\\\/#primaryimage\"},\"thumbnailUrl\":\"https:\\\/\\\/macrumo.com.pe\\\/paratuhogar\\\/wp-content\\\/uploads\\\/2025\\\/09\\\/Cama-Sabanera-pino-color-nogal-modelo-torneada-pata-3x3-DE-FRENTE.jpg\",\"datePublished\":\"2025-09-26T22:49:06+00:00\",\"dateModified\":\"2026-03-18T23:25:03+00:00\",\"breadcrumb\":{\"@id\":\"https:\\\/\\\/macrumo.com.pe\\\/paratuhogar\\\/producto\\\/camas\\\/camas-de-madera\\\/cama-con-sabanera-torneada-patas-3x3-acabado-miel\\\/#breadcrumb\"},\"inLanguage\":\"es\",\"potentialAction\":[{\"@type\":\"ReadAction\",\"target\":[\"https:\\\/\\\/macrumo.com.pe\\\/paratuhogar\\\/producto\\\/camas\\\/camas-de-madera\\\/cama-con-sabanera-torneada-patas-3x3-acabado-miel\\\/\"]}]},{\"@type\":\"ImageObject\",\"inLanguage\":\"es\",\"@id\":\"https:\\\/\\\/macrumo.com.pe\\\/paratuhogar\\\/producto\\\/camas\\\/camas-de-madera\\\/cama-con-sabanera-torneada-patas-3x3-acabado-miel\\\/#primaryimage\",\"url\":\"https:\\\/\\\/macrumo.com.pe\\\/paratuhogar\\\/wp-content\\\/uploads\\\/2025\\\/09\\\/Cama-Sabanera-pino-color-nogal-modelo-torneada-pata-3x3-DE-FRENTE.jpg\",\"contentUrl\":\"https:\\\/\\\/macrumo.com.pe\\\/paratuhogar\\\/wp-content\\\/uploads\\\/2025\\\/09\\\/Cama-Sabanera-pino-color-nogal-modelo-torneada-pata-3x3-DE-FRENTE.jpg\",\"width\":1500,\"height\":1500},{\"@type\":\"BreadcrumbList\",\"@id\":\"https:\\\/\\\/macrumo.com.pe\\\/paratuhogar\\\/producto\\\/camas\\\/camas-de-madera\\\/cama-con-sabanera-torneada-patas-3x3-acabado-miel\\\/#breadcrumb\",\"itemListElement\":[{\"@type\":\"ListItem\",\"position\":1,\"name\":\"Portada\",\"item\":\"https:\\\/\\\/macrumo.com.pe\\\/paratuhogar\\\/\"},{\"@type\":\"ListItem\",\"position\":2,\"name\":\"Tienda\",\"item\":\"https:\\\/\\\/macrumo.com.pe\\\/paratuhogar\\\/tienda\\\/\"},{\"@type\":\"ListItem\",\"position\":3,\"name\":\"Cama con Sabanera Torneada Patas 3&#215;3 &#8211; acabado miel\"}]},{\"@type\":\"WebSite\",\"@id\":\"https:\\\/\\\/macrumo.com.pe\\\/paratuhogar\\\/#website\",\"url\":\"https:\\\/\\\/macrumo.com.pe\\\/paratuhogar\\\/\",\"name\":\"Macrumo\",\"description\":\"Macrumo\",\"publisher\":{\"@id\":\"https:\\\/\\\/macrumo.com.pe\\\/paratuhogar\\\/#organization\"},\"potentialAction\":[{\"@type\":\"SearchAction\",\"target\":{\"@type\":\"EntryPoint\",\"urlTemplate\":\"https:\\\/\\\/macrumo.com.pe\\\/paratuhogar\\\/?s={search_term_string}\"},\"query-input\":{\"@type\":\"PropertyValueSpecification\",\"valueRequired\":true,\"valueName\":\"search_term_string\"}}],\"inLanguage\":\"es\"},{\"@type\":\"Organization\",\"@id\":\"https:\\\/\\\/macrumo.com.pe\\\/paratuhogar\\\/#organization\",\"name\":\"Macrumo\",\"url\":\"https:\\\/\\\/macrumo.com.pe\\\/paratuhogar\\\/\",\"logo\":{\"@type\":\"ImageObject\",\"inLanguage\":\"es\",\"@id\":\"https:\\\/\\\/macrumo.com.pe\\\/paratuhogar\\\/#\\\/schema\\\/logo\\\/image\\\/\",\"url\":\"https:\\\/\\\/macrumo.com.pe\\\/paratuhogar\\\/wp-content\\\/uploads\\\/2023\\\/02\\\/Macrumo_logo.png\",\"contentUrl\":\"https:\\\/\\\/macrumo.com.pe\\\/paratuhogar\\\/wp-content\\\/uploads\\\/2023\\\/02\\\/Macrumo_logo.png\",\"width\":500,\"height\":148,\"caption\":\"Macrumo\"},\"image\":{\"@id\":\"https:\\\/\\\/macrumo.com.pe\\\/paratuhogar\\\/#\\\/schema\\\/logo\\\/image\\\/\"},\"sameAs\":[\"https:\\\/\\\/www.facebook.com\\\/Macrumo.com.pe\",\"https:\\\/\\\/www.instagram.com\\\/muebles.macrumo\\\/\",\"https:\\\/\\\/www.tiktok.com\\\/@muebles.macrumo\"]}]}<\/script>\n<!-- \/ Yoast SEO Premium plugin. -->","yoast_head_json":{"title":"Cama con Sabanera Torneada Patas 3x3 - acabado miel - Macrumo","robots":{"index":"index","follow":"follow","max-snippet":"max-snippet:-1","max-image-preview":"max-image-preview:large","max-video-preview":"max-video-preview:-1"},"canonical":"https:\/\/macrumo.com.pe\/paratuhogar\/producto\/camas\/camas-de-madera\/cama-con-sabanera-torneada-patas-3x3-acabado-miel\/","og_locale":"es_ES","og_type":"article","og_title":"Cama con Sabanera Torneada Patas 3x3 - acabado miel","og_description":"Descubre la\u00a0Cama con sabanera Torneada Pata de 3x3 \u2013 Acabado miel, perfecta para aportar calidez y elegancia a tu dormitorio. Su tono miel en pino selecto resalta la belleza natural de la madera, mientras su dise\u00f1o pr\u00e1ctico y resistente brinda la funcionalidad que necesitas. Caracter\u00edsticas principales:     Pino selecto con elegante\u00a0acabado miel    Dise\u00f1o\u00a0desarmable\u00a0para f\u00e1cil traslado e instalaci\u00f3n    Dos cajones sabanera frontales, amplios y resistentes","og_url":"https:\/\/macrumo.com.pe\/paratuhogar\/producto\/camas\/camas-de-madera\/cama-con-sabanera-torneada-patas-3x3-acabado-miel\/","og_site_name":"Macrumo","article_publisher":"https:\/\/www.facebook.com\/Macrumo.com.pe","article_modified_time":"2026-03-18T23:25:03+00:00","og_image":[{"width":1500,"height":1500,"url":"https:\/\/macrumo.com.pe\/paratuhogar\/wp-content\/uploads\/2025\/09\/Cama-Sabanera-pino-color-nogal-modelo-torneada-pata-3x3-DE-FRENTE.jpg","type":"image\/jpeg"}],"twitter_card":"summary_large_image","twitter_misc":{"Tiempo de lectura":"1 minuto"},"schema":{"@context":"https:\/\/schema.org","@graph":[{"@type":"WebPage","@id":"https:\/\/macrumo.com.pe\/paratuhogar\/producto\/camas\/camas-de-madera\/cama-con-sabanera-torneada-patas-3x3-acabado-miel\/","url":"https:\/\/macrumo.com.pe\/paratuhogar\/producto\/camas\/camas-de-madera\/cama-con-sabanera-torneada-patas-3x3-acabado-miel\/","name":"Cama con Sabanera Torneada Patas 3x3 - acabado miel - Macrumo","isPartOf":{"@id":"https:\/\/macrumo.com.pe\/paratuhogar\/#website"},"primaryImageOfPage":{"@id":"https:\/\/macrumo.com.pe\/paratuhogar\/producto\/camas\/camas-de-madera\/cama-con-sabanera-torneada-patas-3x3-acabado-miel\/#primaryimage"},"image":{"@id":"https:\/\/macrumo.com.pe\/paratuhogar\/producto\/camas\/camas-de-madera\/cama-con-sabanera-torneada-patas-3x3-acabado-miel\/#primaryimage"},"thumbnailUrl":"https:\/\/macrumo.com.pe\/paratuhogar\/wp-content\/uploads\/2025\/09\/Cama-Sabanera-pino-color-nogal-modelo-torneada-pata-3x3-DE-FRENTE.jpg","datePublished":"2025-09-26T22:49:06+00:00","dateModified":"2026-03-18T23:25:03+00:00","breadcrumb":{"@id":"https:\/\/macrumo.com.pe\/paratuhogar\/producto\/camas\/camas-de-madera\/cama-con-sabanera-torneada-patas-3x3-acabado-miel\/#breadcrumb"},"inLanguage":"es","potentialAction":[{"@type":"ReadAction","target":["https:\/\/macrumo.com.pe\/paratuhogar\/producto\/camas\/camas-de-madera\/cama-con-sabanera-torneada-patas-3x3-acabado-miel\/"]}]},{"@type":"ImageObject","inLanguage":"es","@id":"https:\/\/macrumo.com.pe\/paratuhogar\/producto\/camas\/camas-de-madera\/cama-con-sabanera-torneada-patas-3x3-acabado-miel\/#primaryimage","url":"https:\/\/macrumo.com.pe\/paratuhogar\/wp-content\/uploads\/2025\/09\/Cama-Sabanera-pino-color-nogal-modelo-torneada-pata-3x3-DE-FRENTE.jpg","contentUrl":"https:\/\/macrumo.com.pe\/paratuhogar\/wp-content\/uploads\/2025\/09\/Cama-Sabanera-pino-color-nogal-modelo-torneada-pata-3x3-DE-FRENTE.jpg","width":1500,"height":1500},{"@type":"BreadcrumbList","@id":"https:\/\/macrumo.com.pe\/paratuhogar\/producto\/camas\/camas-de-madera\/cama-con-sabanera-torneada-patas-3x3-acabado-miel\/#breadcrumb","itemListElement":[{"@type":"ListItem","position":1,"name":"Portada","item":"https:\/\/macrumo.com.pe\/paratuhogar\/"},{"@type":"ListItem","position":2,"name":"Tienda","item":"https:\/\/macrumo.com.pe\/paratuhogar\/tienda\/"},{"@type":"ListItem","position":3,"name":"Cama con Sabanera Torneada Patas 3&#215;3 &#8211; acabado miel"}]},{"@type":"WebSite","@id":"https:\/\/macrumo.com.pe\/paratuhogar\/#website","url":"https:\/\/macrumo.com.pe\/paratuhogar\/","name":"Macrumo","description":"Macrumo","publisher":{"@id":"https:\/\/macrumo.com.pe\/paratuhogar\/#organization"},"potentialAction":[{"@type":"SearchAction","target":{"@type":"EntryPoint","urlTemplate":"https:\/\/macrumo.com.pe\/paratuhogar\/?s={search_term_string}"},"query-input":{"@type":"PropertyValueSpecification","valueRequired":true,"valueName":"search_term_string"}}],"inLanguage":"es"},{"@type":"Organization","@id":"https:\/\/macrumo.com.pe\/paratuhogar\/#organization","name":"Macrumo","url":"https:\/\/macrumo.com.pe\/paratuhogar\/","logo":{"@type":"ImageObject","inLanguage":"es","@id":"https:\/\/macrumo.com.pe\/paratuhogar\/#\/schema\/logo\/image\/","url":"https:\/\/macrumo.com.pe\/paratuhogar\/wp-content\/uploads\/2023\/02\/Macrumo_logo.png","contentUrl":"https:\/\/macrumo.com.pe\/paratuhogar\/wp-content\/uploads\/2023\/02\/Macrumo_logo.png","width":500,"height":148,"caption":"Macrumo"},"image":{"@id":"https:\/\/macrumo.com.pe\/paratuhogar\/#\/schema\/logo\/image\/"},"sameAs":["https:\/\/www.facebook.com\/Macrumo.com.pe","https:\/\/www.instagram.com\/muebles.macrumo\/","https:\/\/www.tiktok.com\/@muebles.macrumo"]}]}},"_links":{"self":[{"href":"https:\/\/macrumo.com.pe\/paratuhogar\/wp-json\/wp\/v2\/product\/13608","targetHints":{"allow":["GET"]}}],"collection":[{"href":"https:\/\/macrumo.com.pe\/paratuhogar\/wp-json\/wp\/v2\/product"}],"about":[{"href":"https:\/\/macrumo.com.pe\/paratuhogar\/wp-json\/wp\/v2\/types\/product"}],"replies":[{"embeddable":true,"href":"https:\/\/macrumo.com.pe\/paratuhogar\/wp-json\/wp\/v2\/comments?post=13608"}],"wp:featuredmedia":[{"embeddable":true,"href":"https:\/\/macrumo.com.pe\/paratuhogar\/wp-json\/wp\/v2\/media\/13612"}],"wp:attachment":[{"href":"https:\/\/macrumo.com.pe\/paratuhogar\/wp-json\/wp\/v2\/media?parent=13608"}],"wp:term":[{"taxonomy":"product_brand","embeddable":true,"href":"https:\/\/macrumo.com.pe\/paratuhogar\/wp-json\/wp\/v2\/product_brand?post=13608"},{"taxonomy":"product_cat","embeddable":true,"href":"https:\/\/macrumo.com.pe\/paratuhogar\/wp-json\/wp\/v2\/product_cat?post=13608"},{"taxonomy":"product_tag","embeddable":true,"href":"https:\/\/macrumo.com.pe\/paratuhogar\/wp-json\/wp\/v2\/product_tag?post=13608"},{"taxonomy":"manta","embeddable":true,"href":"https:\/\/macrumo.com.pe\/paratuhogar\/wp-json\/wp\/v2\/manta?post=13608"},{"taxonomy":"temporada","embeddable":true,"href":"https:\/\/macrumo.com.pe\/paratuhogar\/wp-json\/wp\/v2\/temporada?post=13608"},{"taxonomy":"estilo","embeddable":true,"href":"https:\/\/macrumo.com.pe\/paratuhogar\/wp-json\/wp\/v2\/estilo?post=13608"},{"taxonomy":"tamano","embeddable":true,"href":"https:\/\/macrumo.com.pe\/paratuhogar\/wp-json\/wp\/v2\/tamano?post=13608"}],"curies":[{"name":"wp","href":"https:\/\/api.w.org\/{rel}","templated":true}]}}