{"id":13098,"date":"2025-09-17T16:02:37","date_gmt":"2025-09-17T21:02:37","guid":{"rendered":"https:\/\/macrumo.com.pe\/paratuhogar\/?post_type=product&#038;p=13098"},"modified":"2026-03-18T18:24:37","modified_gmt":"2026-03-18T23:24:37","slug":"cama-divan-base-tarima-cama-auxiliar-colchon-negro","status":"publish","type":"product","link":"https:\/\/macrumo.com.pe\/paratuhogar\/producto\/camas\/camas-tapizadas\/cama-divan-base-tarima-cama-auxiliar-colchon-negro\/","title":{"rendered":"Cama Div\u00e1n (Base Tarima + Cama Auxiliar + Colchon) Negro"},"content":{"rendered":"<p data-start=\"1020\" data-end=\"1157\">En\u00a0<strong data-start=\"1023\" data-end=\"1042\">Muebles Macrumo<\/strong>\u00a0nos dedicamos a ofrecer los mejores muebles y colchones para que disfrutes de un sue\u00f1o reparador todos los d\u00edas.<\/p>\n<p data-start=\"1159\" data-end=\"1301\">Aprovecha esta oferta y mejora tu descanso hoy mismo.<br data-start=\"1212\" data-end=\"1215\" \/>S\u00edguenos en Facebook, Instagram y YouTube como\u00a0<em data-start=\"1262\" data-end=\"1279\">Muebles Macrumo<\/em>\u00a0para m\u00e1s novedades.<\/p>\n","protected":false},"excerpt":{"rendered":"<p data-start=\"110\" data-end=\"286\">Descubre la combinaci\u00f3n perfecta de estilo y confort con nuestra\u00a0<strong data-start=\"175\" data-end=\"189\">Cama Div\u00e1n<\/strong>.<br data-start=\"190\" data-end=\"193\" \/>Fabricada con materiales de alta calidad, garantiza durabilidad y resistencia en el tiempo.<\/p>\n<p data-start=\"288\" data-end=\"317\"><strong data-start=\"288\" data-end=\"315\">Beneficios principales:<\/strong><\/p>\n<ul data-start=\"318\" data-end=\"682\">\n<li data-start=\"318\" data-end=\"385\">\n<p data-start=\"320\" data-end=\"385\">Dise\u00f1o moderno y elegante que se adapta a cualquier decoraci\u00f3n.<\/p>\n<\/li>\n<li data-start=\"386\" data-end=\"488\">\n<p data-start=\"388\" data-end=\"488\">Amplio espacio de almacenamiento con caja tarima exclusiva, ideal para organizar tus pertenencias.<\/p>\n<\/li>\n<li data-start=\"489\" data-end=\"576\">\n<p data-start=\"491\" data-end=\"576\">Fabricada con madera shihuahuaco y tapizada en tela impermeable de primera calidad.<\/p>\n<\/li>\n<li data-start=\"577\" data-end=\"617\">\n<p data-start=\"579\" data-end=\"617\">Espuma de 3 mm para mayor comodidad.<\/p>\n<\/li>\n<li data-start=\"618\" data-end=\"682\">\n<p data-start=\"620\" data-end=\"682\">Sistema de encaje que mantiene el colch\u00f3n firme en su lugar.<\/p>\n<\/li>\n<\/ul>\n<p data-start=\"684\" data-end=\"719\"><strong data-start=\"684\" data-end=\"717\">Caracter\u00edsticas del producto:<\/strong><\/p>\n<ul data-start=\"720\" data-end=\"1018\">\n<li data-start=\"720\" data-end=\"774\">\n<p data-start=\"722\" data-end=\"774\">Material: Madera de ingenier\u00eda + tela impermeable.<\/p>\n<\/li>\n<li data-start=\"775\" data-end=\"792\">\n<p data-start=\"777\" data-end=\"792\">Color: Negro.<\/p>\n<\/li>\n<li data-start=\"793\" data-end=\"814\">\n<p data-start=\"795\" data-end=\"814\">Garant\u00eda: 4 a\u00f1os.<\/p>\n<\/li>\n<li data-start=\"815\" data-end=\"1018\">\n<p data-start=\"817\" data-end=\"1018\">Colch\u00f3n incluido: Para\u00edso Pocket Italiano<\/p>\n<\/li>\n<\/ul>\n","protected":false},"featured_media":13102,"comment_status":"closed","ping_status":"closed","template":"","meta":{"site-sidebar-layout":"default","site-content-layout":"","ast-site-content-layout":"default","site-content-style":"default","site-sidebar-style":"default","ast-global-header-display":"","ast-banner-title-visibility":"","ast-main-header-display":"","ast-hfb-above-header-display":"","ast-hfb-below-header-display":"","ast-hfb-mobile-header-display":"","site-post-title":"","ast-breadcrumbs-content":"","ast-featured-img":"","footer-sml-layout":"","ast-disable-related-posts":"","theme-transparent-header-meta":"default","adv-header-id-meta":"","stick-header-meta":"default","header-above-stick-meta":"","header-main-stick-meta":"","header-below-stick-meta":"","astra-migrate-meta-layouts":"set","ast-page-background-enabled":"default","ast-page-background-meta":{"desktop":{"background-color":"var(--ast-global-color-4)","background-image":"","background-repeat":"repeat","background-position":"center center","background-size":"auto","background-attachment":"scroll","background-type":"","background-media":"","overlay-type":"","overlay-color":"","overlay-opacity":"","overlay-gradient":""},"tablet":{"background-color":"","background-image":"","background-repeat":"repeat","background-position":"center center","background-size":"auto","background-attachment":"scroll","background-type":"","background-media":"","overlay-type":"","overlay-color":"","overlay-opacity":"","overlay-gradient":""},"mobile":{"background-color":"","background-image":"","background-repeat":"repeat","background-position":"center center","background-size":"auto","background-attachment":"scroll","background-type":"","background-media":"","overlay-type":"","overlay-color":"","overlay-opacity":"","overlay-gradient":""}},"ast-content-background-meta":{"desktop":{"background-color":"var(--ast-global-color-5)","background-image":"","background-repeat":"repeat","background-position":"center center","background-size":"auto","background-attachment":"scroll","background-type":"","background-media":"","overlay-type":"","overlay-color":"","overlay-opacity":"","overlay-gradient":""},"tablet":{"background-color":"var(--ast-global-color-5)","background-image":"","background-repeat":"repeat","background-position":"center center","background-size":"auto","background-attachment":"scroll","background-type":"","background-media":"","overlay-type":"","overlay-color":"","overlay-opacity":"","overlay-gradient":""},"mobile":{"background-color":"var(--ast-global-color-5)","background-image":"","background-repeat":"repeat","background-position":"center center","background-size":"auto","background-attachment":"scroll","background-type":"","background-media":"","overlay-type":"","overlay-color":"","overlay-opacity":"","overlay-gradient":""}}},"product_brand":[],"product_cat":[19,40,18],"product_tag":[],"manta":[],"temporada":[],"estilo":[],"tamano":[33,34,35],"class_list":{"0":"post-13098","1":"product","2":"type-product","3":"status-publish","4":"has-post-thumbnail","6":"product_cat-camas","7":"product_cat-camas-tapizadas","8":"product_cat-dormitorio","9":"tamano-15-plazas","10":"tamano-2-plazas","11":"tamano-queen","12":"desktop-align-left","13":"tablet-align-left","14":"mobile-align-left","15":"ast-product-gallery-layout-vertical-slider","16":"ast-magnify-disabled","17":"ast-product-single-variable","18":"ast-product-tabs-layout-horizontal","20":"first","21":"instock","22":"sale","23":"shipping-taxable","24":"purchasable","25":"product-type-variable"},"yoast_head":"<!-- This site is optimized with the Yoast SEO Premium plugin v23.0 (Yoast SEO v27.3) - https:\/\/yoast.com\/product\/yoast-seo-premium-wordpress\/ -->\n<title>Cama Div\u00e1n (Base Tarima + Cama Auxiliar + Colchon) Negro - Macrumo<\/title>\n<meta name=\"robots\" content=\"index, follow, max-snippet:-1, max-image-preview:large, max-video-preview:-1\" \/>\n<link rel=\"canonical\" href=\"https:\/\/macrumo.com.pe\/paratuhogar\/producto\/camas\/camas-tapizadas\/cama-divan-base-tarima-cama-auxiliar-colchon-negro\/\" \/>\n<meta property=\"og:locale\" content=\"es_ES\" \/>\n<meta property=\"og:type\" content=\"article\" \/>\n<meta property=\"og:title\" content=\"Cama Div\u00e1n (Base Tarima + Cama Auxiliar + Colchon) Negro\" \/>\n<meta property=\"og:description\" content=\"Descubre la combinaci\u00f3n perfecta de estilo y confort con nuestra\u00a0Cama Div\u00e1n.Fabricada con materiales de alta calidad, garantiza durabilidad y resistencia en el tiempo. Beneficios principales:     Dise\u00f1o moderno y elegante que se adapta a cualquier decoraci\u00f3n.    Amplio espacio de almacenamiento con caja tarima exclusiva, ideal para organizar tus pertenencias.    Fabricada con madera shihuahuaco y tapizada en tela impermeable de primera calidad.    Espuma de 3 mm para mayor comodidad.    Sistema de encaje que mantiene el colch\u00f3n firme en su lugar.   Caracter\u00edsticas del producto:     Material: Madera de ingenier\u00eda + tela impermeable.    Color: Negro.    Garant\u00eda: 4 a\u00f1os.    Colch\u00f3n incluido: Para\u00edso Pocket Italiano\" \/>\n<meta property=\"og:url\" content=\"https:\/\/macrumo.com.pe\/paratuhogar\/producto\/camas\/camas-tapizadas\/cama-divan-base-tarima-cama-auxiliar-colchon-negro\/\" \/>\n<meta property=\"og:site_name\" content=\"Macrumo\" \/>\n<meta property=\"article:publisher\" content=\"https:\/\/www.facebook.com\/Macrumo.com.pe\" \/>\n<meta property=\"article:modified_time\" content=\"2026-03-18T23:24:37+00:00\" \/>\n<meta property=\"og:image\" content=\"https:\/\/macrumo.com.pe\/paratuhogar\/wp-content\/uploads\/2025\/09\/cama-divan-con-colchon-1.jpeg\" \/>\n\t<meta property=\"og:image:width\" content=\"1500\" \/>\n\t<meta property=\"og:image:height\" content=\"1500\" \/>\n\t<meta property=\"og:image:type\" content=\"image\/jpeg\" \/>\n<meta name=\"twitter:card\" content=\"summary_large_image\" \/>\n<meta name=\"twitter:label1\" content=\"Tiempo de lectura\" \/>\n\t<meta name=\"twitter:data1\" content=\"1 minuto\" \/>\n<script type=\"application\/ld+json\" class=\"yoast-schema-graph\">{\"@context\":\"https:\\\/\\\/schema.org\",\"@graph\":[{\"@type\":\"WebPage\",\"@id\":\"https:\\\/\\\/macrumo.com.pe\\\/paratuhogar\\\/producto\\\/camas\\\/camas-tapizadas\\\/cama-divan-base-tarima-cama-auxiliar-colchon-negro\\\/\",\"url\":\"https:\\\/\\\/macrumo.com.pe\\\/paratuhogar\\\/producto\\\/camas\\\/camas-tapizadas\\\/cama-divan-base-tarima-cama-auxiliar-colchon-negro\\\/\",\"name\":\"Cama Div\u00e1n (Base Tarima + Cama Auxiliar + Colchon) Negro - Macrumo\",\"isPartOf\":{\"@id\":\"https:\\\/\\\/macrumo.com.pe\\\/paratuhogar\\\/#website\"},\"primaryImageOfPage\":{\"@id\":\"https:\\\/\\\/macrumo.com.pe\\\/paratuhogar\\\/producto\\\/camas\\\/camas-tapizadas\\\/cama-divan-base-tarima-cama-auxiliar-colchon-negro\\\/#primaryimage\"},\"image\":{\"@id\":\"https:\\\/\\\/macrumo.com.pe\\\/paratuhogar\\\/producto\\\/camas\\\/camas-tapizadas\\\/cama-divan-base-tarima-cama-auxiliar-colchon-negro\\\/#primaryimage\"},\"thumbnailUrl\":\"https:\\\/\\\/macrumo.com.pe\\\/paratuhogar\\\/wp-content\\\/uploads\\\/2025\\\/09\\\/cama-divan-con-colchon-1.jpeg\",\"datePublished\":\"2025-09-17T21:02:37+00:00\",\"dateModified\":\"2026-03-18T23:24:37+00:00\",\"breadcrumb\":{\"@id\":\"https:\\\/\\\/macrumo.com.pe\\\/paratuhogar\\\/producto\\\/camas\\\/camas-tapizadas\\\/cama-divan-base-tarima-cama-auxiliar-colchon-negro\\\/#breadcrumb\"},\"inLanguage\":\"es\",\"potentialAction\":[{\"@type\":\"ReadAction\",\"target\":[\"https:\\\/\\\/macrumo.com.pe\\\/paratuhogar\\\/producto\\\/camas\\\/camas-tapizadas\\\/cama-divan-base-tarima-cama-auxiliar-colchon-negro\\\/\"]}]},{\"@type\":\"ImageObject\",\"inLanguage\":\"es\",\"@id\":\"https:\\\/\\\/macrumo.com.pe\\\/paratuhogar\\\/producto\\\/camas\\\/camas-tapizadas\\\/cama-divan-base-tarima-cama-auxiliar-colchon-negro\\\/#primaryimage\",\"url\":\"https:\\\/\\\/macrumo.com.pe\\\/paratuhogar\\\/wp-content\\\/uploads\\\/2025\\\/09\\\/cama-divan-con-colchon-1.jpeg\",\"contentUrl\":\"https:\\\/\\\/macrumo.com.pe\\\/paratuhogar\\\/wp-content\\\/uploads\\\/2025\\\/09\\\/cama-divan-con-colchon-1.jpeg\",\"width\":1500,\"height\":1500},{\"@type\":\"BreadcrumbList\",\"@id\":\"https:\\\/\\\/macrumo.com.pe\\\/paratuhogar\\\/producto\\\/camas\\\/camas-tapizadas\\\/cama-divan-base-tarima-cama-auxiliar-colchon-negro\\\/#breadcrumb\",\"itemListElement\":[{\"@type\":\"ListItem\",\"position\":1,\"name\":\"Portada\",\"item\":\"https:\\\/\\\/macrumo.com.pe\\\/paratuhogar\\\/\"},{\"@type\":\"ListItem\",\"position\":2,\"name\":\"Tienda\",\"item\":\"https:\\\/\\\/macrumo.com.pe\\\/paratuhogar\\\/tienda\\\/\"},{\"@type\":\"ListItem\",\"position\":3,\"name\":\"Cama Div\u00e1n (Base Tarima + Cama Auxiliar + Colchon) Negro\"}]},{\"@type\":\"WebSite\",\"@id\":\"https:\\\/\\\/macrumo.com.pe\\\/paratuhogar\\\/#website\",\"url\":\"https:\\\/\\\/macrumo.com.pe\\\/paratuhogar\\\/\",\"name\":\"Macrumo\",\"description\":\"Macrumo\",\"publisher\":{\"@id\":\"https:\\\/\\\/macrumo.com.pe\\\/paratuhogar\\\/#organization\"},\"potentialAction\":[{\"@type\":\"SearchAction\",\"target\":{\"@type\":\"EntryPoint\",\"urlTemplate\":\"https:\\\/\\\/macrumo.com.pe\\\/paratuhogar\\\/?s={search_term_string}\"},\"query-input\":{\"@type\":\"PropertyValueSpecification\",\"valueRequired\":true,\"valueName\":\"search_term_string\"}}],\"inLanguage\":\"es\"},{\"@type\":\"Organization\",\"@id\":\"https:\\\/\\\/macrumo.com.pe\\\/paratuhogar\\\/#organization\",\"name\":\"Macrumo\",\"url\":\"https:\\\/\\\/macrumo.com.pe\\\/paratuhogar\\\/\",\"logo\":{\"@type\":\"ImageObject\",\"inLanguage\":\"es\",\"@id\":\"https:\\\/\\\/macrumo.com.pe\\\/paratuhogar\\\/#\\\/schema\\\/logo\\\/image\\\/\",\"url\":\"https:\\\/\\\/macrumo.com.pe\\\/paratuhogar\\\/wp-content\\\/uploads\\\/2023\\\/02\\\/Macrumo_logo.png\",\"contentUrl\":\"https:\\\/\\\/macrumo.com.pe\\\/paratuhogar\\\/wp-content\\\/uploads\\\/2023\\\/02\\\/Macrumo_logo.png\",\"width\":500,\"height\":148,\"caption\":\"Macrumo\"},\"image\":{\"@id\":\"https:\\\/\\\/macrumo.com.pe\\\/paratuhogar\\\/#\\\/schema\\\/logo\\\/image\\\/\"},\"sameAs\":[\"https:\\\/\\\/www.facebook.com\\\/Macrumo.com.pe\",\"https:\\\/\\\/www.instagram.com\\\/muebles.macrumo\\\/\",\"https:\\\/\\\/www.tiktok.com\\\/@muebles.macrumo\"]}]}<\/script>\n<!-- \/ Yoast SEO Premium plugin. -->","yoast_head_json":{"title":"Cama Div\u00e1n (Base Tarima + Cama Auxiliar + Colchon) Negro - Macrumo","robots":{"index":"index","follow":"follow","max-snippet":"max-snippet:-1","max-image-preview":"max-image-preview:large","max-video-preview":"max-video-preview:-1"},"canonical":"https:\/\/macrumo.com.pe\/paratuhogar\/producto\/camas\/camas-tapizadas\/cama-divan-base-tarima-cama-auxiliar-colchon-negro\/","og_locale":"es_ES","og_type":"article","og_title":"Cama Div\u00e1n (Base Tarima + Cama Auxiliar + Colchon) Negro","og_description":"Descubre la combinaci\u00f3n perfecta de estilo y confort con nuestra\u00a0Cama Div\u00e1n.Fabricada con materiales de alta calidad, garantiza durabilidad y resistencia en el tiempo. Beneficios principales:     Dise\u00f1o moderno y elegante que se adapta a cualquier decoraci\u00f3n.    Amplio espacio de almacenamiento con caja tarima exclusiva, ideal para organizar tus pertenencias.    Fabricada con madera shihuahuaco y tapizada en tela impermeable de primera calidad.    Espuma de 3 mm para mayor comodidad.    Sistema de encaje que mantiene el colch\u00f3n firme en su lugar.   Caracter\u00edsticas del producto:     Material: Madera de ingenier\u00eda + tela impermeable.    Color: Negro.    Garant\u00eda: 4 a\u00f1os.    Colch\u00f3n incluido: Para\u00edso Pocket Italiano","og_url":"https:\/\/macrumo.com.pe\/paratuhogar\/producto\/camas\/camas-tapizadas\/cama-divan-base-tarima-cama-auxiliar-colchon-negro\/","og_site_name":"Macrumo","article_publisher":"https:\/\/www.facebook.com\/Macrumo.com.pe","article_modified_time":"2026-03-18T23:24:37+00:00","og_image":[{"width":1500,"height":1500,"url":"https:\/\/macrumo.com.pe\/paratuhogar\/wp-content\/uploads\/2025\/09\/cama-divan-con-colchon-1.jpeg","type":"image\/jpeg"}],"twitter_card":"summary_large_image","twitter_misc":{"Tiempo de lectura":"1 minuto"},"schema":{"@context":"https:\/\/schema.org","@graph":[{"@type":"WebPage","@id":"https:\/\/macrumo.com.pe\/paratuhogar\/producto\/camas\/camas-tapizadas\/cama-divan-base-tarima-cama-auxiliar-colchon-negro\/","url":"https:\/\/macrumo.com.pe\/paratuhogar\/producto\/camas\/camas-tapizadas\/cama-divan-base-tarima-cama-auxiliar-colchon-negro\/","name":"Cama Div\u00e1n (Base Tarima + Cama Auxiliar + Colchon) Negro - Macrumo","isPartOf":{"@id":"https:\/\/macrumo.com.pe\/paratuhogar\/#website"},"primaryImageOfPage":{"@id":"https:\/\/macrumo.com.pe\/paratuhogar\/producto\/camas\/camas-tapizadas\/cama-divan-base-tarima-cama-auxiliar-colchon-negro\/#primaryimage"},"image":{"@id":"https:\/\/macrumo.com.pe\/paratuhogar\/producto\/camas\/camas-tapizadas\/cama-divan-base-tarima-cama-auxiliar-colchon-negro\/#primaryimage"},"thumbnailUrl":"https:\/\/macrumo.com.pe\/paratuhogar\/wp-content\/uploads\/2025\/09\/cama-divan-con-colchon-1.jpeg","datePublished":"2025-09-17T21:02:37+00:00","dateModified":"2026-03-18T23:24:37+00:00","breadcrumb":{"@id":"https:\/\/macrumo.com.pe\/paratuhogar\/producto\/camas\/camas-tapizadas\/cama-divan-base-tarima-cama-auxiliar-colchon-negro\/#breadcrumb"},"inLanguage":"es","potentialAction":[{"@type":"ReadAction","target":["https:\/\/macrumo.com.pe\/paratuhogar\/producto\/camas\/camas-tapizadas\/cama-divan-base-tarima-cama-auxiliar-colchon-negro\/"]}]},{"@type":"ImageObject","inLanguage":"es","@id":"https:\/\/macrumo.com.pe\/paratuhogar\/producto\/camas\/camas-tapizadas\/cama-divan-base-tarima-cama-auxiliar-colchon-negro\/#primaryimage","url":"https:\/\/macrumo.com.pe\/paratuhogar\/wp-content\/uploads\/2025\/09\/cama-divan-con-colchon-1.jpeg","contentUrl":"https:\/\/macrumo.com.pe\/paratuhogar\/wp-content\/uploads\/2025\/09\/cama-divan-con-colchon-1.jpeg","width":1500,"height":1500},{"@type":"BreadcrumbList","@id":"https:\/\/macrumo.com.pe\/paratuhogar\/producto\/camas\/camas-tapizadas\/cama-divan-base-tarima-cama-auxiliar-colchon-negro\/#breadcrumb","itemListElement":[{"@type":"ListItem","position":1,"name":"Portada","item":"https:\/\/macrumo.com.pe\/paratuhogar\/"},{"@type":"ListItem","position":2,"name":"Tienda","item":"https:\/\/macrumo.com.pe\/paratuhogar\/tienda\/"},{"@type":"ListItem","position":3,"name":"Cama Div\u00e1n (Base Tarima + Cama Auxiliar + Colchon) Negro"}]},{"@type":"WebSite","@id":"https:\/\/macrumo.com.pe\/paratuhogar\/#website","url":"https:\/\/macrumo.com.pe\/paratuhogar\/","name":"Macrumo","description":"Macrumo","publisher":{"@id":"https:\/\/macrumo.com.pe\/paratuhogar\/#organization"},"potentialAction":[{"@type":"SearchAction","target":{"@type":"EntryPoint","urlTemplate":"https:\/\/macrumo.com.pe\/paratuhogar\/?s={search_term_string}"},"query-input":{"@type":"PropertyValueSpecification","valueRequired":true,"valueName":"search_term_string"}}],"inLanguage":"es"},{"@type":"Organization","@id":"https:\/\/macrumo.com.pe\/paratuhogar\/#organization","name":"Macrumo","url":"https:\/\/macrumo.com.pe\/paratuhogar\/","logo":{"@type":"ImageObject","inLanguage":"es","@id":"https:\/\/macrumo.com.pe\/paratuhogar\/#\/schema\/logo\/image\/","url":"https:\/\/macrumo.com.pe\/paratuhogar\/wp-content\/uploads\/2023\/02\/Macrumo_logo.png","contentUrl":"https:\/\/macrumo.com.pe\/paratuhogar\/wp-content\/uploads\/2023\/02\/Macrumo_logo.png","width":500,"height":148,"caption":"Macrumo"},"image":{"@id":"https:\/\/macrumo.com.pe\/paratuhogar\/#\/schema\/logo\/image\/"},"sameAs":["https:\/\/www.facebook.com\/Macrumo.com.pe","https:\/\/www.instagram.com\/muebles.macrumo\/","https:\/\/www.tiktok.com\/@muebles.macrumo"]}]}},"_links":{"self":[{"href":"https:\/\/macrumo.com.pe\/paratuhogar\/wp-json\/wp\/v2\/product\/13098","targetHints":{"allow":["GET"]}}],"collection":[{"href":"https:\/\/macrumo.com.pe\/paratuhogar\/wp-json\/wp\/v2\/product"}],"about":[{"href":"https:\/\/macrumo.com.pe\/paratuhogar\/wp-json\/wp\/v2\/types\/product"}],"replies":[{"embeddable":true,"href":"https:\/\/macrumo.com.pe\/paratuhogar\/wp-json\/wp\/v2\/comments?post=13098"}],"wp:featuredmedia":[{"embeddable":true,"href":"https:\/\/macrumo.com.pe\/paratuhogar\/wp-json\/wp\/v2\/media\/13102"}],"wp:attachment":[{"href":"https:\/\/macrumo.com.pe\/paratuhogar\/wp-json\/wp\/v2\/media?parent=13098"}],"wp:term":[{"taxonomy":"product_brand","embeddable":true,"href":"https:\/\/macrumo.com.pe\/paratuhogar\/wp-json\/wp\/v2\/product_brand?post=13098"},{"taxonomy":"product_cat","embeddable":true,"href":"https:\/\/macrumo.com.pe\/paratuhogar\/wp-json\/wp\/v2\/product_cat?post=13098"},{"taxonomy":"product_tag","embeddable":true,"href":"https:\/\/macrumo.com.pe\/paratuhogar\/wp-json\/wp\/v2\/product_tag?post=13098"},{"taxonomy":"manta","embeddable":true,"href":"https:\/\/macrumo.com.pe\/paratuhogar\/wp-json\/wp\/v2\/manta?post=13098"},{"taxonomy":"temporada","embeddable":true,"href":"https:\/\/macrumo.com.pe\/paratuhogar\/wp-json\/wp\/v2\/temporada?post=13098"},{"taxonomy":"estilo","embeddable":true,"href":"https:\/\/macrumo.com.pe\/paratuhogar\/wp-json\/wp\/v2\/estilo?post=13098"},{"taxonomy":"tamano","embeddable":true,"href":"https:\/\/macrumo.com.pe\/paratuhogar\/wp-json\/wp\/v2\/tamano?post=13098"}],"curies":[{"name":"wp","href":"https:\/\/api.w.org\/{rel}","templated":true}]}}