{"id":13089,"date":"2025-09-17T15:30:37","date_gmt":"2025-09-17T20:30:37","guid":{"rendered":"https:\/\/macrumo.com.pe\/paratuhogar\/?post_type=product&#038;p=13089"},"modified":"2026-03-18T18:24:37","modified_gmt":"2026-03-18T23:24:37","slug":"cama-divan-base-tarima-cama-auxiliar-negro","status":"publish","type":"product","link":"https:\/\/macrumo.com.pe\/paratuhogar\/producto\/camas\/camas-tapizadas\/cama-divan-base-tarima-cama-auxiliar-negro\/","title":{"rendered":"Cama Div\u00e1n (Base Tarima + Cama Auxiliar) Negro"},"content":{"rendered":"<p>En Macrumo nos dedicamos a ofrecer los mejores muebles y colchones para garantizarle un sue\u00f1o reparador. \u00a1Aproveche esta oferta ahora y mejore su descanso!<\/p>\n<p>\u00a1S\u00edganos en Facebook, Instagram y Youtube como Muebles Macrumo para m\u00e1s novedades!<\/p>\n","protected":false},"excerpt":{"rendered":"<div>Descubre la combinaci\u00f3n perfecta de estilo y confort con la Cama Div\u00e1n de Muebles Macrumo. Fabricada con materiales de alta calidad, garantiza durabilidad y resistencia. Con su dise\u00f1o moderno y elegante, se adapta a cualquier decoraci\u00f3n. Aprovecha su amplio espacio de almacenamiento y mejora tu descanso hoy mismo. Adem\u00e1s, optimiza tu espacio y organiza tus pertenencias con nuestra exclusiva caja tarima disponible en este mercado. Fabricada con madera shihuahuaco y tela impermeable de primera calidad, ofrece el m\u00e1ximo confort que buscas. Con una espuma de 3 mm para mayor comodidad y un sistema de encaje que mantiene el colch\u00f3n en su lugar. \u00a1Aprovecha esta oferta ahora y mejora tu descanso!<\/div>\n<div>\n<p>Caracter\u00edsticas:<\/p>\n<ul>\n<li>Madera de ingenier\u00eda con acabado en tela impermeable.<\/li>\n<li>Color: Negro<\/li>\n<li>Garant\u00eda: 4 a\u00f1os<\/li>\n<\/ul>\n<\/div>\n","protected":false},"featured_media":13103,"comment_status":"closed","ping_status":"closed","template":"","meta":{"site-sidebar-layout":"default","site-content-layout":"","ast-site-content-layout":"default","site-content-style":"default","site-sidebar-style":"default","ast-global-header-display":"","ast-banner-title-visibility":"","ast-main-header-display":"","ast-hfb-above-header-display":"","ast-hfb-below-header-display":"","ast-hfb-mobile-header-display":"","site-post-title":"","ast-breadcrumbs-content":"","ast-featured-img":"","footer-sml-layout":"","ast-disable-related-posts":"","theme-transparent-header-meta":"default","adv-header-id-meta":"","stick-header-meta":"default","header-above-stick-meta":"","header-main-stick-meta":"","header-below-stick-meta":"","astra-migrate-meta-layouts":"set","ast-page-background-enabled":"default","ast-page-background-meta":{"desktop":{"background-color":"var(--ast-global-color-4)","background-image":"","background-repeat":"repeat","background-position":"center center","background-size":"auto","background-attachment":"scroll","background-type":"","background-media":"","overlay-type":"","overlay-color":"","overlay-opacity":"","overlay-gradient":""},"tablet":{"background-color":"","background-image":"","background-repeat":"repeat","background-position":"center center","background-size":"auto","background-attachment":"scroll","background-type":"","background-media":"","overlay-type":"","overlay-color":"","overlay-opacity":"","overlay-gradient":""},"mobile":{"background-color":"","background-image":"","background-repeat":"repeat","background-position":"center center","background-size":"auto","background-attachment":"scroll","background-type":"","background-media":"","overlay-type":"","overlay-color":"","overlay-opacity":"","overlay-gradient":""}},"ast-content-background-meta":{"desktop":{"background-color":"var(--ast-global-color-5)","background-image":"","background-repeat":"repeat","background-position":"center center","background-size":"auto","background-attachment":"scroll","background-type":"","background-media":"","overlay-type":"","overlay-color":"","overlay-opacity":"","overlay-gradient":""},"tablet":{"background-color":"var(--ast-global-color-5)","background-image":"","background-repeat":"repeat","background-position":"center center","background-size":"auto","background-attachment":"scroll","background-type":"","background-media":"","overlay-type":"","overlay-color":"","overlay-opacity":"","overlay-gradient":""},"mobile":{"background-color":"var(--ast-global-color-5)","background-image":"","background-repeat":"repeat","background-position":"center center","background-size":"auto","background-attachment":"scroll","background-type":"","background-media":"","overlay-type":"","overlay-color":"","overlay-opacity":"","overlay-gradient":""}}},"product_brand":[],"product_cat":[19,40,18],"product_tag":[],"manta":[],"temporada":[],"estilo":[],"tamano":[33,34,35],"class_list":{"0":"post-13089","1":"product","2":"type-product","3":"status-publish","4":"has-post-thumbnail","6":"product_cat-camas","7":"product_cat-camas-tapizadas","8":"product_cat-dormitorio","9":"tamano-15-plazas","10":"tamano-2-plazas","11":"tamano-queen","12":"desktop-align-left","13":"tablet-align-left","14":"mobile-align-left","15":"ast-product-gallery-layout-vertical-slider","16":"ast-magnify-disabled","17":"ast-product-single-variable","18":"ast-product-tabs-layout-horizontal","20":"first","21":"instock","22":"sale","23":"shipping-taxable","24":"purchasable","25":"product-type-variable"},"yoast_head":"<!-- This site is optimized with the Yoast SEO Premium plugin v23.0 (Yoast SEO v27.3) - https:\/\/yoast.com\/product\/yoast-seo-premium-wordpress\/ -->\n<title>Cama Div\u00e1n (Base Tarima + Cama Auxiliar) Negro - Macrumo<\/title>\n<meta name=\"robots\" content=\"index, follow, max-snippet:-1, max-image-preview:large, max-video-preview:-1\" \/>\n<link rel=\"canonical\" href=\"https:\/\/macrumo.com.pe\/paratuhogar\/producto\/camas\/camas-tapizadas\/cama-divan-base-tarima-cama-auxiliar-negro\/\" \/>\n<meta property=\"og:locale\" content=\"es_ES\" \/>\n<meta property=\"og:type\" content=\"article\" \/>\n<meta property=\"og:title\" content=\"Cama Div\u00e1n (Base Tarima + Cama Auxiliar) Negro\" \/>\n<meta property=\"og:description\" content=\"Descubre la combinaci\u00f3n perfecta de estilo y confort con la Cama Div\u00e1n de Muebles Macrumo. Fabricada con materiales de alta calidad, garantiza durabilidad y resistencia. Con su dise\u00f1o moderno y elegante, se adapta a cualquier decoraci\u00f3n. Aprovecha su amplio espacio de almacenamiento y mejora tu descanso hoy mismo. Adem\u00e1s, optimiza tu espacio y organiza tus pertenencias con nuestra exclusiva caja tarima disponible en este mercado. Fabricada con madera shihuahuaco y tela impermeable de primera calidad, ofrece el m\u00e1ximo confort que buscas. Con una espuma de 3 mm para mayor comodidad y un sistema de encaje que mantiene el colch\u00f3n en su lugar. \u00a1Aprovecha esta oferta ahora y mejora tu descanso!   Caracter\u00edsticas:   Madera de ingenier\u00eda con acabado en tela impermeable.  Color: Negro  Garant\u00eda: 4 a\u00f1os\" \/>\n<meta property=\"og:url\" content=\"https:\/\/macrumo.com.pe\/paratuhogar\/producto\/camas\/camas-tapizadas\/cama-divan-base-tarima-cama-auxiliar-negro\/\" \/>\n<meta property=\"og:site_name\" content=\"Macrumo\" \/>\n<meta property=\"article:publisher\" content=\"https:\/\/www.facebook.com\/Macrumo.com.pe\" \/>\n<meta property=\"article:modified_time\" content=\"2026-03-18T23:24:37+00:00\" \/>\n<meta property=\"og:image\" content=\"https:\/\/macrumo.com.pe\/paratuhogar\/wp-content\/uploads\/2025\/09\/cama-divan-con-colchon-2.jpeg\" \/>\n\t<meta property=\"og:image:width\" content=\"1500\" \/>\n\t<meta property=\"og:image:height\" content=\"1500\" \/>\n\t<meta property=\"og:image:type\" content=\"image\/jpeg\" \/>\n<meta name=\"twitter:card\" content=\"summary_large_image\" \/>\n<meta name=\"twitter:label1\" content=\"Tiempo de lectura\" \/>\n\t<meta name=\"twitter:data1\" content=\"1 minuto\" \/>\n<script type=\"application\/ld+json\" class=\"yoast-schema-graph\">{\"@context\":\"https:\\\/\\\/schema.org\",\"@graph\":[{\"@type\":\"WebPage\",\"@id\":\"https:\\\/\\\/macrumo.com.pe\\\/paratuhogar\\\/producto\\\/camas\\\/camas-tapizadas\\\/cama-divan-base-tarima-cama-auxiliar-negro\\\/\",\"url\":\"https:\\\/\\\/macrumo.com.pe\\\/paratuhogar\\\/producto\\\/camas\\\/camas-tapizadas\\\/cama-divan-base-tarima-cama-auxiliar-negro\\\/\",\"name\":\"Cama Div\u00e1n (Base Tarima + Cama Auxiliar) Negro - Macrumo\",\"isPartOf\":{\"@id\":\"https:\\\/\\\/macrumo.com.pe\\\/paratuhogar\\\/#website\"},\"primaryImageOfPage\":{\"@id\":\"https:\\\/\\\/macrumo.com.pe\\\/paratuhogar\\\/producto\\\/camas\\\/camas-tapizadas\\\/cama-divan-base-tarima-cama-auxiliar-negro\\\/#primaryimage\"},\"image\":{\"@id\":\"https:\\\/\\\/macrumo.com.pe\\\/paratuhogar\\\/producto\\\/camas\\\/camas-tapizadas\\\/cama-divan-base-tarima-cama-auxiliar-negro\\\/#primaryimage\"},\"thumbnailUrl\":\"https:\\\/\\\/macrumo.com.pe\\\/paratuhogar\\\/wp-content\\\/uploads\\\/2025\\\/09\\\/cama-divan-con-colchon-2.jpeg\",\"datePublished\":\"2025-09-17T20:30:37+00:00\",\"dateModified\":\"2026-03-18T23:24:37+00:00\",\"breadcrumb\":{\"@id\":\"https:\\\/\\\/macrumo.com.pe\\\/paratuhogar\\\/producto\\\/camas\\\/camas-tapizadas\\\/cama-divan-base-tarima-cama-auxiliar-negro\\\/#breadcrumb\"},\"inLanguage\":\"es\",\"potentialAction\":[{\"@type\":\"ReadAction\",\"target\":[\"https:\\\/\\\/macrumo.com.pe\\\/paratuhogar\\\/producto\\\/camas\\\/camas-tapizadas\\\/cama-divan-base-tarima-cama-auxiliar-negro\\\/\"]}]},{\"@type\":\"ImageObject\",\"inLanguage\":\"es\",\"@id\":\"https:\\\/\\\/macrumo.com.pe\\\/paratuhogar\\\/producto\\\/camas\\\/camas-tapizadas\\\/cama-divan-base-tarima-cama-auxiliar-negro\\\/#primaryimage\",\"url\":\"https:\\\/\\\/macrumo.com.pe\\\/paratuhogar\\\/wp-content\\\/uploads\\\/2025\\\/09\\\/cama-divan-con-colchon-2.jpeg\",\"contentUrl\":\"https:\\\/\\\/macrumo.com.pe\\\/paratuhogar\\\/wp-content\\\/uploads\\\/2025\\\/09\\\/cama-divan-con-colchon-2.jpeg\",\"width\":1500,\"height\":1500},{\"@type\":\"BreadcrumbList\",\"@id\":\"https:\\\/\\\/macrumo.com.pe\\\/paratuhogar\\\/producto\\\/camas\\\/camas-tapizadas\\\/cama-divan-base-tarima-cama-auxiliar-negro\\\/#breadcrumb\",\"itemListElement\":[{\"@type\":\"ListItem\",\"position\":1,\"name\":\"Portada\",\"item\":\"https:\\\/\\\/macrumo.com.pe\\\/paratuhogar\\\/\"},{\"@type\":\"ListItem\",\"position\":2,\"name\":\"Tienda\",\"item\":\"https:\\\/\\\/macrumo.com.pe\\\/paratuhogar\\\/tienda\\\/\"},{\"@type\":\"ListItem\",\"position\":3,\"name\":\"Cama Div\u00e1n (Base Tarima + Cama Auxiliar) Negro\"}]},{\"@type\":\"WebSite\",\"@id\":\"https:\\\/\\\/macrumo.com.pe\\\/paratuhogar\\\/#website\",\"url\":\"https:\\\/\\\/macrumo.com.pe\\\/paratuhogar\\\/\",\"name\":\"Macrumo\",\"description\":\"Macrumo\",\"publisher\":{\"@id\":\"https:\\\/\\\/macrumo.com.pe\\\/paratuhogar\\\/#organization\"},\"potentialAction\":[{\"@type\":\"SearchAction\",\"target\":{\"@type\":\"EntryPoint\",\"urlTemplate\":\"https:\\\/\\\/macrumo.com.pe\\\/paratuhogar\\\/?s={search_term_string}\"},\"query-input\":{\"@type\":\"PropertyValueSpecification\",\"valueRequired\":true,\"valueName\":\"search_term_string\"}}],\"inLanguage\":\"es\"},{\"@type\":\"Organization\",\"@id\":\"https:\\\/\\\/macrumo.com.pe\\\/paratuhogar\\\/#organization\",\"name\":\"Macrumo\",\"url\":\"https:\\\/\\\/macrumo.com.pe\\\/paratuhogar\\\/\",\"logo\":{\"@type\":\"ImageObject\",\"inLanguage\":\"es\",\"@id\":\"https:\\\/\\\/macrumo.com.pe\\\/paratuhogar\\\/#\\\/schema\\\/logo\\\/image\\\/\",\"url\":\"https:\\\/\\\/macrumo.com.pe\\\/paratuhogar\\\/wp-content\\\/uploads\\\/2023\\\/02\\\/Macrumo_logo.png\",\"contentUrl\":\"https:\\\/\\\/macrumo.com.pe\\\/paratuhogar\\\/wp-content\\\/uploads\\\/2023\\\/02\\\/Macrumo_logo.png\",\"width\":500,\"height\":148,\"caption\":\"Macrumo\"},\"image\":{\"@id\":\"https:\\\/\\\/macrumo.com.pe\\\/paratuhogar\\\/#\\\/schema\\\/logo\\\/image\\\/\"},\"sameAs\":[\"https:\\\/\\\/www.facebook.com\\\/Macrumo.com.pe\",\"https:\\\/\\\/www.instagram.com\\\/muebles.macrumo\\\/\",\"https:\\\/\\\/www.tiktok.com\\\/@muebles.macrumo\"]}]}<\/script>\n<!-- \/ Yoast SEO Premium plugin. -->","yoast_head_json":{"title":"Cama Div\u00e1n (Base Tarima + Cama Auxiliar) Negro - Macrumo","robots":{"index":"index","follow":"follow","max-snippet":"max-snippet:-1","max-image-preview":"max-image-preview:large","max-video-preview":"max-video-preview:-1"},"canonical":"https:\/\/macrumo.com.pe\/paratuhogar\/producto\/camas\/camas-tapizadas\/cama-divan-base-tarima-cama-auxiliar-negro\/","og_locale":"es_ES","og_type":"article","og_title":"Cama Div\u00e1n (Base Tarima + Cama Auxiliar) Negro","og_description":"Descubre la combinaci\u00f3n perfecta de estilo y confort con la Cama Div\u00e1n de Muebles Macrumo. Fabricada con materiales de alta calidad, garantiza durabilidad y resistencia. Con su dise\u00f1o moderno y elegante, se adapta a cualquier decoraci\u00f3n. Aprovecha su amplio espacio de almacenamiento y mejora tu descanso hoy mismo. Adem\u00e1s, optimiza tu espacio y organiza tus pertenencias con nuestra exclusiva caja tarima disponible en este mercado. Fabricada con madera shihuahuaco y tela impermeable de primera calidad, ofrece el m\u00e1ximo confort que buscas. Con una espuma de 3 mm para mayor comodidad y un sistema de encaje que mantiene el colch\u00f3n en su lugar. \u00a1Aprovecha esta oferta ahora y mejora tu descanso!   Caracter\u00edsticas:   Madera de ingenier\u00eda con acabado en tela impermeable.  Color: Negro  Garant\u00eda: 4 a\u00f1os","og_url":"https:\/\/macrumo.com.pe\/paratuhogar\/producto\/camas\/camas-tapizadas\/cama-divan-base-tarima-cama-auxiliar-negro\/","og_site_name":"Macrumo","article_publisher":"https:\/\/www.facebook.com\/Macrumo.com.pe","article_modified_time":"2026-03-18T23:24:37+00:00","og_image":[{"width":1500,"height":1500,"url":"https:\/\/macrumo.com.pe\/paratuhogar\/wp-content\/uploads\/2025\/09\/cama-divan-con-colchon-2.jpeg","type":"image\/jpeg"}],"twitter_card":"summary_large_image","twitter_misc":{"Tiempo de lectura":"1 minuto"},"schema":{"@context":"https:\/\/schema.org","@graph":[{"@type":"WebPage","@id":"https:\/\/macrumo.com.pe\/paratuhogar\/producto\/camas\/camas-tapizadas\/cama-divan-base-tarima-cama-auxiliar-negro\/","url":"https:\/\/macrumo.com.pe\/paratuhogar\/producto\/camas\/camas-tapizadas\/cama-divan-base-tarima-cama-auxiliar-negro\/","name":"Cama Div\u00e1n (Base Tarima + Cama Auxiliar) Negro - Macrumo","isPartOf":{"@id":"https:\/\/macrumo.com.pe\/paratuhogar\/#website"},"primaryImageOfPage":{"@id":"https:\/\/macrumo.com.pe\/paratuhogar\/producto\/camas\/camas-tapizadas\/cama-divan-base-tarima-cama-auxiliar-negro\/#primaryimage"},"image":{"@id":"https:\/\/macrumo.com.pe\/paratuhogar\/producto\/camas\/camas-tapizadas\/cama-divan-base-tarima-cama-auxiliar-negro\/#primaryimage"},"thumbnailUrl":"https:\/\/macrumo.com.pe\/paratuhogar\/wp-content\/uploads\/2025\/09\/cama-divan-con-colchon-2.jpeg","datePublished":"2025-09-17T20:30:37+00:00","dateModified":"2026-03-18T23:24:37+00:00","breadcrumb":{"@id":"https:\/\/macrumo.com.pe\/paratuhogar\/producto\/camas\/camas-tapizadas\/cama-divan-base-tarima-cama-auxiliar-negro\/#breadcrumb"},"inLanguage":"es","potentialAction":[{"@type":"ReadAction","target":["https:\/\/macrumo.com.pe\/paratuhogar\/producto\/camas\/camas-tapizadas\/cama-divan-base-tarima-cama-auxiliar-negro\/"]}]},{"@type":"ImageObject","inLanguage":"es","@id":"https:\/\/macrumo.com.pe\/paratuhogar\/producto\/camas\/camas-tapizadas\/cama-divan-base-tarima-cama-auxiliar-negro\/#primaryimage","url":"https:\/\/macrumo.com.pe\/paratuhogar\/wp-content\/uploads\/2025\/09\/cama-divan-con-colchon-2.jpeg","contentUrl":"https:\/\/macrumo.com.pe\/paratuhogar\/wp-content\/uploads\/2025\/09\/cama-divan-con-colchon-2.jpeg","width":1500,"height":1500},{"@type":"BreadcrumbList","@id":"https:\/\/macrumo.com.pe\/paratuhogar\/producto\/camas\/camas-tapizadas\/cama-divan-base-tarima-cama-auxiliar-negro\/#breadcrumb","itemListElement":[{"@type":"ListItem","position":1,"name":"Portada","item":"https:\/\/macrumo.com.pe\/paratuhogar\/"},{"@type":"ListItem","position":2,"name":"Tienda","item":"https:\/\/macrumo.com.pe\/paratuhogar\/tienda\/"},{"@type":"ListItem","position":3,"name":"Cama Div\u00e1n (Base Tarima + Cama Auxiliar) Negro"}]},{"@type":"WebSite","@id":"https:\/\/macrumo.com.pe\/paratuhogar\/#website","url":"https:\/\/macrumo.com.pe\/paratuhogar\/","name":"Macrumo","description":"Macrumo","publisher":{"@id":"https:\/\/macrumo.com.pe\/paratuhogar\/#organization"},"potentialAction":[{"@type":"SearchAction","target":{"@type":"EntryPoint","urlTemplate":"https:\/\/macrumo.com.pe\/paratuhogar\/?s={search_term_string}"},"query-input":{"@type":"PropertyValueSpecification","valueRequired":true,"valueName":"search_term_string"}}],"inLanguage":"es"},{"@type":"Organization","@id":"https:\/\/macrumo.com.pe\/paratuhogar\/#organization","name":"Macrumo","url":"https:\/\/macrumo.com.pe\/paratuhogar\/","logo":{"@type":"ImageObject","inLanguage":"es","@id":"https:\/\/macrumo.com.pe\/paratuhogar\/#\/schema\/logo\/image\/","url":"https:\/\/macrumo.com.pe\/paratuhogar\/wp-content\/uploads\/2023\/02\/Macrumo_logo.png","contentUrl":"https:\/\/macrumo.com.pe\/paratuhogar\/wp-content\/uploads\/2023\/02\/Macrumo_logo.png","width":500,"height":148,"caption":"Macrumo"},"image":{"@id":"https:\/\/macrumo.com.pe\/paratuhogar\/#\/schema\/logo\/image\/"},"sameAs":["https:\/\/www.facebook.com\/Macrumo.com.pe","https:\/\/www.instagram.com\/muebles.macrumo\/","https:\/\/www.tiktok.com\/@muebles.macrumo"]}]}},"_links":{"self":[{"href":"https:\/\/macrumo.com.pe\/paratuhogar\/wp-json\/wp\/v2\/product\/13089","targetHints":{"allow":["GET"]}}],"collection":[{"href":"https:\/\/macrumo.com.pe\/paratuhogar\/wp-json\/wp\/v2\/product"}],"about":[{"href":"https:\/\/macrumo.com.pe\/paratuhogar\/wp-json\/wp\/v2\/types\/product"}],"replies":[{"embeddable":true,"href":"https:\/\/macrumo.com.pe\/paratuhogar\/wp-json\/wp\/v2\/comments?post=13089"}],"wp:featuredmedia":[{"embeddable":true,"href":"https:\/\/macrumo.com.pe\/paratuhogar\/wp-json\/wp\/v2\/media\/13103"}],"wp:attachment":[{"href":"https:\/\/macrumo.com.pe\/paratuhogar\/wp-json\/wp\/v2\/media?parent=13089"}],"wp:term":[{"taxonomy":"product_brand","embeddable":true,"href":"https:\/\/macrumo.com.pe\/paratuhogar\/wp-json\/wp\/v2\/product_brand?post=13089"},{"taxonomy":"product_cat","embeddable":true,"href":"https:\/\/macrumo.com.pe\/paratuhogar\/wp-json\/wp\/v2\/product_cat?post=13089"},{"taxonomy":"product_tag","embeddable":true,"href":"https:\/\/macrumo.com.pe\/paratuhogar\/wp-json\/wp\/v2\/product_tag?post=13089"},{"taxonomy":"manta","embeddable":true,"href":"https:\/\/macrumo.com.pe\/paratuhogar\/wp-json\/wp\/v2\/manta?post=13089"},{"taxonomy":"temporada","embeddable":true,"href":"https:\/\/macrumo.com.pe\/paratuhogar\/wp-json\/wp\/v2\/temporada?post=13089"},{"taxonomy":"estilo","embeddable":true,"href":"https:\/\/macrumo.com.pe\/paratuhogar\/wp-json\/wp\/v2\/estilo?post=13089"},{"taxonomy":"tamano","embeddable":true,"href":"https:\/\/macrumo.com.pe\/paratuhogar\/wp-json\/wp\/v2\/tamano?post=13089"}],"curies":[{"name":"wp","href":"https:\/\/api.w.org\/{rel}","templated":true}]}}