{"id":12053,"date":"2025-07-16T16:26:26","date_gmt":"2025-07-16T21:26:26","guid":{"rendered":"https:\/\/macrumo.com.pe\/paratuhogar\/?post_type=product&#038;p=12053"},"modified":"2026-03-18T18:24:26","modified_gmt":"2026-03-18T23:24:26","slug":"cama-tapizada-lima","status":"publish","type":"product","link":"https:\/\/macrumo.com.pe\/paratuhogar\/producto\/camas\/camas-tapizadas\/cama-tapizada-lima\/","title":{"rendered":"Cama tapizada Lima"},"content":{"rendered":"<p data-start=\"87\" data-end=\"281\"><strong>Organiza tu dormitorio con estilo gracias a este box tarima.<\/strong><br data-start=\"147\" data-end=\"150\" \/>Con una s\u00f3lida estructura de madera nacional y una cubierta en tela tejida de alta calidad, este dise\u00f1o ofrece confort y elegancia.<\/p>\n<p data-start=\"283\" data-end=\"337\">El box tarima viene con 4 patas instaladas de f\u00e1brica.<\/p>\n<p data-start=\"339\" data-end=\"397\">Ideal para quienes buscan funcionalidad sin perder estilo.<\/p>\n","protected":false},"excerpt":{"rendered":"<p data-start=\"86\" data-end=\"136\"><strong data-start=\"86\" data-end=\"136\">Optimiza tu espacio con estilo y funcionalidad<\/strong><\/p>\n<p data-start=\"138\" data-end=\"252\">Organiza mejor tu habitaci\u00f3n y ahorra espacio con este elegante box tarima con cabecera que Macrumo tiene para ti.<\/p>\n<p data-start=\"254\" data-end=\"587\">Dise\u00f1ado con un estilo moderno y materiales de alta calidad, este modelo combina madera de ingenier\u00eda de primera mano con una cubierta de tela tejida premium (marca Alpha), suave al tacto y resistente al uso diario. Adem\u00e1s, incorpora una capa de espuma de 3\u202fmm entre la estructura y el tapizado para un acabado m\u00e1s c\u00f3modo y duradero.<\/p>\n<p data-start=\"589\" data-end=\"672\"><strong data-start=\"589\" data-end=\"604\">Importante:<\/strong> Nuestro producto se despacha con las 4 patas instaladas de f\u00e1brica.<\/p>\n<p data-start=\"674\" data-end=\"697\"><strong data-start=\"674\" data-end=\"695\">Especificaciones:<\/strong><\/p>\n<ul data-start=\"698\" data-end=\"979\">\n<li data-start=\"698\" data-end=\"761\">\n<p data-start=\"700\" data-end=\"761\"><strong data-start=\"700\" data-end=\"713\">Material:<\/strong> Madera de ingenier\u00eda nacional de primera mano<\/p>\n<\/li>\n<li data-start=\"762\" data-end=\"812\">\n<p data-start=\"764\" data-end=\"812\"><strong data-start=\"764\" data-end=\"781\">Tipo de tela:<\/strong> Tejida premium \u2013 Marca Alpha<\/p>\n<\/li>\n<li data-start=\"813\" data-end=\"835\">\n<p data-start=\"815\" data-end=\"835\"><strong data-start=\"815\" data-end=\"825\">Marca:<\/strong> Macrumo<\/p>\n<\/li>\n<li data-start=\"836\" data-end=\"862\">\n<p data-start=\"838\" data-end=\"862\"><strong data-start=\"838\" data-end=\"851\">Garant\u00eda:<\/strong> 24 meses<\/p>\n<\/li>\n<li data-start=\"863\" data-end=\"896\">\n<p data-start=\"865\" data-end=\"896\"><strong data-start=\"865\" data-end=\"876\">Origen:<\/strong> Fabricado en Per\u00fa<\/p>\n<\/li>\n<li data-start=\"897\" data-end=\"951\">\n<p data-start=\"899\" data-end=\"951\"><strong data-start=\"899\" data-end=\"911\">Incluye:<\/strong> Cabecera, Box tarima, Boleta de venta<\/p>\n<\/li>\n<li data-start=\"952\" data-end=\"979\">\n<p data-start=\"954\" data-end=\"979\"><strong data-start=\"954\" data-end=\"969\">No incluye:<\/strong> Colch\u00f3n<\/p>\n<\/li>\n<\/ul>\n<p data-start=\"981\" data-end=\"1010\"><strong data-start=\"981\" data-end=\"1010\">Producto de alta calidad.<\/strong><\/p>\n","protected":false},"featured_media":12049,"comment_status":"closed","ping_status":"closed","template":"","meta":{"site-sidebar-layout":"default","site-content-layout":"","ast-site-content-layout":"default","site-content-style":"default","site-sidebar-style":"default","ast-global-header-display":"","ast-banner-title-visibility":"","ast-main-header-display":"","ast-hfb-above-header-display":"","ast-hfb-below-header-display":"","ast-hfb-mobile-header-display":"","site-post-title":"","ast-breadcrumbs-content":"","ast-featured-img":"","footer-sml-layout":"","ast-disable-related-posts":"","theme-transparent-header-meta":"default","adv-header-id-meta":"","stick-header-meta":"default","header-above-stick-meta":"","header-main-stick-meta":"","header-below-stick-meta":"","astra-migrate-meta-layouts":"set","ast-page-background-enabled":"default","ast-page-background-meta":{"desktop":{"background-color":"var(--ast-global-color-4)","background-image":"","background-repeat":"repeat","background-position":"center center","background-size":"auto","background-attachment":"scroll","background-type":"","background-media":"","overlay-type":"","overlay-color":"","overlay-opacity":"","overlay-gradient":""},"tablet":{"background-color":"","background-image":"","background-repeat":"repeat","background-position":"center center","background-size":"auto","background-attachment":"scroll","background-type":"","background-media":"","overlay-type":"","overlay-color":"","overlay-opacity":"","overlay-gradient":""},"mobile":{"background-color":"","background-image":"","background-repeat":"repeat","background-position":"center center","background-size":"auto","background-attachment":"scroll","background-type":"","background-media":"","overlay-type":"","overlay-color":"","overlay-opacity":"","overlay-gradient":""}},"ast-content-background-meta":{"desktop":{"background-color":"var(--ast-global-color-5)","background-image":"","background-repeat":"repeat","background-position":"center center","background-size":"auto","background-attachment":"scroll","background-type":"","background-media":"","overlay-type":"","overlay-color":"","overlay-opacity":"","overlay-gradient":""},"tablet":{"background-color":"var(--ast-global-color-5)","background-image":"","background-repeat":"repeat","background-position":"center center","background-size":"auto","background-attachment":"scroll","background-type":"","background-media":"","overlay-type":"","overlay-color":"","overlay-opacity":"","overlay-gradient":""},"mobile":{"background-color":"var(--ast-global-color-5)","background-image":"","background-repeat":"repeat","background-position":"center center","background-size":"auto","background-attachment":"scroll","background-type":"","background-media":"","overlay-type":"","overlay-color":"","overlay-opacity":"","overlay-gradient":""}}},"product_brand":[],"product_cat":[19,40],"product_tag":[],"manta":[],"temporada":[],"estilo":[],"tamano":[],"class_list":{"0":"post-12053","1":"product","2":"type-product","3":"status-publish","4":"has-post-thumbnail","6":"product_cat-camas","7":"product_cat-camas-tapizadas","8":"desktop-align-left","9":"tablet-align-left","10":"mobile-align-left","11":"ast-product-gallery-layout-vertical-slider","12":"ast-magnify-disabled","13":"ast-product-single-variable","14":"ast-product-tabs-layout-horizontal","16":"first","17":"instock","18":"sale","19":"shipping-taxable","20":"purchasable","21":"product-type-variable"},"yoast_head":"<!-- This site is optimized with the Yoast SEO Premium plugin v23.0 (Yoast SEO v27.3) - https:\/\/yoast.com\/product\/yoast-seo-premium-wordpress\/ -->\n<title>Cama tapizada Lima - Macrumo<\/title>\n<meta name=\"robots\" content=\"index, follow, max-snippet:-1, max-image-preview:large, max-video-preview:-1\" \/>\n<link rel=\"canonical\" href=\"https:\/\/macrumo.com.pe\/paratuhogar\/producto\/camas\/camas-tapizadas\/cama-tapizada-lima\/\" \/>\n<meta property=\"og:locale\" content=\"es_ES\" \/>\n<meta property=\"og:type\" content=\"article\" \/>\n<meta property=\"og:title\" content=\"Cama tapizada Lima\" \/>\n<meta property=\"og:description\" content=\"Optimiza tu espacio con estilo y funcionalidad Organiza mejor tu habitaci\u00f3n y ahorra espacio con este elegante box tarima con cabecera que Macrumo tiene para ti. Dise\u00f1ado con un estilo moderno y materiales de alta calidad, este modelo combina madera de ingenier\u00eda de primera mano con una cubierta de tela tejida premium (marca Alpha), suave al tacto y resistente al uso diario. Adem\u00e1s, incorpora una capa de espuma de 3\u202fmm entre la estructura y el tapizado para un acabado m\u00e1s c\u00f3modo y duradero. Importante: Nuestro producto se despacha con las 4 patas instaladas de f\u00e1brica. Especificaciones:     Material: Madera de ingenier\u00eda nacional de primera mano    Tipo de tela: Tejida premium \u2013 Marca Alpha    Marca: Macrumo    Garant\u00eda: 24 meses    Origen: Fabricado en Per\u00fa    Incluye: Cabecera, Box tarima, Boleta de venta    No incluye: Colch\u00f3n   Producto de alta calidad.\" \/>\n<meta property=\"og:url\" content=\"https:\/\/macrumo.com.pe\/paratuhogar\/producto\/camas\/camas-tapizadas\/cama-tapizada-lima\/\" \/>\n<meta property=\"og:site_name\" content=\"Macrumo\" \/>\n<meta property=\"article:publisher\" content=\"https:\/\/www.facebook.com\/Macrumo.com.pe\" \/>\n<meta property=\"article:modified_time\" content=\"2026-03-18T23:24:26+00:00\" \/>\n<meta property=\"og:image\" content=\"https:\/\/macrumo.com.pe\/paratuhogar\/wp-content\/uploads\/2025\/07\/cama-lima-09.jpg\" \/>\n\t<meta property=\"og:image:width\" content=\"900\" \/>\n\t<meta property=\"og:image:height\" content=\"900\" \/>\n\t<meta property=\"og:image:type\" content=\"image\/jpeg\" \/>\n<meta name=\"twitter:card\" content=\"summary_large_image\" \/>\n<meta name=\"twitter:label1\" content=\"Tiempo de lectura\" \/>\n\t<meta name=\"twitter:data1\" content=\"1 minuto\" \/>\n<script type=\"application\/ld+json\" class=\"yoast-schema-graph\">{\"@context\":\"https:\\\/\\\/schema.org\",\"@graph\":[{\"@type\":\"WebPage\",\"@id\":\"https:\\\/\\\/macrumo.com.pe\\\/paratuhogar\\\/producto\\\/camas\\\/camas-tapizadas\\\/cama-tapizada-lima\\\/\",\"url\":\"https:\\\/\\\/macrumo.com.pe\\\/paratuhogar\\\/producto\\\/camas\\\/camas-tapizadas\\\/cama-tapizada-lima\\\/\",\"name\":\"Cama tapizada Lima - Macrumo\",\"isPartOf\":{\"@id\":\"https:\\\/\\\/macrumo.com.pe\\\/paratuhogar\\\/#website\"},\"primaryImageOfPage\":{\"@id\":\"https:\\\/\\\/macrumo.com.pe\\\/paratuhogar\\\/producto\\\/camas\\\/camas-tapizadas\\\/cama-tapizada-lima\\\/#primaryimage\"},\"image\":{\"@id\":\"https:\\\/\\\/macrumo.com.pe\\\/paratuhogar\\\/producto\\\/camas\\\/camas-tapizadas\\\/cama-tapizada-lima\\\/#primaryimage\"},\"thumbnailUrl\":\"https:\\\/\\\/macrumo.com.pe\\\/paratuhogar\\\/wp-content\\\/uploads\\\/2025\\\/07\\\/cama-lima-09.jpg\",\"datePublished\":\"2025-07-16T21:26:26+00:00\",\"dateModified\":\"2026-03-18T23:24:26+00:00\",\"breadcrumb\":{\"@id\":\"https:\\\/\\\/macrumo.com.pe\\\/paratuhogar\\\/producto\\\/camas\\\/camas-tapizadas\\\/cama-tapizada-lima\\\/#breadcrumb\"},\"inLanguage\":\"es\",\"potentialAction\":[{\"@type\":\"ReadAction\",\"target\":[\"https:\\\/\\\/macrumo.com.pe\\\/paratuhogar\\\/producto\\\/camas\\\/camas-tapizadas\\\/cama-tapizada-lima\\\/\"]}]},{\"@type\":\"ImageObject\",\"inLanguage\":\"es\",\"@id\":\"https:\\\/\\\/macrumo.com.pe\\\/paratuhogar\\\/producto\\\/camas\\\/camas-tapizadas\\\/cama-tapizada-lima\\\/#primaryimage\",\"url\":\"https:\\\/\\\/macrumo.com.pe\\\/paratuhogar\\\/wp-content\\\/uploads\\\/2025\\\/07\\\/cama-lima-09.jpg\",\"contentUrl\":\"https:\\\/\\\/macrumo.com.pe\\\/paratuhogar\\\/wp-content\\\/uploads\\\/2025\\\/07\\\/cama-lima-09.jpg\",\"width\":900,\"height\":900},{\"@type\":\"BreadcrumbList\",\"@id\":\"https:\\\/\\\/macrumo.com.pe\\\/paratuhogar\\\/producto\\\/camas\\\/camas-tapizadas\\\/cama-tapizada-lima\\\/#breadcrumb\",\"itemListElement\":[{\"@type\":\"ListItem\",\"position\":1,\"name\":\"Portada\",\"item\":\"https:\\\/\\\/macrumo.com.pe\\\/paratuhogar\\\/\"},{\"@type\":\"ListItem\",\"position\":2,\"name\":\"Tienda\",\"item\":\"https:\\\/\\\/macrumo.com.pe\\\/paratuhogar\\\/tienda\\\/\"},{\"@type\":\"ListItem\",\"position\":3,\"name\":\"Cama tapizada Lima\"}]},{\"@type\":\"WebSite\",\"@id\":\"https:\\\/\\\/macrumo.com.pe\\\/paratuhogar\\\/#website\",\"url\":\"https:\\\/\\\/macrumo.com.pe\\\/paratuhogar\\\/\",\"name\":\"Macrumo\",\"description\":\"Macrumo\",\"publisher\":{\"@id\":\"https:\\\/\\\/macrumo.com.pe\\\/paratuhogar\\\/#organization\"},\"potentialAction\":[{\"@type\":\"SearchAction\",\"target\":{\"@type\":\"EntryPoint\",\"urlTemplate\":\"https:\\\/\\\/macrumo.com.pe\\\/paratuhogar\\\/?s={search_term_string}\"},\"query-input\":{\"@type\":\"PropertyValueSpecification\",\"valueRequired\":true,\"valueName\":\"search_term_string\"}}],\"inLanguage\":\"es\"},{\"@type\":\"Organization\",\"@id\":\"https:\\\/\\\/macrumo.com.pe\\\/paratuhogar\\\/#organization\",\"name\":\"Macrumo\",\"url\":\"https:\\\/\\\/macrumo.com.pe\\\/paratuhogar\\\/\",\"logo\":{\"@type\":\"ImageObject\",\"inLanguage\":\"es\",\"@id\":\"https:\\\/\\\/macrumo.com.pe\\\/paratuhogar\\\/#\\\/schema\\\/logo\\\/image\\\/\",\"url\":\"https:\\\/\\\/macrumo.com.pe\\\/paratuhogar\\\/wp-content\\\/uploads\\\/2023\\\/02\\\/Macrumo_logo.png\",\"contentUrl\":\"https:\\\/\\\/macrumo.com.pe\\\/paratuhogar\\\/wp-content\\\/uploads\\\/2023\\\/02\\\/Macrumo_logo.png\",\"width\":500,\"height\":148,\"caption\":\"Macrumo\"},\"image\":{\"@id\":\"https:\\\/\\\/macrumo.com.pe\\\/paratuhogar\\\/#\\\/schema\\\/logo\\\/image\\\/\"},\"sameAs\":[\"https:\\\/\\\/www.facebook.com\\\/Macrumo.com.pe\",\"https:\\\/\\\/www.instagram.com\\\/muebles.macrumo\\\/\",\"https:\\\/\\\/www.tiktok.com\\\/@muebles.macrumo\"]}]}<\/script>\n<!-- \/ Yoast SEO Premium plugin. -->","yoast_head_json":{"title":"Cama tapizada Lima - Macrumo","robots":{"index":"index","follow":"follow","max-snippet":"max-snippet:-1","max-image-preview":"max-image-preview:large","max-video-preview":"max-video-preview:-1"},"canonical":"https:\/\/macrumo.com.pe\/paratuhogar\/producto\/camas\/camas-tapizadas\/cama-tapizada-lima\/","og_locale":"es_ES","og_type":"article","og_title":"Cama tapizada Lima","og_description":"Optimiza tu espacio con estilo y funcionalidad Organiza mejor tu habitaci\u00f3n y ahorra espacio con este elegante box tarima con cabecera que Macrumo tiene para ti. Dise\u00f1ado con un estilo moderno y materiales de alta calidad, este modelo combina madera de ingenier\u00eda de primera mano con una cubierta de tela tejida premium (marca Alpha), suave al tacto y resistente al uso diario. Adem\u00e1s, incorpora una capa de espuma de 3\u202fmm entre la estructura y el tapizado para un acabado m\u00e1s c\u00f3modo y duradero. Importante: Nuestro producto se despacha con las 4 patas instaladas de f\u00e1brica. Especificaciones:     Material: Madera de ingenier\u00eda nacional de primera mano    Tipo de tela: Tejida premium \u2013 Marca Alpha    Marca: Macrumo    Garant\u00eda: 24 meses    Origen: Fabricado en Per\u00fa    Incluye: Cabecera, Box tarima, Boleta de venta    No incluye: Colch\u00f3n   Producto de alta calidad.","og_url":"https:\/\/macrumo.com.pe\/paratuhogar\/producto\/camas\/camas-tapizadas\/cama-tapizada-lima\/","og_site_name":"Macrumo","article_publisher":"https:\/\/www.facebook.com\/Macrumo.com.pe","article_modified_time":"2026-03-18T23:24:26+00:00","og_image":[{"width":900,"height":900,"url":"https:\/\/macrumo.com.pe\/paratuhogar\/wp-content\/uploads\/2025\/07\/cama-lima-09.jpg","type":"image\/jpeg"}],"twitter_card":"summary_large_image","twitter_misc":{"Tiempo de lectura":"1 minuto"},"schema":{"@context":"https:\/\/schema.org","@graph":[{"@type":"WebPage","@id":"https:\/\/macrumo.com.pe\/paratuhogar\/producto\/camas\/camas-tapizadas\/cama-tapizada-lima\/","url":"https:\/\/macrumo.com.pe\/paratuhogar\/producto\/camas\/camas-tapizadas\/cama-tapizada-lima\/","name":"Cama tapizada Lima - Macrumo","isPartOf":{"@id":"https:\/\/macrumo.com.pe\/paratuhogar\/#website"},"primaryImageOfPage":{"@id":"https:\/\/macrumo.com.pe\/paratuhogar\/producto\/camas\/camas-tapizadas\/cama-tapizada-lima\/#primaryimage"},"image":{"@id":"https:\/\/macrumo.com.pe\/paratuhogar\/producto\/camas\/camas-tapizadas\/cama-tapizada-lima\/#primaryimage"},"thumbnailUrl":"https:\/\/macrumo.com.pe\/paratuhogar\/wp-content\/uploads\/2025\/07\/cama-lima-09.jpg","datePublished":"2025-07-16T21:26:26+00:00","dateModified":"2026-03-18T23:24:26+00:00","breadcrumb":{"@id":"https:\/\/macrumo.com.pe\/paratuhogar\/producto\/camas\/camas-tapizadas\/cama-tapizada-lima\/#breadcrumb"},"inLanguage":"es","potentialAction":[{"@type":"ReadAction","target":["https:\/\/macrumo.com.pe\/paratuhogar\/producto\/camas\/camas-tapizadas\/cama-tapizada-lima\/"]}]},{"@type":"ImageObject","inLanguage":"es","@id":"https:\/\/macrumo.com.pe\/paratuhogar\/producto\/camas\/camas-tapizadas\/cama-tapizada-lima\/#primaryimage","url":"https:\/\/macrumo.com.pe\/paratuhogar\/wp-content\/uploads\/2025\/07\/cama-lima-09.jpg","contentUrl":"https:\/\/macrumo.com.pe\/paratuhogar\/wp-content\/uploads\/2025\/07\/cama-lima-09.jpg","width":900,"height":900},{"@type":"BreadcrumbList","@id":"https:\/\/macrumo.com.pe\/paratuhogar\/producto\/camas\/camas-tapizadas\/cama-tapizada-lima\/#breadcrumb","itemListElement":[{"@type":"ListItem","position":1,"name":"Portada","item":"https:\/\/macrumo.com.pe\/paratuhogar\/"},{"@type":"ListItem","position":2,"name":"Tienda","item":"https:\/\/macrumo.com.pe\/paratuhogar\/tienda\/"},{"@type":"ListItem","position":3,"name":"Cama tapizada Lima"}]},{"@type":"WebSite","@id":"https:\/\/macrumo.com.pe\/paratuhogar\/#website","url":"https:\/\/macrumo.com.pe\/paratuhogar\/","name":"Macrumo","description":"Macrumo","publisher":{"@id":"https:\/\/macrumo.com.pe\/paratuhogar\/#organization"},"potentialAction":[{"@type":"SearchAction","target":{"@type":"EntryPoint","urlTemplate":"https:\/\/macrumo.com.pe\/paratuhogar\/?s={search_term_string}"},"query-input":{"@type":"PropertyValueSpecification","valueRequired":true,"valueName":"search_term_string"}}],"inLanguage":"es"},{"@type":"Organization","@id":"https:\/\/macrumo.com.pe\/paratuhogar\/#organization","name":"Macrumo","url":"https:\/\/macrumo.com.pe\/paratuhogar\/","logo":{"@type":"ImageObject","inLanguage":"es","@id":"https:\/\/macrumo.com.pe\/paratuhogar\/#\/schema\/logo\/image\/","url":"https:\/\/macrumo.com.pe\/paratuhogar\/wp-content\/uploads\/2023\/02\/Macrumo_logo.png","contentUrl":"https:\/\/macrumo.com.pe\/paratuhogar\/wp-content\/uploads\/2023\/02\/Macrumo_logo.png","width":500,"height":148,"caption":"Macrumo"},"image":{"@id":"https:\/\/macrumo.com.pe\/paratuhogar\/#\/schema\/logo\/image\/"},"sameAs":["https:\/\/www.facebook.com\/Macrumo.com.pe","https:\/\/www.instagram.com\/muebles.macrumo\/","https:\/\/www.tiktok.com\/@muebles.macrumo"]}]}},"_links":{"self":[{"href":"https:\/\/macrumo.com.pe\/paratuhogar\/wp-json\/wp\/v2\/product\/12053","targetHints":{"allow":["GET"]}}],"collection":[{"href":"https:\/\/macrumo.com.pe\/paratuhogar\/wp-json\/wp\/v2\/product"}],"about":[{"href":"https:\/\/macrumo.com.pe\/paratuhogar\/wp-json\/wp\/v2\/types\/product"}],"replies":[{"embeddable":true,"href":"https:\/\/macrumo.com.pe\/paratuhogar\/wp-json\/wp\/v2\/comments?post=12053"}],"wp:featuredmedia":[{"embeddable":true,"href":"https:\/\/macrumo.com.pe\/paratuhogar\/wp-json\/wp\/v2\/media\/12049"}],"wp:attachment":[{"href":"https:\/\/macrumo.com.pe\/paratuhogar\/wp-json\/wp\/v2\/media?parent=12053"}],"wp:term":[{"taxonomy":"product_brand","embeddable":true,"href":"https:\/\/macrumo.com.pe\/paratuhogar\/wp-json\/wp\/v2\/product_brand?post=12053"},{"taxonomy":"product_cat","embeddable":true,"href":"https:\/\/macrumo.com.pe\/paratuhogar\/wp-json\/wp\/v2\/product_cat?post=12053"},{"taxonomy":"product_tag","embeddable":true,"href":"https:\/\/macrumo.com.pe\/paratuhogar\/wp-json\/wp\/v2\/product_tag?post=12053"},{"taxonomy":"manta","embeddable":true,"href":"https:\/\/macrumo.com.pe\/paratuhogar\/wp-json\/wp\/v2\/manta?post=12053"},{"taxonomy":"temporada","embeddable":true,"href":"https:\/\/macrumo.com.pe\/paratuhogar\/wp-json\/wp\/v2\/temporada?post=12053"},{"taxonomy":"estilo","embeddable":true,"href":"https:\/\/macrumo.com.pe\/paratuhogar\/wp-json\/wp\/v2\/estilo?post=12053"},{"taxonomy":"tamano","embeddable":true,"href":"https:\/\/macrumo.com.pe\/paratuhogar\/wp-json\/wp\/v2\/tamano?post=12053"}],"curies":[{"name":"wp","href":"https:\/\/api.w.org\/{rel}","templated":true}]}}