{"id":11682,"date":"2025-07-14T18:03:12","date_gmt":"2025-07-14T23:03:12","guid":{"rendered":"https:\/\/macrumo.com.pe\/paratuhogar\/?post_type=product&#038;p=11682"},"modified":"2026-03-18T18:24:02","modified_gmt":"2026-03-18T23:24:02","slug":"cama-tapizada-serena","status":"publish","type":"product","link":"https:\/\/macrumo.com.pe\/paratuhogar\/producto\/camas\/camas-tapizadas\/cama-tapizada-serena\/","title":{"rendered":"Cama tapizada Serena"},"content":{"rendered":"<p data-start=\"84\" data-end=\"295\"><strong data-start=\"84\" data-end=\"159\">Organiza tu dormitorio con estilo gracias a este box tarima + cabecera.<\/strong><br data-start=\"159\" data-end=\"162\" \/>Con una s\u00f3lida estructura de madera nacional y una cubierta en tela tejida de alta calidad, este dise\u00f1o ofrece confort y elegancia.<\/p>\n<p data-start=\"297\" data-end=\"484\">La cabecera es a\u00e9rea e incluye todos los materiales necesarios para su instalaci\u00f3n. Adem\u00e1s, el box tarima viene con 4 patas instaladas de f\u00e1brica y se entrega con una almohada incluida.<\/p>\n<p data-start=\"486\" data-end=\"544\">Ideal para quienes buscan funcionalidad sin perder estilo.<\/p>\n","protected":false},"excerpt":{"rendered":"<p data-start=\"285\" data-end=\"351\"><strong data-start=\"285\" data-end=\"351\">Confort, estilo y funcionalidad para transformar tu dormitorio<\/strong><\/p>\n<p data-start=\"353\" data-end=\"630\">Optimiza tu espacio y disfruta de mayor organizaci\u00f3n con este box tarima + cabecera que tenemos para ti.<br data-start=\"457\" data-end=\"460\" \/>Su dise\u00f1o \u00fanico, junto con una cubierta en tela antifluido de alta calidad, lo convierten en la opci\u00f3n perfecta para quienes buscan funcionalidad sin renunciar al estilo.<\/p>\n<p data-start=\"632\" data-end=\"794\">Fabricado con madera de ingenier\u00eda de primera mano y una capa de espuma de 3\u202fmm entre la estructura y el tapizado, este modelo ofrece mayor confort y durabilidad.<\/p>\n<p data-start=\"796\" data-end=\"868\"><strong data-start=\"796\" data-end=\"811\">Importante:<\/strong> Nuestro producto se despacha con las 4 patas instaladas.<\/p>\n<p data-start=\"870\" data-end=\"893\"><strong data-start=\"870\" data-end=\"891\">Especificaciones:<\/strong><\/p>\n<ul data-start=\"894\" data-end=\"1156\">\n<li data-start=\"894\" data-end=\"932\">\n<p data-start=\"896\" data-end=\"932\"><strong data-start=\"896\" data-end=\"909\">Material:<\/strong> Madera de ingenier\u00eda<\/p>\n<\/li>\n<li data-start=\"933\" data-end=\"981\">\n<p data-start=\"935\" data-end=\"981\"><strong data-start=\"935\" data-end=\"947\">Acabado:<\/strong> Tela antifluido de alta calidad<\/p>\n<\/li>\n<li data-start=\"982\" data-end=\"1004\">\n<p data-start=\"984\" data-end=\"1004\"><strong data-start=\"984\" data-end=\"994\">Marca:<\/strong> Macrumo<\/p>\n<\/li>\n<li data-start=\"1005\" data-end=\"1031\">\n<p data-start=\"1007\" data-end=\"1031\"><strong data-start=\"1007\" data-end=\"1020\">Garant\u00eda:<\/strong> 24 meses<\/p>\n<\/li>\n<li data-start=\"1032\" data-end=\"1061\">\n<p data-start=\"1034\" data-end=\"1061\"><strong data-start=\"1034\" data-end=\"1045\">Origen:<\/strong> Hecho en Per\u00fa<\/p>\n<\/li>\n<li data-start=\"1062\" data-end=\"1128\">\n<p data-start=\"1064\" data-end=\"1128\"><strong data-start=\"1064\" data-end=\"1076\">Incluye:<\/strong> Cabecera, Box tarima, 1 almohada, Boleta de venta<\/p>\n<\/li>\n<li data-start=\"1129\" data-end=\"1156\">\n<p data-start=\"1131\" data-end=\"1156\"><strong data-start=\"1131\" data-end=\"1146\">No incluye:<\/strong> Colch\u00f3n<\/p>\n<\/li>\n<\/ul>\n<p data-start=\"1158\" data-end=\"1182\"><strong data-start=\"1158\" data-end=\"1182\">Producto de calidad.<\/strong><\/p>\n","protected":false},"featured_media":11697,"comment_status":"closed","ping_status":"closed","template":"","meta":{"site-sidebar-layout":"default","site-content-layout":"","ast-site-content-layout":"default","site-content-style":"default","site-sidebar-style":"default","ast-global-header-display":"","ast-banner-title-visibility":"","ast-main-header-display":"","ast-hfb-above-header-display":"","ast-hfb-below-header-display":"","ast-hfb-mobile-header-display":"","site-post-title":"","ast-breadcrumbs-content":"","ast-featured-img":"","footer-sml-layout":"","ast-disable-related-posts":"","theme-transparent-header-meta":"default","adv-header-id-meta":"","stick-header-meta":"default","header-above-stick-meta":"","header-main-stick-meta":"","header-below-stick-meta":"","astra-migrate-meta-layouts":"set","ast-page-background-enabled":"default","ast-page-background-meta":{"desktop":{"background-color":"var(--ast-global-color-4)","background-image":"","background-repeat":"repeat","background-position":"center center","background-size":"auto","background-attachment":"scroll","background-type":"","background-media":"","overlay-type":"","overlay-color":"","overlay-opacity":"","overlay-gradient":""},"tablet":{"background-color":"","background-image":"","background-repeat":"repeat","background-position":"center center","background-size":"auto","background-attachment":"scroll","background-type":"","background-media":"","overlay-type":"","overlay-color":"","overlay-opacity":"","overlay-gradient":""},"mobile":{"background-color":"","background-image":"","background-repeat":"repeat","background-position":"center center","background-size":"auto","background-attachment":"scroll","background-type":"","background-media":"","overlay-type":"","overlay-color":"","overlay-opacity":"","overlay-gradient":""}},"ast-content-background-meta":{"desktop":{"background-color":"var(--ast-global-color-5)","background-image":"","background-repeat":"repeat","background-position":"center center","background-size":"auto","background-attachment":"scroll","background-type":"","background-media":"","overlay-type":"","overlay-color":"","overlay-opacity":"","overlay-gradient":""},"tablet":{"background-color":"var(--ast-global-color-5)","background-image":"","background-repeat":"repeat","background-position":"center center","background-size":"auto","background-attachment":"scroll","background-type":"","background-media":"","overlay-type":"","overlay-color":"","overlay-opacity":"","overlay-gradient":""},"mobile":{"background-color":"var(--ast-global-color-5)","background-image":"","background-repeat":"repeat","background-position":"center center","background-size":"auto","background-attachment":"scroll","background-type":"","background-media":"","overlay-type":"","overlay-color":"","overlay-opacity":"","overlay-gradient":""}}},"product_brand":[],"product_cat":[19,40],"product_tag":[],"manta":[],"temporada":[],"estilo":[],"tamano":[],"class_list":{"0":"post-11682","1":"product","2":"type-product","3":"status-publish","4":"has-post-thumbnail","6":"product_cat-camas","7":"product_cat-camas-tapizadas","8":"desktop-align-left","9":"tablet-align-left","10":"mobile-align-left","11":"ast-product-gallery-layout-vertical-slider","12":"ast-magnify-disabled","13":"ast-product-single-variable","14":"ast-product-tabs-layout-horizontal","16":"first","17":"instock","18":"sale","19":"shipping-taxable","20":"purchasable","21":"product-type-variable"},"yoast_head":"<!-- This site is optimized with the Yoast SEO Premium plugin v23.0 (Yoast SEO v27.3) - https:\/\/yoast.com\/product\/yoast-seo-premium-wordpress\/ -->\n<title>Cama tapizada Serena - Macrumo<\/title>\n<meta name=\"robots\" content=\"index, follow, max-snippet:-1, max-image-preview:large, max-video-preview:-1\" \/>\n<link rel=\"canonical\" href=\"https:\/\/macrumo.com.pe\/paratuhogar\/producto\/camas\/camas-tapizadas\/cama-tapizada-serena\/\" \/>\n<meta property=\"og:locale\" content=\"es_ES\" \/>\n<meta property=\"og:type\" content=\"article\" \/>\n<meta property=\"og:title\" content=\"Cama tapizada Serena\" \/>\n<meta property=\"og:description\" content=\"Confort, estilo y funcionalidad para transformar tu dormitorio Optimiza tu espacio y disfruta de mayor organizaci\u00f3n con este box tarima + cabecera que tenemos para ti.Su dise\u00f1o \u00fanico, junto con una cubierta en tela antifluido de alta calidad, lo convierten en la opci\u00f3n perfecta para quienes buscan funcionalidad sin renunciar al estilo. Fabricado con madera de ingenier\u00eda de primera mano y una capa de espuma de 3\u202fmm entre la estructura y el tapizado, este modelo ofrece mayor confort y durabilidad. Importante: Nuestro producto se despacha con las 4 patas instaladas. Especificaciones:     Material: Madera de ingenier\u00eda    Acabado: Tela antifluido de alta calidad    Marca: Macrumo    Garant\u00eda: 24 meses    Origen: Hecho en Per\u00fa    Incluye: Cabecera, Box tarima, 1 almohada, Boleta de venta    No incluye: Colch\u00f3n   Producto de calidad.\" \/>\n<meta property=\"og:url\" content=\"https:\/\/macrumo.com.pe\/paratuhogar\/producto\/camas\/camas-tapizadas\/cama-tapizada-serena\/\" \/>\n<meta property=\"og:site_name\" content=\"Macrumo\" \/>\n<meta property=\"article:publisher\" content=\"https:\/\/www.facebook.com\/Macrumo.com.pe\" \/>\n<meta property=\"article:modified_time\" content=\"2026-03-18T23:24:02+00:00\" \/>\n<meta property=\"og:image\" content=\"https:\/\/macrumo.com.pe\/paratuhogar\/wp-content\/uploads\/2025\/07\/cama-serena-12.jpg\" \/>\n\t<meta property=\"og:image:width\" content=\"900\" \/>\n\t<meta property=\"og:image:height\" content=\"900\" \/>\n\t<meta property=\"og:image:type\" content=\"image\/jpeg\" \/>\n<meta name=\"twitter:card\" content=\"summary_large_image\" \/>\n<meta name=\"twitter:label1\" content=\"Tiempo de lectura\" \/>\n\t<meta name=\"twitter:data1\" content=\"1 minuto\" \/>\n<script type=\"application\/ld+json\" class=\"yoast-schema-graph\">{\"@context\":\"https:\\\/\\\/schema.org\",\"@graph\":[{\"@type\":\"WebPage\",\"@id\":\"https:\\\/\\\/macrumo.com.pe\\\/paratuhogar\\\/producto\\\/camas\\\/camas-tapizadas\\\/cama-tapizada-serena\\\/\",\"url\":\"https:\\\/\\\/macrumo.com.pe\\\/paratuhogar\\\/producto\\\/camas\\\/camas-tapizadas\\\/cama-tapizada-serena\\\/\",\"name\":\"Cama tapizada Serena - Macrumo\",\"isPartOf\":{\"@id\":\"https:\\\/\\\/macrumo.com.pe\\\/paratuhogar\\\/#website\"},\"primaryImageOfPage\":{\"@id\":\"https:\\\/\\\/macrumo.com.pe\\\/paratuhogar\\\/producto\\\/camas\\\/camas-tapizadas\\\/cama-tapizada-serena\\\/#primaryimage\"},\"image\":{\"@id\":\"https:\\\/\\\/macrumo.com.pe\\\/paratuhogar\\\/producto\\\/camas\\\/camas-tapizadas\\\/cama-tapizada-serena\\\/#primaryimage\"},\"thumbnailUrl\":\"https:\\\/\\\/macrumo.com.pe\\\/paratuhogar\\\/wp-content\\\/uploads\\\/2025\\\/07\\\/cama-serena-12.jpg\",\"datePublished\":\"2025-07-14T23:03:12+00:00\",\"dateModified\":\"2026-03-18T23:24:02+00:00\",\"breadcrumb\":{\"@id\":\"https:\\\/\\\/macrumo.com.pe\\\/paratuhogar\\\/producto\\\/camas\\\/camas-tapizadas\\\/cama-tapizada-serena\\\/#breadcrumb\"},\"inLanguage\":\"es\",\"potentialAction\":[{\"@type\":\"ReadAction\",\"target\":[\"https:\\\/\\\/macrumo.com.pe\\\/paratuhogar\\\/producto\\\/camas\\\/camas-tapizadas\\\/cama-tapizada-serena\\\/\"]}]},{\"@type\":\"ImageObject\",\"inLanguage\":\"es\",\"@id\":\"https:\\\/\\\/macrumo.com.pe\\\/paratuhogar\\\/producto\\\/camas\\\/camas-tapizadas\\\/cama-tapizada-serena\\\/#primaryimage\",\"url\":\"https:\\\/\\\/macrumo.com.pe\\\/paratuhogar\\\/wp-content\\\/uploads\\\/2025\\\/07\\\/cama-serena-12.jpg\",\"contentUrl\":\"https:\\\/\\\/macrumo.com.pe\\\/paratuhogar\\\/wp-content\\\/uploads\\\/2025\\\/07\\\/cama-serena-12.jpg\",\"width\":900,\"height\":900},{\"@type\":\"BreadcrumbList\",\"@id\":\"https:\\\/\\\/macrumo.com.pe\\\/paratuhogar\\\/producto\\\/camas\\\/camas-tapizadas\\\/cama-tapizada-serena\\\/#breadcrumb\",\"itemListElement\":[{\"@type\":\"ListItem\",\"position\":1,\"name\":\"Portada\",\"item\":\"https:\\\/\\\/macrumo.com.pe\\\/paratuhogar\\\/\"},{\"@type\":\"ListItem\",\"position\":2,\"name\":\"Tienda\",\"item\":\"https:\\\/\\\/macrumo.com.pe\\\/paratuhogar\\\/tienda\\\/\"},{\"@type\":\"ListItem\",\"position\":3,\"name\":\"Cama tapizada Serena\"}]},{\"@type\":\"WebSite\",\"@id\":\"https:\\\/\\\/macrumo.com.pe\\\/paratuhogar\\\/#website\",\"url\":\"https:\\\/\\\/macrumo.com.pe\\\/paratuhogar\\\/\",\"name\":\"Macrumo\",\"description\":\"Macrumo\",\"publisher\":{\"@id\":\"https:\\\/\\\/macrumo.com.pe\\\/paratuhogar\\\/#organization\"},\"potentialAction\":[{\"@type\":\"SearchAction\",\"target\":{\"@type\":\"EntryPoint\",\"urlTemplate\":\"https:\\\/\\\/macrumo.com.pe\\\/paratuhogar\\\/?s={search_term_string}\"},\"query-input\":{\"@type\":\"PropertyValueSpecification\",\"valueRequired\":true,\"valueName\":\"search_term_string\"}}],\"inLanguage\":\"es\"},{\"@type\":\"Organization\",\"@id\":\"https:\\\/\\\/macrumo.com.pe\\\/paratuhogar\\\/#organization\",\"name\":\"Macrumo\",\"url\":\"https:\\\/\\\/macrumo.com.pe\\\/paratuhogar\\\/\",\"logo\":{\"@type\":\"ImageObject\",\"inLanguage\":\"es\",\"@id\":\"https:\\\/\\\/macrumo.com.pe\\\/paratuhogar\\\/#\\\/schema\\\/logo\\\/image\\\/\",\"url\":\"https:\\\/\\\/macrumo.com.pe\\\/paratuhogar\\\/wp-content\\\/uploads\\\/2023\\\/02\\\/Macrumo_logo.png\",\"contentUrl\":\"https:\\\/\\\/macrumo.com.pe\\\/paratuhogar\\\/wp-content\\\/uploads\\\/2023\\\/02\\\/Macrumo_logo.png\",\"width\":500,\"height\":148,\"caption\":\"Macrumo\"},\"image\":{\"@id\":\"https:\\\/\\\/macrumo.com.pe\\\/paratuhogar\\\/#\\\/schema\\\/logo\\\/image\\\/\"},\"sameAs\":[\"https:\\\/\\\/www.facebook.com\\\/Macrumo.com.pe\",\"https:\\\/\\\/www.instagram.com\\\/muebles.macrumo\\\/\",\"https:\\\/\\\/www.tiktok.com\\\/@muebles.macrumo\"]}]}<\/script>\n<!-- \/ Yoast SEO Premium plugin. -->","yoast_head_json":{"title":"Cama tapizada Serena - Macrumo","robots":{"index":"index","follow":"follow","max-snippet":"max-snippet:-1","max-image-preview":"max-image-preview:large","max-video-preview":"max-video-preview:-1"},"canonical":"https:\/\/macrumo.com.pe\/paratuhogar\/producto\/camas\/camas-tapizadas\/cama-tapizada-serena\/","og_locale":"es_ES","og_type":"article","og_title":"Cama tapizada Serena","og_description":"Confort, estilo y funcionalidad para transformar tu dormitorio Optimiza tu espacio y disfruta de mayor organizaci\u00f3n con este box tarima + cabecera que tenemos para ti.Su dise\u00f1o \u00fanico, junto con una cubierta en tela antifluido de alta calidad, lo convierten en la opci\u00f3n perfecta para quienes buscan funcionalidad sin renunciar al estilo. Fabricado con madera de ingenier\u00eda de primera mano y una capa de espuma de 3\u202fmm entre la estructura y el tapizado, este modelo ofrece mayor confort y durabilidad. Importante: Nuestro producto se despacha con las 4 patas instaladas. Especificaciones:     Material: Madera de ingenier\u00eda    Acabado: Tela antifluido de alta calidad    Marca: Macrumo    Garant\u00eda: 24 meses    Origen: Hecho en Per\u00fa    Incluye: Cabecera, Box tarima, 1 almohada, Boleta de venta    No incluye: Colch\u00f3n   Producto de calidad.","og_url":"https:\/\/macrumo.com.pe\/paratuhogar\/producto\/camas\/camas-tapizadas\/cama-tapizada-serena\/","og_site_name":"Macrumo","article_publisher":"https:\/\/www.facebook.com\/Macrumo.com.pe","article_modified_time":"2026-03-18T23:24:02+00:00","og_image":[{"width":900,"height":900,"url":"https:\/\/macrumo.com.pe\/paratuhogar\/wp-content\/uploads\/2025\/07\/cama-serena-12.jpg","type":"image\/jpeg"}],"twitter_card":"summary_large_image","twitter_misc":{"Tiempo de lectura":"1 minuto"},"schema":{"@context":"https:\/\/schema.org","@graph":[{"@type":"WebPage","@id":"https:\/\/macrumo.com.pe\/paratuhogar\/producto\/camas\/camas-tapizadas\/cama-tapizada-serena\/","url":"https:\/\/macrumo.com.pe\/paratuhogar\/producto\/camas\/camas-tapizadas\/cama-tapizada-serena\/","name":"Cama tapizada Serena - Macrumo","isPartOf":{"@id":"https:\/\/macrumo.com.pe\/paratuhogar\/#website"},"primaryImageOfPage":{"@id":"https:\/\/macrumo.com.pe\/paratuhogar\/producto\/camas\/camas-tapizadas\/cama-tapizada-serena\/#primaryimage"},"image":{"@id":"https:\/\/macrumo.com.pe\/paratuhogar\/producto\/camas\/camas-tapizadas\/cama-tapizada-serena\/#primaryimage"},"thumbnailUrl":"https:\/\/macrumo.com.pe\/paratuhogar\/wp-content\/uploads\/2025\/07\/cama-serena-12.jpg","datePublished":"2025-07-14T23:03:12+00:00","dateModified":"2026-03-18T23:24:02+00:00","breadcrumb":{"@id":"https:\/\/macrumo.com.pe\/paratuhogar\/producto\/camas\/camas-tapizadas\/cama-tapizada-serena\/#breadcrumb"},"inLanguage":"es","potentialAction":[{"@type":"ReadAction","target":["https:\/\/macrumo.com.pe\/paratuhogar\/producto\/camas\/camas-tapizadas\/cama-tapizada-serena\/"]}]},{"@type":"ImageObject","inLanguage":"es","@id":"https:\/\/macrumo.com.pe\/paratuhogar\/producto\/camas\/camas-tapizadas\/cama-tapizada-serena\/#primaryimage","url":"https:\/\/macrumo.com.pe\/paratuhogar\/wp-content\/uploads\/2025\/07\/cama-serena-12.jpg","contentUrl":"https:\/\/macrumo.com.pe\/paratuhogar\/wp-content\/uploads\/2025\/07\/cama-serena-12.jpg","width":900,"height":900},{"@type":"BreadcrumbList","@id":"https:\/\/macrumo.com.pe\/paratuhogar\/producto\/camas\/camas-tapizadas\/cama-tapizada-serena\/#breadcrumb","itemListElement":[{"@type":"ListItem","position":1,"name":"Portada","item":"https:\/\/macrumo.com.pe\/paratuhogar\/"},{"@type":"ListItem","position":2,"name":"Tienda","item":"https:\/\/macrumo.com.pe\/paratuhogar\/tienda\/"},{"@type":"ListItem","position":3,"name":"Cama tapizada Serena"}]},{"@type":"WebSite","@id":"https:\/\/macrumo.com.pe\/paratuhogar\/#website","url":"https:\/\/macrumo.com.pe\/paratuhogar\/","name":"Macrumo","description":"Macrumo","publisher":{"@id":"https:\/\/macrumo.com.pe\/paratuhogar\/#organization"},"potentialAction":[{"@type":"SearchAction","target":{"@type":"EntryPoint","urlTemplate":"https:\/\/macrumo.com.pe\/paratuhogar\/?s={search_term_string}"},"query-input":{"@type":"PropertyValueSpecification","valueRequired":true,"valueName":"search_term_string"}}],"inLanguage":"es"},{"@type":"Organization","@id":"https:\/\/macrumo.com.pe\/paratuhogar\/#organization","name":"Macrumo","url":"https:\/\/macrumo.com.pe\/paratuhogar\/","logo":{"@type":"ImageObject","inLanguage":"es","@id":"https:\/\/macrumo.com.pe\/paratuhogar\/#\/schema\/logo\/image\/","url":"https:\/\/macrumo.com.pe\/paratuhogar\/wp-content\/uploads\/2023\/02\/Macrumo_logo.png","contentUrl":"https:\/\/macrumo.com.pe\/paratuhogar\/wp-content\/uploads\/2023\/02\/Macrumo_logo.png","width":500,"height":148,"caption":"Macrumo"},"image":{"@id":"https:\/\/macrumo.com.pe\/paratuhogar\/#\/schema\/logo\/image\/"},"sameAs":["https:\/\/www.facebook.com\/Macrumo.com.pe","https:\/\/www.instagram.com\/muebles.macrumo\/","https:\/\/www.tiktok.com\/@muebles.macrumo"]}]}},"_links":{"self":[{"href":"https:\/\/macrumo.com.pe\/paratuhogar\/wp-json\/wp\/v2\/product\/11682","targetHints":{"allow":["GET"]}}],"collection":[{"href":"https:\/\/macrumo.com.pe\/paratuhogar\/wp-json\/wp\/v2\/product"}],"about":[{"href":"https:\/\/macrumo.com.pe\/paratuhogar\/wp-json\/wp\/v2\/types\/product"}],"replies":[{"embeddable":true,"href":"https:\/\/macrumo.com.pe\/paratuhogar\/wp-json\/wp\/v2\/comments?post=11682"}],"wp:featuredmedia":[{"embeddable":true,"href":"https:\/\/macrumo.com.pe\/paratuhogar\/wp-json\/wp\/v2\/media\/11697"}],"wp:attachment":[{"href":"https:\/\/macrumo.com.pe\/paratuhogar\/wp-json\/wp\/v2\/media?parent=11682"}],"wp:term":[{"taxonomy":"product_brand","embeddable":true,"href":"https:\/\/macrumo.com.pe\/paratuhogar\/wp-json\/wp\/v2\/product_brand?post=11682"},{"taxonomy":"product_cat","embeddable":true,"href":"https:\/\/macrumo.com.pe\/paratuhogar\/wp-json\/wp\/v2\/product_cat?post=11682"},{"taxonomy":"product_tag","embeddable":true,"href":"https:\/\/macrumo.com.pe\/paratuhogar\/wp-json\/wp\/v2\/product_tag?post=11682"},{"taxonomy":"manta","embeddable":true,"href":"https:\/\/macrumo.com.pe\/paratuhogar\/wp-json\/wp\/v2\/manta?post=11682"},{"taxonomy":"temporada","embeddable":true,"href":"https:\/\/macrumo.com.pe\/paratuhogar\/wp-json\/wp\/v2\/temporada?post=11682"},{"taxonomy":"estilo","embeddable":true,"href":"https:\/\/macrumo.com.pe\/paratuhogar\/wp-json\/wp\/v2\/estilo?post=11682"},{"taxonomy":"tamano","embeddable":true,"href":"https:\/\/macrumo.com.pe\/paratuhogar\/wp-json\/wp\/v2\/tamano?post=11682"}],"curies":[{"name":"wp","href":"https:\/\/api.w.org\/{rel}","templated":true}]}}