{"id":1122,"date":"2023-12-19T00:00:50","date_gmt":"2023-12-19T05:00:50","guid":{"rendered":"https:\/\/macrumo.com.pe\/paratuhogar\/?post_type=product&#038;p=1122"},"modified":"2025-09-12T10:11:37","modified_gmt":"2025-09-12T15:11:37","slug":"colchon-ortopedico-modelo-versalles-pillowtop-marca-avanty-2-plazas-240-resortes","status":"publish","type":"product","link":"https:\/\/macrumo.com.pe\/paratuhogar\/producto\/colchones\/colchon-ortopedico-modelo-versalles-pillowtop-marca-avanty-2-plazas-240-resortes\/","title":{"rendered":"COLCHON ORTOPEDICO \/  2 PLAZAS (240 RESORTES)"},"content":{"rendered":"<p>Resortes Bonnell y espuma de alta densidad para un soporte firme y c\u00f3modo.<br data-start=\"1084\" data-end=\"1087\" \/><strong data-start=\"1087\" data-end=\"1102\">Importante:<\/strong><br data-start=\"1102\" data-end=\"1105\" \/>La marca, color y dise\u00f1o del colch\u00f3n pueden variar seg\u00fan el stock disponible. Esta variaci\u00f3n no afecta en absoluto la calidad, comodidad ni funcionalidad del colch\u00f3n, garantizando que siempre tendr\u00e1s un producto confiable y confortable.<\/p>\n","protected":false},"excerpt":{"rendered":"<p data-start=\"110\" data-end=\"285\">Dise\u00f1ado para ofrecer un descanso firme y saludable, ideal para quienes buscan mayor soporte ortop\u00e9dico y larga durabilidad.<\/p>\n<p data-start=\"287\" data-end=\"318\"><strong data-start=\"287\" data-end=\"316\">Especificaciones T\u00e9cnicas<\/strong><\/p>\n<ul data-start=\"319\" data-end=\"682\">\n<li data-start=\"319\" data-end=\"359\">\n<p data-start=\"321\" data-end=\"359\"><strong data-start=\"321\" data-end=\"343\">Material de tapiz:<\/strong> Tela Jacquard<\/p>\n<\/li>\n<li data-start=\"360\" data-end=\"417\">\n<p data-start=\"362\" data-end=\"417\"><strong data-start=\"362\" data-end=\"379\">Tipo de tela:<\/strong> Tricot, resistente y suave al tacto<\/p>\n<\/li>\n<li data-start=\"418\" data-end=\"481\">\n<p data-start=\"420\" data-end=\"481\"><strong data-start=\"420\" data-end=\"446\">Densidad de la espuma:<\/strong> Alta densidad para mayor soporte<\/p>\n<\/li>\n<li data-start=\"482\" data-end=\"533\">\n<p data-start=\"484\" data-end=\"533\"><strong data-start=\"484\" data-end=\"507\">Estructura interna:<\/strong> Marco sellado de espuma<\/p>\n<\/li>\n<li data-start=\"534\" data-end=\"599\">\n<p data-start=\"536\" data-end=\"599\"><strong data-start=\"536\" data-end=\"556\">Tipo de resorte:<\/strong> Panel de resortes Bonnell (240 resortes)<\/p>\n<\/li>\n<li data-start=\"600\" data-end=\"625\">\n<p data-start=\"602\" data-end=\"625\"><strong data-start=\"602\" data-end=\"612\">L\u00ednea:<\/strong> Ortop\u00e9dico<\/p>\n<\/li>\n<li data-start=\"626\" data-end=\"649\">\n<p data-start=\"628\" data-end=\"649\"><strong data-start=\"628\" data-end=\"641\">Garant\u00eda:<\/strong> 1 a\u00f1o<\/p>\n<\/li>\n<li data-start=\"650\" data-end=\"682\">\n<p data-start=\"652\" data-end=\"682\"><strong data-start=\"652\" data-end=\"675\">Pa\u00eds de producci\u00f3n:<\/strong> Per\u00fa<\/p>\n<\/li>\n<\/ul>\n<p data-start=\"684\" data-end=\"938\"><strong data-start=\"684\" data-end=\"699\">Importante:<\/strong><br data-start=\"699\" data-end=\"702\" \/>La marca, color y dise\u00f1o del colch\u00f3n pueden variar seg\u00fan el stock disponible. Esta variaci\u00f3n no afecta en absoluto la calidad, comodidad ni funcionalidad del colch\u00f3n, garantizando que siempre tendr\u00e1s un producto confiable y confortable.<\/p>\n","protected":false},"featured_media":13025,"comment_status":"closed","ping_status":"closed","template":"","meta":{"site-sidebar-layout":"default","site-content-layout":"","ast-site-content-layout":"default","site-content-style":"default","site-sidebar-style":"default","ast-global-header-display":"","ast-banner-title-visibility":"","ast-main-header-display":"","ast-hfb-above-header-display":"","ast-hfb-below-header-display":"","ast-hfb-mobile-header-display":"","site-post-title":"","ast-breadcrumbs-content":"","ast-featured-img":"","footer-sml-layout":"","ast-disable-related-posts":"","theme-transparent-header-meta":"default","adv-header-id-meta":"","stick-header-meta":"default","header-above-stick-meta":"","header-main-stick-meta":"","header-below-stick-meta":"","astra-migrate-meta-layouts":"set","ast-page-background-enabled":"default","ast-page-background-meta":{"desktop":{"background-color":"var(--ast-global-color-4)","background-image":"","background-repeat":"repeat","background-position":"center center","background-size":"auto","background-attachment":"scroll","background-type":"","background-media":"","overlay-type":"","overlay-color":"","overlay-opacity":"","overlay-gradient":""},"tablet":{"background-color":"","background-image":"","background-repeat":"repeat","background-position":"center center","background-size":"auto","background-attachment":"scroll","background-type":"","background-media":"","overlay-type":"","overlay-color":"","overlay-opacity":"","overlay-gradient":""},"mobile":{"background-color":"","background-image":"","background-repeat":"repeat","background-position":"center center","background-size":"auto","background-attachment":"scroll","background-type":"","background-media":"","overlay-type":"","overlay-color":"","overlay-opacity":"","overlay-gradient":""}},"ast-content-background-meta":{"desktop":{"background-color":"var(--ast-global-color-5)","background-image":"","background-repeat":"repeat","background-position":"center center","background-size":"auto","background-attachment":"scroll","background-type":"","background-media":"","overlay-type":"","overlay-color":"","overlay-opacity":"","overlay-gradient":""},"tablet":{"background-color":"var(--ast-global-color-5)","background-image":"","background-repeat":"repeat","background-position":"center center","background-size":"auto","background-attachment":"scroll","background-type":"","background-media":"","overlay-type":"","overlay-color":"","overlay-opacity":"","overlay-gradient":""},"mobile":{"background-color":"var(--ast-global-color-5)","background-image":"","background-repeat":"repeat","background-position":"center center","background-size":"auto","background-attachment":"scroll","background-type":"","background-media":"","overlay-type":"","overlay-color":"","overlay-opacity":"","overlay-gradient":""}}},"product_brand":[],"product_cat":[41],"product_tag":[],"manta":[],"temporada":[],"estilo":[],"tamano":[34],"class_list":{"0":"post-1122","1":"product","2":"type-product","3":"status-publish","4":"has-post-thumbnail","6":"product_cat-colchones","7":"tamano-2-plazas","8":"desktop-align-left","9":"tablet-align-left","10":"mobile-align-left","11":"ast-product-gallery-layout-vertical-slider","12":"ast-magnify-disabled","13":"ast-product-tabs-layout-horizontal","15":"first","16":"instock","17":"sale","18":"shipping-taxable","19":"purchasable","20":"product-type-simple"},"yoast_head":"<!-- This site is optimized with the Yoast SEO Premium plugin v23.0 (Yoast SEO v27.3) - https:\/\/yoast.com\/product\/yoast-seo-premium-wordpress\/ -->\n<title>COLCHON ORTOPEDICO \/ 2 PLAZAS (240 RESORTES) - Macrumo<\/title>\n<meta name=\"robots\" content=\"index, follow, max-snippet:-1, max-image-preview:large, max-video-preview:-1\" \/>\n<link rel=\"canonical\" href=\"https:\/\/macrumo.com.pe\/paratuhogar\/producto\/colchones\/colchon-ortopedico-modelo-versalles-pillowtop-marca-avanty-2-plazas-240-resortes\/\" \/>\n<meta property=\"og:locale\" content=\"es_ES\" \/>\n<meta property=\"og:type\" content=\"article\" \/>\n<meta property=\"og:title\" content=\"COLCHON ORTOPEDICO \/ 2 PLAZAS (240 RESORTES)\" \/>\n<meta property=\"og:description\" content=\"Dise\u00f1ado para ofrecer un descanso firme y saludable, ideal para quienes buscan mayor soporte ortop\u00e9dico y larga durabilidad. Especificaciones T\u00e9cnicas     Material de tapiz: Tela Jacquard    Tipo de tela: Tricot, resistente y suave al tacto    Densidad de la espuma: Alta densidad para mayor soporte    Estructura interna: Marco sellado de espuma    Tipo de resorte: Panel de resortes Bonnell (240 resortes)    L\u00ednea: Ortop\u00e9dico    Garant\u00eda: 1 a\u00f1o    Pa\u00eds de producci\u00f3n: Per\u00fa   Importante:La marca, color y dise\u00f1o del colch\u00f3n pueden variar seg\u00fan el stock disponible. Esta variaci\u00f3n no afecta en absoluto la calidad, comodidad ni funcionalidad del colch\u00f3n, garantizando que siempre tendr\u00e1s un producto confiable y confortable.\" \/>\n<meta property=\"og:url\" content=\"https:\/\/macrumo.com.pe\/paratuhogar\/producto\/colchones\/colchon-ortopedico-modelo-versalles-pillowtop-marca-avanty-2-plazas-240-resortes\/\" \/>\n<meta property=\"og:site_name\" content=\"Macrumo\" \/>\n<meta property=\"article:publisher\" content=\"https:\/\/www.facebook.com\/Macrumo.com.pe\" \/>\n<meta property=\"article:modified_time\" content=\"2025-09-12T15:11:37+00:00\" \/>\n<meta property=\"og:image\" content=\"https:\/\/macrumo.com.pe\/paratuhogar\/wp-content\/uploads\/2023\/12\/colchon-general.jpg\" \/>\n\t<meta property=\"og:image:width\" content=\"1500\" \/>\n\t<meta property=\"og:image:height\" content=\"1500\" \/>\n\t<meta property=\"og:image:type\" content=\"image\/jpeg\" \/>\n<meta name=\"twitter:card\" content=\"summary_large_image\" \/>\n<meta name=\"twitter:label1\" content=\"Tiempo de lectura\" \/>\n\t<meta name=\"twitter:data1\" content=\"1 minuto\" \/>\n<script type=\"application\/ld+json\" class=\"yoast-schema-graph\">{\"@context\":\"https:\\\/\\\/schema.org\",\"@graph\":[{\"@type\":\"WebPage\",\"@id\":\"https:\\\/\\\/macrumo.com.pe\\\/paratuhogar\\\/producto\\\/colchones\\\/colchon-ortopedico-modelo-versalles-pillowtop-marca-avanty-2-plazas-240-resortes\\\/\",\"url\":\"https:\\\/\\\/macrumo.com.pe\\\/paratuhogar\\\/producto\\\/colchones\\\/colchon-ortopedico-modelo-versalles-pillowtop-marca-avanty-2-plazas-240-resortes\\\/\",\"name\":\"COLCHON ORTOPEDICO \\\/ 2 PLAZAS (240 RESORTES) - Macrumo\",\"isPartOf\":{\"@id\":\"https:\\\/\\\/macrumo.com.pe\\\/paratuhogar\\\/#website\"},\"primaryImageOfPage\":{\"@id\":\"https:\\\/\\\/macrumo.com.pe\\\/paratuhogar\\\/producto\\\/colchones\\\/colchon-ortopedico-modelo-versalles-pillowtop-marca-avanty-2-plazas-240-resortes\\\/#primaryimage\"},\"image\":{\"@id\":\"https:\\\/\\\/macrumo.com.pe\\\/paratuhogar\\\/producto\\\/colchones\\\/colchon-ortopedico-modelo-versalles-pillowtop-marca-avanty-2-plazas-240-resortes\\\/#primaryimage\"},\"thumbnailUrl\":\"https:\\\/\\\/macrumo.com.pe\\\/paratuhogar\\\/wp-content\\\/uploads\\\/2023\\\/12\\\/colchon-general.jpg\",\"datePublished\":\"2023-12-19T05:00:50+00:00\",\"dateModified\":\"2025-09-12T15:11:37+00:00\",\"breadcrumb\":{\"@id\":\"https:\\\/\\\/macrumo.com.pe\\\/paratuhogar\\\/producto\\\/colchones\\\/colchon-ortopedico-modelo-versalles-pillowtop-marca-avanty-2-plazas-240-resortes\\\/#breadcrumb\"},\"inLanguage\":\"es\",\"potentialAction\":[{\"@type\":\"ReadAction\",\"target\":[\"https:\\\/\\\/macrumo.com.pe\\\/paratuhogar\\\/producto\\\/colchones\\\/colchon-ortopedico-modelo-versalles-pillowtop-marca-avanty-2-plazas-240-resortes\\\/\"]}]},{\"@type\":\"ImageObject\",\"inLanguage\":\"es\",\"@id\":\"https:\\\/\\\/macrumo.com.pe\\\/paratuhogar\\\/producto\\\/colchones\\\/colchon-ortopedico-modelo-versalles-pillowtop-marca-avanty-2-plazas-240-resortes\\\/#primaryimage\",\"url\":\"https:\\\/\\\/macrumo.com.pe\\\/paratuhogar\\\/wp-content\\\/uploads\\\/2023\\\/12\\\/colchon-general.jpg\",\"contentUrl\":\"https:\\\/\\\/macrumo.com.pe\\\/paratuhogar\\\/wp-content\\\/uploads\\\/2023\\\/12\\\/colchon-general.jpg\",\"width\":1500,\"height\":1500},{\"@type\":\"BreadcrumbList\",\"@id\":\"https:\\\/\\\/macrumo.com.pe\\\/paratuhogar\\\/producto\\\/colchones\\\/colchon-ortopedico-modelo-versalles-pillowtop-marca-avanty-2-plazas-240-resortes\\\/#breadcrumb\",\"itemListElement\":[{\"@type\":\"ListItem\",\"position\":1,\"name\":\"Portada\",\"item\":\"https:\\\/\\\/macrumo.com.pe\\\/paratuhogar\\\/\"},{\"@type\":\"ListItem\",\"position\":2,\"name\":\"Tienda\",\"item\":\"https:\\\/\\\/macrumo.com.pe\\\/paratuhogar\\\/tienda\\\/\"},{\"@type\":\"ListItem\",\"position\":3,\"name\":\"COLCHON ORTOPEDICO \\\/ 2 PLAZAS (240 RESORTES)\"}]},{\"@type\":\"WebSite\",\"@id\":\"https:\\\/\\\/macrumo.com.pe\\\/paratuhogar\\\/#website\",\"url\":\"https:\\\/\\\/macrumo.com.pe\\\/paratuhogar\\\/\",\"name\":\"Macrumo\",\"description\":\"Macrumo\",\"publisher\":{\"@id\":\"https:\\\/\\\/macrumo.com.pe\\\/paratuhogar\\\/#organization\"},\"potentialAction\":[{\"@type\":\"SearchAction\",\"target\":{\"@type\":\"EntryPoint\",\"urlTemplate\":\"https:\\\/\\\/macrumo.com.pe\\\/paratuhogar\\\/?s={search_term_string}\"},\"query-input\":{\"@type\":\"PropertyValueSpecification\",\"valueRequired\":true,\"valueName\":\"search_term_string\"}}],\"inLanguage\":\"es\"},{\"@type\":\"Organization\",\"@id\":\"https:\\\/\\\/macrumo.com.pe\\\/paratuhogar\\\/#organization\",\"name\":\"Macrumo\",\"url\":\"https:\\\/\\\/macrumo.com.pe\\\/paratuhogar\\\/\",\"logo\":{\"@type\":\"ImageObject\",\"inLanguage\":\"es\",\"@id\":\"https:\\\/\\\/macrumo.com.pe\\\/paratuhogar\\\/#\\\/schema\\\/logo\\\/image\\\/\",\"url\":\"https:\\\/\\\/macrumo.com.pe\\\/paratuhogar\\\/wp-content\\\/uploads\\\/2023\\\/02\\\/Macrumo_logo.png\",\"contentUrl\":\"https:\\\/\\\/macrumo.com.pe\\\/paratuhogar\\\/wp-content\\\/uploads\\\/2023\\\/02\\\/Macrumo_logo.png\",\"width\":500,\"height\":148,\"caption\":\"Macrumo\"},\"image\":{\"@id\":\"https:\\\/\\\/macrumo.com.pe\\\/paratuhogar\\\/#\\\/schema\\\/logo\\\/image\\\/\"},\"sameAs\":[\"https:\\\/\\\/www.facebook.com\\\/Macrumo.com.pe\",\"https:\\\/\\\/www.instagram.com\\\/muebles.macrumo\\\/\",\"https:\\\/\\\/www.tiktok.com\\\/@muebles.macrumo\"]}]}<\/script>\n<!-- \/ Yoast SEO Premium plugin. -->","yoast_head_json":{"title":"COLCHON ORTOPEDICO \/ 2 PLAZAS (240 RESORTES) - Macrumo","robots":{"index":"index","follow":"follow","max-snippet":"max-snippet:-1","max-image-preview":"max-image-preview:large","max-video-preview":"max-video-preview:-1"},"canonical":"https:\/\/macrumo.com.pe\/paratuhogar\/producto\/colchones\/colchon-ortopedico-modelo-versalles-pillowtop-marca-avanty-2-plazas-240-resortes\/","og_locale":"es_ES","og_type":"article","og_title":"COLCHON ORTOPEDICO \/ 2 PLAZAS (240 RESORTES)","og_description":"Dise\u00f1ado para ofrecer un descanso firme y saludable, ideal para quienes buscan mayor soporte ortop\u00e9dico y larga durabilidad. Especificaciones T\u00e9cnicas     Material de tapiz: Tela Jacquard    Tipo de tela: Tricot, resistente y suave al tacto    Densidad de la espuma: Alta densidad para mayor soporte    Estructura interna: Marco sellado de espuma    Tipo de resorte: Panel de resortes Bonnell (240 resortes)    L\u00ednea: Ortop\u00e9dico    Garant\u00eda: 1 a\u00f1o    Pa\u00eds de producci\u00f3n: Per\u00fa   Importante:La marca, color y dise\u00f1o del colch\u00f3n pueden variar seg\u00fan el stock disponible. Esta variaci\u00f3n no afecta en absoluto la calidad, comodidad ni funcionalidad del colch\u00f3n, garantizando que siempre tendr\u00e1s un producto confiable y confortable.","og_url":"https:\/\/macrumo.com.pe\/paratuhogar\/producto\/colchones\/colchon-ortopedico-modelo-versalles-pillowtop-marca-avanty-2-plazas-240-resortes\/","og_site_name":"Macrumo","article_publisher":"https:\/\/www.facebook.com\/Macrumo.com.pe","article_modified_time":"2025-09-12T15:11:37+00:00","og_image":[{"width":1500,"height":1500,"url":"https:\/\/macrumo.com.pe\/paratuhogar\/wp-content\/uploads\/2023\/12\/colchon-general.jpg","type":"image\/jpeg"}],"twitter_card":"summary_large_image","twitter_misc":{"Tiempo de lectura":"1 minuto"},"schema":{"@context":"https:\/\/schema.org","@graph":[{"@type":"WebPage","@id":"https:\/\/macrumo.com.pe\/paratuhogar\/producto\/colchones\/colchon-ortopedico-modelo-versalles-pillowtop-marca-avanty-2-plazas-240-resortes\/","url":"https:\/\/macrumo.com.pe\/paratuhogar\/producto\/colchones\/colchon-ortopedico-modelo-versalles-pillowtop-marca-avanty-2-plazas-240-resortes\/","name":"COLCHON ORTOPEDICO \/ 2 PLAZAS (240 RESORTES) - Macrumo","isPartOf":{"@id":"https:\/\/macrumo.com.pe\/paratuhogar\/#website"},"primaryImageOfPage":{"@id":"https:\/\/macrumo.com.pe\/paratuhogar\/producto\/colchones\/colchon-ortopedico-modelo-versalles-pillowtop-marca-avanty-2-plazas-240-resortes\/#primaryimage"},"image":{"@id":"https:\/\/macrumo.com.pe\/paratuhogar\/producto\/colchones\/colchon-ortopedico-modelo-versalles-pillowtop-marca-avanty-2-plazas-240-resortes\/#primaryimage"},"thumbnailUrl":"https:\/\/macrumo.com.pe\/paratuhogar\/wp-content\/uploads\/2023\/12\/colchon-general.jpg","datePublished":"2023-12-19T05:00:50+00:00","dateModified":"2025-09-12T15:11:37+00:00","breadcrumb":{"@id":"https:\/\/macrumo.com.pe\/paratuhogar\/producto\/colchones\/colchon-ortopedico-modelo-versalles-pillowtop-marca-avanty-2-plazas-240-resortes\/#breadcrumb"},"inLanguage":"es","potentialAction":[{"@type":"ReadAction","target":["https:\/\/macrumo.com.pe\/paratuhogar\/producto\/colchones\/colchon-ortopedico-modelo-versalles-pillowtop-marca-avanty-2-plazas-240-resortes\/"]}]},{"@type":"ImageObject","inLanguage":"es","@id":"https:\/\/macrumo.com.pe\/paratuhogar\/producto\/colchones\/colchon-ortopedico-modelo-versalles-pillowtop-marca-avanty-2-plazas-240-resortes\/#primaryimage","url":"https:\/\/macrumo.com.pe\/paratuhogar\/wp-content\/uploads\/2023\/12\/colchon-general.jpg","contentUrl":"https:\/\/macrumo.com.pe\/paratuhogar\/wp-content\/uploads\/2023\/12\/colchon-general.jpg","width":1500,"height":1500},{"@type":"BreadcrumbList","@id":"https:\/\/macrumo.com.pe\/paratuhogar\/producto\/colchones\/colchon-ortopedico-modelo-versalles-pillowtop-marca-avanty-2-plazas-240-resortes\/#breadcrumb","itemListElement":[{"@type":"ListItem","position":1,"name":"Portada","item":"https:\/\/macrumo.com.pe\/paratuhogar\/"},{"@type":"ListItem","position":2,"name":"Tienda","item":"https:\/\/macrumo.com.pe\/paratuhogar\/tienda\/"},{"@type":"ListItem","position":3,"name":"COLCHON ORTOPEDICO \/ 2 PLAZAS (240 RESORTES)"}]},{"@type":"WebSite","@id":"https:\/\/macrumo.com.pe\/paratuhogar\/#website","url":"https:\/\/macrumo.com.pe\/paratuhogar\/","name":"Macrumo","description":"Macrumo","publisher":{"@id":"https:\/\/macrumo.com.pe\/paratuhogar\/#organization"},"potentialAction":[{"@type":"SearchAction","target":{"@type":"EntryPoint","urlTemplate":"https:\/\/macrumo.com.pe\/paratuhogar\/?s={search_term_string}"},"query-input":{"@type":"PropertyValueSpecification","valueRequired":true,"valueName":"search_term_string"}}],"inLanguage":"es"},{"@type":"Organization","@id":"https:\/\/macrumo.com.pe\/paratuhogar\/#organization","name":"Macrumo","url":"https:\/\/macrumo.com.pe\/paratuhogar\/","logo":{"@type":"ImageObject","inLanguage":"es","@id":"https:\/\/macrumo.com.pe\/paratuhogar\/#\/schema\/logo\/image\/","url":"https:\/\/macrumo.com.pe\/paratuhogar\/wp-content\/uploads\/2023\/02\/Macrumo_logo.png","contentUrl":"https:\/\/macrumo.com.pe\/paratuhogar\/wp-content\/uploads\/2023\/02\/Macrumo_logo.png","width":500,"height":148,"caption":"Macrumo"},"image":{"@id":"https:\/\/macrumo.com.pe\/paratuhogar\/#\/schema\/logo\/image\/"},"sameAs":["https:\/\/www.facebook.com\/Macrumo.com.pe","https:\/\/www.instagram.com\/muebles.macrumo\/","https:\/\/www.tiktok.com\/@muebles.macrumo"]}]}},"_links":{"self":[{"href":"https:\/\/macrumo.com.pe\/paratuhogar\/wp-json\/wp\/v2\/product\/1122","targetHints":{"allow":["GET"]}}],"collection":[{"href":"https:\/\/macrumo.com.pe\/paratuhogar\/wp-json\/wp\/v2\/product"}],"about":[{"href":"https:\/\/macrumo.com.pe\/paratuhogar\/wp-json\/wp\/v2\/types\/product"}],"replies":[{"embeddable":true,"href":"https:\/\/macrumo.com.pe\/paratuhogar\/wp-json\/wp\/v2\/comments?post=1122"}],"wp:featuredmedia":[{"embeddable":true,"href":"https:\/\/macrumo.com.pe\/paratuhogar\/wp-json\/wp\/v2\/media\/13025"}],"wp:attachment":[{"href":"https:\/\/macrumo.com.pe\/paratuhogar\/wp-json\/wp\/v2\/media?parent=1122"}],"wp:term":[{"taxonomy":"product_brand","embeddable":true,"href":"https:\/\/macrumo.com.pe\/paratuhogar\/wp-json\/wp\/v2\/product_brand?post=1122"},{"taxonomy":"product_cat","embeddable":true,"href":"https:\/\/macrumo.com.pe\/paratuhogar\/wp-json\/wp\/v2\/product_cat?post=1122"},{"taxonomy":"product_tag","embeddable":true,"href":"https:\/\/macrumo.com.pe\/paratuhogar\/wp-json\/wp\/v2\/product_tag?post=1122"},{"taxonomy":"manta","embeddable":true,"href":"https:\/\/macrumo.com.pe\/paratuhogar\/wp-json\/wp\/v2\/manta?post=1122"},{"taxonomy":"temporada","embeddable":true,"href":"https:\/\/macrumo.com.pe\/paratuhogar\/wp-json\/wp\/v2\/temporada?post=1122"},{"taxonomy":"estilo","embeddable":true,"href":"https:\/\/macrumo.com.pe\/paratuhogar\/wp-json\/wp\/v2\/estilo?post=1122"},{"taxonomy":"tamano","embeddable":true,"href":"https:\/\/macrumo.com.pe\/paratuhogar\/wp-json\/wp\/v2\/tamano?post=1122"}],"curies":[{"name":"wp","href":"https:\/\/api.w.org\/{rel}","templated":true}]}}