{"id":10182,"date":"2025-04-26T11:08:18","date_gmt":"2025-04-26T16:08:18","guid":{"rendered":"https:\/\/macrumo.com.pe\/paratuhogar\/?post_type=product&#038;p=10182"},"modified":"2026-03-18T18:23:31","modified_gmt":"2026-03-18T23:23:31","slug":"colchon-premiun-forte","status":"publish","type":"product","link":"https:\/\/macrumo.com.pe\/paratuhogar\/producto\/colchones\/colchon-premiun-forte\/","title":{"rendered":"Colchon Premiun Forte"},"content":{"rendered":"<p>Disfruta un descanso reparador con soporte firme y confort superior. Su estructura combina resortes Bonnel, espumas de alta densidad y tela Bamboo para frescura y durabilidad. Garant\u00eda de 7 a\u00f1os.<\/p>\n","protected":false},"excerpt":{"rendered":"<p data-start=\"99\" data-end=\"373\">Descubre el equilibrio perfecto entre firmeza y suavidad. Dise\u00f1ado para brindar un descanso reparador y una durabilidad excepcional, este colch\u00f3n combina materiales de alta calidad y tecnolog\u00eda que cuida cada detalle de tu sue\u00f1o.<\/p>\n<p data-start=\"375\" data-end=\"406\"><strong data-start=\"375\" data-end=\"404\">Especificaciones T\u00e9cnicas<\/strong><\/p>\n<ul data-start=\"407\" data-end=\"742\">\n<li data-start=\"407\" data-end=\"428\">\n<p data-start=\"409\" data-end=\"428\"><strong data-start=\"409\" data-end=\"420\">Altura:<\/strong> 32 cm<\/p>\n<\/li>\n<li data-start=\"429\" data-end=\"521\">\n<p data-start=\"431\" data-end=\"521\"><strong data-start=\"431\" data-end=\"447\">Composici\u00f3n:<\/strong> Resortes Bonnel + Espuma prensada + Espuma 20 kg + Tela de punto Bamboo<\/p>\n<\/li>\n<li data-start=\"522\" data-end=\"565\">\n<p data-start=\"524\" data-end=\"565\"><strong data-start=\"524\" data-end=\"539\">Estructura:<\/strong> Marco de espuma sellada<\/p>\n<\/li>\n<li data-start=\"566\" data-end=\"588\">\n<p data-start=\"568\" data-end=\"588\"><strong data-start=\"568\" data-end=\"580\">Firmeza:<\/strong> Firme<\/p>\n<\/li>\n<li data-start=\"589\" data-end=\"677\">\n<p data-start=\"591\" data-end=\"616\"><strong data-start=\"591\" data-end=\"614\">Densidad de espuma:<\/strong><\/p>\n<ul data-start=\"619\" data-end=\"677\">\n<li data-start=\"619\" data-end=\"647\">\n<p data-start=\"621\" data-end=\"647\">2 capas de 1&#8243; (70 kg\/m\u00b3)<\/p>\n<\/li>\n<li data-start=\"650\" data-end=\"677\">\n<p data-start=\"652\" data-end=\"677\">1 capa de 2&#8243; (20 kg\/m\u00b3)<\/p>\n<\/li>\n<\/ul>\n<\/li>\n<li data-start=\"678\" data-end=\"717\">\n<p data-start=\"680\" data-end=\"717\"><strong data-start=\"680\" data-end=\"688\">Uso:<\/strong> One Size (vuelta circular)<\/p>\n<\/li>\n<li data-start=\"718\" data-end=\"742\">\n<p data-start=\"720\" data-end=\"742\"><strong data-start=\"720\" data-end=\"733\">Garant\u00eda:<\/strong> 7 a\u00f1os<\/p>\n<\/li>\n<\/ul>\n<p data-start=\"744\" data-end=\"760\"><strong data-start=\"744\" data-end=\"758\">Beneficios<\/strong><\/p>\n<ul data-start=\"761\" data-end=\"921\">\n<li data-start=\"761\" data-end=\"797\">\n<p data-start=\"763\" data-end=\"797\">Soporte y durabilidad prolongada<\/p>\n<\/li>\n<li data-start=\"798\" data-end=\"818\">\n<p data-start=\"800\" data-end=\"818\">Confort superior<\/p>\n<\/li>\n<li data-start=\"819\" data-end=\"921\">\n<p data-start=\"821\" data-end=\"921\">Equilibrio ideal entre firmeza y suavidad gracias a la combinaci\u00f3n de espumas prensadas y de 20 kg<\/p>\n<\/li>\n<\/ul>\n","protected":false},"featured_media":11219,"comment_status":"closed","ping_status":"closed","template":"","meta":{"site-sidebar-layout":"default","site-content-layout":"","ast-site-content-layout":"default","site-content-style":"default","site-sidebar-style":"default","ast-global-header-display":"","ast-banner-title-visibility":"","ast-main-header-display":"","ast-hfb-above-header-display":"","ast-hfb-below-header-display":"","ast-hfb-mobile-header-display":"","site-post-title":"","ast-breadcrumbs-content":"","ast-featured-img":"","footer-sml-layout":"","ast-disable-related-posts":"","theme-transparent-header-meta":"default","adv-header-id-meta":"","stick-header-meta":"default","header-above-stick-meta":"","header-main-stick-meta":"","header-below-stick-meta":"","astra-migrate-meta-layouts":"set","ast-page-background-enabled":"default","ast-page-background-meta":{"desktop":{"background-color":"var(--ast-global-color-4)","background-image":"","background-repeat":"repeat","background-position":"center center","background-size":"auto","background-attachment":"scroll","background-type":"","background-media":"","overlay-type":"","overlay-color":"","overlay-opacity":"","overlay-gradient":""},"tablet":{"background-color":"","background-image":"","background-repeat":"repeat","background-position":"center center","background-size":"auto","background-attachment":"scroll","background-type":"","background-media":"","overlay-type":"","overlay-color":"","overlay-opacity":"","overlay-gradient":""},"mobile":{"background-color":"","background-image":"","background-repeat":"repeat","background-position":"center center","background-size":"auto","background-attachment":"scroll","background-type":"","background-media":"","overlay-type":"","overlay-color":"","overlay-opacity":"","overlay-gradient":""}},"ast-content-background-meta":{"desktop":{"background-color":"var(--ast-global-color-5)","background-image":"","background-repeat":"repeat","background-position":"center center","background-size":"auto","background-attachment":"scroll","background-type":"","background-media":"","overlay-type":"","overlay-color":"","overlay-opacity":"","overlay-gradient":""},"tablet":{"background-color":"var(--ast-global-color-5)","background-image":"","background-repeat":"repeat","background-position":"center center","background-size":"auto","background-attachment":"scroll","background-type":"","background-media":"","overlay-type":"","overlay-color":"","overlay-opacity":"","overlay-gradient":""},"mobile":{"background-color":"var(--ast-global-color-5)","background-image":"","background-repeat":"repeat","background-position":"center center","background-size":"auto","background-attachment":"scroll","background-type":"","background-media":"","overlay-type":"","overlay-color":"","overlay-opacity":"","overlay-gradient":""}}},"product_brand":[],"product_cat":[41],"product_tag":[],"manta":[],"temporada":[],"estilo":[],"tamano":[],"class_list":{"0":"post-10182","1":"product","2":"type-product","3":"status-publish","4":"has-post-thumbnail","6":"product_cat-colchones","7":"desktop-align-left","8":"tablet-align-left","9":"mobile-align-left","10":"ast-product-gallery-layout-vertical-slider","11":"ast-product-gallery-with-no-image","12":"ast-magnify-disabled","13":"ast-product-single-variable","14":"ast-product-tabs-layout-horizontal","16":"first","17":"instock","18":"sale","19":"shipping-taxable","20":"purchasable","21":"product-type-variable"},"yoast_head":"<!-- This site is optimized with the Yoast SEO Premium plugin v23.0 (Yoast SEO v27.3) - https:\/\/yoast.com\/product\/yoast-seo-premium-wordpress\/ -->\n<title>Colchon Premiun Forte - Macrumo<\/title>\n<meta name=\"robots\" content=\"index, follow, max-snippet:-1, max-image-preview:large, max-video-preview:-1\" \/>\n<link rel=\"canonical\" href=\"https:\/\/macrumo.com.pe\/paratuhogar\/producto\/colchones\/colchon-premiun-forte\/\" \/>\n<meta property=\"og:locale\" content=\"es_ES\" \/>\n<meta property=\"og:type\" content=\"article\" \/>\n<meta property=\"og:title\" content=\"Colchon Premiun Forte\" \/>\n<meta property=\"og:description\" content=\"Descubre el equilibrio perfecto entre firmeza y suavidad. Dise\u00f1ado para brindar un descanso reparador y una durabilidad excepcional, este colch\u00f3n combina materiales de alta calidad y tecnolog\u00eda que cuida cada detalle de tu sue\u00f1o. Especificaciones T\u00e9cnicas     Altura: 32 cm    Composici\u00f3n: Resortes Bonnel + Espuma prensada + Espuma 20 kg + Tela de punto Bamboo    Estructura: Marco de espuma sellada    Firmeza: Firme    Densidad de espuma:     2 capas de 1&quot; (70 kg\/m\u00b3)    1 capa de 2&quot; (20 kg\/m\u00b3)      Uso: One Size (vuelta circular)    Garant\u00eda: 7 a\u00f1os   Beneficios     Soporte y durabilidad prolongada    Confort superior    Equilibrio ideal entre firmeza y suavidad gracias a la combinaci\u00f3n de espumas prensadas y de 20 kg\" \/>\n<meta property=\"og:url\" content=\"https:\/\/macrumo.com.pe\/paratuhogar\/producto\/colchones\/colchon-premiun-forte\/\" \/>\n<meta property=\"og:site_name\" content=\"Macrumo\" \/>\n<meta property=\"article:publisher\" content=\"https:\/\/www.facebook.com\/Macrumo.com.pe\" \/>\n<meta property=\"article:modified_time\" content=\"2026-03-18T23:23:31+00:00\" \/>\n<meta property=\"og:image\" content=\"https:\/\/macrumo.com.pe\/paratuhogar\/wp-content\/uploads\/2025\/04\/Colchon-Premiun-Forte-.jpg\" \/>\n\t<meta property=\"og:image:width\" content=\"1000\" \/>\n\t<meta property=\"og:image:height\" content=\"1000\" \/>\n\t<meta property=\"og:image:type\" content=\"image\/jpeg\" \/>\n<meta name=\"twitter:card\" content=\"summary_large_image\" \/>\n<meta name=\"twitter:label1\" content=\"Tiempo de lectura\" \/>\n\t<meta name=\"twitter:data1\" content=\"1 minuto\" \/>\n<script type=\"application\/ld+json\" class=\"yoast-schema-graph\">{\"@context\":\"https:\\\/\\\/schema.org\",\"@graph\":[{\"@type\":\"WebPage\",\"@id\":\"https:\\\/\\\/macrumo.com.pe\\\/paratuhogar\\\/producto\\\/colchones\\\/colchon-premiun-forte\\\/\",\"url\":\"https:\\\/\\\/macrumo.com.pe\\\/paratuhogar\\\/producto\\\/colchones\\\/colchon-premiun-forte\\\/\",\"name\":\"Colchon Premiun Forte - Macrumo\",\"isPartOf\":{\"@id\":\"https:\\\/\\\/macrumo.com.pe\\\/paratuhogar\\\/#website\"},\"primaryImageOfPage\":{\"@id\":\"https:\\\/\\\/macrumo.com.pe\\\/paratuhogar\\\/producto\\\/colchones\\\/colchon-premiun-forte\\\/#primaryimage\"},\"image\":{\"@id\":\"https:\\\/\\\/macrumo.com.pe\\\/paratuhogar\\\/producto\\\/colchones\\\/colchon-premiun-forte\\\/#primaryimage\"},\"thumbnailUrl\":\"https:\\\/\\\/macrumo.com.pe\\\/paratuhogar\\\/wp-content\\\/uploads\\\/2025\\\/04\\\/Colchon-Premiun-Forte-.jpg\",\"datePublished\":\"2025-04-26T16:08:18+00:00\",\"dateModified\":\"2026-03-18T23:23:31+00:00\",\"breadcrumb\":{\"@id\":\"https:\\\/\\\/macrumo.com.pe\\\/paratuhogar\\\/producto\\\/colchones\\\/colchon-premiun-forte\\\/#breadcrumb\"},\"inLanguage\":\"es\",\"potentialAction\":[{\"@type\":\"ReadAction\",\"target\":[\"https:\\\/\\\/macrumo.com.pe\\\/paratuhogar\\\/producto\\\/colchones\\\/colchon-premiun-forte\\\/\"]}]},{\"@type\":\"ImageObject\",\"inLanguage\":\"es\",\"@id\":\"https:\\\/\\\/macrumo.com.pe\\\/paratuhogar\\\/producto\\\/colchones\\\/colchon-premiun-forte\\\/#primaryimage\",\"url\":\"https:\\\/\\\/macrumo.com.pe\\\/paratuhogar\\\/wp-content\\\/uploads\\\/2025\\\/04\\\/Colchon-Premiun-Forte-.jpg\",\"contentUrl\":\"https:\\\/\\\/macrumo.com.pe\\\/paratuhogar\\\/wp-content\\\/uploads\\\/2025\\\/04\\\/Colchon-Premiun-Forte-.jpg\",\"width\":1000,\"height\":1000},{\"@type\":\"BreadcrumbList\",\"@id\":\"https:\\\/\\\/macrumo.com.pe\\\/paratuhogar\\\/producto\\\/colchones\\\/colchon-premiun-forte\\\/#breadcrumb\",\"itemListElement\":[{\"@type\":\"ListItem\",\"position\":1,\"name\":\"Portada\",\"item\":\"https:\\\/\\\/macrumo.com.pe\\\/paratuhogar\\\/\"},{\"@type\":\"ListItem\",\"position\":2,\"name\":\"Tienda\",\"item\":\"https:\\\/\\\/macrumo.com.pe\\\/paratuhogar\\\/tienda\\\/\"},{\"@type\":\"ListItem\",\"position\":3,\"name\":\"Colchon Premiun Forte\"}]},{\"@type\":\"WebSite\",\"@id\":\"https:\\\/\\\/macrumo.com.pe\\\/paratuhogar\\\/#website\",\"url\":\"https:\\\/\\\/macrumo.com.pe\\\/paratuhogar\\\/\",\"name\":\"Macrumo\",\"description\":\"Macrumo\",\"publisher\":{\"@id\":\"https:\\\/\\\/macrumo.com.pe\\\/paratuhogar\\\/#organization\"},\"potentialAction\":[{\"@type\":\"SearchAction\",\"target\":{\"@type\":\"EntryPoint\",\"urlTemplate\":\"https:\\\/\\\/macrumo.com.pe\\\/paratuhogar\\\/?s={search_term_string}\"},\"query-input\":{\"@type\":\"PropertyValueSpecification\",\"valueRequired\":true,\"valueName\":\"search_term_string\"}}],\"inLanguage\":\"es\"},{\"@type\":\"Organization\",\"@id\":\"https:\\\/\\\/macrumo.com.pe\\\/paratuhogar\\\/#organization\",\"name\":\"Macrumo\",\"url\":\"https:\\\/\\\/macrumo.com.pe\\\/paratuhogar\\\/\",\"logo\":{\"@type\":\"ImageObject\",\"inLanguage\":\"es\",\"@id\":\"https:\\\/\\\/macrumo.com.pe\\\/paratuhogar\\\/#\\\/schema\\\/logo\\\/image\\\/\",\"url\":\"https:\\\/\\\/macrumo.com.pe\\\/paratuhogar\\\/wp-content\\\/uploads\\\/2023\\\/02\\\/Macrumo_logo.png\",\"contentUrl\":\"https:\\\/\\\/macrumo.com.pe\\\/paratuhogar\\\/wp-content\\\/uploads\\\/2023\\\/02\\\/Macrumo_logo.png\",\"width\":500,\"height\":148,\"caption\":\"Macrumo\"},\"image\":{\"@id\":\"https:\\\/\\\/macrumo.com.pe\\\/paratuhogar\\\/#\\\/schema\\\/logo\\\/image\\\/\"},\"sameAs\":[\"https:\\\/\\\/www.facebook.com\\\/Macrumo.com.pe\",\"https:\\\/\\\/www.instagram.com\\\/muebles.macrumo\\\/\",\"https:\\\/\\\/www.tiktok.com\\\/@muebles.macrumo\"]}]}<\/script>\n<!-- \/ Yoast SEO Premium plugin. -->","yoast_head_json":{"title":"Colchon Premiun Forte - Macrumo","robots":{"index":"index","follow":"follow","max-snippet":"max-snippet:-1","max-image-preview":"max-image-preview:large","max-video-preview":"max-video-preview:-1"},"canonical":"https:\/\/macrumo.com.pe\/paratuhogar\/producto\/colchones\/colchon-premiun-forte\/","og_locale":"es_ES","og_type":"article","og_title":"Colchon Premiun Forte","og_description":"Descubre el equilibrio perfecto entre firmeza y suavidad. Dise\u00f1ado para brindar un descanso reparador y una durabilidad excepcional, este colch\u00f3n combina materiales de alta calidad y tecnolog\u00eda que cuida cada detalle de tu sue\u00f1o. Especificaciones T\u00e9cnicas     Altura: 32 cm    Composici\u00f3n: Resortes Bonnel + Espuma prensada + Espuma 20 kg + Tela de punto Bamboo    Estructura: Marco de espuma sellada    Firmeza: Firme    Densidad de espuma:     2 capas de 1\" (70 kg\/m\u00b3)    1 capa de 2\" (20 kg\/m\u00b3)      Uso: One Size (vuelta circular)    Garant\u00eda: 7 a\u00f1os   Beneficios     Soporte y durabilidad prolongada    Confort superior    Equilibrio ideal entre firmeza y suavidad gracias a la combinaci\u00f3n de espumas prensadas y de 20 kg","og_url":"https:\/\/macrumo.com.pe\/paratuhogar\/producto\/colchones\/colchon-premiun-forte\/","og_site_name":"Macrumo","article_publisher":"https:\/\/www.facebook.com\/Macrumo.com.pe","article_modified_time":"2026-03-18T23:23:31+00:00","og_image":[{"width":1000,"height":1000,"url":"https:\/\/macrumo.com.pe\/paratuhogar\/wp-content\/uploads\/2025\/04\/Colchon-Premiun-Forte-.jpg","type":"image\/jpeg"}],"twitter_card":"summary_large_image","twitter_misc":{"Tiempo de lectura":"1 minuto"},"schema":{"@context":"https:\/\/schema.org","@graph":[{"@type":"WebPage","@id":"https:\/\/macrumo.com.pe\/paratuhogar\/producto\/colchones\/colchon-premiun-forte\/","url":"https:\/\/macrumo.com.pe\/paratuhogar\/producto\/colchones\/colchon-premiun-forte\/","name":"Colchon Premiun Forte - Macrumo","isPartOf":{"@id":"https:\/\/macrumo.com.pe\/paratuhogar\/#website"},"primaryImageOfPage":{"@id":"https:\/\/macrumo.com.pe\/paratuhogar\/producto\/colchones\/colchon-premiun-forte\/#primaryimage"},"image":{"@id":"https:\/\/macrumo.com.pe\/paratuhogar\/producto\/colchones\/colchon-premiun-forte\/#primaryimage"},"thumbnailUrl":"https:\/\/macrumo.com.pe\/paratuhogar\/wp-content\/uploads\/2025\/04\/Colchon-Premiun-Forte-.jpg","datePublished":"2025-04-26T16:08:18+00:00","dateModified":"2026-03-18T23:23:31+00:00","breadcrumb":{"@id":"https:\/\/macrumo.com.pe\/paratuhogar\/producto\/colchones\/colchon-premiun-forte\/#breadcrumb"},"inLanguage":"es","potentialAction":[{"@type":"ReadAction","target":["https:\/\/macrumo.com.pe\/paratuhogar\/producto\/colchones\/colchon-premiun-forte\/"]}]},{"@type":"ImageObject","inLanguage":"es","@id":"https:\/\/macrumo.com.pe\/paratuhogar\/producto\/colchones\/colchon-premiun-forte\/#primaryimage","url":"https:\/\/macrumo.com.pe\/paratuhogar\/wp-content\/uploads\/2025\/04\/Colchon-Premiun-Forte-.jpg","contentUrl":"https:\/\/macrumo.com.pe\/paratuhogar\/wp-content\/uploads\/2025\/04\/Colchon-Premiun-Forte-.jpg","width":1000,"height":1000},{"@type":"BreadcrumbList","@id":"https:\/\/macrumo.com.pe\/paratuhogar\/producto\/colchones\/colchon-premiun-forte\/#breadcrumb","itemListElement":[{"@type":"ListItem","position":1,"name":"Portada","item":"https:\/\/macrumo.com.pe\/paratuhogar\/"},{"@type":"ListItem","position":2,"name":"Tienda","item":"https:\/\/macrumo.com.pe\/paratuhogar\/tienda\/"},{"@type":"ListItem","position":3,"name":"Colchon Premiun Forte"}]},{"@type":"WebSite","@id":"https:\/\/macrumo.com.pe\/paratuhogar\/#website","url":"https:\/\/macrumo.com.pe\/paratuhogar\/","name":"Macrumo","description":"Macrumo","publisher":{"@id":"https:\/\/macrumo.com.pe\/paratuhogar\/#organization"},"potentialAction":[{"@type":"SearchAction","target":{"@type":"EntryPoint","urlTemplate":"https:\/\/macrumo.com.pe\/paratuhogar\/?s={search_term_string}"},"query-input":{"@type":"PropertyValueSpecification","valueRequired":true,"valueName":"search_term_string"}}],"inLanguage":"es"},{"@type":"Organization","@id":"https:\/\/macrumo.com.pe\/paratuhogar\/#organization","name":"Macrumo","url":"https:\/\/macrumo.com.pe\/paratuhogar\/","logo":{"@type":"ImageObject","inLanguage":"es","@id":"https:\/\/macrumo.com.pe\/paratuhogar\/#\/schema\/logo\/image\/","url":"https:\/\/macrumo.com.pe\/paratuhogar\/wp-content\/uploads\/2023\/02\/Macrumo_logo.png","contentUrl":"https:\/\/macrumo.com.pe\/paratuhogar\/wp-content\/uploads\/2023\/02\/Macrumo_logo.png","width":500,"height":148,"caption":"Macrumo"},"image":{"@id":"https:\/\/macrumo.com.pe\/paratuhogar\/#\/schema\/logo\/image\/"},"sameAs":["https:\/\/www.facebook.com\/Macrumo.com.pe","https:\/\/www.instagram.com\/muebles.macrumo\/","https:\/\/www.tiktok.com\/@muebles.macrumo"]}]}},"_links":{"self":[{"href":"https:\/\/macrumo.com.pe\/paratuhogar\/wp-json\/wp\/v2\/product\/10182","targetHints":{"allow":["GET"]}}],"collection":[{"href":"https:\/\/macrumo.com.pe\/paratuhogar\/wp-json\/wp\/v2\/product"}],"about":[{"href":"https:\/\/macrumo.com.pe\/paratuhogar\/wp-json\/wp\/v2\/types\/product"}],"replies":[{"embeddable":true,"href":"https:\/\/macrumo.com.pe\/paratuhogar\/wp-json\/wp\/v2\/comments?post=10182"}],"wp:featuredmedia":[{"embeddable":true,"href":"https:\/\/macrumo.com.pe\/paratuhogar\/wp-json\/wp\/v2\/media\/11219"}],"wp:attachment":[{"href":"https:\/\/macrumo.com.pe\/paratuhogar\/wp-json\/wp\/v2\/media?parent=10182"}],"wp:term":[{"taxonomy":"product_brand","embeddable":true,"href":"https:\/\/macrumo.com.pe\/paratuhogar\/wp-json\/wp\/v2\/product_brand?post=10182"},{"taxonomy":"product_cat","embeddable":true,"href":"https:\/\/macrumo.com.pe\/paratuhogar\/wp-json\/wp\/v2\/product_cat?post=10182"},{"taxonomy":"product_tag","embeddable":true,"href":"https:\/\/macrumo.com.pe\/paratuhogar\/wp-json\/wp\/v2\/product_tag?post=10182"},{"taxonomy":"manta","embeddable":true,"href":"https:\/\/macrumo.com.pe\/paratuhogar\/wp-json\/wp\/v2\/manta?post=10182"},{"taxonomy":"temporada","embeddable":true,"href":"https:\/\/macrumo.com.pe\/paratuhogar\/wp-json\/wp\/v2\/temporada?post=10182"},{"taxonomy":"estilo","embeddable":true,"href":"https:\/\/macrumo.com.pe\/paratuhogar\/wp-json\/wp\/v2\/estilo?post=10182"},{"taxonomy":"tamano","embeddable":true,"href":"https:\/\/macrumo.com.pe\/paratuhogar\/wp-json\/wp\/v2\/tamano?post=10182"}],"curies":[{"name":"wp","href":"https:\/\/api.w.org\/{rel}","templated":true}]}}