{"id":10177,"date":"2025-04-26T10:58:30","date_gmt":"2025-04-26T15:58:30","guid":{"rendered":"https:\/\/macrumo.com.pe\/paratuhogar\/?post_type=product&#038;p=10177"},"modified":"2026-03-18T18:23:31","modified_gmt":"2026-03-18T23:23:31","slug":"colchon-abrazo-de-nube","status":"publish","type":"product","link":"https:\/\/macrumo.com.pe\/paratuhogar\/producto\/colchones\/colchon-abrazo-de-nube\/","title":{"rendered":"Colchon Abrazo de Nube"},"content":{"rendered":"<p>Equilibrio perfecto entre comodidad y durabilidad. Su estructura de resortes tradicionales con marco de espuma y una capa de espuma de densidad 16 (1.5&#8243;) ofrece soporte firme y suave. Tela poliseda acolchada de 16 mm para mayor confort.<br data-start=\"343\" data-end=\"346\" \/><strong data-start=\"346\" data-end=\"359\">Garant\u00eda:<\/strong> 4 a\u00f1os.<\/p>\n","protected":false},"excerpt":{"rendered":"<p data-start=\"68\" data-end=\"417\">Pensado para quienes buscan un equilibrio perfecto entre comodidad y resistencia, este colch\u00f3n combina materiales de calidad que aseguran un descanso placentero y duradero. Su estructura de resortes tradicionales est\u00e1 reforzada con un s\u00f3lido marco de espuma, brindando mayor estabilidad y soporte en cada movimiento.<\/p>\n<p data-start=\"419\" data-end=\"780\">La capa de espuma de densidad 16, con un grosor de 1.5 pulgadas, ofrece una sensaci\u00f3n de suavidad controlada que se adapta a diferentes posturas de descanso, manteniendo al mismo tiempo una firmeza confortable. La superficie est\u00e1 recubierta con tela poliseda acolchada de 16 mm, resistente y agradable al tacto, que proporciona frescura y un acabado elegante.<\/p>\n<p data-start=\"782\" data-end=\"809\"><strong data-start=\"782\" data-end=\"807\">Beneficios destacados<\/strong><\/p>\n<ul data-start=\"810\" data-end=\"1099\">\n<li data-start=\"810\" data-end=\"893\">\n<p data-start=\"812\" data-end=\"893\"><strong data-start=\"812\" data-end=\"836\">Confort equilibrado:<\/strong> combina suavidad y soporte para un descanso reparador.<\/p>\n<\/li>\n<li data-start=\"894\" data-end=\"985\">\n<p data-start=\"896\" data-end=\"985\"><strong data-start=\"896\" data-end=\"918\">Mayor durabilidad:<\/strong> su marco de espuma refuerza la estructura y alarga la vida \u00fatil.<\/p>\n<\/li>\n<li data-start=\"986\" data-end=\"1099\">\n<p data-start=\"988\" data-end=\"1099\"><strong data-start=\"988\" data-end=\"1026\">Excelente relaci\u00f3n calidad\u2013precio:<\/strong> ideal para quienes buscan un colch\u00f3n est\u00e1ndar con desempe\u00f1o confiable.<\/p>\n<\/li>\n<\/ul>\n<p data-start=\"1101\" data-end=\"1258\" data-is-last-node=\"\" data-is-only-node=\"\">Con una <strong data-start=\"1109\" data-end=\"1131\">garant\u00eda de 4 a\u00f1os<\/strong>, este modelo es una elecci\u00f3n inteligente para quienes desean calidad y comodidad sin comprometer la resistencia a largo plazo.<\/p>\n","protected":false},"featured_media":11217,"comment_status":"closed","ping_status":"closed","template":"","meta":{"site-sidebar-layout":"default","site-content-layout":"","ast-site-content-layout":"default","site-content-style":"default","site-sidebar-style":"default","ast-global-header-display":"","ast-banner-title-visibility":"","ast-main-header-display":"","ast-hfb-above-header-display":"","ast-hfb-below-header-display":"","ast-hfb-mobile-header-display":"","site-post-title":"","ast-breadcrumbs-content":"","ast-featured-img":"","footer-sml-layout":"","ast-disable-related-posts":"","theme-transparent-header-meta":"default","adv-header-id-meta":"","stick-header-meta":"default","header-above-stick-meta":"","header-main-stick-meta":"","header-below-stick-meta":"","astra-migrate-meta-layouts":"set","ast-page-background-enabled":"default","ast-page-background-meta":{"desktop":{"background-color":"var(--ast-global-color-4)","background-image":"","background-repeat":"repeat","background-position":"center center","background-size":"auto","background-attachment":"scroll","background-type":"","background-media":"","overlay-type":"","overlay-color":"","overlay-opacity":"","overlay-gradient":""},"tablet":{"background-color":"","background-image":"","background-repeat":"repeat","background-position":"center center","background-size":"auto","background-attachment":"scroll","background-type":"","background-media":"","overlay-type":"","overlay-color":"","overlay-opacity":"","overlay-gradient":""},"mobile":{"background-color":"","background-image":"","background-repeat":"repeat","background-position":"center center","background-size":"auto","background-attachment":"scroll","background-type":"","background-media":"","overlay-type":"","overlay-color":"","overlay-opacity":"","overlay-gradient":""}},"ast-content-background-meta":{"desktop":{"background-color":"var(--ast-global-color-5)","background-image":"","background-repeat":"repeat","background-position":"center center","background-size":"auto","background-attachment":"scroll","background-type":"","background-media":"","overlay-type":"","overlay-color":"","overlay-opacity":"","overlay-gradient":""},"tablet":{"background-color":"var(--ast-global-color-5)","background-image":"","background-repeat":"repeat","background-position":"center center","background-size":"auto","background-attachment":"scroll","background-type":"","background-media":"","overlay-type":"","overlay-color":"","overlay-opacity":"","overlay-gradient":""},"mobile":{"background-color":"var(--ast-global-color-5)","background-image":"","background-repeat":"repeat","background-position":"center center","background-size":"auto","background-attachment":"scroll","background-type":"","background-media":"","overlay-type":"","overlay-color":"","overlay-opacity":"","overlay-gradient":""}}},"product_brand":[],"product_cat":[41],"product_tag":[],"manta":[],"temporada":[],"estilo":[],"tamano":[],"class_list":{"0":"post-10177","1":"product","2":"type-product","3":"status-publish","4":"has-post-thumbnail","6":"product_cat-colchones","7":"desktop-align-left","8":"tablet-align-left","9":"mobile-align-left","10":"ast-product-gallery-layout-vertical-slider","11":"ast-product-gallery-with-no-image","12":"ast-magnify-disabled","13":"ast-product-single-variable","14":"ast-product-tabs-layout-horizontal","16":"first","17":"instock","18":"sale","19":"shipping-taxable","20":"purchasable","21":"product-type-variable"},"yoast_head":"<!-- This site is optimized with the Yoast SEO Premium plugin v23.0 (Yoast SEO v27.3) - https:\/\/yoast.com\/product\/yoast-seo-premium-wordpress\/ -->\n<title>Colchon Abrazo de Nube - Macrumo<\/title>\n<meta name=\"robots\" content=\"index, follow, max-snippet:-1, max-image-preview:large, max-video-preview:-1\" \/>\n<link rel=\"canonical\" href=\"https:\/\/macrumo.com.pe\/paratuhogar\/producto\/colchones\/colchon-abrazo-de-nube\/\" \/>\n<meta property=\"og:locale\" content=\"es_ES\" \/>\n<meta property=\"og:type\" content=\"article\" \/>\n<meta property=\"og:title\" content=\"Colchon Abrazo de Nube\" \/>\n<meta property=\"og:description\" content=\"Pensado para quienes buscan un equilibrio perfecto entre comodidad y resistencia, este colch\u00f3n combina materiales de calidad que aseguran un descanso placentero y duradero. Su estructura de resortes tradicionales est\u00e1 reforzada con un s\u00f3lido marco de espuma, brindando mayor estabilidad y soporte en cada movimiento. La capa de espuma de densidad 16, con un grosor de 1.5 pulgadas, ofrece una sensaci\u00f3n de suavidad controlada que se adapta a diferentes posturas de descanso, manteniendo al mismo tiempo una firmeza confortable. La superficie est\u00e1 recubierta con tela poliseda acolchada de 16 mm, resistente y agradable al tacto, que proporciona frescura y un acabado elegante. Beneficios destacados     Confort equilibrado: combina suavidad y soporte para un descanso reparador.    Mayor durabilidad: su marco de espuma refuerza la estructura y alarga la vida \u00fatil.    Excelente relaci\u00f3n calidad\u2013precio: ideal para quienes buscan un colch\u00f3n est\u00e1ndar con desempe\u00f1o confiable.   Con una garant\u00eda de 4 a\u00f1os, este modelo es una elecci\u00f3n inteligente para quienes desean calidad y comodidad sin comprometer la resistencia a largo plazo.\" \/>\n<meta property=\"og:url\" content=\"https:\/\/macrumo.com.pe\/paratuhogar\/producto\/colchones\/colchon-abrazo-de-nube\/\" \/>\n<meta property=\"og:site_name\" content=\"Macrumo\" \/>\n<meta property=\"article:publisher\" content=\"https:\/\/www.facebook.com\/Macrumo.com.pe\" \/>\n<meta property=\"article:modified_time\" content=\"2026-03-18T23:23:31+00:00\" \/>\n<meta property=\"og:image\" content=\"https:\/\/macrumo.com.pe\/paratuhogar\/wp-content\/uploads\/2025\/04\/Colchon-Abrazo-de-Nube-.jpg\" \/>\n\t<meta property=\"og:image:width\" content=\"1000\" \/>\n\t<meta property=\"og:image:height\" content=\"1000\" \/>\n\t<meta property=\"og:image:type\" content=\"image\/jpeg\" \/>\n<meta name=\"twitter:card\" content=\"summary_large_image\" \/>\n<meta name=\"twitter:label1\" content=\"Tiempo de lectura\" \/>\n\t<meta name=\"twitter:data1\" content=\"1 minuto\" \/>\n<script type=\"application\/ld+json\" class=\"yoast-schema-graph\">{\"@context\":\"https:\\\/\\\/schema.org\",\"@graph\":[{\"@type\":\"WebPage\",\"@id\":\"https:\\\/\\\/macrumo.com.pe\\\/paratuhogar\\\/producto\\\/colchones\\\/colchon-abrazo-de-nube\\\/\",\"url\":\"https:\\\/\\\/macrumo.com.pe\\\/paratuhogar\\\/producto\\\/colchones\\\/colchon-abrazo-de-nube\\\/\",\"name\":\"Colchon Abrazo de Nube - Macrumo\",\"isPartOf\":{\"@id\":\"https:\\\/\\\/macrumo.com.pe\\\/paratuhogar\\\/#website\"},\"primaryImageOfPage\":{\"@id\":\"https:\\\/\\\/macrumo.com.pe\\\/paratuhogar\\\/producto\\\/colchones\\\/colchon-abrazo-de-nube\\\/#primaryimage\"},\"image\":{\"@id\":\"https:\\\/\\\/macrumo.com.pe\\\/paratuhogar\\\/producto\\\/colchones\\\/colchon-abrazo-de-nube\\\/#primaryimage\"},\"thumbnailUrl\":\"https:\\\/\\\/macrumo.com.pe\\\/paratuhogar\\\/wp-content\\\/uploads\\\/2025\\\/04\\\/Colchon-Abrazo-de-Nube-.jpg\",\"datePublished\":\"2025-04-26T15:58:30+00:00\",\"dateModified\":\"2026-03-18T23:23:31+00:00\",\"breadcrumb\":{\"@id\":\"https:\\\/\\\/macrumo.com.pe\\\/paratuhogar\\\/producto\\\/colchones\\\/colchon-abrazo-de-nube\\\/#breadcrumb\"},\"inLanguage\":\"es\",\"potentialAction\":[{\"@type\":\"ReadAction\",\"target\":[\"https:\\\/\\\/macrumo.com.pe\\\/paratuhogar\\\/producto\\\/colchones\\\/colchon-abrazo-de-nube\\\/\"]}]},{\"@type\":\"ImageObject\",\"inLanguage\":\"es\",\"@id\":\"https:\\\/\\\/macrumo.com.pe\\\/paratuhogar\\\/producto\\\/colchones\\\/colchon-abrazo-de-nube\\\/#primaryimage\",\"url\":\"https:\\\/\\\/macrumo.com.pe\\\/paratuhogar\\\/wp-content\\\/uploads\\\/2025\\\/04\\\/Colchon-Abrazo-de-Nube-.jpg\",\"contentUrl\":\"https:\\\/\\\/macrumo.com.pe\\\/paratuhogar\\\/wp-content\\\/uploads\\\/2025\\\/04\\\/Colchon-Abrazo-de-Nube-.jpg\",\"width\":1000,\"height\":1000},{\"@type\":\"BreadcrumbList\",\"@id\":\"https:\\\/\\\/macrumo.com.pe\\\/paratuhogar\\\/producto\\\/colchones\\\/colchon-abrazo-de-nube\\\/#breadcrumb\",\"itemListElement\":[{\"@type\":\"ListItem\",\"position\":1,\"name\":\"Portada\",\"item\":\"https:\\\/\\\/macrumo.com.pe\\\/paratuhogar\\\/\"},{\"@type\":\"ListItem\",\"position\":2,\"name\":\"Tienda\",\"item\":\"https:\\\/\\\/macrumo.com.pe\\\/paratuhogar\\\/tienda\\\/\"},{\"@type\":\"ListItem\",\"position\":3,\"name\":\"Colchon Abrazo de Nube\"}]},{\"@type\":\"WebSite\",\"@id\":\"https:\\\/\\\/macrumo.com.pe\\\/paratuhogar\\\/#website\",\"url\":\"https:\\\/\\\/macrumo.com.pe\\\/paratuhogar\\\/\",\"name\":\"Macrumo\",\"description\":\"Macrumo\",\"publisher\":{\"@id\":\"https:\\\/\\\/macrumo.com.pe\\\/paratuhogar\\\/#organization\"},\"potentialAction\":[{\"@type\":\"SearchAction\",\"target\":{\"@type\":\"EntryPoint\",\"urlTemplate\":\"https:\\\/\\\/macrumo.com.pe\\\/paratuhogar\\\/?s={search_term_string}\"},\"query-input\":{\"@type\":\"PropertyValueSpecification\",\"valueRequired\":true,\"valueName\":\"search_term_string\"}}],\"inLanguage\":\"es\"},{\"@type\":\"Organization\",\"@id\":\"https:\\\/\\\/macrumo.com.pe\\\/paratuhogar\\\/#organization\",\"name\":\"Macrumo\",\"url\":\"https:\\\/\\\/macrumo.com.pe\\\/paratuhogar\\\/\",\"logo\":{\"@type\":\"ImageObject\",\"inLanguage\":\"es\",\"@id\":\"https:\\\/\\\/macrumo.com.pe\\\/paratuhogar\\\/#\\\/schema\\\/logo\\\/image\\\/\",\"url\":\"https:\\\/\\\/macrumo.com.pe\\\/paratuhogar\\\/wp-content\\\/uploads\\\/2023\\\/02\\\/Macrumo_logo.png\",\"contentUrl\":\"https:\\\/\\\/macrumo.com.pe\\\/paratuhogar\\\/wp-content\\\/uploads\\\/2023\\\/02\\\/Macrumo_logo.png\",\"width\":500,\"height\":148,\"caption\":\"Macrumo\"},\"image\":{\"@id\":\"https:\\\/\\\/macrumo.com.pe\\\/paratuhogar\\\/#\\\/schema\\\/logo\\\/image\\\/\"},\"sameAs\":[\"https:\\\/\\\/www.facebook.com\\\/Macrumo.com.pe\",\"https:\\\/\\\/www.instagram.com\\\/muebles.macrumo\\\/\",\"https:\\\/\\\/www.tiktok.com\\\/@muebles.macrumo\"]}]}<\/script>\n<!-- \/ Yoast SEO Premium plugin. -->","yoast_head_json":{"title":"Colchon Abrazo de Nube - Macrumo","robots":{"index":"index","follow":"follow","max-snippet":"max-snippet:-1","max-image-preview":"max-image-preview:large","max-video-preview":"max-video-preview:-1"},"canonical":"https:\/\/macrumo.com.pe\/paratuhogar\/producto\/colchones\/colchon-abrazo-de-nube\/","og_locale":"es_ES","og_type":"article","og_title":"Colchon Abrazo de Nube","og_description":"Pensado para quienes buscan un equilibrio perfecto entre comodidad y resistencia, este colch\u00f3n combina materiales de calidad que aseguran un descanso placentero y duradero. Su estructura de resortes tradicionales est\u00e1 reforzada con un s\u00f3lido marco de espuma, brindando mayor estabilidad y soporte en cada movimiento. La capa de espuma de densidad 16, con un grosor de 1.5 pulgadas, ofrece una sensaci\u00f3n de suavidad controlada que se adapta a diferentes posturas de descanso, manteniendo al mismo tiempo una firmeza confortable. La superficie est\u00e1 recubierta con tela poliseda acolchada de 16 mm, resistente y agradable al tacto, que proporciona frescura y un acabado elegante. Beneficios destacados     Confort equilibrado: combina suavidad y soporte para un descanso reparador.    Mayor durabilidad: su marco de espuma refuerza la estructura y alarga la vida \u00fatil.    Excelente relaci\u00f3n calidad\u2013precio: ideal para quienes buscan un colch\u00f3n est\u00e1ndar con desempe\u00f1o confiable.   Con una garant\u00eda de 4 a\u00f1os, este modelo es una elecci\u00f3n inteligente para quienes desean calidad y comodidad sin comprometer la resistencia a largo plazo.","og_url":"https:\/\/macrumo.com.pe\/paratuhogar\/producto\/colchones\/colchon-abrazo-de-nube\/","og_site_name":"Macrumo","article_publisher":"https:\/\/www.facebook.com\/Macrumo.com.pe","article_modified_time":"2026-03-18T23:23:31+00:00","og_image":[{"width":1000,"height":1000,"url":"https:\/\/macrumo.com.pe\/paratuhogar\/wp-content\/uploads\/2025\/04\/Colchon-Abrazo-de-Nube-.jpg","type":"image\/jpeg"}],"twitter_card":"summary_large_image","twitter_misc":{"Tiempo de lectura":"1 minuto"},"schema":{"@context":"https:\/\/schema.org","@graph":[{"@type":"WebPage","@id":"https:\/\/macrumo.com.pe\/paratuhogar\/producto\/colchones\/colchon-abrazo-de-nube\/","url":"https:\/\/macrumo.com.pe\/paratuhogar\/producto\/colchones\/colchon-abrazo-de-nube\/","name":"Colchon Abrazo de Nube - Macrumo","isPartOf":{"@id":"https:\/\/macrumo.com.pe\/paratuhogar\/#website"},"primaryImageOfPage":{"@id":"https:\/\/macrumo.com.pe\/paratuhogar\/producto\/colchones\/colchon-abrazo-de-nube\/#primaryimage"},"image":{"@id":"https:\/\/macrumo.com.pe\/paratuhogar\/producto\/colchones\/colchon-abrazo-de-nube\/#primaryimage"},"thumbnailUrl":"https:\/\/macrumo.com.pe\/paratuhogar\/wp-content\/uploads\/2025\/04\/Colchon-Abrazo-de-Nube-.jpg","datePublished":"2025-04-26T15:58:30+00:00","dateModified":"2026-03-18T23:23:31+00:00","breadcrumb":{"@id":"https:\/\/macrumo.com.pe\/paratuhogar\/producto\/colchones\/colchon-abrazo-de-nube\/#breadcrumb"},"inLanguage":"es","potentialAction":[{"@type":"ReadAction","target":["https:\/\/macrumo.com.pe\/paratuhogar\/producto\/colchones\/colchon-abrazo-de-nube\/"]}]},{"@type":"ImageObject","inLanguage":"es","@id":"https:\/\/macrumo.com.pe\/paratuhogar\/producto\/colchones\/colchon-abrazo-de-nube\/#primaryimage","url":"https:\/\/macrumo.com.pe\/paratuhogar\/wp-content\/uploads\/2025\/04\/Colchon-Abrazo-de-Nube-.jpg","contentUrl":"https:\/\/macrumo.com.pe\/paratuhogar\/wp-content\/uploads\/2025\/04\/Colchon-Abrazo-de-Nube-.jpg","width":1000,"height":1000},{"@type":"BreadcrumbList","@id":"https:\/\/macrumo.com.pe\/paratuhogar\/producto\/colchones\/colchon-abrazo-de-nube\/#breadcrumb","itemListElement":[{"@type":"ListItem","position":1,"name":"Portada","item":"https:\/\/macrumo.com.pe\/paratuhogar\/"},{"@type":"ListItem","position":2,"name":"Tienda","item":"https:\/\/macrumo.com.pe\/paratuhogar\/tienda\/"},{"@type":"ListItem","position":3,"name":"Colchon Abrazo de Nube"}]},{"@type":"WebSite","@id":"https:\/\/macrumo.com.pe\/paratuhogar\/#website","url":"https:\/\/macrumo.com.pe\/paratuhogar\/","name":"Macrumo","description":"Macrumo","publisher":{"@id":"https:\/\/macrumo.com.pe\/paratuhogar\/#organization"},"potentialAction":[{"@type":"SearchAction","target":{"@type":"EntryPoint","urlTemplate":"https:\/\/macrumo.com.pe\/paratuhogar\/?s={search_term_string}"},"query-input":{"@type":"PropertyValueSpecification","valueRequired":true,"valueName":"search_term_string"}}],"inLanguage":"es"},{"@type":"Organization","@id":"https:\/\/macrumo.com.pe\/paratuhogar\/#organization","name":"Macrumo","url":"https:\/\/macrumo.com.pe\/paratuhogar\/","logo":{"@type":"ImageObject","inLanguage":"es","@id":"https:\/\/macrumo.com.pe\/paratuhogar\/#\/schema\/logo\/image\/","url":"https:\/\/macrumo.com.pe\/paratuhogar\/wp-content\/uploads\/2023\/02\/Macrumo_logo.png","contentUrl":"https:\/\/macrumo.com.pe\/paratuhogar\/wp-content\/uploads\/2023\/02\/Macrumo_logo.png","width":500,"height":148,"caption":"Macrumo"},"image":{"@id":"https:\/\/macrumo.com.pe\/paratuhogar\/#\/schema\/logo\/image\/"},"sameAs":["https:\/\/www.facebook.com\/Macrumo.com.pe","https:\/\/www.instagram.com\/muebles.macrumo\/","https:\/\/www.tiktok.com\/@muebles.macrumo"]}]}},"_links":{"self":[{"href":"https:\/\/macrumo.com.pe\/paratuhogar\/wp-json\/wp\/v2\/product\/10177","targetHints":{"allow":["GET"]}}],"collection":[{"href":"https:\/\/macrumo.com.pe\/paratuhogar\/wp-json\/wp\/v2\/product"}],"about":[{"href":"https:\/\/macrumo.com.pe\/paratuhogar\/wp-json\/wp\/v2\/types\/product"}],"replies":[{"embeddable":true,"href":"https:\/\/macrumo.com.pe\/paratuhogar\/wp-json\/wp\/v2\/comments?post=10177"}],"wp:featuredmedia":[{"embeddable":true,"href":"https:\/\/macrumo.com.pe\/paratuhogar\/wp-json\/wp\/v2\/media\/11217"}],"wp:attachment":[{"href":"https:\/\/macrumo.com.pe\/paratuhogar\/wp-json\/wp\/v2\/media?parent=10177"}],"wp:term":[{"taxonomy":"product_brand","embeddable":true,"href":"https:\/\/macrumo.com.pe\/paratuhogar\/wp-json\/wp\/v2\/product_brand?post=10177"},{"taxonomy":"product_cat","embeddable":true,"href":"https:\/\/macrumo.com.pe\/paratuhogar\/wp-json\/wp\/v2\/product_cat?post=10177"},{"taxonomy":"product_tag","embeddable":true,"href":"https:\/\/macrumo.com.pe\/paratuhogar\/wp-json\/wp\/v2\/product_tag?post=10177"},{"taxonomy":"manta","embeddable":true,"href":"https:\/\/macrumo.com.pe\/paratuhogar\/wp-json\/wp\/v2\/manta?post=10177"},{"taxonomy":"temporada","embeddable":true,"href":"https:\/\/macrumo.com.pe\/paratuhogar\/wp-json\/wp\/v2\/temporada?post=10177"},{"taxonomy":"estilo","embeddable":true,"href":"https:\/\/macrumo.com.pe\/paratuhogar\/wp-json\/wp\/v2\/estilo?post=10177"},{"taxonomy":"tamano","embeddable":true,"href":"https:\/\/macrumo.com.pe\/paratuhogar\/wp-json\/wp\/v2\/tamano?post=10177"}],"curies":[{"name":"wp","href":"https:\/\/api.w.org\/{rel}","templated":true}]}}