{"id":493,"date":"2023-03-31T10:20:40","date_gmt":"2023-03-31T15:20:40","guid":{"rendered":"https:\/\/macrumo.com.pe\/?page_id=493"},"modified":"2024-07-17T00:58:08","modified_gmt":"2024-07-17T05:58:08","slug":"politicas-de-privacidad","status":"publish","type":"page","link":"https:\/\/macrumo.com.pe\/paratuhogar\/politicas-de-privacidad\/","title":{"rendered":"Politicas de privacidad"},"content":{"rendered":"\t\t<div data-elementor-type=\"wp-page\" data-elementor-id=\"493\" class=\"elementor elementor-493\" data-elementor-settings=\"{&quot;ha_cmc_init_switcher&quot;:&quot;no&quot;}\" data-elementor-post-type=\"page\">\n\t\t\t\t\t\t<section class=\"elementor-section elementor-top-section elementor-element elementor-element-6ea75c0 elementor-section-full_width elementor-section-height-default elementor-section-height-default\" data-id=\"6ea75c0\" data-element_type=\"section\" data-e-type=\"section\">\n\t\t\t\t\t\t<div class=\"elementor-container elementor-column-gap-default\">\n\t\t\t\t\t<div class=\"elementor-column elementor-col-100 elementor-top-column elementor-element elementor-element-24951ea\" data-id=\"24951ea\" data-element_type=\"column\" data-e-type=\"column\">\n\t\t\t<div class=\"elementor-widget-wrap elementor-element-populated\">\n\t\t\t\t\t\t<div class=\"elementor-element elementor-element-036fb09 elementor-widget elementor-widget-template\" data-id=\"036fb09\" data-element_type=\"widget\" data-e-type=\"widget\" data-widget_type=\"template.default\">\n\t\t\t\t<div class=\"elementor-widget-container\">\n\t\t\t\t\t\t\t<div class=\"elementor-template\">\n\t\t\t\t\t<div data-elementor-type=\"section\" data-elementor-id=\"422\" class=\"elementor elementor-422\" data-elementor-settings=\"{&quot;ha_cmc_init_switcher&quot;:&quot;no&quot;}\" data-elementor-post-type=\"elementor_library\">\n\t\t\t\t\t<section class=\"elementor-section elementor-top-section elementor-element elementor-element-24e5feeb elementor-section-height-min-height elementor-section-boxed elementor-section-height-default elementor-section-items-middle\" data-id=\"24e5feeb\" data-element_type=\"section\" data-e-type=\"section\" data-settings=\"{&quot;background_background&quot;:&quot;classic&quot;}\">\n\t\t\t\t\t\t\t<div class=\"elementor-background-overlay\"><\/div>\n\t\t\t\t\t\t\t<div class=\"elementor-container elementor-column-gap-default\">\n\t\t\t\t\t<div class=\"elementor-column elementor-col-100 elementor-top-column elementor-element elementor-element-64bef1a3\" data-id=\"64bef1a3\" data-element_type=\"column\" data-e-type=\"column\">\n\t\t\t<div class=\"elementor-widget-wrap elementor-element-populated\">\n\t\t\t\t\t\t<div class=\"elementor-element elementor-element-63bee529 elementor-widget elementor-widget-heading\" data-id=\"63bee529\" data-element_type=\"widget\" data-e-type=\"widget\" data-widget_type=\"heading.default\">\n\t\t\t\t<div class=\"elementor-widget-container\">\n\t\t\t\t\t<h2 class=\"elementor-heading-title elementor-size-default\">Politicas de privacidad<\/h2>\t\t\t\t<\/div>\n\t\t\t\t<\/div>\n\t\t\t\t\t<\/div>\n\t\t<\/div>\n\t\t\t\t\t<\/div>\n\t\t<\/section>\n\t\t\t\t<\/div>\n\t\t\t\t<\/div>\n\t\t\t\t\t\t<\/div>\n\t\t\t\t<\/div>\n\t\t\t\t\t<\/div>\n\t\t<\/div>\n\t\t\t\t\t<\/div>\n\t\t<\/section>\n\t\t\t\t<section class=\"elementor-section elementor-top-section elementor-element elementor-element-e4074fc elementor-section-boxed elementor-section-height-default elementor-section-height-default\" data-id=\"e4074fc\" data-element_type=\"section\" data-e-type=\"section\">\n\t\t\t\t\t\t<div class=\"elementor-container elementor-column-gap-default\">\n\t\t\t\t\t<div class=\"elementor-column elementor-col-100 elementor-top-column elementor-element elementor-element-5266008\" data-id=\"5266008\" data-element_type=\"column\" data-e-type=\"column\">\n\t\t\t<div class=\"elementor-widget-wrap elementor-element-populated\">\n\t\t\t\t\t\t<div class=\"elementor-element elementor-element-e4a308a elementor-widget elementor-widget-text-editor\" data-id=\"e4a308a\" data-element_type=\"widget\" data-e-type=\"widget\" data-widget_type=\"text-editor.default\">\n\t\t\t\t<div class=\"elementor-widget-container\">\n\t\t\t\t\t\t\t\t\t<p>Por medio del presente documento, ROSEN PERU S.A. identificada con RUC N\u00b0 20258886420 domiciliada en Av. el Sol Mza. &#8212; Lote. 04 Z.I. Asoc. Agropec. Villa Rica&nbsp;, Villa , Lima \u2013 Per\u00fa (en adelante, \u201cMACRUMO\u201d) pone a disposici\u00f3n de los usuarios su Pol\u00edtica de Privacidad, la cual se encuentra en armon\u00eda con la normativa vigente sobre protecci\u00f3n de Datos Personales (Ley N\u00b0 29733 y Decreto Supremo 003-2013-JUS). A continuaci\u00f3n, se se\u00f1alan las finalidades de tratamiento de la informaci\u00f3n que usted nos ha suministrado en nuestro Sitio Web \u2013 https:\/\/www.macrumo.com.pe\/ , qui\u00e9nes son los encargados de tratarla, el tiempo de almacenamiento en nuestras Bases de Datos, las medidas de seguridad, y los medios para ejercer sus derechos como titular de los Datos Personales.<\/p>\n<p><strong>1. \u00bfC\u00f3mo almacenamos y para qu\u00e9 utilizamos su informaci\u00f3n?<\/strong><\/p>\n<p>MACRUMO recopila datos personales de las diversas secciones de su Sitio Web, cuyas caracter\u00edsticas se especifican a continuaci\u00f3n:<\/p>\n<p>1.1. Para el caso de las secciones \u201cInicia Sesi\u00f3n\u201d, \u201cFinalizar Compra\u201d, los datos personales ser\u00e1n almacenados en el banco de datos de \u201cClientes\u201d (C\u00f3digo N\u00b0 01852) por un plazo indeterminado. As\u00ed mismo, las finalidades de tratamiento son: (i) Procesar la compra realizada en virtud de la relaci\u00f3n contractual establecida con MACRUMO; (ii) Establecer un medio de comunicaci\u00f3n para dar respuesta a las solicitudes, sugerencias, preguntas, quejas y\/o reclamos; (iii) Remitir notificaciones por medio de la p\u00e1gina web de MACRUMO&nbsp; y en el correo electr\u00f3nico sobre el env\u00edo de los productos adquiridos; (iv) Brindar un servicio \u00f3ptimo de post-venta; (v) realizar encuestas de satisfacci\u00f3n para mejorar los productos y\/o servicios de MACRUMO; y, (vi) llevar un registro para fines estad\u00edsticos e hist\u00f3ricos.<\/p>\n<p>1.2. Para el caso de las secciones \u201cContacto\u201d, \u201cAsistencia en Linea\u201d los datos personales ser\u00e1n almacenados en el banco de datos de \u201cProspectos\u201d (C\u00f3digo N\u00b0 01854) por un plazo indeterminado. As\u00ed mismo, las finalidades de tratamiento son: (i) Remitir informaci\u00f3n de productos de inter\u00e9s, promociones, beneficios, concursos, ofertas y, en general, publicidad sobre productos y servicios; (ii) Obtener informaci\u00f3n de fuentes de acceso p\u00fablicas y privadas para fines de perfilamiento y prospecci\u00f3n comercial.<\/p>\n<p>Para las secciones especificadas en los numerales 1.1 y 1.2, en caso brinde su autorizaci\u00f3n expresa, MACRUMO tratar\u00e1 sus datos personales para los siguientes fines de prospecci\u00f3n y promoci\u00f3n comercial: (i) Remitir promociones, beneficios, concursos, ofertas y, en general, publicidad sobre productos y servicios; y, (ii) Obtener informaci\u00f3n de fuentes de acceso p\u00fablicas y privadas para fines de perfilamiento.<\/p>\n<p>1.3. Para el caso de la secci\u00f3n \u201cNewsletter\u201d los datos personales ser\u00e1n almacenados en el banco de datos de \u201cProspectos\u201d (C\u00f3digo N\u00b0 01854) por un plazo indeterminado. As\u00ed mismo, las finalidades de tratamiento son: (i) Remitir informaci\u00f3n de productos de inter\u00e9s, promociones, beneficios, concursos, ofertas y, en general, publicidad sobre productos y servicios; (ii) Obtener informaci\u00f3n de fuentes de acceso p\u00fablicas y privadas para fines de perfilamiento y prospecci\u00f3n comercial.<\/p>\n<p>Se deja constancia que: (i) su autorizaci\u00f3n es necesaria para cumplir con las finalidades antes mencionadas; y, (ii) los bancos de datos se encuentran debidamente inscritos ante la Autoridad Nacional de Protecci\u00f3n de Datos Personales, seg\u00fan lo exige la normativa vigente actualmente.<\/p>\n<p><strong>2. \u00bfC\u00f3mo protegemos su informaci\u00f3n?<\/strong><\/p>\n<p>MACRUMO ha adoptado todas las medidas t\u00e9cnicas, legales y organizacionales necesarias para garantizar la seguridad y el adecuado procesamiento de sus datos personales; as\u00ed como para evitar cualquier manipulaci\u00f3n indebida, p\u00e9rdida accidental, destrucci\u00f3n o acceso no autorizado de terceros. Hacemos de su conocimiento que su informaci\u00f3n no ser\u00e1 comercializada, transferida ni compartida sin su autorizaci\u00f3n y para fines ajenos a los que se describen a continuaci\u00f3n.<\/p>\n<p><strong>3. \u00bfQui\u00e9n tiene acceso a su informaci\u00f3n?<\/strong><\/p>\n<p>Usted nos autoriza a que podamos compartir y encargar el tratamiento de su informaci\u00f3n personal con terceros que nos prestan servicios para mejorar nuestras actividades. En estos casos, garantizar\u00e1 que el tratamiento de sus datos se limite a las finalidades antes autorizadas y que se mantenga la confidencialidad y se implementen las medidas de seguridad t\u00e9cnicas, organizativas y legales. El detalle de los terceros encargados de tratamiento se encuentra en el anexo de la presente Pol\u00edtica.<\/p>\n<p><strong>4. \u00bfC\u00f3mo puede ejercer sus derechos como titular de Datos Personales?<\/strong><\/p>\n<p>MACRUMO reconoce y garantiza el ejercicio de los derechos de acceso, rectificaci\u00f3n, supresi\u00f3n o cancelaci\u00f3n, oposici\u00f3n, informaci\u00f3n o revocaci\u00f3n que por ley le asisten. Para ejercer los derechos aludidos deber\u00e1 presentar una solicitud al siguiente correo electr\u00f3nico contacto@macrumo.com.pe se\u00f1alando como asunto \u201cDerechos Arco\u201d. En caso, considera que no ha sido atendido, podr\u00e1 presentar una reclamaci\u00f3n ante la Autoridad Nacional de Protecci\u00f3n de Datos Personales, dirigi\u00e9ndose a la Mesa de Partes del Ministerio de Justicia y Derechos Humanos ubicado en Calle Scipi\u00f3n Llona N\u00b0 350, Miraflores, Lima, Per\u00fa.<\/p>\n<p><strong>5. Actualizaciones de la presente pol\u00edtica de privacidad<\/strong><\/p>\n<p>Con motivo de la mejora continua de nuestros procesos, MACRUMO podr\u00e1 realizar correcciones y actualizaciones a esta Pol\u00edtica de Privacidad. Por favor, verifique estos t\u00e9rminos regularmente para consultar los cambios que puedan haber existido y de qu\u00e9 manera le pueden afectar.<\/p>\t\t\t\t\t\t\t\t<\/div>\n\t\t\t\t<\/div>\n\t\t\t\t\t<\/div>\n\t\t<\/div>\n\t\t\t\t\t<\/div>\n\t\t<\/section>\n\t\t\t\t<\/div>\n\t\t","protected":false},"excerpt":{"rendered":"<p>Por medio del presente documento, ROSEN PERU S.A. identificada con RUC N\u00b0 20258886420 domiciliada en Av. el Sol Mza. &#8212; Lote. 04 Z.I. Asoc. Agropec. Villa Rica&nbsp;, Villa , Lima \u2013 Per\u00fa (en adelante, \u201cMACRUMO\u201d) pone a disposici\u00f3n de los usuarios su Pol\u00edtica de Privacidad, la cual se encuentra en armon\u00eda con la normativa vigente [&hellip;]<\/p>\n","protected":false},"author":1,"featured_media":0,"parent":0,"menu_order":0,"comment_status":"closed","ping_status":"closed","template":"","meta":{"site-sidebar-layout":"no-sidebar","site-content-layout":"page-builder","ast-site-content-layout":"default","site-content-style":"default","site-sidebar-style":"default","ast-global-header-display":"","ast-banner-title-visibility":"","ast-main-header-display":"","ast-hfb-above-header-display":"","ast-hfb-below-header-display":"","ast-hfb-mobile-header-display":"","site-post-title":"disabled","ast-breadcrumbs-content":"","ast-featured-img":"disabled","footer-sml-layout":"","ast-disable-related-posts":"","theme-transparent-header-meta":"","adv-header-id-meta":"","stick-header-meta":"","header-above-stick-meta":"","header-main-stick-meta":"","header-below-stick-meta":"","astra-migrate-meta-layouts":"default","ast-page-background-enabled":"default","ast-page-background-meta":{"desktop":{"background-color":"var(--ast-global-color-4)","background-image":"","background-repeat":"repeat","background-position":"center center","background-size":"auto","background-attachment":"scroll","background-type":"","background-media":"","overlay-type":"","overlay-color":"","overlay-opacity":"","overlay-gradient":""},"tablet":{"background-color":"","background-image":"","background-repeat":"repeat","background-position":"center center","background-size":"auto","background-attachment":"scroll","background-type":"","background-media":"","overlay-type":"","overlay-color":"","overlay-opacity":"","overlay-gradient":""},"mobile":{"background-color":"","background-image":"","background-repeat":"repeat","background-position":"center center","background-size":"auto","background-attachment":"scroll","background-type":"","background-media":"","overlay-type":"","overlay-color":"","overlay-opacity":"","overlay-gradient":""}},"ast-content-background-meta":{"desktop":{"background-color":"var(--ast-global-color-5)","background-image":"","background-repeat":"repeat","background-position":"center center","background-size":"auto","background-attachment":"scroll","background-type":"","background-media":"","overlay-type":"","overlay-color":"","overlay-opacity":"","overlay-gradient":""},"tablet":{"background-color":"var(--ast-global-color-5)","background-image":"","background-repeat":"repeat","background-position":"center center","background-size":"auto","background-attachment":"scroll","background-type":"","background-media":"","overlay-type":"","overlay-color":"","overlay-opacity":"","overlay-gradient":""},"mobile":{"background-color":"var(--ast-global-color-5)","background-image":"","background-repeat":"repeat","background-position":"center center","background-size":"auto","background-attachment":"scroll","background-type":"","background-media":"","overlay-type":"","overlay-color":"","overlay-opacity":"","overlay-gradient":""}},"footnotes":""},"class_list":["post-493","page","type-page","status-publish","hentry"],"yoast_head":"<!-- This site is optimized with the Yoast SEO Premium plugin v23.0 (Yoast SEO v27.4) - https:\/\/yoast.com\/product\/yoast-seo-premium-wordpress\/ -->\n<title>Politicas de privacidad - Macrumo<\/title>\n<meta name=\"robots\" content=\"index, follow, max-snippet:-1, max-image-preview:large, max-video-preview:-1\" \/>\n<link rel=\"canonical\" href=\"https:\/\/macrumo.com.pe\/paratuhogar\/politicas-de-privacidad\/\" \/>\n<meta property=\"og:locale\" content=\"es_ES\" \/>\n<meta property=\"og:type\" content=\"article\" \/>\n<meta property=\"og:title\" content=\"Politicas de privacidad\" \/>\n<meta property=\"og:description\" content=\"Por medio del presente documento, ROSEN PERU S.A. identificada con RUC N\u00b0 20258886420 domiciliada en Av. el Sol Mza. &#8212; Lote. 04 Z.I. Asoc. Agropec. Villa Rica&nbsp;, Villa , Lima \u2013 Per\u00fa (en adelante, \u201cMACRUMO\u201d) pone a disposici\u00f3n de los usuarios su Pol\u00edtica de Privacidad, la cual se encuentra en armon\u00eda con la normativa vigente [&hellip;]\" \/>\n<meta property=\"og:url\" content=\"https:\/\/macrumo.com.pe\/paratuhogar\/politicas-de-privacidad\/\" \/>\n<meta property=\"og:site_name\" content=\"Macrumo\" \/>\n<meta property=\"article:publisher\" content=\"https:\/\/www.facebook.com\/Macrumo.com.pe\" \/>\n<meta property=\"article:modified_time\" content=\"2024-07-17T05:58:08+00:00\" \/>\n<meta name=\"twitter:card\" content=\"summary_large_image\" \/>\n<meta name=\"twitter:label1\" content=\"Tiempo de lectura\" \/>\n\t<meta name=\"twitter:data1\" content=\"4 minutos\" \/>\n<script type=\"application\/ld+json\" class=\"yoast-schema-graph\">{\"@context\":\"https:\\\/\\\/schema.org\",\"@graph\":[{\"@type\":\"WebPage\",\"@id\":\"https:\\\/\\\/macrumo.com.pe\\\/paratuhogar\\\/politicas-de-privacidad\\\/\",\"url\":\"https:\\\/\\\/macrumo.com.pe\\\/paratuhogar\\\/politicas-de-privacidad\\\/\",\"name\":\"Politicas de privacidad - Macrumo\",\"isPartOf\":{\"@id\":\"https:\\\/\\\/macrumo.com.pe\\\/paratuhogar\\\/#website\"},\"datePublished\":\"2023-03-31T15:20:40+00:00\",\"dateModified\":\"2024-07-17T05:58:08+00:00\",\"breadcrumb\":{\"@id\":\"https:\\\/\\\/macrumo.com.pe\\\/paratuhogar\\\/politicas-de-privacidad\\\/#breadcrumb\"},\"inLanguage\":\"es\",\"potentialAction\":[{\"@type\":\"ReadAction\",\"target\":[\"https:\\\/\\\/macrumo.com.pe\\\/paratuhogar\\\/politicas-de-privacidad\\\/\"]}]},{\"@type\":\"BreadcrumbList\",\"@id\":\"https:\\\/\\\/macrumo.com.pe\\\/paratuhogar\\\/politicas-de-privacidad\\\/#breadcrumb\",\"itemListElement\":[{\"@type\":\"ListItem\",\"position\":1,\"name\":\"Portada\",\"item\":\"https:\\\/\\\/macrumo.com.pe\\\/paratuhogar\\\/\"},{\"@type\":\"ListItem\",\"position\":2,\"name\":\"Politicas de privacidad\"}]},{\"@type\":\"WebSite\",\"@id\":\"https:\\\/\\\/macrumo.com.pe\\\/paratuhogar\\\/#website\",\"url\":\"https:\\\/\\\/macrumo.com.pe\\\/paratuhogar\\\/\",\"name\":\"Macrumo\",\"description\":\"Macrumo\",\"publisher\":{\"@id\":\"https:\\\/\\\/macrumo.com.pe\\\/paratuhogar\\\/#organization\"},\"potentialAction\":[{\"@type\":\"SearchAction\",\"target\":{\"@type\":\"EntryPoint\",\"urlTemplate\":\"https:\\\/\\\/macrumo.com.pe\\\/paratuhogar\\\/?s={search_term_string}\"},\"query-input\":{\"@type\":\"PropertyValueSpecification\",\"valueRequired\":true,\"valueName\":\"search_term_string\"}}],\"inLanguage\":\"es\"},{\"@type\":\"Organization\",\"@id\":\"https:\\\/\\\/macrumo.com.pe\\\/paratuhogar\\\/#organization\",\"name\":\"Macrumo\",\"url\":\"https:\\\/\\\/macrumo.com.pe\\\/paratuhogar\\\/\",\"logo\":{\"@type\":\"ImageObject\",\"inLanguage\":\"es\",\"@id\":\"https:\\\/\\\/macrumo.com.pe\\\/paratuhogar\\\/#\\\/schema\\\/logo\\\/image\\\/\",\"url\":\"https:\\\/\\\/macrumo.com.pe\\\/paratuhogar\\\/wp-content\\\/uploads\\\/2023\\\/02\\\/Macrumo_logo.png\",\"contentUrl\":\"https:\\\/\\\/macrumo.com.pe\\\/paratuhogar\\\/wp-content\\\/uploads\\\/2023\\\/02\\\/Macrumo_logo.png\",\"width\":500,\"height\":148,\"caption\":\"Macrumo\"},\"image\":{\"@id\":\"https:\\\/\\\/macrumo.com.pe\\\/paratuhogar\\\/#\\\/schema\\\/logo\\\/image\\\/\"},\"sameAs\":[\"https:\\\/\\\/www.facebook.com\\\/Macrumo.com.pe\",\"https:\\\/\\\/www.instagram.com\\\/muebles.macrumo\\\/\",\"https:\\\/\\\/www.tiktok.com\\\/@muebles.macrumo\"]}]}<\/script>\n<!-- \/ Yoast SEO Premium plugin. -->","yoast_head_json":{"title":"Politicas de privacidad - Macrumo","robots":{"index":"index","follow":"follow","max-snippet":"max-snippet:-1","max-image-preview":"max-image-preview:large","max-video-preview":"max-video-preview:-1"},"canonical":"https:\/\/macrumo.com.pe\/paratuhogar\/politicas-de-privacidad\/","og_locale":"es_ES","og_type":"article","og_title":"Politicas de privacidad","og_description":"Por medio del presente documento, ROSEN PERU S.A. identificada con RUC N\u00b0 20258886420 domiciliada en Av. el Sol Mza. &#8212; Lote. 04 Z.I. Asoc. Agropec. Villa Rica&nbsp;, Villa , Lima \u2013 Per\u00fa (en adelante, \u201cMACRUMO\u201d) pone a disposici\u00f3n de los usuarios su Pol\u00edtica de Privacidad, la cual se encuentra en armon\u00eda con la normativa vigente [&hellip;]","og_url":"https:\/\/macrumo.com.pe\/paratuhogar\/politicas-de-privacidad\/","og_site_name":"Macrumo","article_publisher":"https:\/\/www.facebook.com\/Macrumo.com.pe","article_modified_time":"2024-07-17T05:58:08+00:00","twitter_card":"summary_large_image","twitter_misc":{"Tiempo de lectura":"4 minutos"},"schema":{"@context":"https:\/\/schema.org","@graph":[{"@type":"WebPage","@id":"https:\/\/macrumo.com.pe\/paratuhogar\/politicas-de-privacidad\/","url":"https:\/\/macrumo.com.pe\/paratuhogar\/politicas-de-privacidad\/","name":"Politicas de privacidad - Macrumo","isPartOf":{"@id":"https:\/\/macrumo.com.pe\/paratuhogar\/#website"},"datePublished":"2023-03-31T15:20:40+00:00","dateModified":"2024-07-17T05:58:08+00:00","breadcrumb":{"@id":"https:\/\/macrumo.com.pe\/paratuhogar\/politicas-de-privacidad\/#breadcrumb"},"inLanguage":"es","potentialAction":[{"@type":"ReadAction","target":["https:\/\/macrumo.com.pe\/paratuhogar\/politicas-de-privacidad\/"]}]},{"@type":"BreadcrumbList","@id":"https:\/\/macrumo.com.pe\/paratuhogar\/politicas-de-privacidad\/#breadcrumb","itemListElement":[{"@type":"ListItem","position":1,"name":"Portada","item":"https:\/\/macrumo.com.pe\/paratuhogar\/"},{"@type":"ListItem","position":2,"name":"Politicas de privacidad"}]},{"@type":"WebSite","@id":"https:\/\/macrumo.com.pe\/paratuhogar\/#website","url":"https:\/\/macrumo.com.pe\/paratuhogar\/","name":"Macrumo","description":"Macrumo","publisher":{"@id":"https:\/\/macrumo.com.pe\/paratuhogar\/#organization"},"potentialAction":[{"@type":"SearchAction","target":{"@type":"EntryPoint","urlTemplate":"https:\/\/macrumo.com.pe\/paratuhogar\/?s={search_term_string}"},"query-input":{"@type":"PropertyValueSpecification","valueRequired":true,"valueName":"search_term_string"}}],"inLanguage":"es"},{"@type":"Organization","@id":"https:\/\/macrumo.com.pe\/paratuhogar\/#organization","name":"Macrumo","url":"https:\/\/macrumo.com.pe\/paratuhogar\/","logo":{"@type":"ImageObject","inLanguage":"es","@id":"https:\/\/macrumo.com.pe\/paratuhogar\/#\/schema\/logo\/image\/","url":"https:\/\/macrumo.com.pe\/paratuhogar\/wp-content\/uploads\/2023\/02\/Macrumo_logo.png","contentUrl":"https:\/\/macrumo.com.pe\/paratuhogar\/wp-content\/uploads\/2023\/02\/Macrumo_logo.png","width":500,"height":148,"caption":"Macrumo"},"image":{"@id":"https:\/\/macrumo.com.pe\/paratuhogar\/#\/schema\/logo\/image\/"},"sameAs":["https:\/\/www.facebook.com\/Macrumo.com.pe","https:\/\/www.instagram.com\/muebles.macrumo\/","https:\/\/www.tiktok.com\/@muebles.macrumo"]}]}},"_links":{"self":[{"href":"https:\/\/macrumo.com.pe\/paratuhogar\/wp-json\/wp\/v2\/pages\/493","targetHints":{"allow":["GET"]}}],"collection":[{"href":"https:\/\/macrumo.com.pe\/paratuhogar\/wp-json\/wp\/v2\/pages"}],"about":[{"href":"https:\/\/macrumo.com.pe\/paratuhogar\/wp-json\/wp\/v2\/types\/page"}],"author":[{"embeddable":true,"href":"https:\/\/macrumo.com.pe\/paratuhogar\/wp-json\/wp\/v2\/users\/1"}],"replies":[{"embeddable":true,"href":"https:\/\/macrumo.com.pe\/paratuhogar\/wp-json\/wp\/v2\/comments?post=493"}],"version-history":[{"count":19,"href":"https:\/\/macrumo.com.pe\/paratuhogar\/wp-json\/wp\/v2\/pages\/493\/revisions"}],"predecessor-version":[{"id":4375,"href":"https:\/\/macrumo.com.pe\/paratuhogar\/wp-json\/wp\/v2\/pages\/493\/revisions\/4375"}],"wp:attachment":[{"href":"https:\/\/macrumo.com.pe\/paratuhogar\/wp-json\/wp\/v2\/media?parent=493"}],"curies":[{"name":"wp","href":"https:\/\/api.w.org\/{rel}","templated":true}]}}